{"id":613,"date":"2023-10-04T05:28:35","date_gmt":"2023-10-04T07:28:35","guid":{"rendered":"https:\/\/sites.usp.br\/gebrics\/?page_id=613"},"modified":"2023-11-13T10:49:55","modified_gmt":"2023-11-13T12:49:55","slug":"entrevistas-concedidas","status":"publish","type":"page","link":"https:\/\/sites.usp.br\/gebrics\/entrevistas-concedidas\/","title":{"rendered":"Entrevistas Concedidas"},"content":{"rendered":"<p>1)\tPesquisadora Luana Paris concede entrevista para Sputnik News sobre projetos sustent\u00e1veis no NDB. 17 out. 2023. Link de acesso: https:\/\/sputniknewsbr.com.br\/20231017\/analistas-brasil-e-um-dos-paises-que-menos-acessa-recursos-do-banco-do-brics-por-desconhecimento-30874356.html <\/p>\n<p>2)\tProfessor Paulo Borba Casella concede entrevista ao vivo, por telefone, para o programa Radar da R\u00e1dio Gazeta (RS) (apresenta\u00e7\u00e3o Rosemar Santos) sobre explica o conflito em Israel e temas da cole\u00e7\u00e3o &#8220;Tratado de Direito Internacional&#8221;. 10 out. 2023. Link do ve\u00edculo: https:\/\/www.gaz.com.br\/radio-gazeta-fm-107-9\/<\/p>\n<p>3)\tPesquisador do GEBRICS, Em\u00edlio Mendon\u00e7a Dias da Silva, deu entrevista ao canal Strumenti Politici, na coluna desta semana, para tratar da expans\u00e3o dos BRICS e outros assuntos da pol\u00edtica internacional. 02 out. 2023. Link de acesso: https:\/\/strumentipolitici.it\/diplomazia-multilaterale-lapproccio-brasiliano-alla-geopolitica-odierna\/?fbclid=IwAR2ictn3VlSSn0YKfMUjmgd7rNvIyzqnbt5R06C25tI-3dO_xaIIFmgYpV4_aem_AcK7yPkgG3gC4jM_od5NfY68zJEWTRDtyDeyW96ChwldI1wibkXqLoxe0C8DONZhHvY<\/p>\n<p>4)\tPesquisadora Priscila Cottarelli foi entrevistada sobre a poss\u00edvel integra\u00e7\u00e3o da Argentina no BRICS. 27 set. 2023. Link de acesso: https:\/\/ultimosegundo.ig.com.br\/mundo\/2023-09-27\/argentina-nos-brics-incerta-adesao-e-boa-para-o-brasil-entenda.html <\/p>\n<p>5)\tPesquisador C\u00e1ssio Zen foi entrevistado pelo Estad\u00e3o, para falar da exist\u00eancia de grupos que pesquisam BRICS nas universidades brasileiras e para aclarar o funcionamento do GEBRICS\/USP. 26 set. 2023. Confira mat\u00e9ria na \u00edntegra pelo link: https:\/\/www.estadao.com.br\/educacao\/pesquisas-sobre-paises-emergentes-crescem-na-usp-e-em-universidades-federais-veja-como-participar\/<\/p>\n<p>6)\tPesquisador C\u00e1ssio Zen concede entrevista ao vivo para a televis\u00e3o indiana, Times Now (NBT) Channel, sobre a reuni\u00e3o do G20 sob uma perspectiva da \u00cdndia. 06 set. 2023. <\/p>\n<p>7)\tElen Bueno, pesquisadora no GEBRICS, participou do WW &#8211; Edi\u00e7\u00e3o de domingo, na CNN, para falar sobre a expans\u00e3o dos BRICS. 27 ago. 2023. https:\/\/www.youtube.com\/watch?app=desktop&#038;v=BO-<\/p>\n<p>8)\tPesquisadora Luana Paris concedeu entrevista para a CNN sobre a presid\u00eancia do NDB. 22 ago. 2023. Link de acesso: https:\/\/www.cnnbrasil.com.br\/economia\/a-frente-do-banco-dos-brics-dilma-tem-desafio-de-consolidar-entidade-no-mundo\/ <\/p>\n<p>9)\tPesquisador Em\u00edlio Mendon\u00e7a Dias da Silva, concedeu entrevista ao InfoMoney sobre o debate relativo \u00e0 expans\u00e3o dos BRICS e as diferen\u00e7as entre os pa\u00edses. 22 ago. 2023. Link de acesso: https:\/\/www.infomoney.com.br\/politica\/brics-alternativa-ao-dolar-adesao-de-novos-membros-e-interesses-conflitantes-devem-marcar-discussoes-na-africa-do-sul\/?fbclid=IwAR3PvKhyVbfLViSiHJhihXefguWfvFjLw_b9nrqB1PwXOwFWUOk3Ub4ZKQU <\/p>\n<p>10)\tProfessor Paulo Borba Casella deu entrevista \u00e0 Ag\u00eancia Brasil sobre a ades\u00e3o de novos pa\u00edses ao BRICS. 22 ago. 2023. Link de acesso: https:\/\/agenciabrasil.ebc.com.br\/internacional\/noticia\/2023-08\/adesao-de-novos-paises-e-integracao-economica-estao-na-agenda-do-brics <\/p>\n<p>11)\tProfessor Paulo Borba Casella concede entrevista para XINHUANET NORTH AMERICA CORP. sobre a desdolariza\u00e7\u00e3o no com\u00e9rcio dos BRICS. 18 ago. 2023. Link de acesso: http:\/\/spanish.xinhuanet.com\/20230818\/40d369c0d55d45e18e94de25279ae90e\/c.html<\/p>\n<p>12)\tProfessor Paulo Borba Casella deu entrevista sobre a situa\u00e7\u00e3o entre a R\u00fassia e a Ucr\u00e2nia para a jornalista Sandra Coutinho, correspondente da TV Globo em Nova Iorque, no Jornal Hoje.  22 fev . 2022. Link de acesso: https:\/\/globoplay.globo.com\/v\/10325731<\/p>\n","protected":false},"excerpt":{"rendered":"<p>1) Pesquisadora Luana Paris concede entrevista para Sputnik News sobre projetos sustent\u00e1veis no NDB. 17 out. 2023. Link de acesso:&#46;&#46;&#46;<\/p>\n","protected":false},"author":723,"featured_media":0,"parent":0,"menu_order":1,"comment_status":"closed","ping_status":"closed","template":"","meta":{"footnotes":"","_links_to":"","_links_to_target":""},"class_list":["post-613","page","type-page","status-publish","hentry"],"_links":{"self":[{"href":"https:\/\/sites.usp.br\/gebrics\/wp-json\/wp\/v2\/pages\/613","targetHints":{"allow":["GET"]}}],"collection":[{"href":"https:\/\/sites.usp.br\/gebrics\/wp-json\/wp\/v2\/pages"}],"about":[{"href":"https:\/\/sites.usp.br\/gebrics\/wp-json\/wp\/v2\/types\/page"}],"author":[{"embeddable":true,"href":"https:\/\/sites.usp.br\/gebrics\/wp-json\/wp\/v2\/users\/723"}],"replies":[{"embeddable":true,"href":"https:\/\/sites.usp.br\/gebrics\/wp-json\/wp\/v2\/comments?post=613"}],"version-history":[{"count":3,"href":"https:\/\/sites.usp.br\/gebrics\/wp-json\/wp\/v2\/pages\/613\/revisions"}],"predecessor-version":[{"id":667,"href":"https:\/\/sites.usp.br\/gebrics\/wp-json\/wp\/v2\/pages\/613\/revisions\/667"}],"wp:attachment":[{"href":"https:\/\/sites.usp.br\/gebrics\/wp-json\/wp\/v2\/media?parent=613"}],"curies":[{"name":"wp","href":"https:\/\/api.w.org\/{rel}","templated":true}]}}