{"id":62,"date":"2014-02-12T11:28:30","date_gmt":"2014-02-12T13:28:30","guid":{"rendered":"http:\/\/sites.usp.br\/gebrics\/?page_id=62"},"modified":"2026-03-08T20:39:25","modified_gmt":"2026-03-08T22:39:25","slug":"pagina-1","status":"publish","type":"page","link":"https:\/\/sites.usp.br\/gebrics\/pagina-1\/","title":{"rendered":"Sobre N\u00f3s"},"content":{"rendered":"<h1>Sobre o GEBRICS\/USP<\/h1>\n<p>&nbsp;<\/p>\n<p>O Direito constitui uma realidade de car\u00e1ter universal. \u00c9 ao mesmo tempo uma pr\u00e9-condi\u00e7\u00e3o e uma das express\u00f5es mais distintivas da conviv\u00eancia organizada do ser humano: <em>\u201cubi societas, ibi ius\u201d<\/em>. Portanto, qualquer t\u00f3pico de pesquisa que lide direta ou indiretamente com a sociedade humana &#8211; da energia \u00e0 mudan\u00e7a clim\u00e1tica e \u00e0s rela\u00e7\u00f5es internacionais \u2013 inelutavelmente resultar\u00e1 em solu\u00e7\u00f5es legalmente determinadas.<\/p>\n<p>A Faculdade de Direito da Universidade de S\u00e3o Paulo, fundada em 1827, \u00e9 a faculdade mais antiga no Brasil. Desde 1934, a Faculdade de Direito integra a Universidade de S\u00e3o Paulo (USP), uma das universidades mais renomadas da Am\u00e9rica Latina e do mundo.<\/p>\n<p><a href=\"https:\/\/sites.usp.br\/gebrics\/wp-content\/uploads\/sites\/404\/2019\/10\/1.jpg\"><img fetchpriority=\"high\" decoding=\"async\" class=\"aligncenter wp-image-319 size-large\" src=\"https:\/\/sites.usp.br\/gebrics\/wp-content\/uploads\/sites\/404\/2019\/10\/1-1024x682.jpg\" alt=\"\" width=\"720\" height=\"480\" srcset=\"https:\/\/sites.usp.br\/gebrics\/wp-content\/uploads\/sites\/404\/2019\/10\/1-1024x682.jpg 1024w, https:\/\/sites.usp.br\/gebrics\/wp-content\/uploads\/sites\/404\/2019\/10\/1-300x200.jpg 300w, https:\/\/sites.usp.br\/gebrics\/wp-content\/uploads\/sites\/404\/2019\/10\/1-768x512.jpg 768w, https:\/\/sites.usp.br\/gebrics\/wp-content\/uploads\/sites\/404\/2019\/10\/1-400x267.jpg 400w, https:\/\/sites.usp.br\/gebrics\/wp-content\/uploads\/sites\/404\/2019\/10\/1.jpg 1772w\" sizes=\"(max-width: 720px) 100vw, 720px\" \/><\/a><\/p>\n<p>O programa de p\u00f3s-gradu\u00e7\u00e3o da Faculdade de Direito da Universidade de S\u00e3o Paulo compreende sete \u00e1reas de concentra\u00e7\u00e3o: Direito Civil, Comercial, Econ\u00f4mico, Finan\u00e7as P\u00fablicas e Direito Tribut\u00e1rio, Direito do Estado, Direito Internacional, Direito Penal, Direito Processual, Direito do Trabalho, Filosofia Jur\u00eddica e Teoria Geral do Direito e Direitos Humanos. Cada um deles oferece programas de doutorado e mestrado.<\/p>\n<p>Desde 2013, o Departamento de Direito Internacional da Faculdade de Direito incentiva estudos sobre o BRICS, promovendo confer\u00eancias, como o semin\u00e1rio internacional de 2013 \u201cBRICS: energia, coopera\u00e7\u00e3o bilateral e a\u00e7\u00e3o multilateral\u201d, do qual participaram Paulo Borba Casella (USP);\u00a0 Boris Martynov (Instituto Latino-Americano da Academia Russa de Ci\u00eancias); e Tatiana Alexeeva, (Faculdade de Direito da Universidade Nacional de S\u00e3o Petersburgo).<\/p>\n<p>No ano seguinte, 2014, aprofundando suas iniciativas para o estudo da tem\u00e1tica, a Faculdade passou a oferecer a disciplina da p\u00f3s-gradua\u00e7\u00e3o \u201cBRICS &#8211; Brasil, R\u00fassia, \u00cdndia, China e \u00c1frica do Sul: uma perspectiva\u201d, sob a coordena\u00e7\u00e3o do Professor Titular Paulo B. Casella, apresentando aos participantes uma vis\u00e3o geral comparativa e interdisciplinar dos BRICS, incluindo sua governan\u00e7a, a multipolaridade global e a coopera\u00e7\u00e3o entre os pa\u00edses que o integram.<\/p>\n<p>Al\u00e9m de oferecer uma disciplina anual sobre esse tema, a Faculdade de Direito fomentou recentemente a cria\u00e7\u00e3o de um grupo de estudos dedicado ao assunto, o GEBRICS \/ USP, registrado no Conselho Nacional de Desenvolvimento Cient\u00edfico e Tecnol\u00f3gico desde 2015, cuja agenda compreende atividades de pesquisa e extens\u00e3o.<\/p>\n<p>Em 2017, o GEBRICS USP realizou a I Jornada dos BRICS na Universidade de S\u00e3o Paulo. O evento contou com a participa\u00e7\u00e3o de professores, estudantes, diplomatas e representantes dos consulados da China, R\u00fassia, \u00cdndia e \u00c1frica do Sul em S\u00e3o Paulo, contribuindo para amplia\u00e7\u00e3o das discuss\u00f5es acad\u00eamicas, cient\u00edficas e diplom\u00e1ticas sobre os BRICS.<\/p>\n<p>&nbsp;<\/p>\n<p><a href=\"http:\/\/sites.usp.br\/gebrics\/wp-content\/uploads\/sites\/404\/2014\/02\/imagem-2.png\"><img decoding=\"async\" class=\" wp-image-144 aligncenter\" src=\"http:\/\/sites.usp.br\/gebrics\/wp-content\/uploads\/sites\/404\/2014\/02\/imagem-2-188x300.png\" alt=\"\" width=\"340\" height=\"543\" srcset=\"https:\/\/sites.usp.br\/gebrics\/wp-content\/uploads\/sites\/404\/2014\/02\/imagem-2-188x300.png 188w, https:\/\/sites.usp.br\/gebrics\/wp-content\/uploads\/sites\/404\/2014\/02\/imagem-2-375x600.png 375w, https:\/\/sites.usp.br\/gebrics\/wp-content\/uploads\/sites\/404\/2014\/02\/imagem-2.png 480w\" sizes=\"(max-width: 340px) 100vw, 340px\" \/><\/a><\/p>\n<p>&nbsp;<\/p>\n<p><a href=\"http:\/\/sites.usp.br\/gebrics\/wp-content\/uploads\/sites\/404\/2014\/02\/imagem-3.png\"><img decoding=\"async\" class=\" wp-image-145 aligncenter\" src=\"http:\/\/sites.usp.br\/gebrics\/wp-content\/uploads\/sites\/404\/2014\/02\/imagem-3-300x225.png\" alt=\"\" width=\"666\" height=\"500\" srcset=\"https:\/\/sites.usp.br\/gebrics\/wp-content\/uploads\/sites\/404\/2014\/02\/imagem-3-300x225.png 300w, https:\/\/sites.usp.br\/gebrics\/wp-content\/uploads\/sites\/404\/2014\/02\/imagem-3-768x576.png 768w, https:\/\/sites.usp.br\/gebrics\/wp-content\/uploads\/sites\/404\/2014\/02\/imagem-3-80x60.png 80w, https:\/\/sites.usp.br\/gebrics\/wp-content\/uploads\/sites\/404\/2014\/02\/imagem-3-400x300.png 400w, https:\/\/sites.usp.br\/gebrics\/wp-content\/uploads\/sites\/404\/2014\/02\/imagem-3.png 960w\" sizes=\"(max-width: 666px) 100vw, 666px\" \/><\/a><\/p>\n<p>&nbsp;<\/p>\n<p>&nbsp;<\/p>\n<p style=\"text-align: center;\">Atualmente o Grupo de pesquisa conta com 40 pesquisadores.<\/p>\n<p>&nbsp;<\/p>\n<p style=\"text-align: center;\"><a href=\"http:\/\/sites.usp.br\/gebrics\/wp-content\/uploads\/sites\/404\/2014\/02\/imagem-5.png\"><img loading=\"lazy\" decoding=\"async\" class=\"alignnone wp-image-147\" src=\"http:\/\/sites.usp.br\/gebrics\/wp-content\/uploads\/sites\/404\/2014\/02\/imagem-5-300x188.png\" alt=\"\" width=\"520\" height=\"326\" srcset=\"https:\/\/sites.usp.br\/gebrics\/wp-content\/uploads\/sites\/404\/2014\/02\/imagem-5-300x188.png 300w, https:\/\/sites.usp.br\/gebrics\/wp-content\/uploads\/sites\/404\/2014\/02\/imagem-5-768x480.png 768w, https:\/\/sites.usp.br\/gebrics\/wp-content\/uploads\/sites\/404\/2014\/02\/imagem-5-400x250.png 400w, https:\/\/sites.usp.br\/gebrics\/wp-content\/uploads\/sites\/404\/2014\/02\/imagem-5.png 960w\" sizes=\"(max-width: 520px) 100vw, 520px\" \/><\/a><\/p>\n<p>&nbsp;<\/p>\n<section style=\"text-align:center; max-width:900px; margin:auto; font-family:Arial, sans-serif;\">\n<h2>10 anos do GEBRICS<\/h2>\n<p style=\"font-size:18px;text-align: justify;\">\nEm 2025, o GEBRICS completou <strong>10 anos de atua\u00e7\u00e3o<\/strong>. Ao longo dessa trajet\u00f3ria, o grupo contribuiu para o debate e a produ\u00e7\u00e3o de conhecimento sobre os pa\u00edses do BRICS. Para marcar essa data, preparamos um <strong>infogr\u00e1fico<\/strong> e um <strong>sum\u00e1rio executivo<\/strong> com alguns dos principais destaques dessa caminhada.<\/p>\n<p>        Confira abaixo e fa\u00e7a o download dos materiais.\n    <\/p>\n<h3>Infogr\u00e1fico<\/h3>\n<p>    <img decoding=\"async\" src=\"http:\/\/sites.usp.br\/gebrics\/wp-content\/uploads\/sites\/404\/2016\/05\/Info.png\"\n         alt=\"Infogr\u00e1fico GEBRICS 10 anos\"\n         style=\"max-width:50%; height:auto; margin-bottom:15px;\"><\/p>\n<p><\/p>\n<p>    <a href=\"http:\/\/sites.usp.br\/gebrics\/wp-content\/uploads\/sites\/404\/2016\/05\/Info.png\"\n       download\n       style=\"display:inline-block; padding:10px 20px; background:#0073aa; color:#fff; text-decoration:none; border-radius:5px; margin-bottom:40px;\"><br \/>\n       Baixar Infogr\u00e1fico<br \/>\n    <\/a><\/p>\n<h3>Sum\u00e1rio Executivo<\/h3>\n<p>    <img decoding=\"async\" src=\"http:\/\/sites.usp.br\/gebrics\/wp-content\/uploads\/sites\/404\/2016\/05\/Sumario-Executivo-Curto-Final.jpg\"\n         alt=\"Sum\u00e1rio Executivo GEBRICS 10 anos\"\n         style=\"max-width:50%; height:auto; margin-bottom:15px;\"><\/p>\n<p><\/p>\n<p>    <a href=\"http:\/\/sites.usp.br\/gebrics\/wp-content\/uploads\/sites\/404\/2016\/05\/Sumario-Executivo-Curto-Final.jpg\"\n       download\n       style=\"display:inline-block; padding:10px 20px; background:#0073aa; color:#fff; text-decoration:none; border-radius:5px;\"><br \/>\n       Baixar Sum\u00e1rio Executivo<br \/>\n    <\/a><\/p>\n<\/section>\n<p>Law constitutes a reality of universal character. It is at once a precondition and one of the most distinctive expressions of human\u2019s organized cohabitation: \u201cubi societas, ibi ius\u201d. Therefore, any research topic dealing directly or indirectly with human society \u2012 from energy to climate change to international relations \u2012 will inevitably result in legally determined solutions.<\/p>\n<p>Founded in 1827, the USP Law School is the oldest faculty in Brazil. Since 1934, it joined the University of S\u00e3o Paulo (USP), one of the most prestigious universities in Latin American and in the world.<\/p>\n<p>The postgraduate program of the Faculty of Law of the University of S\u00e3o Paulo comprises seven concentration areas: Civil Law, Commercial Law, Economics, Public Finance &amp; Tax Law, State Law, International Law, Criminal Law, Procedural Law, Labour Law, Legal Philosophy &amp; General Theory of Law and Human Rights. Each of them offers both a Ph.D. and a Master degree programs. Its large number of candidates places it among the major post-graduate programs in Latin America\u2019s most renowned university.<\/p>\n<p>Since 2013 the Department of International Law at the Faculty of Law supports studies on BRICS, promoting conferences, such as the 2013 international seminar \u201cBRICS: energy, bilateral cooperation and multilateral action\u201d, of which have participated Professor Paulo Borba Casella (University of S\u00e3o Paulo); Professor Boris Martynov (Institute of Latin America Studies the Russian Academy of Sciences); and Professor Tatiana Alexeeva (Law School of the St. Petersburg National University).<\/p>\n<p>The Law School encourages BRICS studies and since 2014 offers the discipline \u201cBRICS \u2012 Brazil, Russia, India, China and South Africa: a perspective\u201d, under the coordination of Professor Paulo B. Casella, presenting the participants a comprehensive comparative and interdisciplinary overview of the BRICS, including governance in BRICS, global multipolarity and BRICS cooperation.<\/p>\n<p>Besides offering a yearly discipline on this topic, the Law School has recently nurtured the creation of a study group devoted to this subject, the GEBRICS\/USP, registered at the National Council for Scientific and Technological Development since 2015, which agenda comprises both research and extension activities.<\/p>\n<p>In 2017, GEBRICS USP held the 1st BRICS Conference at the University of S\u00e3o Paulo. The event was attended by professors, students, diplomats and representatives of the consulates of China, Russia, India and South Africa in S\u00e3o Paulo, contributing to the expansion of academic, scientific and diplomatic discussions about BRICS.<\/p>\n<p>Currently, the Research Group has 40 researchers.<\/p>\n<p>&nbsp;<\/p>\n<p>&nbsp;<\/p>\n","protected":false},"excerpt":{"rendered":"<p>Sobre o GEBRICS\/USP &nbsp; O Direito constitui uma realidade de car\u00e1ter universal. \u00c9 ao mesmo tempo uma pr\u00e9-condi\u00e7\u00e3o e uma&#46;&#46;&#46;<\/p>\n","protected":false},"author":1,"featured_media":0,"parent":0,"menu_order":0,"comment_status":"closed","ping_status":"closed","template":"","meta":{"footnotes":"","_links_to":"","_links_to_target":""},"class_list":["post-62","page","type-page","status-publish","hentry"],"_links":{"self":[{"href":"https:\/\/sites.usp.br\/gebrics\/wp-json\/wp\/v2\/pages\/62","targetHints":{"allow":["GET"]}}],"collection":[{"href":"https:\/\/sites.usp.br\/gebrics\/wp-json\/wp\/v2\/pages"}],"about":[{"href":"https:\/\/sites.usp.br\/gebrics\/wp-json\/wp\/v2\/types\/page"}],"author":[{"embeddable":true,"href":"https:\/\/sites.usp.br\/gebrics\/wp-json\/wp\/v2\/users\/1"}],"replies":[{"embeddable":true,"href":"https:\/\/sites.usp.br\/gebrics\/wp-json\/wp\/v2\/comments?post=62"}],"version-history":[{"count":5,"href":"https:\/\/sites.usp.br\/gebrics\/wp-json\/wp\/v2\/pages\/62\/revisions"}],"predecessor-version":[{"id":141,"href":"https:\/\/sites.usp.br\/gebrics\/wp-json\/wp\/v2\/pages\/62\/revisions\/141"}],"wp:attachment":[{"href":"https:\/\/sites.usp.br\/gebrics\/wp-json\/wp\/v2\/media?parent=62"}],"curies":[{"name":"wp","href":"https:\/\/api.w.org\/{rel}","templated":true}]}}