{"id":803,"date":"2025-10-04T10:39:33","date_gmt":"2025-10-04T12:39:33","guid":{"rendered":"https:\/\/sites.usp.br\/gebrics\/?page_id=803"},"modified":"2025-10-04T16:30:21","modified_gmt":"2025-10-04T18:30:21","slug":"ii-jornada-dos-brics-na-usp","status":"publish","type":"page","link":"https:\/\/sites.usp.br\/gebrics\/jornada-dos-brics-na-usp\/ii-jornada-dos-brics-na-usp\/","title":{"rendered":"II Jornada do BRICS na USP"},"content":{"rendered":"<h2 style=\"text-align: center;\">II Jornada do BRICS na USP<br \/>\n2018<\/h2>\n<p style=\"text-align: justify;\">\nA II Jornada do BRICS na Universidade de S\u00e3o Paulo ocorreu, presencialmente, entre os dias 29 a 31 de outubro de 2018. O evento reuniu pesquisadores, estudantes e profissionais interessados em discutir os desafios e oportunidades de coopera\u00e7\u00e3o entre os pa\u00edses do BRICS, promovendo debates acad\u00eamicos e atividades de integra\u00e7\u00e3o entre os participantes.\n<\/p>\n<p style=\"text-align: center;\">\n  <img decoding=\"async\" src=\"https:\/\/sites.usp.br\/gebrics\/wp-content\/uploads\/sites\/404\/2025\/10\/2-JORNADA-DOS-BRICS-MAIL-MKT-rev6-scaled.jpg\" \n       alt=\"II Jornada do BRICS - USP 2018\" \n       style=\"max-width: 80%; height: auto; margin: 20px 0;\">\n<\/p>\n<p style=\"text-align: justify;\">\nDurante os tr\u00eas dias de evento, foram realizadas palestras, mesas-redondas e apresenta\u00e7\u00f5es de pesquisas sobre temas estrat\u00e9gicos envolvendo os pa\u00edses do BRICS. A iniciativa proporcionou um ambiente de troca de conhecimento e networking entre participantes de diferentes \u00e1reas do saber.\n<\/p>\n<p style=\"text-align: left; font-weight: margin-top: 30px;\">\nAcesse abaixo as fotos do evento e confira os momentos mais importantes da II Jornada do BRICS na USP:\n<\/p>\n<p><br style=\"line-height: 30px;\"><\/p>\n\r\n\t<div class=\"slideshow_container slideshow_container_style-light\" style=\"height: 292px; \" data-slideshow-id=\"82\" data-style-name=\"style-light\" data-style-version=\"2.3.1\" >\r\n\r\n\t\t\t\t\t<div class=\"slideshow_loading_icon\"><\/div>\r\n\t\t\r\n\t\t<div class=\"slideshow_content\" style=\"display: none;\">\r\n\r\n\t\t\t<div class=\"slideshow_view\">\r\n\t\t\t\t<div class=\"slideshow_slide slideshow_slide_image\">\r\n\t\t\t\t\t\t\t\t\t\t\t<img src=\"https:\/\/sites.usp.br\/gebrics\/wp-content\/uploads\/sites\/404\/2014\/09\/PHOTO-2018-10-31-21-47-50.jpg\" alt=\"PHOTO-2018-10-31-21-47-50\" width=\"1280\" height=\"960\" \/>\r\n\t\t\t\t\t\t\t\t\t\t<div class=\"slideshow_description_box slideshow_transparent\">\r\n\t\t\t\t\t\t<div class=\"slideshow_title\">PHOTO-2018-10-31-21-47-50<\/div>\t\t\t\t\t\t\t\t\t\t\t<\/div>\r\n\t\t\t\t<\/div>\r\n\r\n\t\t\t\t\t\t<div style=\"clear: both;\"><\/div><\/div><div class=\"slideshow_view\">\r\n\t\t\t\t<div class=\"slideshow_slide slideshow_slide_image\">\r\n\t\t\t\t\t\t\t\t\t\t\t<img src=\"https:\/\/sites.usp.br\/gebrics\/wp-content\/uploads\/sites\/404\/2014\/09\/PHOTO-2018-10-31-21-45-19.jpg\" alt=\"PHOTO-2018-10-31-21-45-19\" width=\"1280\" height=\"960\" \/>\r\n\t\t\t\t\t\t\t\t\t\t<div class=\"slideshow_description_box slideshow_transparent\">\r\n\t\t\t\t\t\t<div class=\"slideshow_title\">PHOTO-2018-10-31-21-45-19<\/div>\t\t\t\t\t\t\t\t\t\t\t<\/div>\r\n\t\t\t\t<\/div>\r\n\r\n\t\t\t\t\t\t<div style=\"clear: both;\"><\/div><\/div><div class=\"slideshow_view\">\r\n\t\t\t\t<div class=\"slideshow_slide slideshow_slide_image\">\r\n\t\t\t\t\t\t\t\t\t\t\t<img src=\"https:\/\/sites.usp.br\/gebrics\/wp-content\/uploads\/sites\/404\/2014\/09\/PHOTO-2018-10-31-13-54-37-2.jpg\" alt=\"PHOTO-2018-10-31-13-54-37 2\" width=\"1280\" height=\"960\" \/>\r\n\t\t\t\t\t\t\t\t\t\t<div class=\"slideshow_description_box slideshow_transparent\">\r\n\t\t\t\t\t\t<div class=\"slideshow_title\">PHOTO-2018-10-31-13-54-37 2<\/div>\t\t\t\t\t\t\t\t\t\t\t<\/div>\r\n\t\t\t\t<\/div>\r\n\r\n\t\t\t\t\t\t<div style=\"clear: both;\"><\/div><\/div><div class=\"slideshow_view\">\r\n\t\t\t\t<div class=\"slideshow_slide slideshow_slide_image\">\r\n\t\t\t\t\t\t\t\t\t\t\t<img src=\"https:\/\/sites.usp.br\/gebrics\/wp-content\/uploads\/sites\/404\/2014\/09\/PHOTO-2018-10-31-13-54-31.jpg\" alt=\"PHOTO-2018-10-31-13-54-31\" width=\"960\" height=\"1280\" \/>\r\n\t\t\t\t\t\t\t\t\t\t<div class=\"slideshow_description_box slideshow_transparent\">\r\n\t\t\t\t\t\t<div class=\"slideshow_title\">PHOTO-2018-10-31-13-54-31<\/div>\t\t\t\t\t\t\t\t\t\t\t<\/div>\r\n\t\t\t\t<\/div>\r\n\r\n\t\t\t\t\t\t<div style=\"clear: both;\"><\/div><\/div><div class=\"slideshow_view\">\r\n\t\t\t\t<div class=\"slideshow_slide slideshow_slide_image\">\r\n\t\t\t\t\t\t\t\t\t\t\t<img src=\"https:\/\/sites.usp.br\/gebrics\/wp-content\/uploads\/sites\/404\/2014\/09\/PHOTO-2018-10-31-13-54-30.jpg\" alt=\"PHOTO-2018-10-31-13-54-30\" width=\"960\" height=\"720\" \/>\r\n\t\t\t\t\t\t\t\t\t\t<div class=\"slideshow_description_box slideshow_transparent\">\r\n\t\t\t\t\t\t<div class=\"slideshow_title\">PHOTO-2018-10-31-13-54-30<\/div>\t\t\t\t\t\t\t\t\t\t\t<\/div>\r\n\t\t\t\t<\/div>\r\n\r\n\t\t\t\t\t\t<div style=\"clear: both;\"><\/div><\/div><div class=\"slideshow_view\">\r\n\t\t\t\t<div class=\"slideshow_slide slideshow_slide_image\">\r\n\t\t\t\t\t\t\t\t\t\t\t<img src=\"https:\/\/sites.usp.br\/gebrics\/wp-content\/uploads\/sites\/404\/2014\/09\/PHOTO-2018-10-31-13-54-28.jpg\" alt=\"PHOTO-2018-10-31-13-54-28\" width=\"1280\" height=\"798\" \/>\r\n\t\t\t\t\t\t\t\t\t\t<div class=\"slideshow_description_box slideshow_transparent\">\r\n\t\t\t\t\t\t<div class=\"slideshow_title\">PHOTO-2018-10-31-13-54-28<\/div>\t\t\t\t\t\t\t\t\t\t\t<\/div>\r\n\t\t\t\t<\/div>\r\n\r\n\t\t\t\t\t\t<div style=\"clear: both;\"><\/div><\/div><div class=\"slideshow_view\">\r\n\t\t\t\t<div class=\"slideshow_slide slideshow_slide_image\">\r\n\t\t\t\t\t\t\t\t\t\t\t<img src=\"https:\/\/sites.usp.br\/gebrics\/wp-content\/uploads\/sites\/404\/2014\/09\/PHOTO-2018-10-31-13-54-26.jpg\" alt=\"PHOTO-2018-10-31-13-54-26\" width=\"1280\" height=\"1006\" \/>\r\n\t\t\t\t\t\t\t\t\t\t<div class=\"slideshow_description_box slideshow_transparent\">\r\n\t\t\t\t\t\t<div class=\"slideshow_title\">PHOTO-2018-10-31-13-54-26<\/div>\t\t\t\t\t\t\t\t\t\t\t<\/div>\r\n\t\t\t\t<\/div>\r\n\r\n\t\t\t\t\t\t<div style=\"clear: both;\"><\/div><\/div><div class=\"slideshow_view\">\r\n\t\t\t\t<div class=\"slideshow_slide slideshow_slide_image\">\r\n\t\t\t\t\t\t\t\t\t\t\t<img src=\"https:\/\/sites.usp.br\/gebrics\/wp-content\/uploads\/sites\/404\/2014\/09\/PHOTO-2018-10-31-13-54-25.jpg\" alt=\"PHOTO-2018-10-31-13-54-25\" width=\"1280\" height=\"960\" \/>\r\n\t\t\t\t\t\t\t\t\t\t<div class=\"slideshow_description_box slideshow_transparent\">\r\n\t\t\t\t\t\t<div class=\"slideshow_title\">PHOTO-2018-10-31-13-54-25<\/div>\t\t\t\t\t\t\t\t\t\t\t<\/div>\r\n\t\t\t\t<\/div>\r\n\r\n\t\t\t\t\t\t<div style=\"clear: both;\"><\/div><\/div><div class=\"slideshow_view\">\r\n\t\t\t\t<div class=\"slideshow_slide slideshow_slide_image\">\r\n\t\t\t\t\t\t\t\t\t\t\t<img src=\"https:\/\/sites.usp.br\/gebrics\/wp-content\/uploads\/sites\/404\/2014\/09\/PHOTO-2018-10-30-22-10-58.jpg\" alt=\"PHOTO-2018-10-30-22-10-58\" width=\"1032\" height=\"581\" \/>\r\n\t\t\t\t\t\t\t\t\t\t<div class=\"slideshow_description_box slideshow_transparent\">\r\n\t\t\t\t\t\t<div class=\"slideshow_title\">PHOTO-2018-10-30-22-10-58<\/div>\t\t\t\t\t\t\t\t\t\t\t<\/div>\r\n\t\t\t\t<\/div>\r\n\r\n\t\t\t\t\t\t<div style=\"clear: both;\"><\/div><\/div><div class=\"slideshow_view\">\r\n\t\t\t\t<div class=\"slideshow_slide slideshow_slide_image\">\r\n\t\t\t\t\t\t\t\t\t\t\t<img src=\"https:\/\/sites.usp.br\/gebrics\/wp-content\/uploads\/sites\/404\/2014\/09\/PHOTO-2018-10-30-21-49-10.jpg\" alt=\"PHOTO-2018-10-30-21-49-10\" width=\"1040\" height=\"780\" \/>\r\n\t\t\t\t\t\t\t\t\t\t<div class=\"slideshow_description_box slideshow_transparent\">\r\n\t\t\t\t\t\t<div class=\"slideshow_title\">PHOTO-2018-10-30-21-49-10<\/div>\t\t\t\t\t\t\t\t\t\t\t<\/div>\r\n\t\t\t\t<\/div>\r\n\r\n\t\t\t\t\t\t<div style=\"clear: both;\"><\/div><\/div><div class=\"slideshow_view\">\r\n\t\t\t\t<div class=\"slideshow_slide slideshow_slide_image\">\r\n\t\t\t\t\t\t\t\t\t\t\t<img src=\"https:\/\/sites.usp.br\/gebrics\/wp-content\/uploads\/sites\/404\/2014\/09\/PHOTO-2018-10-30-20-39-22.jpg\" alt=\"PHOTO-2018-10-30-20-39-22\" width=\"1280\" height=\"960\" \/>\r\n\t\t\t\t\t\t\t\t\t\t<div class=\"slideshow_description_box slideshow_transparent\">\r\n\t\t\t\t\t\t<div class=\"slideshow_title\">PHOTO-2018-10-30-20-39-22<\/div>\t\t\t\t\t\t\t\t\t\t\t<\/div>\r\n\t\t\t\t<\/div>\r\n\r\n\t\t\t\t\t\t<div style=\"clear: both;\"><\/div><\/div><div class=\"slideshow_view\">\r\n\t\t\t\t<div class=\"slideshow_slide slideshow_slide_image\">\r\n\t\t\t\t\t\t\t\t\t\t\t<img src=\"https:\/\/sites.usp.br\/gebrics\/wp-content\/uploads\/sites\/404\/2014\/09\/PHOTO-2018-10-30-07-23-27.jpg\" alt=\"PHOTO-2018-10-30-07-23-27\" width=\"1280\" height=\"960\" \/>\r\n\t\t\t\t\t\t\t\t\t\t<div class=\"slideshow_description_box slideshow_transparent\">\r\n\t\t\t\t\t\t<div class=\"slideshow_title\">PHOTO-2018-10-30-07-23-27<\/div>\t\t\t\t\t\t\t\t\t\t\t<\/div>\r\n\t\t\t\t<\/div>\r\n\r\n\t\t\t\t\t\t<div style=\"clear: both;\"><\/div><\/div><div class=\"slideshow_view\">\r\n\t\t\t\t<div class=\"slideshow_slide slideshow_slide_image\">\r\n\t\t\t\t\t\t\t\t\t\t\t<img src=\"https:\/\/sites.usp.br\/gebrics\/wp-content\/uploads\/sites\/404\/2014\/09\/PHOTO-2018-10-30-07-23-26.jpg\" alt=\"PHOTO-2018-10-30-07-23-26\" width=\"1280\" height=\"960\" \/>\r\n\t\t\t\t\t\t\t\t\t\t<div class=\"slideshow_description_box slideshow_transparent\">\r\n\t\t\t\t\t\t<div class=\"slideshow_title\">PHOTO-2018-10-30-07-23-26<\/div>\t\t\t\t\t\t\t\t\t\t\t<\/div>\r\n\t\t\t\t<\/div>\r\n\r\n\t\t\t\t\t\t<div style=\"clear: both;\"><\/div><\/div><div class=\"slideshow_view\">\r\n\t\t\t\t<div class=\"slideshow_slide slideshow_slide_image\">\r\n\t\t\t\t\t\t\t\t\t\t\t<img src=\"https:\/\/sites.usp.br\/gebrics\/wp-content\/uploads\/sites\/404\/2014\/09\/PHOTO-2018-10-30-01-26-07.jpg\" alt=\"PHOTO-2018-10-30-01-26-07\" width=\"1280\" height=\"960\" \/>\r\n\t\t\t\t\t\t\t\t\t\t<div class=\"slideshow_description_box slideshow_transparent\">\r\n\t\t\t\t\t\t<div class=\"slideshow_title\">PHOTO-2018-10-30-01-26-07<\/div>\t\t\t\t\t\t\t\t\t\t\t<\/div>\r\n\t\t\t\t<\/div>\r\n\r\n\t\t\t\t\t\t<div style=\"clear: both;\"><\/div><\/div><div class=\"slideshow_view\">\r\n\t\t\t\t<div class=\"slideshow_slide slideshow_slide_image\">\r\n\t\t\t\t\t\t\t\t\t\t\t<img src=\"https:\/\/sites.usp.br\/gebrics\/wp-content\/uploads\/sites\/404\/2014\/09\/PHOTO-2018-10-30-00-17-41.jpg\" alt=\"PHOTO-2018-10-30-00-17-41\" width=\"1280\" height=\"960\" \/>\r\n\t\t\t\t\t\t\t\t\t\t<div class=\"slideshow_description_box slideshow_transparent\">\r\n\t\t\t\t\t\t<div class=\"slideshow_title\">PHOTO-2018-10-30-00-17-41<\/div>\t\t\t\t\t\t\t\t\t\t\t<\/div>\r\n\t\t\t\t<\/div>\r\n\r\n\t\t\t\t\t\t<div style=\"clear: both;\"><\/div><\/div><div class=\"slideshow_view\">\r\n\t\t\t\t<div class=\"slideshow_slide slideshow_slide_image\">\r\n\t\t\t\t\t\t\t\t\t\t\t<img src=\"https:\/\/sites.usp.br\/gebrics\/wp-content\/uploads\/sites\/404\/2014\/09\/PHOTO-2018-10-29-21-57-20.jpg\" alt=\"PHOTO-2018-10-29-21-57-20\" width=\"1280\" height=\"960\" \/>\r\n\t\t\t\t\t\t\t\t\t\t<div class=\"slideshow_description_box slideshow_transparent\">\r\n\t\t\t\t\t\t<div class=\"slideshow_title\">PHOTO-2018-10-29-21-57-20<\/div>\t\t\t\t\t\t\t\t\t\t\t<\/div>\r\n\t\t\t\t<\/div>\r\n\r\n\t\t\t\t\t\t<div style=\"clear: both;\"><\/div><\/div><div class=\"slideshow_view\">\r\n\t\t\t\t<div class=\"slideshow_slide slideshow_slide_image\">\r\n\t\t\t\t\t\t\t\t\t\t\t<img src=\"https:\/\/sites.usp.br\/gebrics\/wp-content\/uploads\/sites\/404\/2014\/09\/PHOTO-2018-10-29-21-57-18.jpg\" alt=\"PHOTO-2018-10-29-21-57-18\" width=\"960\" height=\"1280\" \/>\r\n\t\t\t\t\t\t\t\t\t\t<div class=\"slideshow_description_box slideshow_transparent\">\r\n\t\t\t\t\t\t<div class=\"slideshow_title\">PHOTO-2018-10-29-21-57-18<\/div>\t\t\t\t\t\t\t\t\t\t\t<\/div>\r\n\t\t\t\t<\/div>\r\n\r\n\t\t\t\t\t\t<div style=\"clear: both;\"><\/div><\/div><div class=\"slideshow_view\">\r\n\t\t\t\t<div class=\"slideshow_slide slideshow_slide_image\">\r\n\t\t\t\t\t\t\t\t\t\t\t<img src=\"https:\/\/sites.usp.br\/gebrics\/wp-content\/uploads\/sites\/404\/2014\/09\/PHOTO-2018-10-29-10-19-14.jpg\" alt=\"PHOTO-2018-10-29-10-19-14\" width=\"960\" height=\"1280\" \/>\r\n\t\t\t\t\t\t\t\t\t\t<div class=\"slideshow_description_box slideshow_transparent\">\r\n\t\t\t\t\t\t<div class=\"slideshow_title\">PHOTO-2018-10-29-10-19-14<\/div>\t\t\t\t\t\t\t\t\t\t\t<\/div>\r\n\t\t\t\t<\/div>\r\n\r\n\t\t\t\t\t\t<div style=\"clear: both;\"><\/div><\/div><div class=\"slideshow_view\">\r\n\t\t\t\t<div class=\"slideshow_slide slideshow_slide_image\">\r\n\t\t\t\t\t\t\t\t\t\t\t<img src=\"https:\/\/sites.usp.br\/gebrics\/wp-content\/uploads\/sites\/404\/2014\/09\/PHOTO-2018-10-31-21-47-51.jpg\" alt=\"PHOTO-2018-10-31-21-47-51\" width=\"1280\" height=\"960\" \/>\r\n\t\t\t\t\t\t\t\t\t\t<div class=\"slideshow_description_box slideshow_transparent\">\r\n\t\t\t\t\t\t<div class=\"slideshow_title\">PHOTO-2018-10-31-21-47-51<\/div>\t\t\t\t\t\t\t\t\t\t\t<\/div>\r\n\t\t\t\t<\/div>\r\n\r\n\t\t\t\t\t\t<div style=\"clear: both;\"><\/div><\/div>\r\n\t\t<\/div>\r\n\r\n\t\t<div class=\"slideshow_controlPanel slideshow_transparent\" style=\"display: none;\"><ul><li class=\"slideshow_togglePlay\" data-play-text=\"Acionar\" data-pause-text=\"Pausar\"><\/li><\/ul><\/div>\r\n\r\n\t\t<div class=\"slideshow_button slideshow_previous slideshow_transparent\" role=\"button\" data-previous-text=\"Anterior\" style=\"display: none;\"><\/div>\r\n\t\t<div class=\"slideshow_button slideshow_next slideshow_transparent\" role=\"button\" data-next-text=\"Pr\u00f3ximo\" style=\"display: none;\"><\/div>\r\n\r\n\t\t<div class=\"slideshow_pagination\" style=\"display: none;\" data-go-to-text=\"Ir para o slide\"><div class=\"slideshow_pagination_center\"><\/div><\/div>\r\n\r\n\t\t<!-- WordPress Slideshow Version 2.3.1 -->\r\n\r\n\t\t\t<\/div>\r\n\r\n\n","protected":false},"excerpt":{"rendered":"<p>II Jornada do BRICS na USP 2018 A II Jornada do BRICS na Universidade de S\u00e3o Paulo ocorreu, presencialmente, entre&#46;&#46;&#46;<\/p>\n","protected":false},"author":723,"featured_media":0,"parent":265,"menu_order":0,"comment_status":"closed","ping_status":"closed","template":"page-templates\/child-menu.php","meta":{"footnotes":"","_links_to":"","_links_to_target":""},"class_list":["post-803","page","type-page","status-publish","hentry"],"_links":{"self":[{"href":"https:\/\/sites.usp.br\/gebrics\/wp-json\/wp\/v2\/pages\/803","targetHints":{"allow":["GET"]}}],"collection":[{"href":"https:\/\/sites.usp.br\/gebrics\/wp-json\/wp\/v2\/pages"}],"about":[{"href":"https:\/\/sites.usp.br\/gebrics\/wp-json\/wp\/v2\/types\/page"}],"author":[{"embeddable":true,"href":"https:\/\/sites.usp.br\/gebrics\/wp-json\/wp\/v2\/users\/723"}],"replies":[{"embeddable":true,"href":"https:\/\/sites.usp.br\/gebrics\/wp-json\/wp\/v2\/comments?post=803"}],"version-history":[{"count":4,"href":"https:\/\/sites.usp.br\/gebrics\/wp-json\/wp\/v2\/pages\/803\/revisions"}],"predecessor-version":[{"id":931,"href":"https:\/\/sites.usp.br\/gebrics\/wp-json\/wp\/v2\/pages\/803\/revisions\/931"}],"up":[{"embeddable":true,"href":"https:\/\/sites.usp.br\/gebrics\/wp-json\/wp\/v2\/pages\/265"}],"wp:attachment":[{"href":"https:\/\/sites.usp.br\/gebrics\/wp-json\/wp\/v2\/media?parent=803"}],"curies":[{"name":"wp","href":"https:\/\/api.w.org\/{rel}","templated":true}]}}