{"id":814,"date":"2025-10-04T10:42:30","date_gmt":"2025-10-04T12:42:30","guid":{"rendered":"https:\/\/sites.usp.br\/gebrics\/?page_id=814"},"modified":"2025-10-05T19:27:12","modified_gmt":"2025-10-05T21:27:12","slug":"iii-jornada-do-brics-na-usp","status":"publish","type":"page","link":"https:\/\/sites.usp.br\/gebrics\/jornada-dos-brics-na-usp\/iii-jornada-do-brics-na-usp\/","title":{"rendered":"III Jornada do BRICS na USP"},"content":{"rendered":"<p><!-- T\u00edtulo da p\u00e1gina --><\/p>\n<h1 style=\"text-align:center; color:#004080; font-weight:bold; margin-bottom:20px;\">\nIII Jornada dos BRICS na USP<br \/>\n2019<br \/>\n<\/h1>\n<p><!-- Texto introdut\u00f3rio --><\/p>\n<p style=\"text-align:justify; font-size:16px; line-height:1.6;\">\nO GEBRICS vem ampliando sua presen\u00e7a acad\u00eamica e institucional, com destaque para publica\u00e7\u00f5es nacionais e internacionais. Al\u00e9m da newsletter e artigos que trazem an\u00e1lises cr\u00edticas sobre os BRICS e o Sul Global, o grupo promove anualmente as Jornadas BRICS na USP, que s\u00e3o encontros de refer\u00eancia no debate internacional. Nossas reuni\u00f5es quinzenais garantem a atualiza\u00e7\u00e3o constante dos pesquisadores e fortalecem a excel\u00eancia acad\u00eamica.\n<\/p>\n<p style=\"text-align:justify; font-size:16px; line-height:1.6;\">\nA III Jornada dos BRICS na USP aconteceu presencialmente nos dias 29 e 30 de outubro de 2019, no Audit\u00f3rio Ruy Barbosa Nogueira, Largo S\u00e3o Francisco, 95 \u2013 S\u00e3o Paulo, e teve como tema <strong>&#8220;Novos Desafios para o Desenvolvimento&#8221;<\/strong>. O evento reuniu pesquisadores, diplomatas e representantes consulares dos pa\u00edses dos BRICS, promovendo debates acad\u00eamicos, cient\u00edficos e diplom\u00e1ticos sobre o tema.\n<\/p>\n<p><!-- Link para baixar a programa\u00e7\u00e3o --><\/p>\n<p style=\"text-align:center; margin-top:30px; margin-bottom:30px;\">\n\ud83d\udcc4 <a href=\"https:\/\/sites.usp.br\/gebrics\/wp-content\/uploads\/sites\/404\/2016\/05\/III-Jornada-dos-BRICS-Programacao_FINAL.pdf\" target=\"_blank\" style=\"font-weight:bold; color:#004080; text-decoration:underline;\"><br \/>\nClique aqui para baixar a programa\u00e7\u00e3o completa (PDF)<br \/>\n<\/a>\n<\/p>\n<p><!-- Programa\u00e7\u00e3o resumida (exemplo, voc\u00ea pode detalhar mais) --><\/p>\n<h3 style=\"color:#004080; font-weight:bold; margin-top:40px;\">Programa\u00e7\u00e3o Resumida<\/h3>\n<ul style=\"font-size:16px; line-height:1.6;\">\n<li><strong>29\/10\/2019<\/strong> \u2013 Plen\u00e1ria 1: Uma D\u00e9cada de BRICS | 9:00 &#8211; 12:00 | Paulo Borba Casella, Joseph Mashimbye, Amit Kumar Mishra, Yury Lezgintsev, Pedro Sloboda<\/li>\n<li><strong>29\/10\/2019<\/strong> \u2013 Plen\u00e1ria 2: Theorizing BRICS | 18:30 &#8211; 20:00 | Paulo Borba Casella, Alexander Sergunin, Singh Prabhakar, Pedro Dallari, Maria Lagutina<\/li>\n<li><strong>29\/10\/2019<\/strong> \u2013 Plen\u00e1ria 3: Intra-BRICS Trade and Investment Relations | 20:00 &#8211; 21:30 | Jos\u00e9 Nantala B\u00e1due Freire, Cyril Prinsloo, Jos\u00e9 Augusto Fontoura, Dario Moura Vicente, B\u00e1rbara N\u00f3brega Feitosa<\/li>\n<li><strong>30\/10\/2019<\/strong> \u2013 Plen\u00e1ria 4: Human Rights Based Approaches in South-South Development Cooperation | 9:00 &#8211; 10:45 | Paulo Borba Casella, Cassio Zen, Arthur Capella, Paula Danese, Rodrigo Reis, Ramon Barbosa Baptistella<\/li>\n<li><strong>30\/10\/2019<\/strong> \u2013 Plen\u00e1ria 5: BRICS and Its Contribution to Multilateralism | 10:45 &#8211; 12:00 | Willi Sebastian K\u00fcnzli, Felipe Sart\u00f3rio de Melo, Paulo Borba Casella, Elizabeth Meirelles<\/li>\n<li><strong>30\/10\/2019<\/strong> \u2013 Pesquisadores do GEBRICS\/USP e BRICS\/YEA apresentam pesquisa sobre investimentos no setor de energia | 12:00 &#8211; 13:00 | Diego Amorim Xavier, Felipe Sart\u00f3rio de Melo, Igor Tostes Fiorezzi<\/li>\n<li><strong>30\/10\/2019<\/strong> \u2013 Plen\u00e1ria 6: BRICS and Challenges to Sustainable Development | 18:30 &#8211; 19:45 | Rappoteur: Priscila Matulaitis Cottarelli<\/li>\n<li><strong>30\/10\/2019<\/strong> \u2013 Plen\u00e1ria 7: BRICS and South-South Cooperation \u2013 Observat\u00f3rio dos BRICS | 19:45 &#8211; 21:00 | Paulo Borba Casella, Lucas Keer de Oliveira, F\u00e1bio Borges, B\u00e1rbara N\u00f3brega Feitosa<\/li>\n<\/ul>\n<p><!-- Slideshow --><\/p>\n<h3 style=\"color:#004080; font-weight:bold; margin-top:40px;\">Galeria de Fotos<\/h3>\n<div class=\"slideshow-container\" style=\"max-width:900px; margin:auto; position:relative;\">\n<p>  <!-- Slides grandes --><\/p>\n<div class=\"mySlides fade\"><img decoding=\"async\" src=\"https:\/\/sites.usp.br\/gebrics\/wp-content\/uploads\/sites\/404\/2025\/10\/PHOTO-2019-10-31-16-30-16.jpg\" style=\"width:100%\"><\/div>\n<div class=\"mySlides fade\"><img decoding=\"async\" src=\"https:\/\/sites.usp.br\/gebrics\/wp-content\/uploads\/sites\/404\/2025\/10\/PHOTO-2019-10-31-16-30-12.jpg\" style=\"width:100%\"><\/div>\n<div class=\"mySlides fade\"><img decoding=\"async\" src=\"https:\/\/sites.usp.br\/gebrics\/wp-content\/uploads\/sites\/404\/2025\/10\/PHOTO-2019-10-31-16-30-17.jpg\" style=\"width:100%\"><\/div>\n<div class=\"mySlides fade\"><img decoding=\"async\" src=\"https:\/\/sites.usp.br\/gebrics\/wp-content\/uploads\/sites\/404\/2025\/10\/PHOTO-2019-10-30-21-56-04.jpg\" style=\"width:100%\"><\/div>\n<div class=\"mySlides fade\"><img decoding=\"async\" src=\"https:\/\/sites.usp.br\/gebrics\/wp-content\/uploads\/sites\/404\/2025\/10\/PHOTO-2019-10-30-21-56-04-2.jpg\" style=\"width:100%\"><\/div>\n<div class=\"mySlides fade\"><img decoding=\"async\" src=\"https:\/\/sites.usp.br\/gebrics\/wp-content\/uploads\/sites\/404\/2025\/10\/PHOTO-2019-10-30-21-56-03.jpg\" style=\"width:100%\"><\/div>\n<div class=\"mySlides fade\"><img decoding=\"async\" src=\"https:\/\/sites.usp.br\/gebrics\/wp-content\/uploads\/sites\/404\/2025\/10\/PHOTO-2019-10-30-21-56-01-3.jpg\" style=\"width:100%\"><\/div>\n<div class=\"mySlides fade\"><img decoding=\"async\" src=\"https:\/\/sites.usp.br\/gebrics\/wp-content\/uploads\/sites\/404\/2025\/10\/PHOTO-2019-10-30-21-56-01-2.jpg\" style=\"width:100%\"><\/div>\n<div class=\"mySlides fade\"><img decoding=\"async\" src=\"https:\/\/sites.usp.br\/gebrics\/wp-content\/uploads\/sites\/404\/2025\/10\/PHOTO-2019-10-30-21-45-25-3.jpg\" style=\"width:100%\"><\/div>\n<div class=\"mySlides fade\"><img decoding=\"async\" src=\"https:\/\/sites.usp.br\/gebrics\/wp-content\/uploads\/sites\/404\/2025\/10\/PHOTO-2019-10-30-21-45-20.jpg\" style=\"width:100%\"><\/div>\n<div class=\"mySlides fade\"><img decoding=\"async\" src=\"https:\/\/sites.usp.br\/gebrics\/wp-content\/uploads\/sites\/404\/2025\/10\/PHOTO-2019-10-30-20-32-17.jpg\" style=\"width:100%\"><\/div>\n<div class=\"mySlides fade\"><img decoding=\"async\" src=\"https:\/\/sites.usp.br\/gebrics\/wp-content\/uploads\/sites\/404\/2025\/10\/PHOTO-2019-10-30-21-43-01.jpg\" style=\"width:100%\"><\/div>\n<div class=\"mySlides fade\"><img decoding=\"async\" src=\"https:\/\/sites.usp.br\/gebrics\/wp-content\/uploads\/sites\/404\/2025\/10\/PHOTO-2019-10-30-19-14-09.jpg\" style=\"width:100%\"><\/div>\n<div class=\"mySlides fade\"><img decoding=\"async\" src=\"https:\/\/sites.usp.br\/gebrics\/wp-content\/uploads\/sites\/404\/2025\/10\/PHOTO-2019-10-30-19-11-08.jpg\" style=\"width:100%\"><\/div>\n<div class=\"mySlides fade\"><img decoding=\"async\" src=\"https:\/\/sites.usp.br\/gebrics\/wp-content\/uploads\/sites\/404\/2025\/10\/PHOTO-2019-10-30-19-09-09.jpg\" style=\"width:100%\"><\/div>\n<div class=\"mySlides fade\"><img decoding=\"async\" src=\"https:\/\/sites.usp.br\/gebrics\/wp-content\/uploads\/sites\/404\/2025\/10\/PHOTO-2019-10-30-19-10-02.jpg\" style=\"width:100%\"><\/div>\n<div class=\"mySlides fade\"><img decoding=\"async\" src=\"https:\/\/sites.usp.br\/gebrics\/wp-content\/uploads\/sites\/404\/2025\/10\/PHOTO-2019-10-30-12-59-07-2.jpg\" style=\"width:100%\"><\/div>\n<div class=\"mySlides fade\"><img decoding=\"async\" src=\"https:\/\/sites.usp.br\/gebrics\/wp-content\/uploads\/sites\/404\/2025\/10\/PHOTO-2019-10-30-12-59-05-2.jpg\" style=\"width:100%\"><\/div>\n<div class=\"mySlides fade\"><img decoding=\"async\" src=\"https:\/\/sites.usp.br\/gebrics\/wp-content\/uploads\/sites\/404\/2025\/10\/PHOTO-2019-10-30-12-56-43.jpg\" style=\"width:100%\"><\/div>\n<div class=\"mySlides fade\"><img decoding=\"async\" src=\"https:\/\/sites.usp.br\/gebrics\/wp-content\/uploads\/sites\/404\/2025\/10\/PHOTO-2019-10-30-12-13-51.jpg\" style=\"width:100%\"><\/div>\n<div class=\"mySlides fade\"><img decoding=\"async\" src=\"https:\/\/sites.usp.br\/gebrics\/wp-content\/uploads\/sites\/404\/2025\/10\/PHOTO-2019-10-30-12-56-43.jpg\" style=\"width:100%\"><\/div>\n<div class=\"mySlides fade\"><img decoding=\"async\" src=\"https:\/\/sites.usp.br\/gebrics\/wp-content\/uploads\/sites\/404\/2025\/10\/PHOTO-2019-10-29-21-01-08.jpg\" style=\"width:100%\"><\/div>\n<div class=\"mySlides fade\"><img decoding=\"async\" src=\"https:\/\/sites.usp.br\/gebrics\/wp-content\/uploads\/sites\/404\/2025\/10\/PHOTO-2019-10-30-12-56-42.jpg\" style=\"width:100%\"><\/div>\n<div class=\"mySlides fade\"><img decoding=\"async\" src=\"https:\/\/sites.usp.br\/gebrics\/wp-content\/uploads\/sites\/404\/2025\/10\/PHOTO-2019-10-29-19-31-42-2.jpg\" style=\"width:100%\"><\/div>\n<div class=\"mySlides fade\"><img decoding=\"async\" src=\"https:\/\/sites.usp.br\/gebrics\/wp-content\/uploads\/sites\/404\/2025\/10\/PHOTO-2019-10-29-19-31-40-2.jpg\" style=\"width:100%\"><\/div>\n<div class=\"mySlides fade\"><img decoding=\"async\" src=\"https:\/\/sites.usp.br\/gebrics\/wp-content\/uploads\/sites\/404\/2025\/10\/PHOTO-2019-10-29-19-29-33.jpg\" style=\"width:100%\"><\/div>\n<div class=\"mySlides fade\"><img decoding=\"async\" src=\"https:\/\/sites.usp.br\/gebrics\/wp-content\/uploads\/sites\/404\/2025\/10\/PHOTO-2019-10-29-10-51-16-2.jpg\" style=\"width:100%\"><\/div>\n<div class=\"mySlides fade\"><img decoding=\"async\" src=\"https:\/\/sites.usp.br\/gebrics\/wp-content\/uploads\/sites\/404\/2025\/10\/PHOTO-2019-10-25-16-01-35.jpg\" style=\"width:100%\"><\/div>\n<div class=\"mySlides fade\"><img decoding=\"async\" src=\"https:\/\/sites.usp.br\/gebrics\/wp-content\/uploads\/sites\/404\/2025\/10\/PHOTO-2019-10-29-10-51-15.jpg\" style=\"width:100%\"><\/div>\n<div class=\"mySlides fade\"><img decoding=\"async\" src=\"https:\/\/sites.usp.br\/gebrics\/wp-content\/uploads\/sites\/404\/2025\/10\/PHOTO-2019-10-29-09-46-48.jpg\" style=\"width:100%\"><\/div>\n<div class=\"mySlides fade\"><img decoding=\"async\" src=\"https:\/\/sites.usp.br\/gebrics\/wp-content\/uploads\/sites\/404\/2025\/10\/PHOTO-2019-10-29-09-31-41.jpg\" style=\"width:100%\"><\/div>\n<p>  <!-- Bot\u00f5es de navega\u00e7\u00e3o --><br \/>\n  <a class=\"prev\" onclick=\"plusSlides(-1)\" style=\"position:absolute;top:50%;left:0;color:white;font-weight:bold;font-size:24px;padding:8px;cursor:pointer;\">&#10094;<\/a><br \/>\n  <a class=\"next\" onclick=\"plusSlides(1)\" style=\"position:absolute;top:50%;right:0;color:white;font-weight:bold;font-size:24px;padding:8px;cursor:pointer;\">&#10095;<\/a><\/p>\n<\/div>\n<p><!-- Script do slideshow --><br \/>\n<script>\nlet slideIndex = 1;\nshowSlides(slideIndex);\nfunction plusSlides(n) {\n  showSlides(slideIndex += n);\n}\nfunction showSlides(n) {\n  let i;\n  let slides = document.getElementsByClassName(\"mySlides\");\n  if (n > slides.length) {slideIndex = 1}    \n  if (n < 1) {slideIndex = slides.length}\n  for (i = 0; i < slides.length; i++) {\n    slides[i].style.display = \"none\";  \n  }\n  slides[slideIndex-1].style.display = \"block\";  \n}\n<\/script><\/p>\n","protected":false},"excerpt":{"rendered":"<p>III Jornada dos BRICS na USP 2019 O GEBRICS vem ampliando sua presen\u00e7a acad\u00eamica e institucional, com destaque para publica\u00e7\u00f5es&#46;&#46;&#46;<\/p>\n","protected":false},"author":723,"featured_media":0,"parent":265,"menu_order":0,"comment_status":"closed","ping_status":"closed","template":"page-templates\/child-menu.php","meta":{"footnotes":"","_links_to":"","_links_to_target":""},"class_list":["post-814","page","type-page","status-publish","hentry"],"_links":{"self":[{"href":"https:\/\/sites.usp.br\/gebrics\/wp-json\/wp\/v2\/pages\/814","targetHints":{"allow":["GET"]}}],"collection":[{"href":"https:\/\/sites.usp.br\/gebrics\/wp-json\/wp\/v2\/pages"}],"about":[{"href":"https:\/\/sites.usp.br\/gebrics\/wp-json\/wp\/v2\/types\/page"}],"author":[{"embeddable":true,"href":"https:\/\/sites.usp.br\/gebrics\/wp-json\/wp\/v2\/users\/723"}],"replies":[{"embeddable":true,"href":"https:\/\/sites.usp.br\/gebrics\/wp-json\/wp\/v2\/comments?post=814"}],"version-history":[{"count":4,"href":"https:\/\/sites.usp.br\/gebrics\/wp-json\/wp\/v2\/pages\/814\/revisions"}],"predecessor-version":[{"id":1039,"href":"https:\/\/sites.usp.br\/gebrics\/wp-json\/wp\/v2\/pages\/814\/revisions\/1039"}],"up":[{"embeddable":true,"href":"https:\/\/sites.usp.br\/gebrics\/wp-json\/wp\/v2\/pages\/265"}],"wp:attachment":[{"href":"https:\/\/sites.usp.br\/gebrics\/wp-json\/wp\/v2\/media?parent=814"}],"curies":[{"name":"wp","href":"https:\/\/api.w.org\/{rel}","templated":true}]}}