{"id":825,"date":"2025-10-04T10:44:45","date_gmt":"2025-10-04T12:44:45","guid":{"rendered":"https:\/\/sites.usp.br\/gebrics\/?page_id=825"},"modified":"2025-10-05T19:10:33","modified_gmt":"2025-10-05T21:10:33","slug":"viii-jornada-do-brics-na-usp","status":"publish","type":"page","link":"https:\/\/sites.usp.br\/gebrics\/jornada-dos-brics-na-usp\/viii-jornada-do-brics-na-usp\/","title":{"rendered":"VIII Jornada do BRICS na USP"},"content":{"rendered":"<p><!-- T\u00edtulo da p\u00e1gina --><\/p>\n<h1 style=\"text-align:center; color:#004080; font-weight:bold; margin-bottom:20px;\">\nVIII Jornada dos BRICS na USP<br \/>\n2024<br \/>\nBRICS+: Uma Nova Era<br \/>\n<\/h1>\n<div class=\"viii-jornadas\">\n<p>  <!-- Introdu\u00e7\u00e3o --><\/p>\n<div class=\"intro\">\n    Desde 2017, o Grupo de Estudos sobre os BRICS da Universidade de S\u00e3o Paulo (GEBRICS-USP) promove as Confer\u00eancias BRICS.<br \/>\n    Todos os anos, o objetivo \u00e9 reunir palestrantes de diferentes pa\u00edses e forma\u00e7\u00f5es diversas para discutir quest\u00f5es relevantes sobre os BRICS.<br \/>\n    O evento sempre convida pesquisadores, l\u00edderes e representantes diplom\u00e1ticos de todos os pa\u00edses do grupo.<\/p>\n<p>    Este ano, a confer\u00eancia teve como tema: <strong>&#8220;BRICS+: A New Era&#8221;<\/strong>. A escolha reflete as transforma\u00e7\u00f5es globais e a crescente influ\u00eancia do BRICS em um cen\u00e1rio internacional em mudan\u00e7a, destacando como os pa\u00edses do BRICS+ podem moldar o futuro da coopera\u00e7\u00e3o multilateral e promover um desenvolvimento sustent\u00e1vel e inclusivo.<\/p>\n<p>    O evento ocorreu de 21 a 25 de Outubro, das 08h00 \u00e0s 12h00, e a programa\u00e7\u00e3o completa pode ser acessada clicando abaixo.\n  <\/p><\/div>\n<p>  <!-- Link para PDF da programa\u00e7\u00e3o --><\/p>\n<div class=\"pdf-link\">\n    <a href=\"https:\/\/sites.usp.br\/gebrics\/wp-content\/uploads\/sites\/404\/2016\/05\/VIII-BRICS-CONFERENCE-FinalSchedule.pdf\" target=\"_blank\">Baixar Programa\u00e7\u00e3o Completa (PDF)<\/a>\n  <\/div>\n<p>  &nbsp; <\/p>\n<h3 style=\"max-width:900px; margin:auto; margin-bottom:25px;\">\n    <strong>Abaixo est\u00e1 a lista dos pain\u00e9is com os links para cada v\u00eddeo da VIII Jornadas.<\/strong><br \/>\n  <\/h3>\n<p>  <!-- Estilo do v\u00eddeo --><\/p>\n<style>\n    .panel-video iframe {\n      width: 100%;       \/* largura total do container *\/\n      max-width: 800px;  \/* largura m\u00e1xima desejada *\/\n      height: 450px;     \/* altura do v\u00eddeo *\/\n      border: none;\n      border-radius: 6px; \/* bordas arredondadas *\/\n      display: block;\n      margin: 10px auto; \/* centraliza horizontalmente *\/\n    }\n    .panel-card {\n      margin-bottom: 30px;\n      padding: 15px;\n      border: 1px solid #ccc;\n      border-radius: 6px;\n    }\n    .panel-date {\n      font-weight: bold;\n      margin-bottom: 5px;\n    }\n    .panel-info {\n      margin-bottom: 5px;\n    }\n    .panel-speakers {\n      margin-bottom: 10px;\n    }\n  <\/style>\n<p>  <!-- Pain\u00e9is --><\/p>\n<p>  <!-- 21 Out \u2013 Abertura --><\/p>\n<div class=\"panel-card\">\n<div class=\"panel-date\">21\/Out \u2013 09h00 &#8211; 10h20<\/div>\n<div class=\"panel-info\"><strong>Mediador:<\/strong> Prof. Casella | <strong>Tema:<\/strong> Abertura<\/div>\n<div class=\"panel-speakers\">Palestrante: Pedro Dallari<\/div>\n<div class=\"panel-video\">\n      <iframe src=\"https:\/\/www.youtube.com\/embed\/E73HvuXpiHw?list=PLL2t_p96OEzs6q9AK4scyazRi6UXoNaK2&#038;index=1\" allowfullscreen><\/iframe>\n    <\/div>\n<\/p><\/div>\n<p>  <!-- 21 Out \u2013 Mesa Consular \/ Diplom\u00e1tica --><\/p>\n<div class=\"panel-card\">\n<div class=\"panel-date\">21\/Out \u2013 10h30 &#8211; 12h30<\/div>\n<div class=\"panel-info\"><strong>Mediador:<\/strong> Bruce | <strong>Tema:<\/strong> Mesa Consular \/ Diplom\u00e1tica<\/div>\n<div class=\"panel-video\">\n      <iframe src=\"https:\/\/www.youtube.com\/embed\/kBmUspaa-as?list=PLL2t_p96OEzs6q9AK4scyazRi6UXoNaK2&#038;index=2\" allowfullscreen><\/iframe>\n    <\/div>\n<\/p><\/div>\n<p>  <!-- 22 Out \u2013 Bancos de Desenvolvimento --><\/p>\n<div class=\"panel-card\">\n<div class=\"panel-date\">22\/Out \u2013 08h00 &#8211; 10h00<\/div>\n<div class=\"panel-info\"><strong>Mediador:<\/strong> Jos\u00e9 Ricardo | <strong>Tema:<\/strong> Bancos de Desenvolvimento<\/div>\n<div class=\"panel-speakers\">\n      Palestrantes: Jiejin Zhu, Mushahid Hussain Sayed, Mohammed Saqib, Samuel Spellmann\n    <\/div>\n<div class=\"panel-video\">\n      <iframe src=\"https:\/\/www.youtube.com\/embed\/lu51QBbwGjA?list=PLL2t_p96OEzs6q9AK4scyazRi6UXoNaK2&#038;index=3\" allowfullscreen><\/iframe>\n    <\/div>\n<\/p><\/div>\n<p>  <!-- 22 Out \u2013 G20 --><\/p>\n<div class=\"panel-card\">\n<div class=\"panel-date\">22\/Out \u2013 10h15 &#8211; 12h15<\/div>\n<div class=\"panel-info\"><strong>Mediador:<\/strong> Luana \/ Ana Ferrari | <strong>Tema:<\/strong> G20<\/div>\n<div class=\"panel-speakers\">Palestrantes: Daniela Vieira Secches, Elizabeth Sidiropoulos, Pravin Sawhney<\/div>\n<div class=\"panel-video\">\n      <iframe src=\"https:\/\/www.youtube.com\/embed\/D_qF84VEI8w?list=PLL2t_p96OEzs6q9AK4scyazRi6UXoNaK2&#038;index=4\" allowfullscreen><\/iframe>\n    <\/div>\n<\/p><\/div>\n<p>  <!-- 23 Out \u2013 Coopera\u00e7\u00e3o internacional e negocia\u00e7\u00f5es clim\u00e1ticas --><\/p>\n<div class=\"panel-card\">\n<div class=\"panel-date\">23\/Out \u2013 08h00 &#8211; 10h00<\/div>\n<div class=\"panel-info\"><strong>Mediador:<\/strong> Nanny Santana | <strong>Tema:<\/strong> Coopera\u00e7\u00e3o internacional e negocia\u00e7\u00f5es clim\u00e1ticas<\/div>\n<div class=\"panel-speakers\">Palestrantes: Amna Mirza, Representante MMA, Vitor Mattos Vaz &#8211; MRE<\/div>\n<div class=\"panel-video\">\n      <iframe src=\"https:\/\/www.youtube.com\/embed\/RLCS-lXMKF4?list=PLL2t_p96OEzs6q9AK4scyazRi6UXoNaK2&#038;index=5\" allowfullscreen><\/iframe>\n    <\/div>\n<\/p><\/div>\n<p>  <!-- 23 Out \u2013 Economia Verde --><\/p>\n<div class=\"panel-card\">\n<div class=\"panel-date\">23\/Out \u2013 10h15 &#8211; 12h15<\/div>\n<div class=\"panel-info\"><strong>Mediador:<\/strong> Nicole \u00cdsis | <strong>Tema:<\/strong> Economia Verde<\/div>\n<div class=\"panel-speakers\">Palestrantes: Ankita Chakravarty, Satwik Shekhar<\/div>\n<div class=\"panel-video\">\n      <iframe src=\"https:\/\/www.youtube.com\/embed\/nNYVqQW7L14?list=PLL2t_p96OEzs6q9AK4scyazRi6UXoNaK2&#038;index=6\" allowfullscreen><\/iframe>\n    <\/div>\n<\/p><\/div>\n<p>  <!-- 24 Out \u2013 Reforma das institui\u00e7\u00f5es multilaterais --><\/p>\n<div class=\"panel-card\">\n<div class=\"panel-date\">24\/Out \u2013 08h00 &#8211; 10h00<\/div>\n<div class=\"panel-info\"><strong>Mediador:<\/strong> Rafael Voigtel | <strong>Tema:<\/strong> Reforma das institui\u00e7\u00f5es multilaterais<\/div>\n<div class=\"panel-speakers\">Palestrantes: Melissa Cambuhy, Lisa Thompson, Brij Dwivedi<\/div>\n<div class=\"panel-video\">\n      <iframe src=\"https:\/\/www.youtube.com\/embed\/IPMAE8aHhlI?list=PLL2t_p96OEzs6q9AK4scyazRi6UXoNaK2&#038;index=7\" allowfullscreen><\/iframe>\n    <\/div>\n<\/p><\/div>\n<p>  <!-- 24 Out \u2013 Governan\u00e7a da Internet --><\/p>\n<div class=\"panel-card\">\n<div class=\"panel-date\">24\/Out \u2013 10h15 &#8211; 12h15<\/div>\n<div class=\"panel-info\"><strong>Mediador:<\/strong> Lucas Mac\u00eado \/ Octavio | <strong>Tema:<\/strong> Governan\u00e7a da Internet<\/div>\n<div class=\"panel-speakers\">Palestrantes: Daya Kishan Thussu, Kinfe Yilma, Luca Belli, Min Jiang, Olga Ustyuzhantseva, Sagwadi Mabunda<\/div>\n<div class=\"panel-video\">\n      <iframe src=\"https:\/\/www.youtube.com\/embed\/JoXQbIGU9OY?list=PLL2t_p96OEzs6q9AK4scyazRi6UXoNaK2&#038;index=8\" allowfullscreen><\/iframe>\n    <\/div>\n<\/p><\/div>\n<p>  <!-- 25 Out \u2013 Multilateralismo inclusivo e Governan\u00e7a Global: o papel do BRICS+ --><\/p>\n<div class=\"panel-card\">\n<div class=\"panel-date\">25\/Out \u2013 08h00 &#8211; 10h00<\/div>\n<div class=\"panel-info\"><strong>Mediador:<\/strong> Renata | <strong>Tema:<\/strong> Multilateralismo inclusivo e Governan\u00e7a Global: o papel do BRICS+<\/div>\n<div class=\"panel-speakers\">Palestrantes: Monica William, Thomas Law, Douglas Castro, Natalia V. Poplavskaya, Sara Alneyadi<\/div>\n<div class=\"panel-video\">\n      <iframe src=\"https:\/\/www.youtube.com\/embed\/ESgxQznxHS8?list=PLL2t_p96OEzs6q9AK4scyazRi6UXoNaK2&#038;index=9\" allowfullscreen><\/iframe>\n    <\/div>\n<\/p><\/div>\n<p>  <!-- 25 Out \u2013 Encerramento --><\/p>\n<div class=\"panel-card\">\n<div class=\"panel-date\">25\/Out \u2013 11h00 &#8211; 12h30<\/div>\n<div class=\"panel-info\"><strong>Mediador:<\/strong> Prof. Casella | <strong>Tema:<\/strong> Encerramento<\/div>\n<div class=\"panel-speakers\">Palestrante: Otaviano Canuto<\/div>\n<div class=\"panel-video\">\n      <iframe src=\"https:\/\/www.youtube.com\/embed\/UCGClM4ifL8?list=PLL2t_p96OEzs6q9AK4scyazRi6UXoNaK2&#038;index=10\" allowfullscreen><\/iframe>\n    <\/div>\n<\/p><\/div>\n<\/div>\n","protected":false},"excerpt":{"rendered":"<p>VIII Jornada dos BRICS na USP 2024 BRICS+: Uma Nova Era Desde 2017, o Grupo de Estudos sobre os BRICS&#46;&#46;&#46;<\/p>\n","protected":false},"author":723,"featured_media":1052,"parent":265,"menu_order":0,"comment_status":"closed","ping_status":"closed","template":"page-templates\/child-menu.php","meta":{"footnotes":"","_links_to":"","_links_to_target":""},"class_list":["post-825","page","type-page","status-publish","has-post-thumbnail","hentry"],"_links":{"self":[{"href":"https:\/\/sites.usp.br\/gebrics\/wp-json\/wp\/v2\/pages\/825","targetHints":{"allow":["GET"]}}],"collection":[{"href":"https:\/\/sites.usp.br\/gebrics\/wp-json\/wp\/v2\/pages"}],"about":[{"href":"https:\/\/sites.usp.br\/gebrics\/wp-json\/wp\/v2\/types\/page"}],"author":[{"embeddable":true,"href":"https:\/\/sites.usp.br\/gebrics\/wp-json\/wp\/v2\/users\/723"}],"replies":[{"embeddable":true,"href":"https:\/\/sites.usp.br\/gebrics\/wp-json\/wp\/v2\/comments?post=825"}],"version-history":[{"count":4,"href":"https:\/\/sites.usp.br\/gebrics\/wp-json\/wp\/v2\/pages\/825\/revisions"}],"predecessor-version":[{"id":1054,"href":"https:\/\/sites.usp.br\/gebrics\/wp-json\/wp\/v2\/pages\/825\/revisions\/1054"}],"up":[{"embeddable":true,"href":"https:\/\/sites.usp.br\/gebrics\/wp-json\/wp\/v2\/pages\/265"}],"wp:featuredmedia":[{"embeddable":true,"href":"https:\/\/sites.usp.br\/gebrics\/wp-json\/wp\/v2\/media\/1052"}],"wp:attachment":[{"href":"https:\/\/sites.usp.br\/gebrics\/wp-json\/wp\/v2\/media?parent=825"}],"curies":[{"name":"wp","href":"https:\/\/api.w.org\/{rel}","templated":true}]}}