{"id":872,"date":"2025-10-04T13:06:55","date_gmt":"2025-10-04T15:06:55","guid":{"rendered":"https:\/\/sites.usp.br\/gebrics\/?page_id=872"},"modified":"2025-10-04T15:59:25","modified_gmt":"2025-10-04T17:59:25","slug":"processo-seletivo","status":"publish","type":"page","link":"https:\/\/sites.usp.br\/gebrics\/processo-seletivo\/","title":{"rendered":"Processo Seletivo"},"content":{"rendered":"<h1 style=\"text-align: center; font-size: 38px; font-weight: bold; margin-top: 20px; margin-bottom: 25px;\">\n  Processo Seletivo GEBRICS\/USP<br \/>\nInforma\u00e7\u00f5es Gerais<br \/>\n<\/h1>\n<p style=\"text-align: justify;\">\nO <strong>Grupo de Estudos em BRICS da Universidade de S\u00e3o Paulo (GEBRICS\/USP)<\/strong> realiza seu <strong>processo seletivo de novos membros<\/strong> anualmente, com inscri\u00e7\u00f5es abertas no in\u00edcio de cada ano.\n<\/p>\n<p style=\"text-align: justify;\">\nO processo busca estudantes e pesquisadores interessados em aprofundar o conhecimento sobre o papel dos pa\u00edses do BRICS nas rela\u00e7\u00f5es internacionais, no direito, na economia e em outras \u00e1reas relacionadas. As etapas incluem o envio de candidatura, an\u00e1lise de perfil acad\u00eamico e, caso a banca avaliadora considere necess\u00e1rio, entrevistas.\n<\/p>\n<p style=\"text-align: justify;\">\nO <strong>edital<\/strong> \u00e9 publicado no in\u00edcio do ano, e os <strong>resultados<\/strong> s\u00e3o divulgados at\u00e9 o in\u00edcio de mar\u00e7o. Ap\u00f3s esse per\u00edodo, n\u00e3o \u00e9 poss\u00edvel enviar novas candidaturas, mas todos os interessados s\u00e3o convidados a acompanhar as atividades do GEBRICS nas suas redes sociais para n\u00e3o perder as pr\u00f3ximas oportunidades.\n<\/p>\n<hr style=\"margin: 30px 0;\">\n<h3 style=\"text-align: left; color: #004080;\"> Acompanhe nossas atividades<\/h3>\n<p style=\"text-align: justify;\">\nAs informa\u00e7\u00f5es sobre o pr\u00f3ximo processo seletivo, eventos, publica\u00e7\u00f5es e outras atividades do grupo s\u00e3o divulgadas em nossas <strong>redes oficiais<\/strong> e em nossa <strong>Newsletter mensal<\/strong>. Acompanhe o GEBRICS\/USP nas redes sociais e mantenha-se informado sobre todas as novidades:\n<\/p>\n<ul style=\"list-style: none; padding-left: 0; text-align: left;\">\n\ud83d\udcf8 <a href=\"https:\/\/www.instagram.com\/gebricsusp\/\" target=\"_blank\" style=\"color: #004080; text-decoration: none;\">Instagram<\/a><\/li>\n<p>\ud83d\udcd8 <a href=\"https:\/\/www.facebook.com\/gebricsfdusp\" target=\"_blank\" style=\"color: #004080; text-decoration: none;\">Facebook<\/a><\/li>\n<p>\ud83d\udcbc <a href=\"https:\/\/www.linkedin.com\/company\/gebrics-usp-grupo-de-estudos-sobre-os-brics-da-usp\/\" target=\"_blank\" style=\"color: #004080; text-decoration: none;\">LinkedIn<\/a><\/li>\n<p>\ud83d\udc26 <a href=\"https:\/\/x.com\/gebricsusp\" target=\"_blank\" style=\"color: #004080; text-decoration: none;\">Twitter (X)<\/a><\/li>\n<\/ul>\n<p style=\"text-align: justify;\">\nPara receber as not\u00edcias diretamente por e-mail, inscreva-se em nossa Newsletter clicando no link abaixo:\n<\/p>\n<p style=\"text-align: center;\">\n  \ud83d\udce9 <a href=\"https:\/\/usp.us13.list-manage.com\/subscribe?u=25a1c1b943eb1e995c9f25613&#038;id=f750e33fd2\" \n         style=\"font-weight: bold; color: #004080; text-decoration: underline;\" \n         target=\"_blank\" rel=\"noopener noreferrer\"><br \/>\n    Clique aqui para se inscrever na Newsletter<br \/>\n  <\/a>\n<\/p>\n<hr style=\"margin: 30px 0;\">\n<p style=\"text-align: justify;\">\nO GEBRICS\/USP agradece o interesse e o apoio cont\u00ednuo de todos os estudantes e pesquisadores que acompanham nossas atividades.<br \/>\nEsperamos v\u00ea-los em nossos pr\u00f3ximos eventos e processos seletivos!<\/p>\n","protected":false},"excerpt":{"rendered":"<p>Processo Seletivo GEBRICS\/USP Informa\u00e7\u00f5es Gerais O Grupo de Estudos em BRICS da Universidade de S\u00e3o Paulo (GEBRICS\/USP) realiza seu processo&#46;&#46;&#46;<\/p>\n","protected":false},"author":723,"featured_media":0,"parent":0,"menu_order":0,"comment_status":"closed","ping_status":"closed","template":"","meta":{"footnotes":"","_links_to":"","_links_to_target":""},"class_list":["post-872","page","type-page","status-publish","hentry"],"_links":{"self":[{"href":"https:\/\/sites.usp.br\/gebrics\/wp-json\/wp\/v2\/pages\/872","targetHints":{"allow":["GET"]}}],"collection":[{"href":"https:\/\/sites.usp.br\/gebrics\/wp-json\/wp\/v2\/pages"}],"about":[{"href":"https:\/\/sites.usp.br\/gebrics\/wp-json\/wp\/v2\/types\/page"}],"author":[{"embeddable":true,"href":"https:\/\/sites.usp.br\/gebrics\/wp-json\/wp\/v2\/users\/723"}],"replies":[{"embeddable":true,"href":"https:\/\/sites.usp.br\/gebrics\/wp-json\/wp\/v2\/comments?post=872"}],"version-history":[{"count":3,"href":"https:\/\/sites.usp.br\/gebrics\/wp-json\/wp\/v2\/pages\/872\/revisions"}],"predecessor-version":[{"id":926,"href":"https:\/\/sites.usp.br\/gebrics\/wp-json\/wp\/v2\/pages\/872\/revisions\/926"}],"wp:attachment":[{"href":"https:\/\/sites.usp.br\/gebrics\/wp-json\/wp\/v2\/media?parent=872"}],"curies":[{"name":"wp","href":"https:\/\/api.w.org\/{rel}","templated":true}]}}