{"id":106,"date":"2014-10-17T16:55:45","date_gmt":"2014-10-17T18:55:45","guid":{"rendered":"http:\/\/sites.usp.br\/gefim\/?page_id=106"},"modified":"2015-04-10T12:28:09","modified_gmt":"2015-04-10T14:28:09","slug":"comunicados","status":"publish","type":"page","link":"https:\/\/sites.usp.br\/gefim\/","title":{"rendered":"Comunicados"},"content":{"rendered":"<p>A Comiss\u00e3o GEFIM deliberou priorizar e promover em 2015 e 2016 Encontros Tem\u00e1ticos sobre quest\u00f5es estrat\u00e9gicas. Desta forma, o 9\u00ba Encontro GEFIM previsto para 2015 acontecer\u00e1 oportunamente.<\/p>\n","protected":false},"excerpt":{"rendered":"<p>A Comiss\u00e3o GEFIM deliberou priorizar e promover em 2015 e 2016 Encontros Tem\u00e1ticos sobre quest\u00f5es estrat\u00e9gicas. Desta forma, o 9\u00ba Encontro GEFIM previsto para 2015 acontecer\u00e1 oportunamente.<\/p>\n","protected":false},"author":1,"featured_media":0,"parent":0,"menu_order":6,"comment_status":"closed","ping_status":"closed","template":"","meta":{"footnotes":"","_links_to":"","_links_to_target":""},"class_list":["post-106","page","type-page","status-publish","hentry"],"_links":{"self":[{"href":"https:\/\/sites.usp.br\/gefim\/wp-json\/wp\/v2\/pages\/106","targetHints":{"allow":["GET"]}}],"collection":[{"href":"https:\/\/sites.usp.br\/gefim\/wp-json\/wp\/v2\/pages"}],"about":[{"href":"https:\/\/sites.usp.br\/gefim\/wp-json\/wp\/v2\/types\/page"}],"author":[{"embeddable":true,"href":"https:\/\/sites.usp.br\/gefim\/wp-json\/wp\/v2\/users\/1"}],"replies":[{"embeddable":true,"href":"https:\/\/sites.usp.br\/gefim\/wp-json\/wp\/v2\/comments?post=106"}],"version-history":[{"count":5,"href":"https:\/\/sites.usp.br\/gefim\/wp-json\/wp\/v2\/pages\/106\/revisions"}],"predecessor-version":[{"id":391,"href":"https:\/\/sites.usp.br\/gefim\/wp-json\/wp\/v2\/pages\/106\/revisions\/391"}],"wp:attachment":[{"href":"https:\/\/sites.usp.br\/gefim\/wp-json\/wp\/v2\/media?parent=106"}],"curies":[{"name":"wp","href":"https:\/\/api.w.org\/{rel}","templated":true}]}}