{"id":120,"date":"2014-10-30T11:00:20","date_gmt":"2014-10-30T13:00:20","guid":{"rendered":"http:\/\/sites.usp.br\/gefim\/?page_id=120"},"modified":"2022-11-29T12:09:50","modified_gmt":"2022-11-29T14:09:50","slug":"membros","status":"publish","type":"page","link":"https:\/\/sites.usp.br\/gefim\/comissao\/membros\/","title":{"rendered":"Membros"},"content":{"rendered":"<p>Leonice Maria Silva de Farias<br \/>\nPresidente<br \/>\nAssistente T\u00e9cnica Financeira IB\u00a0(SP)<br \/>\nFone: (11) 3091-7947<br \/>\ne-mail: lmsilva@usp.br<\/p>\n<p>Peter Greiner J\u00fanior<br \/>\nVice-Presidente<br \/>\nAnalista Assuntos Administrativos INOVA (SP)<br \/>\nFone: (11) 2648-1398<br \/>\ne-mail: pgreiner@usp.br<\/p>\n<p>Daniela Cristiani Sacaro Oliveira<br \/>\nT\u00e9cnica Cont\u00e1bil Financeira\/Substituta da Assist\u00eancia de Dire\u00e7\u00e3o Financeira ESALQ (Piracicaba)<br \/>\nFone: (19) 3429-4107<br \/>\ne-mail: daniela.sacaro@usp.br<\/p>\n<p>Geraldo Martins Filho<br \/>\nAssistente T\u00e9cnico Financeiro FCFRP (Ribeir\u00e3o Preto)<br \/>\nFone (16) 3318-4170<br \/>\ne-mail: gmfilho@fcfrp.usp.br<\/p>\n<p>Hamilton de Castro Teixeira Silva<br \/>\nProcurador Chefe \u2013 Procuradoria Geral da USP (SP)<br \/>\nFone: (11) 3091-3334<br \/>\ne-mail: hcts@usp.br<\/p>\n<p>Jo\u00e3o Antonio Aparecido Salla<br \/>\nPlanejamento e Gest\u00e3o &#8211; ICMC (S\u00e3o Carlos)<br \/>\nFone: (16) 3373-6626<br \/>\ne-mail: salla@icmc.usp.br<\/p>\n<p>Jo\u00e3o Pacheco<br \/>\nAssistente T\u00e9cnico Departamento de Recursos Humanos &#8211; RUSP (SP)<br \/>\nFone: (11) 3091-3278<br \/>\ne-mail: jpacheco@usp.br<\/p>\n<p>Lu\u00eds Carlos Moreira Gomes<br \/>\nGerente Executivo RCGI &#8211; EP\u00a0(SP)<br \/>\nFone: (11) 3091-9635<br \/>\ne-mail: lcmgomes@usp.br<\/p>\n<p>Marcos Andr\u00e9 de Almeida Santos<br \/>\nAssistente T\u00e9cnico de Dire\u00e7\u00e3o EACH (SP)<br \/>\nFone: (11) 3091-1013<br \/>\ne-mail: mandreas@usp.br<\/p>\n<p>Marcos Roberto Santiago<br \/>\nAssistente T\u00e9cnico de Dire\u00e7\u00e3o DA &#8211; RUSP &#8211; (SP)<br \/>\nFone: (11) 3091-2313<br \/>\ne-mail: marcos.santiago@usp.br<\/p>\n<p>Paulo Lucas Dantas Filho<br \/>\nDiretor da Divis\u00e3o de Finan\u00e7as IEE (SP)<br \/>\nFone: (11) 3091-2501<br \/>\ne-mail: dantas@iee.usp.br<\/p>\n<p>Regina C\u00e9lia da Rocha Bezerra<br \/>\nAssistente T\u00e9cnica Financeira FMRP (Ribeir\u00e3o Preto)<br \/>\nFone: (16) 3315-0688<br \/>\ne-mail: regina@fmrp.usp.br<\/p>\n<p>S\u00e9rgio Carlos Celestini<br \/>\nAssistente T\u00e9cnico de Dire\u00e7\u00e3o<br \/>\nAssist\u00eancia T\u00e9cnica Acad\u00eamica IAU (S\u00e3o Carlos)<br \/>\nFone: (16) 3373-8765<br \/>\ne-mail: scelesti@sc.usp.br<\/p>\n<p>S\u00edlvia Assun\u00e7\u00e3o Mathias Gon\u00e7alves<br \/>\nAssistente T\u00e9cnica de Dire\u00e7\u00e3o \u2013 PUSP-P (Pirassununga)<br \/>\nFone: (19) 3565-4390<br \/>\ne-mail: silviam@usp.br<\/p>\n<p>S\u00edlvia Maria de Carvalho Silva Domingues<br \/>\nAnalista Cont\u00e1bil-Financeira &#8211;\u00a0\u00a0CODAGE &#8211; (SP)<br \/>\nFone: (11) 2648-0403<br \/>\ne-mail: scarvalho@usp.br<\/p>\n<p>Zelma Batista Borges<br \/>\nAssistente T\u00e9cnica Financeira FOB (Bauru)<br \/>\nFone: (14) 3235-8281<br \/>\ne-mail: zelma@fob.usp.br<\/p>\n","protected":false},"excerpt":{"rendered":"<p>Leonice Maria Silva de Farias Presidente Assistente T\u00e9cnica Financeira IB\u00a0(SP) Fone: (11) 3091-7947 e-mail: lmsilva@usp.br Peter Greiner J\u00fanior Vice-Presidente Analista Assuntos Administrativos INOVA (SP) Fone: (11) 2648-1398 e-mail: pgreiner@usp.br Daniela Cristiani Sacaro Oliveira T\u00e9cnica Cont\u00e1bil Financeira\/Substituta da Assist\u00eancia de Dire\u00e7\u00e3o Financeira ESALQ (Piracicaba) Fone: (19) 3429-4107 e-mail: daniela.sacaro@usp.br Geraldo Martins Filho Assistente T\u00e9cnico Financeiro FCFRP [&hellip;]<\/p>\n","protected":false},"author":13,"featured_media":0,"parent":62,"menu_order":0,"comment_status":"closed","ping_status":"closed","template":"","meta":{"footnotes":"","_links_to":"","_links_to_target":""},"class_list":["post-120","page","type-page","status-publish","hentry"],"_links":{"self":[{"href":"https:\/\/sites.usp.br\/gefim\/wp-json\/wp\/v2\/pages\/120","targetHints":{"allow":["GET"]}}],"collection":[{"href":"https:\/\/sites.usp.br\/gefim\/wp-json\/wp\/v2\/pages"}],"about":[{"href":"https:\/\/sites.usp.br\/gefim\/wp-json\/wp\/v2\/types\/page"}],"author":[{"embeddable":true,"href":"https:\/\/sites.usp.br\/gefim\/wp-json\/wp\/v2\/users\/13"}],"replies":[{"embeddable":true,"href":"https:\/\/sites.usp.br\/gefim\/wp-json\/wp\/v2\/comments?post=120"}],"version-history":[{"count":5,"href":"https:\/\/sites.usp.br\/gefim\/wp-json\/wp\/v2\/pages\/120\/revisions"}],"predecessor-version":[{"id":487,"href":"https:\/\/sites.usp.br\/gefim\/wp-json\/wp\/v2\/pages\/120\/revisions\/487"}],"up":[{"embeddable":true,"href":"https:\/\/sites.usp.br\/gefim\/wp-json\/wp\/v2\/pages\/62"}],"wp:attachment":[{"href":"https:\/\/sites.usp.br\/gefim\/wp-json\/wp\/v2\/media?parent=120"}],"curies":[{"name":"wp","href":"https:\/\/api.w.org\/{rel}","templated":true}]}}