{"id":204,"date":"2014-11-13T10:51:00","date_gmt":"2014-11-13T12:51:00","guid":{"rendered":"http:\/\/sites.usp.br\/gefim\/?page_id=204"},"modified":"2014-12-01T12:24:29","modified_gmt":"2014-12-01T14:24:29","slug":"missao","status":"publish","type":"page","link":"https:\/\/sites.usp.br\/gefim\/missao\/","title":{"rendered":"Miss\u00e3o"},"content":{"rendered":"<h4>\u201cApoiar a Universidade na evolu\u00e7\u00e3o de seus processos de gest\u00e3o administrativa\u201d<\/h4>\n<p>A sigla GEFIM (Gest\u00e3o Financeira e de Materiais) surgiu da necessidade de se resumir o nome da &#8220;Comiss\u00e3o para Reestrutura\u00e7\u00e3o dos Sistemas de Gest\u00e3o Administrativa e Financeira&#8221;, constitu\u00edda atrav\u00e9s da Portaria CODAGE de 26\/07\/96.<\/p>\n<p>A Comiss\u00e3o foi criada com o objetivo de reavaliar normas e procedimentos da Universidade relacionados aos temas de administra\u00e7\u00e3o de materiais e finan\u00e7as, visando a moderniza\u00e7\u00e3o e a efici\u00eancia nos processos de suporte \u00e0 tomada de decis\u00e3o.<\/p>\n<p>Inseriu-se desde o seu in\u00edcio no esfor\u00e7o de &#8220;Qualidade e Produtividade&#8221; da USP, tendo como principal caracter\u00edstica a participa\u00e7\u00e3o de todos os funcion\u00e1rios envolvidos nesses processos.<\/p>\n<p>Com o apoio da CODAGE foram realizados 8 grandes encontros no campus de Pirassununga (1997, 1999, 2001, 2003, 2005, 2007, 2009 e 2013), para tratar das quest\u00f5es que afetam as \u00e1reas de material e finan\u00e7as.<\/p>\n","protected":false},"excerpt":{"rendered":"<p>\u201cApoiar a Universidade na evolu\u00e7\u00e3o de seus processos de gest\u00e3o administrativa\u201d A sigla GEFIM (Gest\u00e3o Financeira e de Materiais) surgiu da necessidade de se resumir o nome da &#8220;Comiss\u00e3o para Reestrutura\u00e7\u00e3o dos Sistemas de Gest\u00e3o Administrativa e Financeira&#8221;, constitu\u00edda atrav\u00e9s da Portaria CODAGE de 26\/07\/96. A Comiss\u00e3o foi criada com o objetivo de reavaliar normas [&hellip;]<\/p>\n","protected":false},"author":70,"featured_media":0,"parent":0,"menu_order":6,"comment_status":"closed","ping_status":"closed","template":"","meta":{"footnotes":"","_links_to":"","_links_to_target":""},"class_list":["post-204","page","type-page","status-publish","hentry"],"_links":{"self":[{"href":"https:\/\/sites.usp.br\/gefim\/wp-json\/wp\/v2\/pages\/204","targetHints":{"allow":["GET"]}}],"collection":[{"href":"https:\/\/sites.usp.br\/gefim\/wp-json\/wp\/v2\/pages"}],"about":[{"href":"https:\/\/sites.usp.br\/gefim\/wp-json\/wp\/v2\/types\/page"}],"author":[{"embeddable":true,"href":"https:\/\/sites.usp.br\/gefim\/wp-json\/wp\/v2\/users\/70"}],"replies":[{"embeddable":true,"href":"https:\/\/sites.usp.br\/gefim\/wp-json\/wp\/v2\/comments?post=204"}],"version-history":[{"count":6,"href":"https:\/\/sites.usp.br\/gefim\/wp-json\/wp\/v2\/pages\/204\/revisions"}],"predecessor-version":[{"id":248,"href":"https:\/\/sites.usp.br\/gefim\/wp-json\/wp\/v2\/pages\/204\/revisions\/248"}],"wp:attachment":[{"href":"https:\/\/sites.usp.br\/gefim\/wp-json\/wp\/v2\/media?parent=204"}],"curies":[{"name":"wp","href":"https:\/\/api.w.org\/{rel}","templated":true}]}}