{"id":232,"date":"2014-11-13T12:15:48","date_gmt":"2014-11-13T14:15:48","guid":{"rendered":"http:\/\/sites.usp.br\/gefim\/?page_id=232"},"modified":"2017-03-14T13:08:04","modified_gmt":"2017-03-14T15:08:04","slug":"membros-desde-criacao","status":"publish","type":"page","link":"https:\/\/sites.usp.br\/gefim\/comissao\/membros-desde-criacao\/","title":{"rendered":"Membros desde a Cria\u00e7\u00e3o"},"content":{"rendered":"<table border=\"0\" width=\"605\" cellspacing=\"0\" cellpadding=\"0\">\n<tbody>\n<tr>\n<td valign=\"bottom\" nowrap=\"nowrap\" width=\"295\">\n<p align=\"center\"><b>NOME<\/b><\/p>\n<\/td>\n<td valign=\"bottom\" nowrap=\"nowrap\" width=\"123\">\n<p align=\"center\"><b>UNIDADE<\/b><\/p>\n<\/td>\n<td valign=\"bottom\" nowrap=\"nowrap\" width=\"187\">\n<p align=\"center\"><b>EXERC\u00cdCIO<\/b><\/p>\n<\/td>\n<\/tr>\n<tr>\n<td valign=\"bottom\" nowrap=\"nowrap\" width=\"295\">Agnaldo Veneroso<\/td>\n<td valign=\"bottom\" nowrap=\"nowrap\" width=\"123\">FZEA<\/td>\n<td valign=\"bottom\" nowrap=\"nowrap\" width=\"187\">1998 &#8211; 2004<\/td>\n<\/tr>\n<tr>\n<td valign=\"bottom\" nowrap=\"nowrap\" width=\"295\">Ana Maria Cruz de Moraes<\/td>\n<td valign=\"bottom\" nowrap=\"nowrap\" width=\"123\">CJ<\/td>\n<td valign=\"bottom\" nowrap=\"nowrap\" width=\"187\">1996 &#8211; 1998<\/td>\n<\/tr>\n<tr>\n<td valign=\"bottom\" nowrap=\"nowrap\" width=\"295\">C\u00e2ndida Luiza Speranza<\/td>\n<td valign=\"bottom\" nowrap=\"nowrap\" width=\"123\">CODAGE<\/td>\n<td valign=\"bottom\" nowrap=\"nowrap\" width=\"187\">1999 &#8211; 2009<\/td>\n<\/tr>\n<tr>\n<td valign=\"bottom\" nowrap=\"nowrap\" width=\"295\">Carlos Alberto Crippa<\/td>\n<td valign=\"bottom\" nowrap=\"nowrap\" width=\"123\">CCS<\/td>\n<td valign=\"bottom\" nowrap=\"nowrap\" width=\"187\">1996 &#8211; 2002<\/td>\n<\/tr>\n<tr>\n<td valign=\"bottom\" nowrap=\"nowrap\" width=\"295\">Douglas de Oliveira Tavano<\/td>\n<td valign=\"bottom\" nowrap=\"nowrap\" width=\"123\">FOB<\/td>\n<td valign=\"bottom\" nowrap=\"nowrap\" width=\"187\">1998 &#8211; 2002<\/td>\n<\/tr>\n<tr>\n<td valign=\"bottom\" nowrap=\"nowrap\" width=\"295\">F\u00e1bio Ribeiro<\/td>\n<td valign=\"bottom\" nowrap=\"nowrap\" width=\"123\">EP<\/td>\n<td valign=\"bottom\" nowrap=\"nowrap\" width=\"187\">1998 &#8211; 2016<\/td>\n<\/tr>\n<tr>\n<td valign=\"bottom\" nowrap=\"nowrap\" width=\"295\">Geraldo Martins Filho<\/td>\n<td valign=\"bottom\" nowrap=\"nowrap\" width=\"123\">FCFRP<\/td>\n<td valign=\"bottom\" nowrap=\"nowrap\" width=\"187\">2009 &#8211;<\/td>\n<\/tr>\n<tr>\n<td valign=\"bottom\" nowrap=\"nowrap\" width=\"295\">Gustavo Ferreira Canilha<\/td>\n<td valign=\"bottom\" nowrap=\"nowrap\" width=\"123\">EEL<\/td>\n<td valign=\"bottom\" nowrap=\"nowrap\" width=\"187\">2009 &#8211; 2014<\/td>\n<\/tr>\n<tr>\n<td valign=\"bottom\" nowrap=\"nowrap\" width=\"295\">Hamilton de Castro Teixeira Silva<\/td>\n<td valign=\"bottom\" nowrap=\"nowrap\" width=\"123\">PG-USP<\/td>\n<td valign=\"bottom\" nowrap=\"nowrap\" width=\"187\">2010<\/td>\n<\/tr>\n<tr>\n<td valign=\"bottom\" nowrap=\"nowrap\" width=\"295\">Hamilton Pedroso dos Santos<\/td>\n<td valign=\"bottom\" nowrap=\"nowrap\" width=\"123\">COSEAS<\/td>\n<td valign=\"bottom\" nowrap=\"nowrap\" width=\"187\">1996 &#8211; 2010<\/td>\n<\/tr>\n<tr>\n<td valign=\"bottom\" nowrap=\"nowrap\" width=\"295\">Jo\u00e3o Antonio Aparecido Salla<\/td>\n<td valign=\"bottom\" nowrap=\"nowrap\" width=\"123\">ICMC<\/td>\n<td valign=\"bottom\" nowrap=\"nowrap\" width=\"187\">2002 &#8211;<\/td>\n<\/tr>\n<tr>\n<td valign=\"bottom\" nowrap=\"nowrap\" width=\"295\">Jo\u00e3o Carlos Kanaan<\/td>\n<td valign=\"bottom\" nowrap=\"nowrap\" width=\"123\">CEPEUSP<\/td>\n<td valign=\"bottom\" nowrap=\"nowrap\" width=\"187\">2002 &#8211; 2006<\/td>\n<\/tr>\n<tr>\n<td valign=\"bottom\" nowrap=\"nowrap\" width=\"295\">Jo\u00e3o Pacheco<\/td>\n<td valign=\"bottom\" nowrap=\"nowrap\" width=\"123\">CODAGE<\/td>\n<td valign=\"bottom\" nowrap=\"nowrap\" width=\"187\">2010 &#8211;<\/td>\n<\/tr>\n<tr>\n<td valign=\"bottom\" nowrap=\"nowrap\" width=\"295\">Leonice Maria Silva de Farias<\/td>\n<td valign=\"bottom\" nowrap=\"nowrap\" width=\"123\">FFLCH<\/td>\n<td valign=\"bottom\" nowrap=\"nowrap\" width=\"187\">2009 &#8211;<\/td>\n<\/tr>\n<tr>\n<td valign=\"bottom\" nowrap=\"nowrap\" width=\"295\">Lidia Gloeden Belfort Pinheiro<\/td>\n<td valign=\"bottom\" nowrap=\"nowrap\" width=\"123\">IQ<\/td>\n<td valign=\"bottom\" nowrap=\"nowrap\" width=\"187\">2004 &#8211; 2017<\/td>\n<\/tr>\n<tr>\n<td valign=\"bottom\" nowrap=\"nowrap\" width=\"295\">Luiz Antonio Teixeira<\/td>\n<td valign=\"bottom\" nowrap=\"nowrap\" width=\"123\">CODAGE<\/td>\n<td valign=\"bottom\" nowrap=\"nowrap\" width=\"187\">1996 &#8211; 2013<\/td>\n<\/tr>\n<tr>\n<td valign=\"bottom\" nowrap=\"nowrap\" width=\"295\">Luiz Carlos Correa Santana<\/td>\n<td valign=\"bottom\" nowrap=\"nowrap\" width=\"123\">CODAGE<\/td>\n<td valign=\"bottom\" nowrap=\"nowrap\" width=\"187\">1996 &#8211; 2014<\/td>\n<\/tr>\n<tr>\n<td valign=\"bottom\" nowrap=\"nowrap\" width=\"295\">Luis Carlos Moreira Gomes<\/td>\n<td valign=\"bottom\" nowrap=\"nowrap\" width=\"123\">CODAGE<\/td>\n<td valign=\"bottom\" nowrap=\"nowrap\" width=\"187\">2010 &#8211;<\/td>\n<\/tr>\n<tr>\n<td valign=\"bottom\" nowrap=\"nowrap\" width=\"295\">Luiz Carlos Pinto Costa<\/td>\n<td valign=\"bottom\" nowrap=\"nowrap\" width=\"123\">PCO<\/td>\n<td valign=\"bottom\" nowrap=\"nowrap\" width=\"187\">1998 &#8211; 1999<\/td>\n<\/tr>\n<tr>\n<td valign=\"bottom\" nowrap=\"nowrap\" width=\"295\">M\u00e1rcia Walqu\u00edria Batista dos Santos<\/td>\n<td valign=\"bottom\" nowrap=\"nowrap\" width=\"123\">CJ<\/td>\n<td valign=\"bottom\" nowrap=\"nowrap\" width=\"187\">1999 &#8211; 2009<\/td>\n<\/tr>\n<tr>\n<td valign=\"bottom\" nowrap=\"nowrap\" width=\"295\">Marco C\u00e9sar Donate Pr\u00f3spero<\/td>\n<td valign=\"bottom\" nowrap=\"nowrap\" width=\"123\">FFCLRP<\/td>\n<td valign=\"bottom\" nowrap=\"nowrap\" width=\"187\">1998 &#8211; 2007<\/td>\n<\/tr>\n<tr>\n<td valign=\"bottom\" nowrap=\"nowrap\" width=\"295\">Maria Lourdes de Oliveira Domingos<\/td>\n<td valign=\"bottom\" nowrap=\"nowrap\" width=\"123\">FE<\/td>\n<td valign=\"bottom\" nowrap=\"nowrap\" width=\"187\">1996 &#8211; 1998<\/td>\n<\/tr>\n<tr>\n<td valign=\"bottom\" nowrap=\"nowrap\" width=\"295\">Maria Paula Dallari Bucci<\/td>\n<td valign=\"bottom\" nowrap=\"nowrap\" width=\"123\">CJ<\/td>\n<td valign=\"bottom\" nowrap=\"nowrap\" width=\"187\">1998 &#8211; 2002<\/td>\n<\/tr>\n<tr>\n<td valign=\"bottom\" nowrap=\"nowrap\" width=\"295\">Marilena Pires<\/td>\n<td valign=\"bottom\" nowrap=\"nowrap\" width=\"123\">PRCEU<\/td>\n<td valign=\"bottom\" nowrap=\"nowrap\" width=\"187\">1998 &#8211; 2002<\/td>\n<\/tr>\n<tr>\n<td valign=\"bottom\" nowrap=\"nowrap\" width=\"295\">Marta Maria de Castro<\/td>\n<td valign=\"bottom\" nowrap=\"nowrap\" width=\"123\">CCS<\/td>\n<td valign=\"bottom\" nowrap=\"nowrap\" width=\"187\">2002 &#8211; 2017<\/td>\n<\/tr>\n<tr>\n<td valign=\"bottom\" nowrap=\"nowrap\" width=\"295\">Paulo Lucas Dantas Filho<\/td>\n<td valign=\"bottom\" nowrap=\"nowrap\" width=\"123\">IME<\/td>\n<td valign=\"bottom\" nowrap=\"nowrap\" width=\"187\">2004 &#8211;<\/td>\n<\/tr>\n<tr>\n<td valign=\"bottom\" nowrap=\"nowrap\" width=\"295\">Paulo Nakati<\/td>\n<td valign=\"bottom\" nowrap=\"nowrap\" width=\"123\">IF<\/td>\n<td valign=\"bottom\" nowrap=\"nowrap\" width=\"187\">1999 &#8211; 2005<\/td>\n<\/tr>\n<tr>\n<td valign=\"bottom\" nowrap=\"nowrap\" width=\"295\">Peter Greiner Junior<\/td>\n<td valign=\"bottom\" nowrap=\"nowrap\" width=\"123\">CODAGE<\/td>\n<td valign=\"bottom\" nowrap=\"nowrap\" width=\"187\">1996 &#8211;<\/td>\n<\/tr>\n<tr>\n<td valign=\"bottom\" nowrap=\"nowrap\" width=\"295\">Regina C\u00e9lia da Rocha Bezerra<\/td>\n<td valign=\"bottom\" nowrap=\"nowrap\" width=\"123\">FMRP<\/td>\n<td valign=\"bottom\" nowrap=\"nowrap\" width=\"187\">2010<\/td>\n<\/tr>\n<tr>\n<td valign=\"bottom\" nowrap=\"nowrap\" width=\"295\">Ricardo Francisco Wichsler<\/td>\n<td valign=\"bottom\" nowrap=\"nowrap\" width=\"123\">FSP<\/td>\n<td valign=\"bottom\" nowrap=\"nowrap\" width=\"187\">1996 &#8211; 1998<\/td>\n<\/tr>\n<tr>\n<td valign=\"bottom\" nowrap=\"nowrap\" width=\"295\">Rita de Toledo Artigas Rezemini<\/td>\n<td valign=\"bottom\" nowrap=\"nowrap\" width=\"123\">ICB<\/td>\n<td valign=\"bottom\" nowrap=\"nowrap\" width=\"187\">1996 &#8211; 1998<\/td>\n<\/tr>\n<tr>\n<td valign=\"bottom\" nowrap=\"nowrap\" width=\"295\">Ros\u00e2ngela Goulart de Oliveira<\/td>\n<td valign=\"bottom\" nowrap=\"nowrap\" width=\"123\">FEA<\/td>\n<td valign=\"bottom\" nowrap=\"nowrap\" width=\"187\">1998 &#8211; 1999<\/td>\n<\/tr>\n<tr>\n<td valign=\"bottom\" nowrap=\"nowrap\" width=\"295\">Rui Celso Guimar\u00e3es<\/td>\n<td valign=\"bottom\" nowrap=\"nowrap\" width=\"123\">CCSC<\/td>\n<td valign=\"bottom\" nowrap=\"nowrap\" width=\"187\">1998 &#8211; 2014<\/td>\n<\/tr>\n<tr>\n<td valign=\"bottom\" nowrap=\"nowrap\" width=\"295\">Salete S\u00e3o Bernardo Aversano<\/td>\n<td valign=\"bottom\" nowrap=\"nowrap\" width=\"123\">HRAC<\/td>\n<td valign=\"bottom\" nowrap=\"nowrap\" width=\"187\">2004 &#8211; 2006<\/td>\n<\/tr>\n<tr>\n<td valign=\"bottom\" nowrap=\"nowrap\" width=\"295\">Samir Tanios Hamzo<\/td>\n<td valign=\"bottom\" nowrap=\"nowrap\" width=\"123\">IF<\/td>\n<td valign=\"bottom\" nowrap=\"nowrap\" width=\"187\">1996 &#8211; 1998<\/td>\n<\/tr>\n<tr>\n<td valign=\"bottom\" nowrap=\"nowrap\" width=\"295\">Sandra Cristina Campos<\/td>\n<td valign=\"bottom\" nowrap=\"nowrap\" width=\"123\">CODAGE<\/td>\n<td valign=\"bottom\" nowrap=\"nowrap\" width=\"187\">1999 &#8211; 2009<\/td>\n<\/tr>\n<tr>\n<td valign=\"bottom\" nowrap=\"nowrap\" width=\"295\">Silvia Am\u00e1lia Canova Cardoso<\/td>\n<td valign=\"bottom\" nowrap=\"nowrap\" width=\"123\">HRAC<\/td>\n<td valign=\"bottom\" nowrap=\"nowrap\" width=\"187\">2004 &#8211; 2014<\/td>\n<\/tr>\n<tr>\n<td valign=\"bottom\" nowrap=\"nowrap\" width=\"295\">Silvia Assun\u00e7\u00e3o Mathias Gon\u00e7alves<\/td>\n<td valign=\"bottom\" nowrap=\"nowrap\" width=\"123\">CCPs<\/td>\n<td valign=\"bottom\" nowrap=\"nowrap\" width=\"187\">2007 &#8211;<\/td>\n<\/tr>\n<tr>\n<td valign=\"bottom\" nowrap=\"nowrap\" width=\"295\">S\u00edlvia Maria de Carvalho Silva<\/td>\n<td valign=\"bottom\" nowrap=\"nowrap\" width=\"123\">CODAGE<\/td>\n<td valign=\"bottom\" nowrap=\"nowrap\" width=\"187\">2009 &#8211;<\/td>\n<\/tr>\n<tr>\n<td valign=\"bottom\" nowrap=\"nowrap\" width=\"295\">Vanda Salete Dias do Couto<\/td>\n<td valign=\"bottom\" nowrap=\"nowrap\" width=\"123\">CODAGE<\/td>\n<td valign=\"bottom\" nowrap=\"nowrap\" width=\"187\">1998 &#8211; 2002<\/td>\n<\/tr>\n<tr>\n<td valign=\"bottom\" nowrap=\"nowrap\" width=\"295\">Vera Marli Caro<\/td>\n<td valign=\"bottom\" nowrap=\"nowrap\" width=\"123\">PCLQ<\/td>\n<td valign=\"bottom\" nowrap=\"nowrap\" width=\"187\">1998 &#8211; 2015<\/td>\n<\/tr>\n<tr>\n<td valign=\"bottom\" nowrap=\"nowrap\" width=\"295\">Zelma Batista Borges<\/td>\n<td valign=\"bottom\" nowrap=\"nowrap\" width=\"123\">FOB<\/td>\n<td valign=\"bottom\" nowrap=\"nowrap\" width=\"187\">2007 &#8211;<\/td>\n<\/tr>\n<\/tbody>\n<\/table>\n","protected":false},"excerpt":{"rendered":"<p>NOME UNIDADE EXERC\u00cdCIO Agnaldo Veneroso FZEA 1998 &#8211; 2004 Ana Maria Cruz de Moraes CJ 1996 &#8211; 1998 C\u00e2ndida Luiza Speranza CODAGE 1999 &#8211; 2009 Carlos Alberto Crippa CCS 1996 &#8211; 2002 Douglas de Oliveira Tavano FOB 1998 &#8211; 2002 F\u00e1bio Ribeiro EP 1998 &#8211; 2016 Geraldo Martins Filho FCFRP 2009 &#8211; Gustavo Ferreira Canilha [&hellip;]<\/p>\n","protected":false},"author":70,"featured_media":0,"parent":62,"menu_order":0,"comment_status":"closed","ping_status":"closed","template":"","meta":{"footnotes":"","_links_to":"","_links_to_target":""},"class_list":["post-232","page","type-page","status-publish","hentry"],"_links":{"self":[{"href":"https:\/\/sites.usp.br\/gefim\/wp-json\/wp\/v2\/pages\/232","targetHints":{"allow":["GET"]}}],"collection":[{"href":"https:\/\/sites.usp.br\/gefim\/wp-json\/wp\/v2\/pages"}],"about":[{"href":"https:\/\/sites.usp.br\/gefim\/wp-json\/wp\/v2\/types\/page"}],"author":[{"embeddable":true,"href":"https:\/\/sites.usp.br\/gefim\/wp-json\/wp\/v2\/users\/70"}],"replies":[{"embeddable":true,"href":"https:\/\/sites.usp.br\/gefim\/wp-json\/wp\/v2\/comments?post=232"}],"version-history":[{"count":6,"href":"https:\/\/sites.usp.br\/gefim\/wp-json\/wp\/v2\/pages\/232\/revisions"}],"predecessor-version":[{"id":472,"href":"https:\/\/sites.usp.br\/gefim\/wp-json\/wp\/v2\/pages\/232\/revisions\/472"}],"up":[{"embeddable":true,"href":"https:\/\/sites.usp.br\/gefim\/wp-json\/wp\/v2\/pages\/62"}],"wp:attachment":[{"href":"https:\/\/sites.usp.br\/gefim\/wp-json\/wp\/v2\/media?parent=232"}],"curies":[{"name":"wp","href":"https:\/\/api.w.org\/{rel}","templated":true}]}}