{"id":312,"date":"2014-12-09T14:00:56","date_gmt":"2014-12-09T16:00:56","guid":{"rendered":"http:\/\/sites.usp.br\/gefim\/?page_id=312"},"modified":"2014-12-09T14:03:23","modified_gmt":"2014-12-09T16:03:23","slug":"312-2","status":"publish","type":"page","link":"https:\/\/sites.usp.br\/gefim\/pagina-inicial\/312-2\/","title":{"rendered":"5\u00ba Encontro"},"content":{"rendered":"<p><a href=\"http:\/\/sites.usp.br\/gefim\/wp-content\/uploads\/sites\/42\/2014\/11\/Slide5.jpg\"><img loading=\"lazy\" decoding=\"async\" class=\"alignleft size-medium wp-image-197\" alt=\"Slide5\" src=\"http:\/\/sites.usp.br\/gefim\/wp-content\/uploads\/sites\/42\/2014\/11\/Slide5-187x300.jpg\" width=\"187\" height=\"300\" srcset=\"https:\/\/sites.usp.br\/gefim\/wp-content\/uploads\/sites\/42\/2014\/11\/Slide5-187x300.jpg 187w, https:\/\/sites.usp.br\/gefim\/wp-content\/uploads\/sites\/42\/2014\/11\/Slide5-639x1024.jpg 639w, https:\/\/sites.usp.br\/gefim\/wp-content\/uploads\/sites\/42\/2014\/11\/Slide5-374x600.jpg 374w, https:\/\/sites.usp.br\/gefim\/wp-content\/uploads\/sites\/42\/2014\/11\/Slide5.jpg 1194w\" sizes=\"auto, (max-width: 187px) 100vw, 187px\" \/><\/a>O\u00a0<b>5\u00b0 Encontro GEFIM \u2013 \u201cAgente de Mudan\u00e7as: Atitude &amp; Compromisso\u201d<\/b>\u00a0realizou-se em julho e agosto de 2005, ainda no campus Administrativo de Pirassununga, contando com a participa\u00e7\u00e3o de 760 servidores, dentre eles, 35 convidados da UNICAMP. O principal objetivo desse encontro foi o de sensibilizar o servidor da \u00e1rea de finan\u00e7as e materiais sobre a import\u00e2ncia de seu papel como agente de mudan\u00e7as.<\/p>\n<p>O encontro iniciou-se com a apresenta\u00e7\u00e3o do andamento dos 11 projetos iniciados no encontro anterior, real\u00e7ando as ferramentas utilizadas e os resultados alcan\u00e7ados.<\/p>\n<p>A seguir foi apresentada uma palestra sobre \u201cGest\u00e3o de Mudan\u00e7as\u201d durante a qual foram apresentadas as principais t\u00e9cnicas de como enfrentar uma realidade na qual as mudan\u00e7as ocorrem cada vez mais rapidamente e de forma mais intensa e profunda. Durante a palestra foram apresentadas as principais mudan\u00e7as em curso e previstas para os pr\u00f3ximos dois anos na administra\u00e7\u00e3o da USP.<\/p>\n<p>Durante o evento, os participantes vivenciaram situa\u00e7\u00f5es que exigiam adapta\u00e7\u00e3o frente a mudan\u00e7as, sendo poss\u00edvel uma analogia com seu contexto de trabalho.<\/p>\n","protected":false},"excerpt":{"rendered":"<p>O\u00a05\u00b0 Encontro GEFIM \u2013 \u201cAgente de Mudan\u00e7as: Atitude &amp; Compromisso\u201d\u00a0realizou-se em julho e agosto de 2005, ainda no campus Administrativo de Pirassununga, contando com a participa\u00e7\u00e3o de 760 servidores, dentre eles, 35 convidados da UNICAMP. O principal objetivo desse encontro foi o de sensibilizar o servidor da \u00e1rea de finan\u00e7as e materiais sobre a import\u00e2ncia [&hellip;]<\/p>\n","protected":false},"author":70,"featured_media":0,"parent":79,"menu_order":0,"comment_status":"closed","ping_status":"closed","template":"","meta":{"footnotes":"","_links_to":"","_links_to_target":""},"class_list":["post-312","page","type-page","status-publish","hentry"],"_links":{"self":[{"href":"https:\/\/sites.usp.br\/gefim\/wp-json\/wp\/v2\/pages\/312","targetHints":{"allow":["GET"]}}],"collection":[{"href":"https:\/\/sites.usp.br\/gefim\/wp-json\/wp\/v2\/pages"}],"about":[{"href":"https:\/\/sites.usp.br\/gefim\/wp-json\/wp\/v2\/types\/page"}],"author":[{"embeddable":true,"href":"https:\/\/sites.usp.br\/gefim\/wp-json\/wp\/v2\/users\/70"}],"replies":[{"embeddable":true,"href":"https:\/\/sites.usp.br\/gefim\/wp-json\/wp\/v2\/comments?post=312"}],"version-history":[{"count":2,"href":"https:\/\/sites.usp.br\/gefim\/wp-json\/wp\/v2\/pages\/312\/revisions"}],"predecessor-version":[{"id":315,"href":"https:\/\/sites.usp.br\/gefim\/wp-json\/wp\/v2\/pages\/312\/revisions\/315"}],"up":[{"embeddable":true,"href":"https:\/\/sites.usp.br\/gefim\/wp-json\/wp\/v2\/pages\/79"}],"wp:attachment":[{"href":"https:\/\/sites.usp.br\/gefim\/wp-json\/wp\/v2\/media?parent=312"}],"curies":[{"name":"wp","href":"https:\/\/api.w.org\/{rel}","templated":true}]}}