{"id":332,"date":"2014-12-09T15:19:43","date_gmt":"2014-12-09T17:19:43","guid":{"rendered":"http:\/\/sites.usp.br\/gefim\/?page_id=332"},"modified":"2015-03-26T17:18:01","modified_gmt":"2015-03-26T19:18:01","slug":"realizacoes","status":"publish","type":"page","link":"https:\/\/sites.usp.br\/gefim\/realizacoes\/","title":{"rendered":"Realiza\u00e7\u00f5es"},"content":{"rendered":"<p>No decorrer dos dezenove anos de exist\u00eancia, al\u00e9m dos encontros, a Comiss\u00e3o GEFIM vem desenvolvendo atividades que contribuem com o aperfei\u00e7oamento do trabalho realizado pelas \u00e1reas de finan\u00e7as e de materiais. Entre as mais significativas, podem-se citar:<\/p>\n<p>Cria\u00e7\u00e3o de um grupo de trabalho sobre Conv\u00eanios, que desenvolveu o Projeto Armaz\u00e9m Alfandeg\u00e1rio, al\u00e9m de colaborar para o desenvolvimento do Subsistema Conv\u00eanios no Sistema Merc\u00fario\u00a0(1\u00ba semestre de 1997);<\/p>\n<p>Semin\u00e1rio Licita\u00e7\u00f5es e Contratos Administrativos (junho de 1998);<\/p>\n<p>Curso de Sindic\u00e2ncia e Processos Administrativos (outubro de 1998);<\/p>\n<p>Elabora\u00e7\u00e3o da Portaria GR 3142\/98, que\u00a0estabelece normas para a concess\u00e3o de adiantamento de fundos, das respectivas presta\u00e7\u00f5es de contas e d\u00e1 outras provid\u00eancias (dezembro de 1998);<\/p>\n<p>Elabora\u00e7\u00e3o do Roteiro de Gest\u00e3o de Finan\u00e7as e Materiais da USP (1999 \u2013\u00a0<a href=\"http:\/\/www.usp.br\/gefim\" target=\"_blank\">www.usp.br\/gefim<\/a>);<\/p>\n<p>Cria\u00e7\u00e3o de uma Subcomiss\u00e3o para an\u00e1lise dos processos para fins de Cadastro de Fornecedores (mar\u00e7o de1999);<\/p>\n<p>Semin\u00e1rio sobre a OS 203 do INSS (maio de 1999);<\/p>\n<p>Elabora\u00e7\u00e3o da Portaria GR 3161\/99, que regulamenta a aplica\u00e7\u00e3o das multas previstas nos artigos 86 e 87 da Lei 8.666\/93, atualizada pela Lei 8.883\/94, os contratos de compras, servi\u00e7os e obras, firmados com a Universidade (maio de 1999);<\/p>\n<p>Parceria com a Consultoria Jur\u00eddica da Universidade, no que se refere \u00e0 elabora\u00e7\u00e3o da Resolu\u00e7\u00e3o\u00a04715, que\u00a0disciplina os conv\u00eanios e os contratos de presta\u00e7\u00e3o de servi\u00e7os em que a Universidade de S\u00e3o Paulo figura como contratada, regulamentando a tramita\u00e7\u00e3o interna e a contrata\u00e7\u00e3o de pessoal com verba de conv\u00eanio (outubro de 1999);<\/p>\n<p>I F\u00f3rum Trabalhista e Previdenci\u00e1rio (novembro de 1999);<\/p>\n<p>Cria\u00e7\u00e3o da Subcomiss\u00e3o de Legisla\u00e7\u00e3o informatizada (LEGINF), para o desenvolvimento do site \u201cNormas \u2013 USP\u201d (agosto de 2000 \u2013\u00a0<a href=\"http:\/\/www.usp.br\/normas\" target=\"_blank\">www.usp.br\/normas<\/a>);<\/p>\n<p>Curso de An\u00e1lise de Documenta\u00e7\u00e3o Fiscal (dez. de 2000 a jan. de 2001);<\/p>\n<p>Cria\u00e7\u00e3o da Subcomiss\u00e3o Patrim\u00f4nio, visando-se a padroniza\u00e7\u00e3o dos procedimentos em todas as Unidades da USP, al\u00e9m da desburocratiza\u00e7\u00e3o operacional na destina\u00e7\u00e3o dos bens inserv\u00edveis e \u00e0 disposi\u00e7\u00e3o para doa\u00e7\u00e3o (setembro de 2001);<\/p>\n<p>Elabora\u00e7\u00e3o da Portaria GR 3320\/02, que institui o ressarcimento de despesas com ve\u00edculos de servidores quando a servi\u00e7o da Universidade (janeiro de 2002);<\/p>\n<p>Contribui\u00e7\u00e3o no desenvolvimento do I Encontro de Integra\u00e7\u00e3o Gerencial da USP (julho de 2002)<\/p>\n<p>USP e TCE \u2013 I Evento sobre Quest\u00f5es de Auditoria (outubro de 2002);<\/p>\n<p>Elabora\u00e7\u00e3o da Portaria GR 3324\/02, que\u00a0disp\u00f5e sobre as condi\u00e7\u00f5es de pagamento nas compras e contratos referentes \u00e0 aquisi\u00e7\u00e3o de materiais ou \u00e0 presta\u00e7\u00e3o de servi\u00e7os\u00a0(fevereiro de 2002);<\/p>\n<p>USP e TCE \u2013 Quest\u00f5es sobre Processos de Execu\u00e7\u00e3o Or\u00e7ament\u00e1ria (abril de 2004);<\/p>\n<p>Manual de Patrim\u00f4nio, desenvolvido pela Subcomiss\u00e3o de Patrim\u00f4nio (publicado em novembro de 2004, atualizado em 2010);<\/p>\n<p>Elabora\u00e7\u00e3o da Portaria GR 4007\/08, que disp\u00f5e sobre as condi\u00e7\u00f5es de pagamento nas compras e contratos referentes \u00e0 aquisi\u00e7\u00e3o de materiais ou \u00e0 presta\u00e7\u00e3o de servi\u00e7os (julho de 2008);<\/p>\n<p>Elabora\u00e7\u00e3o da Portaria GR 4040\/08, que\u00a0estabelece normas para a concess\u00e3o de adiantamento de fundos, das respectivas presta\u00e7\u00f5es de contas e d\u00e1 outras provid\u00eancias (dezembro de 2008);<\/p>\n<p>F\u00f3rum: San\u00e7\u00f5es, Penalidades e Contratos na \u00e1rea administrativa (maio de 2010)<\/p>\n<p>F\u00f3rum: &#8220;Nota Fiscal Eletr\u00f4nica&#8221; (novembro de 2010)<\/p>\n<p>F\u00f3rum &#8220;Preg\u00e3o Eletr\u00f4nico na USP &#8211; Obrigatoriedade e Economicidade&#8221; (novembro de 2010)<\/p>\n<p>F\u00f3rum: &#8220;Administra\u00e7\u00e3o de Patrim\u00f4nio na Universidade de S\u00e3o Paulo&#8221; (abril de 2012)<\/p>\n<p>Curso: &#8220;Reten\u00e7\u00e3o de Tributos na Fonte&#8221; (v\u00e1rias turmas durante o ano de 2012)<\/p>\n<p>II F\u00f3rum: \u201cPreg\u00e3o Eletr\u00f4nico na USP-Bolsa Eletr\u00f4nica de Compras Utiliza\u00e7\u00e3o &amp; Funcionalidade\u201d \u00a0(dezembro de 2014)<\/p>\n<p>&nbsp;<\/p>\n","protected":false},"excerpt":{"rendered":"<p>No decorrer dos dezenove anos de exist\u00eancia, al\u00e9m dos encontros, a Comiss\u00e3o GEFIM vem desenvolvendo atividades que contribuem com o aperfei\u00e7oamento do trabalho realizado pelas \u00e1reas de finan\u00e7as e de materiais. Entre as mais significativas, podem-se citar: Cria\u00e7\u00e3o de um grupo de trabalho sobre Conv\u00eanios, que desenvolveu o Projeto Armaz\u00e9m Alfandeg\u00e1rio, al\u00e9m de colaborar para [&hellip;]<\/p>\n","protected":false},"author":70,"featured_media":0,"parent":0,"menu_order":4,"comment_status":"closed","ping_status":"closed","template":"","meta":{"footnotes":"","_links_to":"","_links_to_target":""},"class_list":["post-332","page","type-page","status-publish","hentry"],"_links":{"self":[{"href":"https:\/\/sites.usp.br\/gefim\/wp-json\/wp\/v2\/pages\/332","targetHints":{"allow":["GET"]}}],"collection":[{"href":"https:\/\/sites.usp.br\/gefim\/wp-json\/wp\/v2\/pages"}],"about":[{"href":"https:\/\/sites.usp.br\/gefim\/wp-json\/wp\/v2\/types\/page"}],"author":[{"embeddable":true,"href":"https:\/\/sites.usp.br\/gefim\/wp-json\/wp\/v2\/users\/70"}],"replies":[{"embeddable":true,"href":"https:\/\/sites.usp.br\/gefim\/wp-json\/wp\/v2\/comments?post=332"}],"version-history":[{"count":4,"href":"https:\/\/sites.usp.br\/gefim\/wp-json\/wp\/v2\/pages\/332\/revisions"}],"predecessor-version":[{"id":358,"href":"https:\/\/sites.usp.br\/gefim\/wp-json\/wp\/v2\/pages\/332\/revisions\/358"}],"wp:attachment":[{"href":"https:\/\/sites.usp.br\/gefim\/wp-json\/wp\/v2\/media?parent=332"}],"curies":[{"name":"wp","href":"https:\/\/api.w.org\/{rel}","templated":true}]}}