{"id":367,"date":"2015-04-09T10:34:11","date_gmt":"2015-04-09T12:34:11","guid":{"rendered":"http:\/\/sites.usp.br\/gefim\/?page_id=367"},"modified":"2022-10-26T15:26:39","modified_gmt":"2022-10-26T17:26:39","slug":"imprensa-publicacoes","status":"publish","type":"page","link":"https:\/\/sites.usp.br\/gefim\/historico\/imprensa-publicacoes\/","title":{"rendered":"Imprensa \/ Publica\u00e7\u00f5es"},"content":{"rendered":"<p><a href=\"https:\/\/jornal.usp.br\/ciencias\/campus-de-pirassununga-cedia-o-8%C2%BA-encontro-do-gefim\/\" target=\"_blank\" rel=\"noopener\">Campus de Pirassununga sedia o 8\u00ba Encontro Gefim<\/a><\/p>\n<p><a href=\"https:\/\/jornal.usp.br\/institucional\/press-release\/pesquisa-gefim-vai-norter-as-acoes-nas-areas-de-materiais-e-financas-da-usp\/\" target=\"_blank\" rel=\"noopener\">Pesquisa\u00a0Gefim<\/a><\/p>\n<p><a href=\"http:\/\/espaber.uspnet.usp.br\/espaber\/?materia=diaria-eletronica-traz-agilidade-as-rotinas-administrativas\" target=\"_blank\" rel=\"noopener\">Sistema de Di\u00e1rias Eletr\u00f4nicas<\/a><\/p>\n<p><a href=\"http:\/\/espaber.uspnet.usp.br\/espaber\/?materia=gestao-patrimonial-online\" target=\"_blank\" rel=\"noopener\">Gest\u00e3o Patrimonial na USP<\/a><\/p>\n<p><a href=\"http:\/\/espaber.uspnet.usp.br\/espaber\/?materia=eficiencia-na-gestao-de-financas-e-materiais-2\" target=\"_blank\" rel=\"noopener\">Efici\u00eancia na gest\u00e3o de finan\u00e7as e materiais\u00a0<\/a><\/p>\n","protected":false},"excerpt":{"rendered":"<p>Campus de Pirassununga sedia o 8\u00ba Encontro Gefim Pesquisa\u00a0Gefim Sistema de Di\u00e1rias Eletr\u00f4nicas Gest\u00e3o Patrimonial na USP Efici\u00eancia na gest\u00e3o de finan\u00e7as e materiais\u00a0<\/p>\n","protected":false},"author":70,"featured_media":0,"parent":91,"menu_order":1,"comment_status":"closed","ping_status":"closed","template":"","meta":{"footnotes":"","_links_to":"","_links_to_target":""},"class_list":["post-367","page","type-page","status-publish","hentry"],"_links":{"self":[{"href":"https:\/\/sites.usp.br\/gefim\/wp-json\/wp\/v2\/pages\/367","targetHints":{"allow":["GET"]}}],"collection":[{"href":"https:\/\/sites.usp.br\/gefim\/wp-json\/wp\/v2\/pages"}],"about":[{"href":"https:\/\/sites.usp.br\/gefim\/wp-json\/wp\/v2\/types\/page"}],"author":[{"embeddable":true,"href":"https:\/\/sites.usp.br\/gefim\/wp-json\/wp\/v2\/users\/70"}],"replies":[{"embeddable":true,"href":"https:\/\/sites.usp.br\/gefim\/wp-json\/wp\/v2\/comments?post=367"}],"version-history":[{"count":4,"href":"https:\/\/sites.usp.br\/gefim\/wp-json\/wp\/v2\/pages\/367\/revisions"}],"predecessor-version":[{"id":483,"href":"https:\/\/sites.usp.br\/gefim\/wp-json\/wp\/v2\/pages\/367\/revisions\/483"}],"up":[{"embeddable":true,"href":"https:\/\/sites.usp.br\/gefim\/wp-json\/wp\/v2\/pages\/91"}],"wp:attachment":[{"href":"https:\/\/sites.usp.br\/gefim\/wp-json\/wp\/v2\/media?parent=367"}],"curies":[{"name":"wp","href":"https:\/\/api.w.org\/{rel}","templated":true}]}}