{"id":379,"date":"2015-04-09T11:00:07","date_gmt":"2015-04-09T13:00:07","guid":{"rendered":"http:\/\/sites.usp.br\/gefim\/?page_id=379"},"modified":"2015-04-10T11:50:25","modified_gmt":"2015-04-10T13:50:25","slug":"licoes-aprendidas","status":"publish","type":"page","link":"https:\/\/sites.usp.br\/gefim\/historico\/licoes-aprendidas\/","title":{"rendered":"Li\u00e7\u00f5es aprendidas"},"content":{"rendered":"<p>Sabemos da import\u00e2ncia do envolvimento de todos os servidores num processo de mudan\u00e7as, e o trabalho realizado tem possibilitado ao servidor da \u00e1rea de finan\u00e7as e materiais perceber-se como parte do contexto da Universidade, compreendendo seu papel como agente de transforma\u00e7\u00f5es.<\/p>\n<p>A partir dessa iniciativa, tivemos a oportunidade de perceber que a troca de experi\u00eancias \u00e9 uma ferramenta valiosa, principalmente, quando se trabalha com diferentes n\u00edveis hier\u00e1rquicos.<\/p>\n<p>O Programa GEFIM iniciou com o objetivo de rever, otimizar e propor novos processos e procedimentos para as \u00e1reas de finan\u00e7as e materiais da USP. No decorrer do tempo transformou-se tamb\u00e9m (e principalmente) em uma atividade de gest\u00e3o de pessoas. A metodologia adotada foi a realiza\u00e7\u00e3o de grandes encontros bienais, intercalados por diversas atividades que compreenderam treinamentos, revis\u00e3o de processos, integra\u00e7\u00e3o de \u00e1reas e a realiza\u00e7\u00e3o de projetos espec\u00edficos. Os oito encontros realizados tiveram um grande foco nas ferramentas da qualidade voltadas para o desenvolvimento das pessoas.<\/p>\n<p>&nbsp;<\/p>\n","protected":false},"excerpt":{"rendered":"<p>Sabemos da import\u00e2ncia do envolvimento de todos os servidores num processo de mudan\u00e7as, e o trabalho realizado tem possibilitado ao servidor da \u00e1rea de finan\u00e7as e materiais perceber-se como parte do contexto da Universidade, compreendendo seu papel como agente de transforma\u00e7\u00f5es. A partir dessa iniciativa, tivemos a oportunidade de perceber que a troca de experi\u00eancias [&hellip;]<\/p>\n","protected":false},"author":70,"featured_media":0,"parent":91,"menu_order":0,"comment_status":"closed","ping_status":"closed","template":"","meta":{"footnotes":"","_links_to":"","_links_to_target":""},"class_list":["post-379","page","type-page","status-publish","hentry"],"_links":{"self":[{"href":"https:\/\/sites.usp.br\/gefim\/wp-json\/wp\/v2\/pages\/379","targetHints":{"allow":["GET"]}}],"collection":[{"href":"https:\/\/sites.usp.br\/gefim\/wp-json\/wp\/v2\/pages"}],"about":[{"href":"https:\/\/sites.usp.br\/gefim\/wp-json\/wp\/v2\/types\/page"}],"author":[{"embeddable":true,"href":"https:\/\/sites.usp.br\/gefim\/wp-json\/wp\/v2\/users\/70"}],"replies":[{"embeddable":true,"href":"https:\/\/sites.usp.br\/gefim\/wp-json\/wp\/v2\/comments?post=379"}],"version-history":[{"count":3,"href":"https:\/\/sites.usp.br\/gefim\/wp-json\/wp\/v2\/pages\/379\/revisions"}],"predecessor-version":[{"id":387,"href":"https:\/\/sites.usp.br\/gefim\/wp-json\/wp\/v2\/pages\/379\/revisions\/387"}],"up":[{"embeddable":true,"href":"https:\/\/sites.usp.br\/gefim\/wp-json\/wp\/v2\/pages\/91"}],"wp:attachment":[{"href":"https:\/\/sites.usp.br\/gefim\/wp-json\/wp\/v2\/media?parent=379"}],"curies":[{"name":"wp","href":"https:\/\/api.w.org\/{rel}","templated":true}]}}