{"id":62,"date":"2014-02-12T11:28:30","date_gmt":"2014-02-12T13:28:30","guid":{"rendered":"http:\/\/sites.usp.brgefim\/?page_id=62"},"modified":"2014-12-09T11:43:20","modified_gmt":"2014-12-09T13:43:20","slug":"comissao","status":"publish","type":"page","link":"https:\/\/sites.usp.br\/gefim\/comissao\/","title":{"rendered":"Comiss\u00e3o"},"content":{"rendered":"<p>Institu\u00edda em 1996, pela Portaria CODAGE n\u00ba 11\/96, a\u00a0<b>Comiss\u00e3o para Reestrutura\u00e7\u00e3o dos Sistemas de Gest\u00e3o Administrativa e Financeira (Comiss\u00e3o GEFIM)<\/b>, cuja miss\u00e3o primordial era \u201crever e otimizar os procedimentos em vigor nas \u00e1reas administrativas de or\u00e7amento, contabilidade, compras, almoxarifado e afins, com vistas a propor novas rotinas\u201d (Universidade de S\u00e3o Paulo, 1996).<\/p>\n<p>A distribui\u00e7\u00e3o geogr\u00e1fica da USP \u2013 cujos campi se situam nos munic\u00edpios de S\u00e3o Paulo, S\u00e3o Carlos, Ribeir\u00e3o Preto, Piracicaba, Pirassununga e Bauru, al\u00e9m de instala\u00e7\u00f5es menores nos munic\u00edpios de S\u00e3o Sebasti\u00e3o, Itu, Ubatuba, e Canan\u00e9ia \u2013 sempre representou um grande desafio \u00e0 eficiente gest\u00e3o dos recursos, dada a dificuldade de planejar em um ambiente sujeito a mudan\u00e7as constantes, caracter\u00edstico das Universidades de padr\u00e3o internacional.<\/p>\n<p>Al\u00e9m da distribui\u00e7\u00e3o geogr\u00e1fica,\u00a0a organiza\u00e7\u00e3o administrativa, \u00e9<b>\u00a0<\/b>bastante calcada em uma vis\u00e3o pol\u00edtica, na qual a Universidade pode ser comparada a uma federa\u00e7\u00e3o de unidades de ensino e pesquisa e institutos especializados, cada qual com suas idiossincrasias e necessidades espec\u00edficas.<\/p>\n","protected":false},"excerpt":{"rendered":"<p>Institu\u00edda em 1996, pela Portaria CODAGE n\u00ba 11\/96, a\u00a0Comiss\u00e3o para Reestrutura\u00e7\u00e3o dos Sistemas de Gest\u00e3o Administrativa e Financeira (Comiss\u00e3o GEFIM), cuja miss\u00e3o primordial era \u201crever e otimizar os procedimentos em vigor nas \u00e1reas administrativas de or\u00e7amento, contabilidade, compras, almoxarifado e afins, com vistas a propor novas rotinas\u201d (Universidade de S\u00e3o Paulo, 1996). A distribui\u00e7\u00e3o geogr\u00e1fica [&hellip;]<\/p>\n","protected":false},"author":1,"featured_media":0,"parent":0,"menu_order":6,"comment_status":"closed","ping_status":"closed","template":"","meta":{"footnotes":"","_links_to":"","_links_to_target":""},"class_list":["post-62","page","type-page","status-publish","hentry"],"_links":{"self":[{"href":"https:\/\/sites.usp.br\/gefim\/wp-json\/wp\/v2\/pages\/62","targetHints":{"allow":["GET"]}}],"collection":[{"href":"https:\/\/sites.usp.br\/gefim\/wp-json\/wp\/v2\/pages"}],"about":[{"href":"https:\/\/sites.usp.br\/gefim\/wp-json\/wp\/v2\/types\/page"}],"author":[{"embeddable":true,"href":"https:\/\/sites.usp.br\/gefim\/wp-json\/wp\/v2\/users\/1"}],"replies":[{"embeddable":true,"href":"https:\/\/sites.usp.br\/gefim\/wp-json\/wp\/v2\/comments?post=62"}],"version-history":[{"count":6,"href":"https:\/\/sites.usp.br\/gefim\/wp-json\/wp\/v2\/pages\/62\/revisions"}],"predecessor-version":[{"id":281,"href":"https:\/\/sites.usp.br\/gefim\/wp-json\/wp\/v2\/pages\/62\/revisions\/281"}],"wp:attachment":[{"href":"https:\/\/sites.usp.br\/gefim\/wp-json\/wp\/v2\/media?parent=62"}],"curies":[{"name":"wp","href":"https:\/\/api.w.org\/{rel}","templated":true}]}}