{"id":91,"date":"2014-10-17T16:34:00","date_gmt":"2014-10-17T18:34:00","guid":{"rendered":"http:\/\/sites.usp.br\/gefim\/?page_id=91"},"modified":"2015-04-09T11:49:34","modified_gmt":"2015-04-09T13:49:34","slug":"historico","status":"publish","type":"page","link":"https:\/\/sites.usp.br\/gefim\/historico\/","title":{"rendered":"Hist\u00f3rico"},"content":{"rendered":"<p align=\"center\"><b><i>Breve Hist\u00f3rico da Comiss\u00e3o GEFIM<\/i><\/b><b><\/b><\/p>\n<p>A partir da Portaria GR n\u00b0 2.985\/96, a Universidade de S\u00e3o Paulo\u00a0\u00a0(USP) instituiu a Comiss\u00e3o de Gest\u00e3o da Qualidade e Produtividade (Universidade de S\u00e3o Paulo, 1996), dando origem a trabalhos que fossem ao encontro do Programa Permanente de Qualidade e Produtividade do Servi\u00e7o P\u00fablico do Estado de S\u00e3o Paulo, cujo objetivo \u00e9 o de \u201cpropiciar o atendimento eficaz \u00e0s necessidades do cidad\u00e3o, por meio de um processo de melhoria cont\u00ednua e permanente dos servi\u00e7os prestados, aumentando-se a produtividade e diminuindo-se os custos\u201d (Brasil, 1995).<\/p>\n<p>Neste per\u00edodo, considerando fatores internos e externos \u00e0 Universidade, identificou-se a necessidade de uma mudan\u00e7a nos procedimentos na \u00e1rea de finan\u00e7as e de materiais da Universidade, a saber: o Decreto da Autonomia Universit\u00e1ria, que imp\u00f4s novos desafios ao planejamento e controle das despesas; o Programa BID, cuja execu\u00e7\u00e3o demandou diversas inova\u00e7\u00f5es em virtude de novos paradigmas de execu\u00e7\u00e3o or\u00e7ament\u00e1ria; a implanta\u00e7\u00e3o de sistemas informatizados, que requeriam mudan\u00e7as culturais e organizacionais profundas; as aposentadorias em grande escala de diversos servidores experientes, que impactaram profundamente no volume de trabalho da \u00e1rea; o comportamento da sociedade com a crescente cobran\u00e7a por resultados e transpar\u00eancia da administra\u00e7\u00e3o p\u00fablica.<\/p>\n","protected":false},"excerpt":{"rendered":"<p>Breve Hist\u00f3rico da Comiss\u00e3o GEFIM A partir da Portaria GR n\u00b0 2.985\/96, a Universidade de S\u00e3o Paulo\u00a0\u00a0(USP) instituiu a Comiss\u00e3o de Gest\u00e3o da Qualidade e Produtividade (Universidade de S\u00e3o Paulo, 1996), dando origem a trabalhos que fossem ao encontro do Programa Permanente de Qualidade e Produtividade do Servi\u00e7o P\u00fablico do Estado de S\u00e3o Paulo, cujo [&hellip;]<\/p>\n","protected":false},"author":1,"featured_media":0,"parent":0,"menu_order":6,"comment_status":"closed","ping_status":"closed","template":"","meta":{"footnotes":"","_links_to":"","_links_to_target":""},"class_list":["post-91","page","type-page","status-publish","hentry"],"_links":{"self":[{"href":"https:\/\/sites.usp.br\/gefim\/wp-json\/wp\/v2\/pages\/91","targetHints":{"allow":["GET"]}}],"collection":[{"href":"https:\/\/sites.usp.br\/gefim\/wp-json\/wp\/v2\/pages"}],"about":[{"href":"https:\/\/sites.usp.br\/gefim\/wp-json\/wp\/v2\/types\/page"}],"author":[{"embeddable":true,"href":"https:\/\/sites.usp.br\/gefim\/wp-json\/wp\/v2\/users\/1"}],"replies":[{"embeddable":true,"href":"https:\/\/sites.usp.br\/gefim\/wp-json\/wp\/v2\/comments?post=91"}],"version-history":[{"count":6,"href":"https:\/\/sites.usp.br\/gefim\/wp-json\/wp\/v2\/pages\/91\/revisions"}],"predecessor-version":[{"id":254,"href":"https:\/\/sites.usp.br\/gefim\/wp-json\/wp\/v2\/pages\/91\/revisions\/254"}],"wp:attachment":[{"href":"https:\/\/sites.usp.br\/gefim\/wp-json\/wp\/v2\/media?parent=91"}],"curies":[{"name":"wp","href":"https:\/\/api.w.org\/{rel}","templated":true}]}}