{"id":97,"date":"2014-10-17T16:41:06","date_gmt":"2014-10-17T18:41:06","guid":{"rendered":"http:\/\/sites.usp.br\/gefim\/?page_id=97"},"modified":"2015-03-26T11:58:08","modified_gmt":"2015-03-26T13:58:08","slug":"links","status":"publish","type":"page","link":"https:\/\/sites.usp.br\/gefim\/links\/","title":{"rendered":"Links"},"content":{"rendered":"<p><b><a href=\"http:\/\/www.usp.br\/\" target=\"_blank\">USP<\/a><\/b><\/p>\n<p><b><a href=\"http:\/\/www.usp.br\/leginf\" target=\"_blank\">Normas USP<\/a><\/b><\/p>\n<p><b style=\"line-height: 1.5\"><a href=\"http:\/\/www.usp.br\/codage\">CODAGE<\/a><\/b><\/p>\n<p><a href=\"http:\/\/www.usp.br\/df\" target=\"_blank\"><b>DF<\/b><\/a><\/p>\n<p><a href=\"http:\/\/www.usp.br\/da\" target=\"_blank\"><b>DA<\/b><\/a><\/p>\n<p><b><a href=\"http:\/\/www.pgusp.usp.br\/\" target=\"_blank\">PG<\/a><\/b><\/p>\n<p><b><a href=\"http:\/\/www.sistemas.usp.br\/\" target=\"_blank\">Sistemas USP<\/a><\/b><\/p>\n<p><b><a href=\"http:\/\/www.transparencia.usp.br\/\">Portal da Transpar\u00eancia USP<\/a><\/b><\/p>\n<p><b><a href=\"http:\/\/www.fazenda.sp.gov.br\/\" target=\"_blank\">Secretaria da Fazenda de S\u00e3o Paulo\u00a0<\/a><\/b><\/p>\n<p><b><a href=\"http:\/\/www.receita.fazenda.gov.br\/\" target=\"_blank\">Receita Federal<\/a><\/b><\/p>\n<p><b><a href=\"http:\/\/www.imprensaoficial.com.br\/\" target=\"_blank\">Di\u00e1rio Oficial do Estado<\/a><\/b><\/p>\n<p><b><a href=\"http:\/\/portal.in.gov.br\/in\" target=\"_blank\">Di\u00e1rio Oficial da Uni\u00e3o<\/a><\/b><\/p>\n","protected":false},"excerpt":{"rendered":"<p>USP Normas USP CODAGE DF DA PG Sistemas USP Portal da Transpar\u00eancia USP Secretaria da Fazenda de S\u00e3o Paulo\u00a0 Receita Federal Di\u00e1rio Oficial do Estado Di\u00e1rio Oficial da Uni\u00e3o<\/p>\n","protected":false},"author":1,"featured_media":0,"parent":0,"menu_order":6,"comment_status":"closed","ping_status":"closed","template":"","meta":{"footnotes":"","_links_to":"","_links_to_target":""},"class_list":["post-97","page","type-page","status-publish","hentry"],"_links":{"self":[{"href":"https:\/\/sites.usp.br\/gefim\/wp-json\/wp\/v2\/pages\/97","targetHints":{"allow":["GET"]}}],"collection":[{"href":"https:\/\/sites.usp.br\/gefim\/wp-json\/wp\/v2\/pages"}],"about":[{"href":"https:\/\/sites.usp.br\/gefim\/wp-json\/wp\/v2\/types\/page"}],"author":[{"embeddable":true,"href":"https:\/\/sites.usp.br\/gefim\/wp-json\/wp\/v2\/users\/1"}],"replies":[{"embeddable":true,"href":"https:\/\/sites.usp.br\/gefim\/wp-json\/wp\/v2\/comments?post=97"}],"version-history":[{"count":5,"href":"https:\/\/sites.usp.br\/gefim\/wp-json\/wp\/v2\/pages\/97\/revisions"}],"predecessor-version":[{"id":343,"href":"https:\/\/sites.usp.br\/gefim\/wp-json\/wp\/v2\/pages\/97\/revisions\/343"}],"wp:attachment":[{"href":"https:\/\/sites.usp.br\/gefim\/wp-json\/wp\/v2\/media?parent=97"}],"curies":[{"name":"wp","href":"https:\/\/api.w.org\/{rel}","templated":true}]}}