{"id":143,"date":"2019-11-22T18:20:58","date_gmt":"2019-11-22T20:20:58","guid":{"rendered":"https:\/\/sites.usp.br\/gelidis\/?page_id=143"},"modified":"2019-12-10T16:15:53","modified_gmt":"2019-12-10T18:15:53","slug":"home","status":"publish","type":"page","link":"https:\/\/sites.usp.br\/gelidis\/","title":{"rendered":"In\u00edcio"},"content":{"rendered":"<p class=\"font_5\" style=\"text-align: left;\"><span class=\"color_14\">O <strong>Grupo de Pesquisa Linguagens e Discursos nos Meios de Comunica\u00e7\u00e3o (GELiDis)<\/strong> \u00e9 liderado pela Professora Dra. Maria Cristina Palma Mungioli, da ECA|USP. Tem como objetivos estudar formatos, g\u00eaneros e temas de produtos de fic\u00e7\u00e3o &#8211; telenovelas, s\u00e9ries, miniss\u00e9ries, telefilmes &#8211; em diversos suportes e dispositivos, bem como analisar a constru\u00e7\u00e3o verbo-visual da narrativa e do roteiro televisivo, considerando que tanto formatos quanto g\u00eaneros e temas devem ser analisados com base em um quadro complexo de interpreta\u00e7\u00e3o do texto televisivo estabelecido a partir de sua materialidade (hist\u00f3rica, social, composicional e tecnol\u00f3gica).<\/span><\/p>\n<p>Tamb\u00e9m entra no escopo do grupo o estudo da produ\u00e7\u00e3o de sentido na constru\u00e7\u00e3o de identidades geracionais, de g\u00eanero e de classe social, bem como da cultura popular nos meios de comunica\u00e7\u00e3o. Trata-se de analisar a produ\u00e7\u00e3o ficcional de televis\u00e3o a partir de sua complexidade narrativa e social situando-a nos contextos nacional e internacional marcados pela globaliza\u00e7\u00e3o e pela hibrida\u00e7\u00e3o formatos e g\u00eaneros.<\/p>\n<p>O instrumental te\u00f3rico-metodol\u00f3gico do grupo engloba aspectos como os estudos de linguagem e est\u00e9tica de Bakhtin, na An\u00e1lise do Discurso (AD) e nos estudos de televis\u00e3o a partir dos Estudos Culturais e dos estudos de Mart\u00edn-Barbero.<\/p>\n<p>O grupo \u00e9 certificado pelo pelo Programa de P\u00f3s-gradua\u00e7\u00e3o em Ci\u00eancias da Comunica\u00e7\u00e3o da Universidade de S\u00e3o Paulo (ECA|USP) e pelo Conselho Nacional de Desenvolvimento Cient\u00edfico e Tecnol\u00f3gico (CNPq).<\/p>\n<p>Link da p\u00e1gina do GELiDis no Diret\u00f3rio dos Grupos de Pesquisa no Brasil da plataforma Lattes: <a href=\"http:\/\/dgp.cnpq.br\/dgp\/espelhogrupo\/237881#linhaPesquisa\">http:\/\/dgp.cnpq.br\/dgp\/espelhogrupo\/237881#linhaPesquisa<\/a>.<\/p>\n<div id=\"attachment_217\" style=\"width: 590px\" class=\"wp-caption alignnone\"><a href=\"https:\/\/sites.usp.br\/gelidis\/wp-content\/uploads\/sites\/650\/2019\/11\/Captura-de-Tela-2019-11-27-a\u0300s-10.35.14.png\"><img loading=\"lazy\" decoding=\"async\" aria-describedby=\"caption-attachment-217\" class=\"wp-image-217\" src=\"https:\/\/sites.usp.br\/gelidis\/wp-content\/uploads\/sites\/650\/2019\/11\/Captura-de-Tela-2019-11-27-a\u0300s-10.35.14-300x196.png\" alt=\"\" width=\"580\" height=\"379\" srcset=\"https:\/\/sites.usp.br\/gelidis\/wp-content\/uploads\/sites\/650\/2019\/11\/Captura-de-Tela-2019-11-27-a\u0300s-10.35.14-300x196.png 300w, https:\/\/sites.usp.br\/gelidis\/wp-content\/uploads\/sites\/650\/2019\/11\/Captura-de-Tela-2019-11-27-a\u0300s-10.35.14-1024x668.png 1024w, https:\/\/sites.usp.br\/gelidis\/wp-content\/uploads\/sites\/650\/2019\/11\/Captura-de-Tela-2019-11-27-a\u0300s-10.35.14-768x501.png 768w, https:\/\/sites.usp.br\/gelidis\/wp-content\/uploads\/sites\/650\/2019\/11\/Captura-de-Tela-2019-11-27-a\u0300s-10.35.14-1536x1002.png 1536w, https:\/\/sites.usp.br\/gelidis\/wp-content\/uploads\/sites\/650\/2019\/11\/Captura-de-Tela-2019-11-27-a\u0300s-10.35.14-2048x1336.png 2048w, https:\/\/sites.usp.br\/gelidis\/wp-content\/uploads\/sites\/650\/2019\/11\/Captura-de-Tela-2019-11-27-a\u0300s-10.35.14-400x261.png 400w\" sizes=\"auto, (max-width: 580px) 100vw, 580px\" \/><\/a><p id=\"caption-attachment-217\" class=\"wp-caption-text\">Foto: Mariana Chama.<\/p><\/div>\n","protected":false},"excerpt":{"rendered":"<p>O Grupo de Pesquisa Linguagens e Discursos nos Meios de Comunica\u00e7\u00e3o (GELiDis) \u00e9 liderado pela Professora Dra. Maria Cristina Palma Mungioli, da ECA|USP. Tem como objetivos estudar formatos, g\u00eaneros e temas de produtos de fic\u00e7\u00e3o &#8211; telenovelas, s\u00e9ries, miniss\u00e9ries, telefilmes &#8211; em diversos suportes e dispositivos, bem como analisar a constru\u00e7\u00e3o verbo-visual da narrativa e [&hellip;]<\/p>\n","protected":false},"author":1236,"featured_media":0,"parent":0,"menu_order":0,"comment_status":"closed","ping_status":"closed","template":"","meta":{"footnotes":"","_links_to":"","_links_to_target":""},"class_list":["post-143","page","type-page","status-publish","hentry"],"_links":{"self":[{"href":"https:\/\/sites.usp.br\/gelidis\/wp-json\/wp\/v2\/pages\/143","targetHints":{"allow":["GET"]}}],"collection":[{"href":"https:\/\/sites.usp.br\/gelidis\/wp-json\/wp\/v2\/pages"}],"about":[{"href":"https:\/\/sites.usp.br\/gelidis\/wp-json\/wp\/v2\/types\/page"}],"author":[{"embeddable":true,"href":"https:\/\/sites.usp.br\/gelidis\/wp-json\/wp\/v2\/users\/1236"}],"replies":[{"embeddable":true,"href":"https:\/\/sites.usp.br\/gelidis\/wp-json\/wp\/v2\/comments?post=143"}],"version-history":[{"count":5,"href":"https:\/\/sites.usp.br\/gelidis\/wp-json\/wp\/v2\/pages\/143\/revisions"}],"predecessor-version":[{"id":300,"href":"https:\/\/sites.usp.br\/gelidis\/wp-json\/wp\/v2\/pages\/143\/revisions\/300"}],"wp:attachment":[{"href":"https:\/\/sites.usp.br\/gelidis\/wp-json\/wp\/v2\/media?parent=143"}],"curies":[{"name":"wp","href":"https:\/\/api.w.org\/{rel}","templated":true}]}}