{"id":147,"date":"2019-11-22T18:21:21","date_gmt":"2019-11-22T20:21:21","guid":{"rendered":"https:\/\/sites.usp.br\/gelidis\/?page_id=147"},"modified":"2020-03-02T11:46:34","modified_gmt":"2020-03-02T13:46:34","slug":"publicacoes","status":"publish","type":"page","link":"https:\/\/sites.usp.br\/gelidis\/publicacoes\/","title":{"rendered":"Publica\u00e7\u00f5es"},"content":{"rendered":"<h4><a href=\"https:\/\/sites.usp.br\/gelidis\/publicacoes\/teses-e-dissertacoes\/\">Teses e Disserta\u00e7\u00f5es<\/a><\/h4>\n<h4><a href=\"https:\/\/sites.usp.br\/gelidis\/publicacoes\/artigos\/\">Artigos<\/a><\/h4>\n<h4><a href=\"https:\/\/sites.usp.br\/gelidis\/publicacoes\/livros\/\">Livros e cap\u00edtulos<\/a><\/h4>\n","protected":false},"excerpt":{"rendered":"<p>Teses e Disserta\u00e7\u00f5es Artigos Livros e cap\u00edtulos<\/p>\n","protected":false},"author":1236,"featured_media":0,"parent":0,"menu_order":2,"comment_status":"closed","ping_status":"closed","template":"","meta":{"footnotes":"","_links_to":"","_links_to_target":""},"class_list":["post-147","page","type-page","status-publish","hentry"],"_links":{"self":[{"href":"https:\/\/sites.usp.br\/gelidis\/wp-json\/wp\/v2\/pages\/147","targetHints":{"allow":["GET"]}}],"collection":[{"href":"https:\/\/sites.usp.br\/gelidis\/wp-json\/wp\/v2\/pages"}],"about":[{"href":"https:\/\/sites.usp.br\/gelidis\/wp-json\/wp\/v2\/types\/page"}],"author":[{"embeddable":true,"href":"https:\/\/sites.usp.br\/gelidis\/wp-json\/wp\/v2\/users\/1236"}],"replies":[{"embeddable":true,"href":"https:\/\/sites.usp.br\/gelidis\/wp-json\/wp\/v2\/comments?post=147"}],"version-history":[{"count":4,"href":"https:\/\/sites.usp.br\/gelidis\/wp-json\/wp\/v2\/pages\/147\/revisions"}],"predecessor-version":[{"id":304,"href":"https:\/\/sites.usp.br\/gelidis\/wp-json\/wp\/v2\/pages\/147\/revisions\/304"}],"wp:attachment":[{"href":"https:\/\/sites.usp.br\/gelidis\/wp-json\/wp\/v2\/media?parent=147"}],"curies":[{"name":"wp","href":"https:\/\/api.w.org\/{rel}","templated":true}]}}