{"id":151,"date":"2019-11-25T15:49:15","date_gmt":"2019-11-25T17:49:15","guid":{"rendered":"https:\/\/sites.usp.br\/gelidis\/?page_id=151"},"modified":"2024-01-31T18:37:16","modified_gmt":"2024-01-31T20:37:16","slug":"artigos","status":"publish","type":"page","link":"https:\/\/sites.usp.br\/gelidis\/publicacoes\/artigos\/","title":{"rendered":"Artigos"},"content":{"rendered":"<h3>2023<\/h3>\n<pre><a href=\"https:\/\/interin.utp.br\/index.php\/i\/article\/view\/2984\"><strong>A produ\u00e7\u00e3o original da Netflix de 2013 a 2020 - nacionalidades dos t\u00edtulos e tend\u00eancias.<\/strong><\/a><a>\r\nTomaz Penner\r\n<strong>Revista: INTERIN <\/strong><\/a><\/pre>\n<pre><a href=\"https:\/\/www.periodicos.ufpb.br\/ojs2\/index.php\/tematica\/article\/view\/65504\"><strong>Feminismo interseccional em Coisa Mais Linda: an\u00e1lise de uma protagonista da s\u00e9rie.<\/strong><\/a><a>\r\nClaudinei Lopes Junior\r\n<strong>Revista: Tem\u00e1tica <\/strong><\/a><\/pre>\n<pre><a href=\"https:\/\/portalrevistas.ucb.br\/index.php\/esf\/article\/view\/14384\"><strong>Identidades LGBTQIAP+ em Coisa Mais Linda sob a perspectiva dos Estudos Culturais.<\/strong><\/a><a>\r\nClaudinei Lopes Junior\r\nTomaz Affonso Penner\r\n<strong>Revista: Esferas <\/strong><\/a><\/pre>\n<pre><a href=\"https:\/\/www.revistadelcesla.com\/index.php\/revistadelcesla\/article\/view\/773\"><strong>Latin American Prototypes of Prostitutes and Wives in the Miniseries \u201cAmorteamo\u201d: Reinforced Continuities and Rupture Attempts.<\/strong><\/a><a>\r\nAnderson Lopes da Silva\r\n<strong>Revista: Revista del CESLA: International Latin American Studies Review <\/strong><\/a><\/pre>\n<pre><a href=\"https:\/\/www.e-compos.org.br\/e-compos\/article\/view\/2726\"><strong>Representatividade no Audiovisual.<\/strong><\/a><a>\r\nClarice Greco\r\nTomaz Affonso Penner\r\n<strong>Revista: eComp\u00f3s <\/strong><\/a><\/pre>\n<h3>2022<\/h3>\n<pre><a href=\"https:\/\/www.revistarazonypalabra.org\/index.php\/ryp\/article\/view\/191\"><strong>Approach Agust\u00edn Zarzosa e o melodrama audiovisual: entre \"afetos capturados, sofrimentos el\u00e1sticos e objetos vic\u00e1rios\"<\/strong><\/a><a>\r\nAnderson Lopes da Silva\r\n<strong>Revista: Raz\u00f3n y Palabra <\/strong><\/a><\/pre>\n<pre><a href=\"https:\/\/revistas.pucsp.br\/index.php\/bakhtiniana\/article\/view\/57769\/40744\"><strong>Body and transgression in Bakhtin and Bataille: a debate of excesses<\/strong><\/a><a>\r\nAnderson Lopes da Silva\r\n<strong>Revista: Bakhtiniana - Revista de Estudos do Discurso<\/strong><\/a><\/pre>\n<pre><a href=\" https:\/\/www.revistas.usp.br\/matrizes\/article\/view\/180119\/181968\"><strong>Melodrama, Excess, and Media Narratives: A Systematization Based on the Intellectual Kinship<\/strong><\/a><a>\r\nAnderson Lopes da Silva\r\n<strong>Revista: MATRIZes<\/strong><\/a><\/pre>\n<pre><a href=\"https:\/\/proxy.furb.br\/ojs\/index.php\/linguagens\/article\/view\/10353\"><strong>'Somos as SuperDrags e viemos dar... o close certo!': uma an\u00e1lise dos enunciados discursivos LGBTQIA+ na anima\u00e7\u00e3o seriada Super Drags<\/strong><\/a><a>\r\nCarolina Fernandes da Silva Mandaji\r\nClaudinei Lopes Junior\r\n<strong>Revista: Linguagens - Revista de Letras, Artes e Comunica\u00e7\u00e3o (FURB) <\/strong><\/a><\/pre>\n<pre><a href=\"https:\/\/doi.org\/10.53450\/2179-1465.RG.2022v13i1p203-224.\"><strong>UMA CATEGORIA ANAL\u00cdTICA PARA O ESTUDO DE RECEP\u00c7\u00c3O DA S\u00c9RIE GAME OF THRONES<\/strong><\/a><a>\r\nLizbeth Kanyat\r\n<strong>Revista: GeMinis <\/strong><\/a><\/pre>\n<h3>2021<\/h3>\n<pre><a href=\"https:\/\/periodicos.ufsm.br\/ccomunicacao\/article\/view\/63116\"><strong>A produ\u00e7\u00e3o de sentidos sobre os imigrantes refugiados s\u00edrios no Brasil na telenovela \u201c\u00d3rf\u00e3os da Terra\u201d<\/strong><\/a>\r\nAnna Carolina Veras\r\nDaniela Jakubaszko\r\nLet\u00edcia Gouveia\r\n<strong>Revista:  Cadernos de Comunica\u00e7\u00e3o<\/strong><\/pre>\n<pre><a href=\"https:\/\/www.revistageminis.ufscar.br\/index.php\/geminis\/article\/view\/551\"><strong>Ethos Discursivo da Marca Netflix no Youtube: interdiscurso e storytelling em estrat\u00e9gias de propaga\u00e7\u00e3o de conte\u00fados.<\/strong><\/a>\r\nMaria Cristina Palma Mungioli \r\nFl\u00e1via Suzue Ikeda\r\nTomaz Penner \r\n<strong>Revista: GEMInIS<\/strong><\/pre>\n<pre><a href=\"https:\/\/revistas.pucsp.br\/index.php\/galaxia\/article\/view\/46912\"><strong>Fic\u00e7\u00e3o televisiva interativa e o V-Effekt de Brecht.<\/strong><\/a>\r\nLigia Prezia Lemos\r\n<strong>Revista: Gal\u00e1xia<\/strong><\/pre>\n<pre><a href=\"https:\/\/revistas.ulima.edu.pe\/index.php\/contratexto\/article\/view\/4972\"><b>La telenovela brasile\u00f1a y Mija\u00edl Bajt\u00edn: extraposici\u00f3n, autor\u00eda y g\u00e9neros discursivos en an\u00e1lisis<\/b><\/a>\r\nAnderson Lopes da Silva\r\n<b>Revista: Contratexto - Revista de la Facultad de Comunicaci\u00f3n<\/b><\/pre>\n<pre><a href=\"https:\/\/periodicos.ufac.br\/index.php\/tropos\/article\/view\/4979\"><b>Uma televis\u00e3o que se transborda: perspectivas te\u00f3ricas e comp\u00f3sitas do excesso<\/b><\/a>\r\nAnderson Lopes da Silva\r\n<b>Revista: Tropos - Comunica\u00e7\u00e3o, Sociedade e Cultura<\/b><\/pre>\n<pre><strong><a href=\"http:\/\/www.asaeca.org\/imagofagia\/index.php\/imagofagia\/article\/view\/2116\">A sentimentaliza\u00e7\u00e3o dos zumbis na fic\u00e7\u00e3o seriada \u2013 ou \u201csobre amores p\u00fatridos e rigor mortis\u201d<\/a><\/strong>\r\nAnderson Lopes\r\n<strong>Revista Imagofagia - Revista de la Asociaci\u00f3n Argentina de Estudios de Cine y Audiovisual<\/strong>\r\n<\/pre>\n<h3>2020<\/h3>\n<pre><a href=\"https:\/\/www.officinadellastoria.eu\/it\/2020\/06\/29\/a-corporeidade-em-superdrags-uma-analise-da-representacao-do-corpo-na-serie\/\"><strong>A corporeidade em Super Drags: uma an\u00e1lise da representa\u00e7\u00e3o do corpo na s\u00e9rie.<\/strong><\/a>\r\nClaudinei Lopes Junior\r\n<strong>Revista: Officina della Storia<\/strong><\/pre>\n<pre><a href=\"https:\/\/acervodigital.sme.prefeitura.sp.gov.br\/wp-content\/uploads\/2021\/07\/Rev_Magist_10_EDUCOM-web.pdf\"><strong>Educomunica\u00e7\u00e3o na Educa\u00e7\u00e3o Infantil na Rede Municipal de Ensino de S\u00e3o Paulo.<\/strong><\/a>\r\nMichele Marques Pereira\r\n<strong>Revista: Magist\u00e9rio<\/strong><\/pre>\n<pre><a href=\"http:\/\/revistas.unisinos.br\/index.php\/fronteiras\/article\/view\/fem.2020.221.10\"><strong>Formas do cronotopo do realismo fant\u00e1stico nas telenovelas de Dias Gomes e suas zonas de contato com o presente hist\u00f3rico brasileiro. <\/strong><\/a>\r\nDaniela Jakubaszko\r\nJoyce Simplicia Moraes\r\nLucas Lunguinho Soares\r\n<strong>Revista: Revista Fronteiras \u2013 estudos midi\u00e1ticos<\/strong><\/pre>\n<pre><a href=\"https:\/\/www.revistas.usp.br\/Rumores\/article\/view\/174396\"><strong>Complexidade narrativa na s\u00e9rie Homens? Estudo baseado em t\u00e9cnicas de decupagem e categoriza\u00e7\u00e3o.<\/strong><\/a>\r\nLigia Prezia Lemos\r\n<strong>Revista: Rumores<\/strong><\/pre>\n<pre><a href=\"http:\/\/www.revistas.usp.br\/Rumores\/article\/view\/174440\/168138\"><b>Queer as a Zombie: metaforiza\u00e7\u00f5es da homofobia na fic\u00e7\u00e3o televisiva<\/b><\/a>\r\nAutoria: Anderson Lopes\r\n<strong>Revista RuMoRes<\/strong><\/pre>\n<pre><a href=\"https:\/\/proa.ua.pt\/index.php\/jdmi\/article\/view\/21270\"><strong><b>\"Are you still watching?\" Technicity, Temporality, and Excess in Streaming Consumption<\/b><\/strong><\/a>\r\nAnderson Lopes\r\n<strong>Journal of Digital Media and Interaction\r\n<\/strong><\/pre>\n<pre class=\"page_title\"><a href=\"http:\/\/worldofmedia.ru\/volumes\/2020\/2020_Issue_3\/World%20of%20Media_4-2020-56-78.pdf\"><b>Theoretical interrelationships between television studies and excess in media discourse<\/b><\/a>\r\nAnderson Lopes\r\n<strong>World of Media - Journal of Russian Media and Journalism Studies<\/strong><\/pre>\n<pre><a href=\"https:\/\/revistaecopos.eco.ufrj.br\/eco_pos\/article\/view\/27525\"><b>\"Amorteamo\", locus horribilis e a tropicaliza\u00e7\u00e3o do g\u00f3tico na TV brasileira<\/b><\/a>\r\nAnderson Lopes\r\n<strong>Revista Eco-P\u00f3s<\/strong><\/pre>\n<pre><a href=\"https:\/\/periodicos.ufpb.br\/index.php\/tematica\/article\/view\/56666\"><b>Temporalidades excessivas: as pr\u00e1ticas de binge-watching, binge-searching e speed-watching no consumo de streaming<\/b><\/a>\r\nAnderson Lopes\r\n<strong>Revista Tem\u00e1tica<\/strong><\/pre>\n<pre><a href=\"http:\/\/www.revistas.usp.br\/matrizes\/article\/view\/160953\"><strong>T\u00edtulos originais e licenciados com exclusividade no cat\u00e1logo brasileiro da Netflix: um mapeamento dos pa\u00edses produtores<\/strong><\/a>\r\nTomaz Penner\r\nJoseph Straubhaar\r\n<strong>Revista Matrizes\r\n<\/strong><\/pre>\n<pre class=\"page_title\"><strong><a href=\"https:\/\/www.e-compos.org.br\/e-compos\/article\/view\/1862\">Carnavaliza\u00e7\u00e3o e grotesco na miniss\u00e9rie Amorteamo, uma an\u00e1lise das produ\u00e7\u00f5es de sentido<\/a><\/strong>\r\nAnderson Lopes da Silva\r\nMaria Cristina Palma Mungioli\r\n<strong>Revista E-Comp\u00f3s<\/strong>\r\n<\/pre>\n<h3>2019<\/h3>\n<pre><a href=\"https:\/\/www.alaic.org\/revista\/index.php\/alaic\/article\/view\/1517\"><strong>Fic\u00e7\u00e3o Televisiva e Narrativa Transm\u00eddia: Continuidades e Transforma\u00e7\u00f5es <\/strong><\/a>\r\nMaria Cristina Palma Mungioli\r\nGiuliana Cassano\r\nRosario S\u00e1nchez Vilela\r\n<strong>Revista ALAIC<\/strong><\/pre>\n<pre><a href=\"http:\/\/revista.pubalaic.org\/index.php\/alaic\/article\/view\/1552\"><strong>Fic\u00e7\u00e3o televisiva em plataformas de video-on-demand: reconfigura\u00e7\u00f5es do cen\u00e1rio audiovisual brasileiro - e suas implica\u00e7\u00f5es nos estudos de m\u00eddia.<\/strong><\/a>\r\nLigia Prezia Lemos\r\n<strong>Revista Latinoamericana de Ciencias de la Comunicaci\u00f3n<\/strong><\/pre>\n<pre><a href=\"https:\/\/casperlibero.edu.br\/wp-content\/uploads\/2019\/12\/expansoes-e-propagacoes-de-conteudos-transmidia.pdf\"><strong>Expans\u00f5es e propaga\u00e7\u00f5es de conte\u00fados transm\u00eddia: um estudo das webs\u00e9ries do Gshow<\/strong> <\/a>\r\nMaria Cristina Palma Mungioli \r\nLuiza Lusvarghi \r\nTomaz Penner \r\n<strong>Revista Communicare<\/strong><\/pre>\n<pre><strong><a href=\"https:\/\/www.alaic.org\/revista\/index.php\/alaic\/article\/view\/1543\">Panorama das Pesquisas do GI Fic\u00e7\u00e3o Televisiva e Narrativa Transm\u00eddia da ALAIC<\/a><\/strong>\r\nHelen Suzuki\r\nAnderson Lopes\r\nFlavia Suzue Ikeda\r\n<strong>Revista ALAIC<\/strong><\/pre>\n<pre><strong><a href=\"http:\/\/www.portcom.intercom.org.br\/revistas\/index.php\/iniciacom\/article\/view\/3018\/0\">A import\u00e2ncia do espa\u00e7o para a produ\u00e7\u00e3o de sentidos na fic\u00e7\u00e3o televisiva: as bases cenogr\u00e1ficas do prefeito de <em>Asa Branca<\/em> na telenovela Roque Santeiro de Dias Gomes<\/a><\/strong>\r\nDaniela Jakubaszko\r\nJoyce Moraes\r\n<strong>Revista Iniciacom<\/strong><\/pre>\n<pre><strong><a href=\"http:\/\/www.periodicoseletronicos.ufma.br\/index.php\/cambiassu\/issue\/view\/588\/showToc\">Os ind\u00edgenas na telenovela Velho Chico<\/a><\/strong>\r\nDaniela Jakubaszko\r\nMariana Moro\r\n<strong>Revista: Cambiassu, S\u00e3o Lu\u00eds\/MAm<\/strong><\/pre>\n<pre><strong><a href=\"https:\/\/revistes.uab.cat\/brumal\/article\/view\/v7-n2-lopes-da-silva\">The Cemetery as a Space of Production of Meaning in the Fantastic miniseries Amorteamo (2015)<\/a><\/strong>\r\nAnderson Lopes\r\n<strong>Revista de Investigaci\u00f3n sobre lo Fant\u00e1stico<\/strong><\/pre>\n<pre><strong><a href=\"https:\/\/rebeca.socine.org.br\/1\/article\/view\/547\">Branquitude em cena: olhares em torno do filme Pra\u00e7a Paris<\/a><\/strong>\r\nPaola Prandini\r\n<strong>Revista Rebeca<\/strong><\/pre>\n<pre><a href=\"http:\/\/www.criticaeducativa.ufscar.br\/index.php\/criticaeducativa\/article\/view\/436\"><strong>Conex\u00e3o \u00c1frica do Sul e Brasil: afetos, di\u00e1logos e identidades em pauta em pr\u00e1ticas educomunicativas transformadoras<\/strong><\/a>\r\nPaola Prandini\r\nHonislaine Aparecida Rubik\r\n<strong>Revista Cr\u00edtica Educativa<\/strong><\/pre>\n<pre><strong><a href=\"http:\/\/periodicos.pucminas.br\/index.php\/dispositiva\/article\/view\/20944\">A Linguagem como mediac\u0327\u00e3o: uma ana\u0301lise de discurso da expressa\u0303o midia\u0301tica \"telenovela bi\u0301blica\"<\/a><\/strong>\r\nLizbeth Kanyat\r\n<strong>Revista Dispositiva<\/strong><\/pre>\n<p>&nbsp;<\/p>\n<h3>2018<\/h3>\n<pre><a href=\"http:\/\/www.revistageminis.ufscar.br\/index.php\/geminis\/article\/view\/413\"><strong>Estrat\u00e9gias de streaming de s\u00e9ries brasileiras na plataforma Globoplay no per\u00edodo de 2016 a 2018<\/strong><\/a> \r\nMaria Cristina Palma Mungioli \r\nTomaz Penner \r\nFlavia Suzue Ikeda \r\n<strong>Revista GEMInIS<\/strong><\/pre>\n<pre><a href=\"http:\/\/revistaseletronicas.pucrs.br\/ojs\/index.php\/revistafamecos\/article\/view\/29029\/17213\"><strong>Imagens de g\u00eanero e envelhecimento feminino na s\u00e9rie televisiva brasileira <em>Os Experientes<\/em><\/strong><\/a> \r\nMaria Cristina Palma Mungioli \r\nSilvia Dantas \r\nRosana Mauro \r\n<strong>Revista FAMECOS <\/strong><\/pre>\n<pre><strong><a href=\"http:\/\/periodicos.uniso.br\/ojs\/index.php\/triade\/article\/view\/3093\">A Voz da web: construc\u0327o\u0303es ideolo\u0301gicas e representatividade em vlogs LGBT+ no Brasil<\/a><\/strong> \r\nTomaz Penner \r\n<strong>Revista Tr\u00edade: Comunica\u00e7\u00e3o, Cultura e M\u00eddia<\/strong><\/pre>\n<pre><a href=\"https:\/\/periodicos.ufsm.br\/animus\/article\/view\/25749\"><strong>O cabo e a rede: rela\u00e7\u00f5es entre a nova lei da TV paga e a produ\u00e7\u00e3o webs\u00e9ries brasileiras<\/strong><\/a> \r\nClarice Greco \r\nTomaz Penner \r\n<strong>Animus: Revista Interamericana de Comunica\u00e7\u00e3o Midi\u00e1tica<\/strong><\/pre>\n<pre><a href=\"http:\/\/revistaseletronicas.pucrs.br\/ojs\/index.php\/revistafamecos\/article\/view\/29029\"><strong>Image<\/strong><strong>ns de g\u00eanero e envelhecimento feminino na s\u00e9rie televisiva brasileira <em>Os Experientes<\/em><\/strong> <\/a>\r\nMaria Cristina Palma Mungioli \r\nSilvia Dantas \r\nRosana Mauro \r\n<strong>Revista FAMECOS <\/strong><\/pre>\n<pre><a href=\"https:\/\/seer.utp.br\/index.php\/i\/article\/view\/576\"><strong>Um novo espectro de masculinidades nas telenovelas do hor\u00e1rio nobre da Rede Globo: apontamentos para a observa\u00e7\u00e3o das representa\u00e7\u00f5es de g\u00eanero na fic\u00e7\u00e3o televisiva \u00e0 luz da Teoria<\/strong> <em>Queer<\/em><\/a>\r\nDaniela Jakubaszko\r\nJo\u00e3o Nemi\r\n<strong>Revista Interin<\/strong><\/pre>\n<pre><strong><a href=\"https:\/\/revistas.ufrj.br\/index.php\/eco_pos\/article\/view\/16176\">Cenas de Beto Rockfeller: mem\u00f3rias de 1968, o ano que mudou para sempre o g\u00eanero telenovela no Brasil<\/a><\/strong>\r\nDaniela Jakubaszko\r\n<strong>Revista ECO-P\u00f3s<\/strong><\/pre>\n<pre><a href=\"http:\/\/www.revistageminis.ufscar.br\/index.php\/geminis\/article\/view\/303\"><strong>A invisibilidade das mulheres idosas: a s\u00e9rie Grace and Frankie na Netflix<\/strong><\/a>\r\nS\u00edlvia Dantas\r\nLuiza Lusvarghi\r\n<strong>Revista GEMInIS<\/strong><\/pre>\n<pre><strong><a href=\"https:\/\/periodicos.ufpb.br\/index.php\/cm\/article\/view\/37821\/19181\">Gera\u00e7\u00f5es femininas em s\u00e9ries televisivas: pontos de contato entre \"Gilmore Girls\" e \"3 Teresas\"<\/a><\/strong>\r\nS\u00edlvia Dantas\r\n<strong>Revista Culturas Midi\u00e1ticas<\/strong><\/pre>\n<pre><strong><a href=\"http:\/\/www.revistageminis.ufscar.br\/index.php\/geminis\/article\/view\/309\">Tipologias da mulher popular em duas telenovelas de Jo\u00e3o Emanuel Carneiro<\/a><\/strong>\r\nRosana Mauto\r\n<strong>Revista GEMInIS<\/strong><\/pre>\n<pre><strong><a href=\"https:\/\/seer.utp.br\/index.php\/i\/article\/view\/748\">O dispositivo comunicacional nas m\u00eddias digitais: um estudo sobre p\u00e1ginas e grupos do Facebook<\/a><\/strong>\r\nRosana Mauro\r\nRoseli F\u00edgaro\r\n<strong>Revista Interin<\/strong><\/pre>\n<pre><strong><a href=\"https:\/\/www.revistas.ufg.br\/ci\/article\/view\/49914\">Isso foi compartilhado com sucesso: quest\u00f5es de consumo midi\u00e1tico dos jovens paulistanos no Facebook<\/a><\/strong>\r\nRosana Mauro\r\nEneus Trindade\r\nL\u00edvia Silva de Souza\r\nM. Cristina Dias Alves\r\nCinira Baader\r\n<strong>Revista Comunica\u00e7\u00e3o &amp; Informa\u00e7\u00e3o<\/strong><\/pre>\n<p>&nbsp;<\/p>\n<h3><strong>2017<\/strong><\/h3>\n<pre><strong><a href=\"https:\/\/seer.uscs.edu.br\/index.php\/revista_comunicacao_inovacao\/article\/view\/4838\">A fic\u00e7\u00e3o televisiva e o gal\u00e3 de novela em zona de fronteira entre o machismo e o feminismo: um estudo de caso do gal\u00e3 Jos\u00e9 Mayer\r\n<\/a><\/strong>Daniela Jakubaszko\r\nJo\u00e3o Nemi\r\n<strong>Revista Comunica\u00e7\u00e3o &amp; Inova\u00e7\u00e3o<\/strong><\/pre>\n<pre><a href=\"https:\/\/periodicos.ufjf.br\/index.php\/lumina\/article\/view\/21266\"><strong>\u201cShippers\u201d no Twitter: pr\u00e1ticas de f\u00e3s de fic\u00e7\u00e3o televisiva<\/strong><\/a> Fernanda Castilho \r\nTomaz Penner \r\n<strong>Revista Lumina<\/strong><\/pre>\n<pre><a href=\"http:\/\/www.revistageminis.ufscar.br\/index.php\/geminis\/article\/view\/282\"><strong>YouTube: conte\u00fados sob demanda e neg\u00f3cios na l\u00f3gica da gratuidade<\/strong><\/a> \r\nTomaz Penner \r\nMaria Cristina Palma Mungioli \r\n<strong>Revista GEMInIS<\/strong><\/pre>\n<pre><strong><a href=\"https:\/\/seer.utp.br\/index.php\/i\/article\/view\/562\">Telenovela e produ\u00e7\u00e3o de sentidos identit\u00e1rios no contexto de imigra\u00e7\u00e3o brasileira no Jap\u00e3o: recep\u00e7\u00e3o, discursos e formas de consumo<\/a><\/strong>\r\nMaria Cristina Palma Mungioli\r\nHelen Suzuki\r\n<strong>Revista Interin<\/strong><\/pre>\n<pre><strong><a href=\"http:\/\/www.revistas.usp.br\/novosolhares\/article\/view\/131139\">O envelhecimento na tela: o discurso da velhice ativa em programas de TV e document\u00e1rios<\/a><\/strong>\r\nS\u00edlvia Dantas\r\n<strong>Revista Novos Olhares<\/strong><\/pre>\n<pre><strong><a href=\"https:\/\/revistas.ufpr.br\/acaomidiatica\/article\/view\/49531\">Um espectador-pesquisador: Alberto Nahum Garc\u00eda Mart\u00ednez e o estudo acad\u00eamico sobre s\u00e9ries televisivas na Espanha<\/a><\/strong>\r\nAnderson Lopes\r\n<strong>Revista A\u00e7\u00e3o Midi\u00e1tica - Estudos em Comunica\u00e7\u00e3o, Sociedade e Cultura<\/strong><\/pre>\n<pre><strong><a href=\"http:\/\/revistas.unisinos.br\/index.php\/versoereverso\/article\/view\/ver.2017.31.77.04\">O modelo da \"mocinha\" em ascens\u00e3o social: proposta de an\u00e1lise semi\u00f3tica de personagens na telefic\u00e7\u00e3o<\/a><\/strong>\r\nRosana Mauro\r\n<strong>Revista Verso e Reverso<\/strong><\/pre>\n<p>&nbsp;<\/p>\n<h3><strong>2016<\/strong><\/h3>\n<pre><strong><a href=\"http:\/\/revistacmc.espm.br\/index.php\/revistacmc\/article\/view\/1095\">A constru\u00e7\u00e3o discursiva do gosto de classe na telenovela: enuncia\u00e7\u00e3o e midiatiza\u00e7\u00e3o do consumo de semijoias em Imp\u00e9rio<\/a><\/strong>\r\nMaria Cristina Palma Mungioli\r\nRosana Mauro\r\n<strong>Revista Comunica\u00e7\u00e3o, M\u00eddia e Consumo<\/strong><\/pre>\n<pre><a href=\"https:\/\/periodicos.ufjf.br\/index.php\/lumina\/article\/view\/21192\"><strong>Nuvem de tags como ferramenta de an\u00e1lise de conte\u00fado: uma experi\u00eancia com as cenas estendidas da telenovela Passione na internet<\/strong><\/a>\r\nLigia Prezia Lemos\r\n<strong>Revista: Lumina<\/strong><\/pre>\n<pre><a href=\"http:\/\/www.asaeca.org\/imagofagia\/index.php\/imagofagia\/article\/view\/1049\"><strong>Jos\u00e9 Mojica Marins e a hist\u00f3ria do cinema underground paulista: a s\u00e9rie Z\u00e9 do Caix\u00e3o na TV paga<\/strong><\/a>\r\nLigia Prezia Lemos\r\n<strong>Revista: Imagofagia<\/strong><\/pre>\n<pre><strong><a href=\"http:\/\/periodicos.uff.br\/contracampo\/article\/view\/17576\">'A Vida Escapa Pelos Dedos e Pelos Medos': O Discurso de Liberta\u00e7\u00e3o dos Pap\u00e9is Sociais Femininos na S\u00e9rie Televisiva 'Os Experientes'<\/a><\/strong>\r\nMaria Cristina Palma Mungioli\r\nSilvia Dantas\r\n<strong>Revista Contracampo<\/strong><\/pre>\n<pre><strong><a href=\"http:\/\/www.revistas.usp.br\/signosdoconsumo\/article\/view\/116046\">O consumo moderno como experi\u00eancia rom\u00e2ntica e est\u00e9tica, da imagina\u00e7\u00e3o \u00e0 imagem<\/a><\/strong>\r\nRosana Mauro\r\n<strong>Revista Signos do Consumo<\/strong><\/pre>\n<pre><strong><a href=\"https:\/\/online.unisc.br\/seer\/index.php\/rizoma\/article\/view\/6774\">Aspectos da midiatiza\u00e7\u00e3o de classe e consumo na telenovela: a representa\u00e7\u00e3o da mulher empreendedora de Parais\u00f3polis<\/a><\/strong>\r\nRosana Mauro\r\nL\u00cdvia Silva de Souza\r\n<strong>Revista Rizoma<\/strong><\/pre>\n<pre><strong><a href=\"http:\/\/www.revistas.usp.br\/Rumores\/article\/view\/112996\">Imagem e est\u00e9tica na constru\u00e7\u00e3o discursiva do popular: reflex\u00f5es sobre duas telenovelas de Jo\u00e3o Emanuel Carneiro<\/a><\/strong>\r\nRosana Mauro\r\n<strong>Revista Rumores<\/strong><\/pre>\n<pre><strong><a href=\"http:\/\/www.revistas.usp.br\/Rumores\/article\/view\/113186\">O di\u00e1logo entre est\u00e9tica e \u00e9tica na produ\u00e7\u00e3o de sentidos de educa\u00e7\u00e3o e cidadania na telenovela Meu Pedacinho de Ch\u00e3o<\/a><\/strong>\r\nMaria Cristina Palma Mungioli\r\nGustavo Amaral\r\n<strong>Revista Rumores<\/strong><\/pre>\n<pre><a href=\"https:\/\/doi.org\/10.11606\/issn.2238-7714.no.2016.112224\"><strong>Trabalho como Media\u00e7\u00e3o da Comunica\u00e7\u00e3o: Uma Reflex\u00e3o Te\u00f3rica sobre o Bin\u00f4mio Comunica\u00e7\u00e3o-Trabalho e os Estudos de Recep\u00e7\u00e3o.<\/strong><\/a><a>\r\nLizbeth Kanyat\r\n<strong>Revista: Novos Olhares <\/strong><\/a><\/pre>\n<h3><strong>2015<\/strong><\/h3>\n<pre><a href=\"https:\/\/www.revistas.usp.br\/comueduc\/article\/view\/90691\"><strong>A Educomunica\u00e7\u00e3o e o POIE: Poss\u00edveis aproxima\u00e7\u00f5es.<\/strong><\/a> \r\nMichele Marques Pereira\r\n<strong>Revista: Comunica\u00e7\u00e3o e Educa\u00e7\u00e3o<\/strong><\/pre>\n<pre><a href=\"https:\/\/periodicos.pucpr.br\/index.php\/estudosdecomunicacao\/article\/view\/22517\"><strong>O universo narrativo de Latitudes: primeiros apontamentos<\/strong><\/a> \r\nMaria Cristina Palma Mungioli \r\nTomaz Penner \r\n<strong>Revista de Estudos da Comunica\u00e7\u00e3o<\/strong><\/pre>\n<pre><strong><a href=\"http:\/\/www.revistas.usp.br\/Rumores\/article\/view\/97917\">Felicidade com vista para o mar: a constru\u00e7\u00e3o discursiva do relacionamento amoroso na s\u00e9rie 3 Teresas<\/a><\/strong>\r\nS\u00edlvia Dantas\r\n<strong>Revista Rumores<\/strong><\/pre>\n<pre><strong><a href=\"https:\/\/siaiap32.univali.br\/seer\/index.php\/vd\/article\/view\/7356\">As s\u00e9ries televisivas no contexto da fic\u00e7\u00e3o nacional: uma aproxima\u00e7\u00e3o<\/a><\/strong>\r\nS\u00edlvia Dantas\r\n<strong>Revista Vozes &amp; Di\u00e1logo<\/strong><\/pre>\n<h3><\/h3>\n<h3><strong>2014<\/strong><\/h3>\n<pre><strong><a href=\"http:\/\/www.revistageminis.ufscar.br\/index.php\/geminis\/article\/view\/207\">O Universo narrativo de Latitudes: a reassistibilidade como estrat\u00e9gia de transmidia\u00e7\u00e3o<\/a><\/strong> \r\nMaria Cristina Palma Mungioli \r\nTomaz Penner \r\n<strong>Revista GEMInIS<\/strong><\/pre>\n<pre><a href=\"http:\/\/www.ucs.br\/etc\/revistas\/index.php\/conexao\/article\/view\/2482\"><strong>A vida que \u201cfala\u201d em Harry Potter \u2013 Uma proposta de an\u00e1lise das rela\u00e7\u00f5es dial\u00f3gicas do discurso<\/strong><\/a>\r\nMaria Cristina Palma Mungiuoli\r\nMarco Polo Henriques\r\n<strong>Revista Conex\u00e3o - Comunica\u00e7\u00e3o e Cultura<\/strong><\/pre>\n<pre><strong><a href=\"http:\/\/www.revistas.usp.br\/comueduc\/article\/view\/81763\">Transm\u00eddia na telefic\u00e7\u00e3o brasileira: produtos e possibilidades<\/a><\/strong>\r\nS\u00edlvia Dantas\r\n<strong>Revista Comunica\u00e7\u00e3o &amp; Educa\u00e7\u00e3o<\/strong><\/pre>\n","protected":false},"excerpt":{"rendered":"<p>2023 A produ\u00e7\u00e3o original da Netflix de 2013 a 2020 &#8211; nacionalidades dos t\u00edtulos e tend\u00eancias. Tomaz Penner Revista: INTERIN Feminismo interseccional em Coisa Mais Linda: an\u00e1lise de uma protagonista da s\u00e9rie. Claudinei Lopes Junior Revista: Tem\u00e1tica Identidades LGBTQIAP+ em Coisa Mais Linda sob a perspectiva dos Estudos Culturais. Claudinei Lopes Junior Tomaz Affonso Penner [&hellip;]<\/p>\n","protected":false},"author":1236,"featured_media":0,"parent":147,"menu_order":1,"comment_status":"closed","ping_status":"closed","template":"","meta":{"footnotes":"","_links_to":"","_links_to_target":""},"class_list":["post-151","page","type-page","status-publish","hentry"],"_links":{"self":[{"href":"https:\/\/sites.usp.br\/gelidis\/wp-json\/wp\/v2\/pages\/151","targetHints":{"allow":["GET"]}}],"collection":[{"href":"https:\/\/sites.usp.br\/gelidis\/wp-json\/wp\/v2\/pages"}],"about":[{"href":"https:\/\/sites.usp.br\/gelidis\/wp-json\/wp\/v2\/types\/page"}],"author":[{"embeddable":true,"href":"https:\/\/sites.usp.br\/gelidis\/wp-json\/wp\/v2\/users\/1236"}],"replies":[{"embeddable":true,"href":"https:\/\/sites.usp.br\/gelidis\/wp-json\/wp\/v2\/comments?post=151"}],"version-history":[{"count":4,"href":"https:\/\/sites.usp.br\/gelidis\/wp-json\/wp\/v2\/pages\/151\/revisions"}],"predecessor-version":[{"id":495,"href":"https:\/\/sites.usp.br\/gelidis\/wp-json\/wp\/v2\/pages\/151\/revisions\/495"}],"up":[{"embeddable":true,"href":"https:\/\/sites.usp.br\/gelidis\/wp-json\/wp\/v2\/pages\/147"}],"wp:attachment":[{"href":"https:\/\/sites.usp.br\/gelidis\/wp-json\/wp\/v2\/media?parent=151"}],"curies":[{"name":"wp","href":"https:\/\/api.w.org\/{rel}","templated":true}]}}