{"id":157,"date":"2019-11-25T15:50:33","date_gmt":"2019-11-25T17:50:33","guid":{"rendered":"https:\/\/sites.usp.br\/gelidis\/?page_id=157"},"modified":"2024-01-31T17:22:49","modified_gmt":"2024-01-31T19:22:49","slug":"teses-e-dissertacoes","status":"publish","type":"page","link":"https:\/\/sites.usp.br\/gelidis\/publicacoes\/teses-e-dissertacoes\/","title":{"rendered":"Teses e Disserta\u00e7\u00f5es"},"content":{"rendered":"<h3 class=\"DocumentoTituloTexto\">Teses e Disserta\u00e7\u00f5es<\/h3>\n<pre><a href=\"https:\/\/www.teses.usp.br\/teses\/disponiveis\/27\/27164\/tde-01112023-160404\/pt-br.php\"><strong>Sob as luzes da interseccionalidade: um estudo sobre a produ\u00e7\u00e3o de sentido na constru\u00e7\u00e3o das representa\u00e7\u00f5es das protagonistas da s\u00e9rie Coisa Mais Linda.<\/strong> <\/a>(2023)\r\n<strong>Claudinei Lopes Junior\r\n<\/strong>Universidade de S\u00e3o Paulo - USP, S\u00e3o Paulo\r\nOrienta\u00e7\u00e3o: Maria Cristina Palma Mungioli<\/pre>\n<pre><a href=\"https:\/\/www.teses.usp.br\/teses\/disponiveis\/27\/27164\/tde-04102023-094635\/pt-br.php\"><strong>Bandeiras da Netflix: produ\u00e7\u00e3o global e representa\u00e7\u00f5es discursivas da diversidade LGBT+ nas s\u00e9ries brasileiras<\/strong> <\/a>(2022)\r\n<strong>Tomaz Affonso Penner\r\n<\/strong>Universidade de S\u00e3o Paulo - USP, S\u00e3o Paulo\r\nOrienta\u00e7\u00e3o: Maria Cristina Palma Mungioli<\/pre>\n<pre><a href=\"https:\/\/www.teses.usp.br\/teses\/disponiveis\/27\/27164\/tde-04102023-094635\/pt-br.php\"><strong>Conex\u00e3o Atl\u00e2ntica: branquitude, decolonialitude e educomunica\u00e7\u00e3o em discursos de docentes de Joanesburgo, de Maputo e de S\u00e3o Paulo<\/strong> <\/a>(2021)\r\n<strong>Paola Diniz Prandini\r\n<\/strong>Universidade de S\u00e3o Paulo - USP, S\u00e3o Paulo\r\nOrienta\u00e7\u00e3o: Maria Cristina Palma Mungioli<\/pre>\n<pre><a href=\" https:\/\/www.teses.usp.br\/teses\/disponiveis\/27\/27154\/tde-08062022-104245\/publico\/MicheleMarquesPereiracorrigida.pdf\"><strong>Fotografia e pr\u00e1ticas educomunicativas: Uma experi\u00eancia na rede municipal de educa\u00e7\u00e3o infantil de S\u00e3o Paulo<\/strong> <\/a>(2021)\r\n<strong>Michele Marques Pereira\r\n<\/strong>Universidade de S\u00e3o Paulo - USP, S\u00e3o Paulo\r\nOrienta\u00e7\u00e3o: Ismar de Oliveira Soares<\/pre>\n<pre><a href=\"https:\/\/www.teses.usp.br\/teses\/disponiveis\/27\/27164\/tde-26022021-221949\/en.php\"><strong>O Excesso como Simbiose entre Melodrama, Carnavaliza\u00e7\u00e3o e<\/strong>\r\n<strong>Fant\u00e1stico: An\u00e1lise das Produ\u00e7\u00f5es de Sentido na Miniss\u00e9rie \u201cAmorteamo\u201d <\/strong><\/a>(2020)\r\n<strong>Anderson Lopes da Silva\r\n<\/strong>Universidade de S\u00e3o Paulo - USP, S\u00e3o Paulo\r\nOrienta\u00e7\u00e3o: Maria Cristina Palma Mungioli<\/pre>\n<pre><strong><a href=\"https:\/\/teses.usp.br\/teses\/disponiveis\/27\/27152\/tde-11062019-170554\/pt-br.php\">A Constru\u00e7\u00e3o Teleficcional da Mulher Popular: Aspectos Discursivos da Midiatiza\u00e7\u00e3o de Classe e G\u00eanero em Jo\u00e3o Emanuel Carneiro<\/a><\/strong> (2019)\r\n<strong>Rosana Mauro<\/strong>\r\nUniversidade de S\u00e3o Paulo - USP, S\u00e3o Paulo\r\nOrienta\u00e7\u00e3o: Maria Cristina Palma Mungioli<\/pre>\n<pre><strong><a href=\"https:\/\/www.teses.usp.br\/teses\/disponiveis\/27\/27152\/tde-26072019-094725\/pt-br.php\">A telenovela brasileira na rela\u00e7\u00e3o intergeracional de imigrantes brasileiros no Jap\u00e3o: media\u00e7\u00e3o, discursos e produ\u00e7\u00e3o de sentido<\/a> <\/strong>(2019)\r\n<strong>Helen Suzuki<\/strong>\r\nUniversidade de S\u00e3o Paulo - USP, S\u00e3o Paulo\r\nOrienta\u00e7\u00e3o: Maria Cristina Palma Mungioli<\/pre>\n<pre><a href=\"https:\/\/comum.rcaap.pt\/handle\/10400.26\/34225\"><strong>\u00c9 mulher? \u00c9 homem? N\u00e3o! S\u00e3o as superdrags!: uma an\u00e1lise dos enunciados discursivos da s\u00e9rie<\/strong><\/a> (2019)\r\n<strong>Claudinei Lopes Junior<\/strong>\r\nInstituto Polit\u00e9cnico de Portalegre - IPP, Portalegre (Portugal) Orienta\u00e7\u00e3o: Adriana MelloGuimar\u00e3es.<\/pre>\n<pre><strong><a href=\"https:\/\/www.teses.usp.br\/teses\/disponiveis\/27\/27152\/tde-23072018-163040\/pt-br.php\">Gera\u00e7\u00f5es femininas em (re)constru\u00e7\u00e3o: o discurso da s\u00e9rie televisiva 3 Teresas<\/a> <\/strong>(2018) \r\n<strong>Silvia Dantas<\/strong> \r\nUniversidade de S\u00e3o Paulo - USP, S\u00e3o Paulo \r\nOrienta\u00e7\u00e3o: Maria Cristina Palma Mungioli<\/pre>\n<pre><strong><a href=\"https:\/\/teses.usp.br\/teses\/disponiveis\/27\/27152\/tde-31052017-104815\/pt-br.php\">O autor-roteirista e a fic\u00e7\u00e3o televisiva brasileira na era da transm\u00eddia<\/a><\/strong> (2017)\r\n<strong>Ligia Maria Prezia Lemos<\/strong>\r\nUniversidade de S\u00e3o Paulo - USP, S\u00e3o Paulo\r\nOrienta\u00e7\u00e3o: Maria Immacolata Vassalo de Lopes<\/pre>\n<pre><a href=\"https:\/\/teses.usp.br\/teses\/disponiveis\/27\/27152\/tde-21032017-111021\/pt-br.php\"><strong>O universo narrativo de Latitudes: um estudo de caso das estrat\u00e9gias de transmidia\u00e7\u00e3o em uma produ\u00e7\u00e3o ficcional brasileira <\/strong><\/a>(2016)\r\n<strong>Tomaz Penner<\/strong>\r\nUniversidade de S\u00e3o Paulo - USP, S\u00e3o Paulo\r\nOrienta\u00e7\u00e3o: Maria Cristina Palma Mungioli<\/pre>\n<pre><strong><a href=\"https:\/\/tede2.pucsp.br\/bitstream\/handle\/19140\/2\/Flavia%20Suzue%20de%20Mesquita%20Ikeda.pdf\">\"Classe C\" na TV: imagens de uma mitologia brasileira<\/a><\/strong> (2016)\r\n<strong>Flavia Suzue Ikeda<\/strong>\r\nPontif\u00edcia Universidade Cat\u00f3lica de S\u00e3o Paulo - PUC\/SP, S\u00e3o Paulo\r\nOrienta\u00e7\u00e3o: Oscar Angel Cesarotto<\/pre>\n<pre><strong><a href=\"https:\/\/www.teses.usp.br\/teses\/disponiveis\/27\/27152\/tde-24112015-164357\/pt-br.php\">A cor e o figurino na constru\u00e7\u00e3o de personagens na narrativa televisual: um estudo de caso da miniss\u00e9rie Capitu<\/a><\/strong> (2015)\r\n<strong>Rafaela Bernardazzi<\/strong>\r\nUniversidade de S\u00e3o Paulo - USP, S\u00e3o Paulo\r\nOrienta\u00e7\u00e3o: Maria Cristina Palma Mungioli<\/pre>\n<pre><strong><a href=\"https:\/\/repositorio.ufscar.br\/handle\/ufscar\/9841\">F\u00e3-ativismo na telenovela em fam\u00edlia<\/a><\/strong> (2015)\r\n<strong>Anal\u00fa Bernasconi Arab<\/strong>\r\nUniversidade de S\u00e3o Carlos - Ufscar\r\nOrienta\u00e7\u00e3o: Jo\u00e3o Carlos Massarolo<\/pre>\n<pre><strong><a href=\"https:\/\/teses.usp.br\/teses\/disponiveis\/27\/27152\/tde-27012015-152805\/pt-br.php\">A telenovela e a produ\u00e7\u00e3o de sentidos de identidade brasileira no discurso de imigrantes brasileiros no Jap\u00e3o<\/a><\/strong> (2014)\r\n<strong>Helen Suzuki<\/strong>\r\nUniversidade de S\u00e3o Paulo - USP, S\u00e3o Paulo\r\nOrienta\u00e7\u00e3o: Maria Cristina Palma Mungioli<\/pre>\n<pre><strong><a href=\"http:\/\/oasisbr.ibict.br\/vufind\/Record\/ESPM_f72fadd77079b17c355ed333cb84670f\">Recep\u00e7\u00e3o de telenovelas brasileiras no Equador: a constru\u00e7\u00e3o do brasileiro no imagin\u00e1rio popular<\/a><\/strong> (2014)\r\n<strong>Lizbeth Kanyat<\/strong> \r\nEscola Superior de Propaganda e Marketing - ESPM, S\u00e3o Paulo\r\nOrienta\u00e7\u00e3o: Maria Aparecida Baccega<\/pre>\n<pre><strong><a href=\"https:\/\/www.teses.usp.br\/teses\/disponiveis\/27\/27152\/tde-30012014-105233\/pt-br.php\">A cor na voz: linguagem e identidade negra em hist\u00f3rias de vida digitalizadas contadas por meio de pr\u00e1ticas educomunicativas<\/a><\/strong> (2013)\r\n<strong>Paola Prandini<\/strong>\r\nUniversidade de S\u00e3o Paulo - USP, S\u00e3o Paulo \r\nOrienta\u00e7\u00e3o: Maria Cristina Palma Mungioli<\/pre>\n<pre><strong><a href=\"https:\/\/teses.usp.br\/teses\/disponiveis\/27\/27152\/tde-04032013-112336\/pt-br.php\">Transmidia\u00e7\u00e3o, linguagem, discurso e experi\u00eancia de cria\u00e7\u00e3o de universo narrativo: o ex-pectador e as cenas estendidas do site da telenovela Passione<\/a> <\/strong>(2012) \r\n<strong>Ligia Prezia Lemos<\/strong> \r\nUniversidade de S\u00e3o Paulo - USP, S\u00e3o Paulo \r\nOrienta\u00e7\u00e3o: Maria Cristina Palma Mungioli<\/pre>\n<pre><strong><a href=\"http:\/\/bdtd.ibict.br\/vufind\/Record\/ESPM_041e037a078df846bdc9029c072c6811\">Comunica\u00e7\u00e3o, consumo e trabalho feminino: narrativas de consultoras no Projeto Mem\u00f3ria das Comunidades Natura<\/a><\/strong> (2012)\r\n<strong>Silvia Dantas<\/strong>\r\nEscola Superior de Propaganda e Marketing - ESPM, S\u00e3o Paulo\r\nOrienta\u00e7\u00e3o: Vander Casaqui<\/pre>\n<pre><strong><a href=\"https:\/\/www.teses.usp.br\/teses\/disponiveis\/27\/27154\/tde-08112010-115228\/pt-br.php\">A Constru\u00e7\u00e3o dos Sentidos da Masculinidade na Telenovela A Favorita: um di\u00e1logo entre as representa\u00e7\u00f5es da masculinidade na telenovela e as representa\u00e7\u00f5es das manifesta\u00e7\u00f5es discursivas do ambiente social brasileiro<\/a> <\/strong>(2010)\r\n<strong>Daniela Jakubaszko<\/strong> \r\nUniversidade de S\u00e3o Paulo - USP, S\u00e3o Paulo \r\nOrienta\u00e7\u00e3o: Solange Martins Couceiro de Lima<\/pre>\n<pre><strong><a href=\"https:\/\/teses.usp.br\/teses\/disponiveis\/27\/27152\/tde-11052009-153059\/pt-br.php\">Miniss\u00e9rie Grande Sert\u00e3o: Veredas: g\u00eaneros e temas construindo um sentido identit\u00e1rio de na\u00e7\u00e3o<\/a><\/strong> (2006) \r\n<strong>Maria Cristina Palma Mungioli<\/strong> \r\nUniversidade de S\u00e3o Paulo - USP, S\u00e3o Paulo \r\nOrienta\u00e7\u00e3o: Maria Lourdes Motter<\/pre>\n<pre><strong><a href=\"https:\/\/repositorio.usp.br\/item\/001386304\">Telenovela e experi\u00eancia cotidiana: intera\u00e7\u00e3o social e mudan\u00e7a<\/a> <\/strong>(2004)\r\n<strong>Daniela Jakubaszko<\/strong>\r\nUniversidade de S\u00e3o Paulo - USP, S\u00e3o Paulo\r\nOrienta\u00e7\u00e3o: Maria Lourdes Motter<\/pre>\n<pre><strong><a href=\"https:\/\/repositorio.usp.br\/item\/001083178\">Narrativas e Computador: Di\u00e1logos entre Mundos Reais e Mundos Poss\u00edveis<\/a><\/strong> (2000)\r\n<strong>Maria Cristina Palma Mungioli<\/strong>\r\nUniversidade de S\u00e3o Paulo - USP, S\u00e3o Paulo\r\nOrienta\u00e7\u00e3o: Alice Vieira<\/pre>\n","protected":false},"excerpt":{"rendered":"<p>Teses e Disserta\u00e7\u00f5es Sob as luzes da interseccionalidade: um estudo sobre a produ\u00e7\u00e3o de sentido na constru\u00e7\u00e3o das representa\u00e7\u00f5es das protagonistas da s\u00e9rie Coisa Mais Linda. (2023) Claudinei Lopes Junior Universidade de S\u00e3o Paulo &#8211; USP, S\u00e3o Paulo Orienta\u00e7\u00e3o: Maria Cristina Palma Mungioli Bandeiras da Netflix: produ\u00e7\u00e3o global e representa\u00e7\u00f5es discursivas da diversidade LGBT+ nas [&hellip;]<\/p>\n","protected":false},"author":1236,"featured_media":0,"parent":147,"menu_order":0,"comment_status":"closed","ping_status":"closed","template":"","meta":{"footnotes":"","_links_to":"","_links_to_target":""},"class_list":["post-157","page","type-page","status-publish","hentry"],"_links":{"self":[{"href":"https:\/\/sites.usp.br\/gelidis\/wp-json\/wp\/v2\/pages\/157","targetHints":{"allow":["GET"]}}],"collection":[{"href":"https:\/\/sites.usp.br\/gelidis\/wp-json\/wp\/v2\/pages"}],"about":[{"href":"https:\/\/sites.usp.br\/gelidis\/wp-json\/wp\/v2\/types\/page"}],"author":[{"embeddable":true,"href":"https:\/\/sites.usp.br\/gelidis\/wp-json\/wp\/v2\/users\/1236"}],"replies":[{"embeddable":true,"href":"https:\/\/sites.usp.br\/gelidis\/wp-json\/wp\/v2\/comments?post=157"}],"version-history":[{"count":4,"href":"https:\/\/sites.usp.br\/gelidis\/wp-json\/wp\/v2\/pages\/157\/revisions"}],"predecessor-version":[{"id":489,"href":"https:\/\/sites.usp.br\/gelidis\/wp-json\/wp\/v2\/pages\/157\/revisions\/489"}],"up":[{"embeddable":true,"href":"https:\/\/sites.usp.br\/gelidis\/wp-json\/wp\/v2\/pages\/147"}],"wp:attachment":[{"href":"https:\/\/sites.usp.br\/gelidis\/wp-json\/wp\/v2\/media?parent=157"}],"curies":[{"name":"wp","href":"https:\/\/api.w.org\/{rel}","templated":true}]}}