{"id":165,"date":"2019-11-25T16:03:39","date_gmt":"2019-11-25T18:03:39","guid":{"rendered":"https:\/\/sites.usp.br\/gelidis\/?page_id=165"},"modified":"2019-11-25T17:58:27","modified_gmt":"2019-11-25T19:58:27","slug":"contato","status":"publish","type":"page","link":"https:\/\/sites.usp.br\/gelidis\/contato\/","title":{"rendered":"Contato"},"content":{"rendered":"<h5 class=\"font_0\"><span class=\"color_16\">Telefone: +55 (11) 3091.4478<\/span><\/h5>\n<h5 class=\"font_0\"><\/h5>\n<h5 class=\"font_0\"><span class=\"color_16\">E-mail: gelidis.usp@gmail.com<\/span><\/h5>\n<p>&nbsp;<\/p>\n<p><iframe loading=\"lazy\" style=\"border: 0;\" src=\"https:\/\/www.google.com\/maps\/embed?pb=!1m18!1m12!1m3!1d3657.2909387236245!2d-46.728870384827275!3d-23.557992167353493!2m3!1f0!2f0!3f0!3m2!1i1024!2i768!4f13.1!3m3!1m2!1s0x94ce5611e0f05911%3A0x2a504a71b1727cd0!2sEscola%20de%20Comunica%C3%A7%C3%B5es%20e%20Artes!5e0!3m2!1spt-BR!2sbr!4v1574711652569!5m2!1spt-BR!2sbr\" width=\"600\" height=\"450\" frameborder=\"0\" allowfullscreen=\"allowfullscreen\"><span style=\"display: inline-block; width: 0px; overflow: hidden; line-height: 0;\" data-mce-type=\"bookmark\" class=\"mce_SELRES_start\">\ufeff<\/span><\/iframe><\/p>\n<p>Cidade Universit\u00e1ria &#8211; Av. Professor L\u00facio Martins Rodrigues, 443. Butant\u00e3 &#8211; S\u00e3o Paulo, SP.<\/p>\n","protected":false},"excerpt":{"rendered":"<p>Telefone: +55 (11) 3091.4478 E-mail: gelidis.usp@gmail.com &nbsp; \ufeff Cidade Universit\u00e1ria &#8211; Av. Professor L\u00facio Martins Rodrigues, 443. Butant\u00e3 &#8211; S\u00e3o Paulo, SP.<\/p>\n","protected":false},"author":1236,"featured_media":0,"parent":0,"menu_order":3,"comment_status":"closed","ping_status":"closed","template":"","meta":{"footnotes":"","_links_to":"","_links_to_target":""},"class_list":["post-165","page","type-page","status-publish","hentry"],"_links":{"self":[{"href":"https:\/\/sites.usp.br\/gelidis\/wp-json\/wp\/v2\/pages\/165","targetHints":{"allow":["GET"]}}],"collection":[{"href":"https:\/\/sites.usp.br\/gelidis\/wp-json\/wp\/v2\/pages"}],"about":[{"href":"https:\/\/sites.usp.br\/gelidis\/wp-json\/wp\/v2\/types\/page"}],"author":[{"embeddable":true,"href":"https:\/\/sites.usp.br\/gelidis\/wp-json\/wp\/v2\/users\/1236"}],"replies":[{"embeddable":true,"href":"https:\/\/sites.usp.br\/gelidis\/wp-json\/wp\/v2\/comments?post=165"}],"version-history":[{"count":4,"href":"https:\/\/sites.usp.br\/gelidis\/wp-json\/wp\/v2\/pages\/165\/revisions"}],"predecessor-version":[{"id":207,"href":"https:\/\/sites.usp.br\/gelidis\/wp-json\/wp\/v2\/pages\/165\/revisions\/207"}],"wp:attachment":[{"href":"https:\/\/sites.usp.br\/gelidis\/wp-json\/wp\/v2\/media?parent=165"}],"curies":[{"name":"wp","href":"https:\/\/api.w.org\/{rel}","templated":true}]}}