{"id":227,"date":"2019-11-27T12:12:18","date_gmt":"2019-11-27T14:12:18","guid":{"rendered":"https:\/\/sites.usp.br\/gelidis\/?page_id=227"},"modified":"2023-07-04T23:43:30","modified_gmt":"2023-07-05T01:43:30","slug":"eventos","status":"publish","type":"page","link":"https:\/\/sites.usp.br\/gelidis\/eventos\/","title":{"rendered":"Eventos"},"content":{"rendered":"<h2><strong>Lan\u00e7amento do livro &#8220;Cronotopo, g\u00eaneros e discursos em fic\u00e7\u00f5es na TV e no streaming&#8221;<\/strong><\/h2>\n<p>O primeiro livro do Grupo GELiDis-ECA\/CNPq ser\u00e1 lan\u00e7ado no dia 05 de julho, \u00e0s 19h00, no Audit\u00f3rio 3 do Departamento de Rela\u00e7\u00f5es P\u00fablicas e Publicidade da ECA-USP. A colet\u00e2nea de textos escritos pelos pesquisadores do grupo foi organizado durante o ano de 2023 e re\u00fane importantes contribui\u00e7\u00f5es aos Estudos da Televis\u00e3o e buscando interse\u00e7\u00f5es com os estudos de linguagem verbal e n\u00e3o-verbal. Apresenta-se tamb\u00e9m como um registro das trajet\u00f3rias acad\u00eamicas dos membros do grupo, al\u00e9m de demonstrar os diversos est\u00e1gios de amadurecimento das pesquisas realizadas.<\/p>\n<p><a href=\"https:\/\/sites.usp.br\/gelidis\/wp-content\/uploads\/sites\/650\/2023\/07\/Lancamento-Livro-GELiDis-1x1-2.png\"><img loading=\"lazy\" decoding=\"async\" class=\"aligncenter size-full wp-image-441\" src=\"https:\/\/sites.usp.br\/gelidis\/wp-content\/uploads\/sites\/650\/2023\/07\/Lancamento-Livro-GELiDis-1x1-2.png\" alt=\"\" width=\"1080\" height=\"1080\" srcset=\"https:\/\/sites.usp.br\/gelidis\/wp-content\/uploads\/sites\/650\/2023\/07\/Lancamento-Livro-GELiDis-1x1-2.png 1080w, https:\/\/sites.usp.br\/gelidis\/wp-content\/uploads\/sites\/650\/2023\/07\/Lancamento-Livro-GELiDis-1x1-2-300x300.png 300w, https:\/\/sites.usp.br\/gelidis\/wp-content\/uploads\/sites\/650\/2023\/07\/Lancamento-Livro-GELiDis-1x1-2-1024x1024.png 1024w, https:\/\/sites.usp.br\/gelidis\/wp-content\/uploads\/sites\/650\/2023\/07\/Lancamento-Livro-GELiDis-1x1-2-150x150.png 150w, https:\/\/sites.usp.br\/gelidis\/wp-content\/uploads\/sites\/650\/2023\/07\/Lancamento-Livro-GELiDis-1x1-2-768x768.png 768w, https:\/\/sites.usp.br\/gelidis\/wp-content\/uploads\/sites\/650\/2023\/07\/Lancamento-Livro-GELiDis-1x1-2-45x45.png 45w, https:\/\/sites.usp.br\/gelidis\/wp-content\/uploads\/sites\/650\/2023\/07\/Lancamento-Livro-GELiDis-1x1-2-200x200.png 200w, https:\/\/sites.usp.br\/gelidis\/wp-content\/uploads\/sites\/650\/2023\/07\/Lancamento-Livro-GELiDis-1x1-2-400x400.png 400w\" sizes=\"auto, (max-width: 1080px) 100vw, 1080px\" \/><\/a><\/p>\n<h2><strong>Palestra Prof\u00aa Jasmine Mitchell<\/strong><\/h2>\n<p>Realizado pelo Grupo GELiDis-ECA\/CNPq e pelo grupo AlterGen e com apoio do PPGCom\/USP, a palestra &#8220;Lutando e se misturando: branquitude, mesti\u00e7agem e mulheres afrodescendentes nas telenovelas brasileiras&#8221; ser\u00e1 ministrada pela Prof\u00aa Jasmine Mitchell, da State University of New York &#8211; SUNY. A conversa contar\u00e1 com a discuss\u00e3o sobre a an\u00e1lise interdisciplinar e interseccional realizada pela Prof\u00aa Jasmine acerca das representa\u00e7\u00f5es de mulheres afrodescendentes, sentidos e discursos presentes nas telenovelas nacionais. A palestra acontecer\u00e1 no Audit\u00f3rio Lupe Cotrim, no pr\u00e9dio central da ECA\/USP (CCA), no dia 17 de mar\u00e7o \u00e0s 14h30. A atividade ser\u00e1 transmitida via Youtube e contar\u00e1 com certificado.<\/p>\n<h2><strong><a href=\"https:\/\/sites.usp.br\/gelidis\/wp-content\/uploads\/sites\/650\/2022\/08\/FrancoisJost_GELIDIS-1.jpeg\"><img loading=\"lazy\" decoding=\"async\" class=\"size-full wp-image-423 alignleft\" src=\"https:\/\/sites.usp.br\/gelidis\/wp-content\/uploads\/sites\/650\/2022\/08\/FrancoisJost_GELIDIS-1.jpeg\" alt=\"\" width=\"532\" height=\"1600\" srcset=\"https:\/\/sites.usp.br\/gelidis\/wp-content\/uploads\/sites\/650\/2022\/08\/FrancoisJost_GELIDIS-1.jpeg 532w, https:\/\/sites.usp.br\/gelidis\/wp-content\/uploads\/sites\/650\/2022\/08\/FrancoisJost_GELIDIS-1-100x300.jpeg 100w, https:\/\/sites.usp.br\/gelidis\/wp-content\/uploads\/sites\/650\/2022\/08\/FrancoisJost_GELIDIS-1-340x1024.jpeg 340w, https:\/\/sites.usp.br\/gelidis\/wp-content\/uploads\/sites\/650\/2022\/08\/FrancoisJost_GELIDIS-1-511x1536.jpeg 511w\" sizes=\"auto, (max-width: 532px) 100vw, 532px\" \/><\/a><\/strong><\/h2>\n<h2><\/h2>\n<h2><strong>Semin\u00e1rio Fran\u00e7ois Jost no PPGCom\/USP<\/strong><\/h2>\n<p>&nbsp;<\/p>\n<p>No final do m\u00eas teremos o prazer de receber outro pesquisador internacional no PPGCOM, o professor em\u00e9rito da Universit\u00e9 Sorbonne Nouvelle, Fran\u00e7ois Jost, que nos prestigiar\u00e1 com um semin\u00e1rio presencial de dois dias. O evento acontecer\u00e1 nos dias 29 e 30 de agosto, \u00e0s 14h00, no Audit\u00f3rio Paulo Em\u00edlio, no pr\u00e9dio central da ECA.<\/p>\n<h5><strong>Programa\u00e7\u00e3o:\u00a0<\/strong><\/h5>\n<p><strong>29\/08 &#8211; 14h00<\/strong><\/p>\n<p><span style=\"text-decoration: underline;\">Os memes: da par\u00f3dia \u00e0 pandemia digital<\/span><\/p>\n<p><strong>30\/08 -14h00<\/strong><\/p>\n<p><span style=\"text-decoration: underline;\">Metamorfoses da maldade nas s\u00e9ries norte-americanas<\/span><\/p>\n<h5><strong>P\u00fablico:<\/strong><\/h5>\n<p>O Semin\u00e1rio \u00e9 aberto a estudantes do PPGCom\/USP e aos demais interessados nos temas em debate.<\/p>\n<h5><strong>Inscri\u00e7\u00f5es e certificado:<\/strong><\/h5>\n<p>A atividade contar\u00e1 com certificado para os presentes e as inscri\u00e7\u00f5es para participa\u00e7\u00e3o e recebimento do certificado devem ser feitas por meio do formul\u00e1rio dispon\u00edvel em:<\/p>\n<p><a href=\"https:\/\/bit.ly\/PPGCOMJost\">https:\/\/bit.ly\/PPGCOMJost<\/a><\/p>\n<p>&nbsp;<\/p>\n<h2><a href=\"https:\/\/sites.usp.br\/gelidis\/wp-content\/uploads\/sites\/650\/2021\/10\/4.jpg\"><img loading=\"lazy\" decoding=\"async\" class=\"aligncenter size-full wp-image-394\" src=\"https:\/\/sites.usp.br\/gelidis\/wp-content\/uploads\/sites\/650\/2021\/10\/4.jpg\" alt=\"\" width=\"1587\" height=\"2245\" srcset=\"https:\/\/sites.usp.br\/gelidis\/wp-content\/uploads\/sites\/650\/2021\/10\/4.jpg 1587w, https:\/\/sites.usp.br\/gelidis\/wp-content\/uploads\/sites\/650\/2021\/10\/4-212x300.jpg 212w, https:\/\/sites.usp.br\/gelidis\/wp-content\/uploads\/sites\/650\/2021\/10\/4-724x1024.jpg 724w, https:\/\/sites.usp.br\/gelidis\/wp-content\/uploads\/sites\/650\/2021\/10\/4-768x1086.jpg 768w, https:\/\/sites.usp.br\/gelidis\/wp-content\/uploads\/sites\/650\/2021\/10\/4-1086x1536.jpg 1086w, https:\/\/sites.usp.br\/gelidis\/wp-content\/uploads\/sites\/650\/2021\/10\/4-1448x2048.jpg 1448w, https:\/\/sites.usp.br\/gelidis\/wp-content\/uploads\/sites\/650\/2021\/10\/4-400x566.jpg 400w\" sizes=\"auto, (max-width: 1587px) 100vw, 1587px\" \/><\/a><\/h2>\n<h2><strong>III Semin\u00e1rio Linguagens e Discursos Ficcionais de Televis\u00e3o \u2013 Grupo GELiDis<\/strong><\/h2>\n<p>Com apoio do PPGCom\/USP, o semin\u00e1rio, organizado pelo Grupo GELiDis-ECA\/CNPq, tem como objetivo apresentar e discutir temas e obras de fic\u00e7\u00e3o audiovisuais, enfocando-as com base em diferentes perspectivas. O Semin\u00e1rio via Zoom e Youtube acontecer\u00e1 nos dias 26 de outubro e 09 de novembro, \u00e0s 14:30h.<\/p>\n<p>&nbsp;<\/p>\n<p><strong>PROGRAMA<\/strong><\/p>\n<h4><strong>26\/10\/2021 \u2013 14h30 &#8211; Profa. Dra. Jasmine Mitchell (State University of New York &#8211; SUNY)<br \/>\n<\/strong><\/h4>\n<p><strong>Palestra: Medo e desejo de mulheres afrodescendentes: representando mesti\u00e7agem na tela<\/strong><\/p>\n<p>Os Estados Unidos e o Brasil vivem um momento semelhante \u2013 ambos os pa\u00edses enfrentam a devasta\u00e7\u00e3o do racismo sist\u00eamico. O que possivelmente o v\u00eddeo Beautiful de Snoop Dogg, a s\u00e9rie The L Word (Showtime), as telenovelas brasileiras e o filme Fast Five (2011) podem nos mostrar sobre a forma como vemos e falamos sobre ra\u00e7a, g\u00eanero e sexualidade?<\/p>\n<p><strong>Jasmine Mitchell <\/strong>discutir\u00e1 como a anti-negritude origina-se das contradi\u00e7\u00f5es do progresso racial ilus\u00f3rio, dos mitos de democracia racial e mesti\u00e7agem, da nega\u00e7\u00e3o do racismo e dos legados duradouros da escravid\u00e3o e da coloniza\u00e7\u00e3o. Mulheres de ascend\u00eancia africana e europeia s\u00e3o utilizadas pela m\u00eddia de maneira a manter a supremacia branca e disciplinar os afro-descendentes com o objetivo de defender as pol\u00edticas de estado anti-negritude. A professora tamb\u00e9m vai apresentar os temas centrais de seu livro, Imagining the Mulatta: Blackness in U.S. and Brazilian Media (University of Illinois Press 2020).<\/p>\n<p><strong>Media\u00e7\u00e3o: Profa. Paola Prandini (Grupo GELiDis e Afroeduca\u00e7\u00e3o).<br \/>\n<\/strong><\/p>\n<p>&nbsp;<\/p>\n<h4><strong>09\/11\/2021 \u2013 14h30 &#8211; Profa. Dra. Simone Maria Rocha (UFMG)<\/strong><\/h4>\n<p>&nbsp;<\/p>\n<p><strong>Palestra: Fic\u00e7\u00e3o seriada televisiva brasileira no contexto da nova televis\u00e3o: expans\u00e3o das normas de storytelling e efeito Netflix <\/strong><\/p>\n<p>Na palestra, Simone Rocha, abordar\u00e1 achados da pesquisa &#8220;Selo Am\u00e9rica Latina de produ\u00e7\u00e3o da fic\u00e7\u00e3o televisual: mercado, comunica\u00e7\u00e3o e experi\u00eancia na era do streaming&#8221;, na qual atua como coordenadora geral. A pesquisa busca evidenciar e identificar as mudan\u00e7as estil\u00edsticas e dramat\u00fargicas que v\u00eam sendo observadas nas produ\u00e7\u00f5es latino-americanas da Netflix desde 2016. Metodologicamente, faz uma leitura em chave po\u00e9tica, com base nas considera\u00e7\u00f5es feitas por David Bordwell sobre o modelo de storytelling cl\u00e1ssico. Como exemplo, explora algumas s\u00e9ries originais da Netflix com foco: na estrutura da narrativa, a expans\u00e3o da antecipa\u00e7\u00e3o do incidente incitante; na estrutura do enredo, a mudan\u00e7a da principal linha de a\u00e7\u00e3o com base no design das multitramas; bem como analiso as solu\u00e7\u00f5es de encena\u00e7\u00e3o que se destacam no trato de tais expans\u00f5es.<\/p>\n<p><strong>Simone Maria Rocha <\/strong>\u00e9 professora do Departamento de Comunica\u00e7\u00e3o Social da Universidade Federal de Minas Gerais. \u00c9 l\u00edder do Grupo de Pesquisa Comunica\u00e7\u00e3o e Cultura em Televisualidades (COMCULT). Autora dos livros O Estilo televisivo e sua pertin\u00eancia para a TV como pr\u00e1tica cultural (2016) e An\u00e1lise da fic\u00e7\u00e3o televisiva: metodologias e pr\u00e1ticas (2019). Atualmente \u00e9 coordenadora geral do projeto &#8220;Selo Am\u00e9rica Latina de Exporta\u00e7\u00e3o da Fic\u00e7\u00e3o Televisual: mercado, comunica\u00e7\u00e3o e experi\u00eancia na era do streaming&#8221;.<\/p>\n<p><strong>Media\u00e7\u00e3o: Profa. Maria Cristina Palma Mungioli (PPGCom-ECA\/USP)<\/strong><\/p>\n<p>&nbsp;<\/p>\n<p><strong>P\u00fablico<\/strong><\/p>\n<p>O Semin\u00e1rio \u00e9 aberto a estudantes do PPGCom\/USP e aos demais interessados nos temas em debate.<\/p>\n<p>&nbsp;<\/p>\n<p><strong>Inscri\u00e7\u00f5es:<\/strong><\/p>\n<p>As inscri\u00e7\u00f5es poder\u00e3o ser feitas por meio do formul\u00e1rio dispon\u00edvel em:<\/p>\n<p><a href=\"https:\/\/docs.google.com\/forms\/d\/e\/1FAIpQLScbT0XGAgFqMNSd38FnpVHFJ1rPnKDujvdaUzToMwNtbZQOEw\/viewform\">https:\/\/docs.google.com\/forms\/d\/e\/1FAIpQLScbT0XGAgFqMNSd38FnpVHFJ1rPnKDujvdaUzToMwNtbZQOEw\/viewform<\/a><\/p>\n<p>&nbsp;<\/p>\n<p><strong>Certificados e Contato<\/strong><\/p>\n<p>Os\/As participantes receber\u00e3o certificado de assist\u00eancia.<\/p>\n<p>Contato<strong>: <\/strong><a href=\"mailto:gelidis.usp@gmail.com\">gelidis.usp@gmail.com<\/a><\/p>\n<p>&nbsp;<\/p>\n<p><a href=\"https:\/\/sites.usp.br\/gelidis\/wp-content\/uploads\/sites\/650\/2020\/05\/Captura-de-Tela-2020-05-29-a\u0300s-13.58.38.png\"><img loading=\"lazy\" decoding=\"async\" class=\"wp-image-348 aligncenter\" src=\"https:\/\/sites.usp.br\/gelidis\/wp-content\/uploads\/sites\/650\/2020\/05\/Captura-de-Tela-2020-05-29-a\u0300s-13.58.38.png\" alt=\"\" width=\"372\" height=\"526\" srcset=\"https:\/\/sites.usp.br\/gelidis\/wp-content\/uploads\/sites\/650\/2020\/05\/Captura-de-Tela-2020-05-29-a\u0300s-13.58.38.png 1058w, https:\/\/sites.usp.br\/gelidis\/wp-content\/uploads\/sites\/650\/2020\/05\/Captura-de-Tela-2020-05-29-a\u0300s-13.58.38-212x300.png 212w, https:\/\/sites.usp.br\/gelidis\/wp-content\/uploads\/sites\/650\/2020\/05\/Captura-de-Tela-2020-05-29-a\u0300s-13.58.38-724x1024.png 724w, https:\/\/sites.usp.br\/gelidis\/wp-content\/uploads\/sites\/650\/2020\/05\/Captura-de-Tela-2020-05-29-a\u0300s-13.58.38-768x1086.png 768w, https:\/\/sites.usp.br\/gelidis\/wp-content\/uploads\/sites\/650\/2020\/05\/Captura-de-Tela-2020-05-29-a\u0300s-13.58.38-400x566.png 400w\" sizes=\"auto, (max-width: 372px) 100vw, 372px\" \/><\/a><\/p>\n<p>&nbsp;<\/p>\n<h2><strong>II Semin\u00e1rio Linguagens e Discursos Ficcionais de Televis\u00e3o \u2013 Grupo GELiDis<\/strong><\/h2>\n<p>Com apoio do PPGCom\/USP, o semin\u00e1rio, organizado pelo Grupo GELiDis-ECA\/CNPq, tem como objetivo apresentar e discutir obras de fic\u00e7\u00e3o audiovisuais, enfocando-as com base em diferentes temas e perspectivas.\u00a0 O Semin\u00e1rio via Google Meet nos dias 02 e 09 de junho, \u00e0s 14h30.<\/p>\n<p>&nbsp;<\/p>\n<p><strong>PROGRAMA<\/strong><\/p>\n<h4><strong>02\/06\/2020 \u2013 14h30 &#8211; Profa. Dra. Giuliana Cassano (PUCP)<\/strong><\/h4>\n<p><strong>Palestra: Amor rom\u00e2ntico e melodrama: um olhar para e da novela<\/strong><\/p>\n<p>Com base na perspectiva de Illouz (2009), que inclui o amor rom\u00e2ntico como um campo cultural, buscamos pensar o melodrama como uma encena\u00e7\u00e3o da experi\u00eancia e representa\u00e7\u00e3o feminina. Nosso olhar enfoca a novela como um produto cultural que torna vis\u00edvel a matriz melodram\u00e1tica, a qual possibilita refletir sobre as representa\u00e7\u00f5es femininas que nos falam de nosso cen\u00e1rio contempor\u00e2neo.<\/p>\n<p><strong>Giuliana Cassano<\/strong> \u00e9 doutora em Sociologia pela Pontif\u00edcia Universidade Cat\u00f3lica do Peru, obteve seu doutorado investigando as representa\u00e7\u00f5es femininas no melodrama televisivo do s\u00e9culo XXI no Peru. \u00c9 professora de Teorias da Comunica\u00e7\u00e3o e Meios Audiovisuais da Faculdade de Ci\u00eancias da Comunica\u00e7\u00e3o e Artes da PUCP. Sua pesquisa se dedica ao estudo das representa\u00e7\u00f5es em produtos audiovisuais na perspectiva dos Estudos de G\u00eanero. \u00c9 coordenadora do OBITEL-Peru e pesquisadora do Grupo Observat\u00f3rio Audiovisual Peruano.<\/p>\n<p><strong>Media\u00e7\u00e3o: Profa. Maria Cristina Palma Mungioli (PPGCom-ECA\/USP)<\/strong><\/p>\n<p><strong>\u00a0<\/strong><\/p>\n<h4><strong>09\/06\/2020 \u2013 <\/strong><strong>14h30 &#8211; <\/strong><strong>Prof. Dr. Christian Pelegrini (UFJF) <\/strong><\/h4>\n<p><strong>Palestra: Desenvolvimento de personagens em audiovisual: uma perspectiva narratol\u00f3gica transmidi\u00e1tica<\/strong><\/p>\n<p>Assumindo a perspectiva de uma narratologia transmidi\u00e1tica conforme a postula Jan N\u00f6el Thon, buscamos refletir sobre as conting\u00eancias da cria\u00e7\u00e3o e do desenvolvimento de personagens. Assumindo os elementos que s\u00e3o comuns a todo e qualquer personagem, propomos alguns apontamentos sobre como tais elementos s\u00e3o condicionados por fatores midi\u00e1ticos, industriais e\/ou hist\u00f3ricos implicando configura\u00e7\u00f5es est\u00e9ticas distintas.<\/p>\n<p><strong>Christian Hugo Pelegrini <\/strong>\u00e9 professor do curso de Cinema e Audiovisual na Universidade Federal de Juiz de Fora. Graduado R\u00e1dio e TV pela UNESP de Bauru, fez Doutorado na ECA-USP pesquisando as implica\u00e7\u00f5es da enuncia\u00e7\u00e3o audiovisual em sitcoms de c\u00e2mera \u00fanica. Tem se dedicado ao estudo de narrativas seriadas, com\u00e9dia, hist\u00f3ria e est\u00e9tica do audiovisual. \u00c9 pesquisador do ENTELAS- Grupo de pesquisa em conte\u00fados transm\u00eddia, converg\u00eancia de culturas e telas (UFJF) e do \u00a0Grupo GELiDiS \u2013 Grupo de Pesquisa Linguagens e Discursos nos Meios de Comunica\u00e7\u00e3o (ECA\/USP).<\/p>\n<p><strong>\u00a0<\/strong><strong>Media\u00e7\u00e3o: Profa. Maria Cristina Palma Mungioli (PPGCom-ECA\/USP)<\/strong><\/p>\n<p>&nbsp;<\/p>\n<p><strong>P\u00fablico<\/strong><\/p>\n<p>O Semin\u00e1rio \u00e9 aberto a estudantes do PPGCom\/USP e aos demais interessados nos temas em debate.<\/p>\n<p>&nbsp;<\/p>\n<p><strong>Inscri\u00e7\u00f5es:<\/strong><\/p>\n<p>As inscri\u00e7\u00f5es poder\u00e3o ser feitas por meio do formul\u00e1rio dispon\u00edvel em:<\/p>\n<p><a href=\"https:\/\/docs.google.com\/forms\/d\/e\/1FAIpQLSeN5yom0-PtzPwcVnFq8bcBxOpWCFt4wz8ddHumvU2q-xcD3w\/viewform\">https:\/\/docs.google.com\/forms\/d\/e\/1FAIpQLSeN5yom0-PtzPwcVnFq8bcBxOpWCFt4wz8ddHumvU2q-xcD3w\/viewform<\/a><\/p>\n<p>&nbsp;<\/p>\n<p><strong>Certificados e Contato<\/strong><\/p>\n<p>Os\/As participantes receber\u00e3o certificado de assist\u00eancia.<\/p>\n<p>Contato<strong>: <\/strong><a href=\"mailto:gelidis.usp@gmail.com\">gelidis.usp@gmail.com<\/a><\/p>\n<p>&nbsp;<\/p>\n<p style=\"text-align: center;\"><a href=\"https:\/\/sites.usp.br\/gelidis\/wp-content\/uploads\/sites\/650\/2021\/03\/WhatsApp-Image-2021-03-04-at-10.58.46.jpeg\"><img loading=\"lazy\" decoding=\"async\" class=\"size-full wp-image-376 alignnone\" src=\"https:\/\/sites.usp.br\/gelidis\/wp-content\/uploads\/sites\/650\/2021\/03\/WhatsApp-Image-2021-03-04-at-10.58.46.jpeg\" alt=\"\" width=\"905\" height=\"1280\" srcset=\"https:\/\/sites.usp.br\/gelidis\/wp-content\/uploads\/sites\/650\/2021\/03\/WhatsApp-Image-2021-03-04-at-10.58.46.jpeg 905w, https:\/\/sites.usp.br\/gelidis\/wp-content\/uploads\/sites\/650\/2021\/03\/WhatsApp-Image-2021-03-04-at-10.58.46-212x300.jpeg 212w, https:\/\/sites.usp.br\/gelidis\/wp-content\/uploads\/sites\/650\/2021\/03\/WhatsApp-Image-2021-03-04-at-10.58.46-724x1024.jpeg 724w, https:\/\/sites.usp.br\/gelidis\/wp-content\/uploads\/sites\/650\/2021\/03\/WhatsApp-Image-2021-03-04-at-10.58.46-768x1086.jpeg 768w, https:\/\/sites.usp.br\/gelidis\/wp-content\/uploads\/sites\/650\/2021\/03\/WhatsApp-Image-2021-03-04-at-10.58.46-400x566.jpeg 400w\" sizes=\"auto, (max-width: 905px) 100vw, 905px\" \/><\/a><\/p>\n<h2><strong>Semin\u00e1rio Linguagens e Discursos Ficcionais: perspectivas a partir da obra de Bakhtin<\/strong><\/h2>\n<p>Com apoio do PPGCom\/USP, o semin\u00e1rio, organizado pelo Grupo GELiDis-ECA\/CNPq, tem como objetivo apresentar e discutir perspectivas de an\u00e1lise de obras ficcionais com base nos estudos de Mikhail Bakhtin, enfocando-as a partir da Comunica\u00e7\u00e3o.<\/p>\n<p><strong>Professores Convidados:<\/strong><\/p>\n<p><strong>Geraldo Tadeu Souza (UFSCar)<\/strong><br \/>\n<strong>Tema: Uma an\u00e1lise cronot\u00f3pica do conto Orienta\u00e7\u00e3o, de Guimar\u00e3es Rosa<\/strong><\/p>\n<p>Geraldo Tadeu Souza \u00e9 professor associado da Universidade Federal de S\u00e3o Carlos campus Sorocaba. \u00c9 mestre e doutor em Semi\u00f3tica e Lingu\u00edstica Geral pela USP e pesquisador da \u00e1rea de Lingu\u00edstica com \u00eanfase na Teoria Dial\u00f3gica da Linguagem do C\u00edrculo de Bakhtin. Publicou Introdu\u00e7\u00e3o \u00e0 teoria do enunciado concreto do C\u00edrculo Bakhtin\/Volochinov\/Medvedev (Humanitas, FFLCH\/USP, 1999, 2002).<\/p>\n<p>&nbsp;<\/p>\n<p><strong>Igor Sacramento (UFRJ e FIOCRUZ)<\/strong><br \/>\n<strong>Tema: Autoria, estilo e exotopia em Bakhtin: possibilidades para a an\u00e1lise da fic\u00e7\u00e3o televisiva<\/strong><\/p>\n<p>Igor Sacramento \u00e9 professor do Programa de P\u00f3s-Gradua\u00e7\u00e3o em Comunica\u00e7\u00e3o e Cultura (UFRJ) e do Programa em P\u00f3s-Gradua\u00e7\u00e3o em Comunica\u00e7\u00e3o e Informa\u00e7\u00e3o em Sa\u00fade (Fiocruz). \u00c9 Doutor em Comunica\u00e7\u00e3o e Cultura pela Universidade Federal do Rio de Janeiro e Pesquisador do Laborat\u00f3rio de Pesquisa em Comunica\u00e7\u00e3o e Sa\u00fade da Funda\u00e7\u00e3o Oswaldo Cruz. Autor dos livros: Dias Gomes: um intelectual comunista nas tramas comunicacionais (Pedro &amp; Jo\u00e3o Editores, 2016) e Depois da revolu\u00e7\u00e3o, a televis\u00e3o: cineastas de esquerda no jornalismo televisivo dos anos 1970 (Pedro &amp; Jo\u00e3o Editores, 2011).<\/p>\n<p><strong>Media\u00e7\u00e3o: Profa. Maria Cristina Palma Mungioli (PPGCom-ECA\/USP)<\/strong><\/p>\n<p>&nbsp;<\/p>\n<p><strong>Data e Local<\/strong><\/p>\n<p>25\/04\/2019, \u00e0s 14 horas &#8211; Sala da Congrega\u00e7\u00e3o da ECA, Pr\u00e9dio Principal, 2\u00ba. andar.<br \/>\nAv. Prof. L\u00facio Martins Rodrigues, 443 \u2013 Cidade Universit\u00e1ria \u2013 S\u00e3o Paulo \u2013 SP \u2013 Brasil<\/p>\n<p><strong>P\u00fablico<\/strong><br \/>\nO Semin\u00e1rio \u00e9 aberto a estudantes do PPGCom\/USP e aos demais interessados nos temas em debate.<\/p>\n<p><strong>Certificados e Contato<\/strong><br \/>\nOs\/As participantes receber\u00e3o certificado de assist\u00eancia.<br \/>\nContato: gelidis.usp@gmail.com<\/p>\n","protected":false},"excerpt":{"rendered":"<p>Lan\u00e7amento do livro &#8220;Cronotopo, g\u00eaneros e discursos em fic\u00e7\u00f5es na TV e no streaming&#8221; O primeiro livro do Grupo GELiDis-ECA\/CNPq ser\u00e1 lan\u00e7ado no dia 05 de julho, \u00e0s 19h00, no Audit\u00f3rio 3 do Departamento de Rela\u00e7\u00f5es P\u00fablicas e Publicidade da ECA-USP. A colet\u00e2nea de textos escritos pelos pesquisadores do grupo foi organizado durante o ano [&hellip;]<\/p>\n","protected":false},"author":1236,"featured_media":0,"parent":0,"menu_order":4,"comment_status":"closed","ping_status":"closed","template":"","meta":{"footnotes":"","_links_to":"","_links_to_target":""},"class_list":["post-227","page","type-page","status-publish","hentry"],"_links":{"self":[{"href":"https:\/\/sites.usp.br\/gelidis\/wp-json\/wp\/v2\/pages\/227","targetHints":{"allow":["GET"]}}],"collection":[{"href":"https:\/\/sites.usp.br\/gelidis\/wp-json\/wp\/v2\/pages"}],"about":[{"href":"https:\/\/sites.usp.br\/gelidis\/wp-json\/wp\/v2\/types\/page"}],"author":[{"embeddable":true,"href":"https:\/\/sites.usp.br\/gelidis\/wp-json\/wp\/v2\/users\/1236"}],"replies":[{"embeddable":true,"href":"https:\/\/sites.usp.br\/gelidis\/wp-json\/wp\/v2\/comments?post=227"}],"version-history":[{"count":5,"href":"https:\/\/sites.usp.br\/gelidis\/wp-json\/wp\/v2\/pages\/227\/revisions"}],"predecessor-version":[{"id":443,"href":"https:\/\/sites.usp.br\/gelidis\/wp-json\/wp\/v2\/pages\/227\/revisions\/443"}],"wp:attachment":[{"href":"https:\/\/sites.usp.br\/gelidis\/wp-json\/wp\/v2\/media?parent=227"}],"curies":[{"name":"wp","href":"https:\/\/api.w.org\/{rel}","templated":true}]}}