{"id":298,"date":"2022-02-05T10:47:15","date_gmt":"2022-02-05T12:47:15","guid":{"rendered":"https:\/\/sites.usp.br\/gema\/?page_id=298"},"modified":"2025-04-22T10:18:43","modified_gmt":"2025-04-22T12:18:43","slug":"producao-academica","status":"publish","type":"page","link":"https:\/\/sites.usp.br\/gema\/producao-academica\/","title":{"rendered":"Produ\u00e7\u00e3o acad\u00eamica"},"content":{"rendered":"\n<h2 class=\"wp-block-heading\" id=\"teses-dissertacoes-e-iniciacoes-cientificas\">Teses, disserta\u00e7\u00f5es e inicia\u00e7\u00f5es cient\u00edficas<\/h2>\n\n\n\n<p>AGUIAR, Viviane Soares. <a href=\"https:\/\/www.academia.edu\/128940504\/As_chaves_os_cadernos_e_as_mulheres_poderes_e_produ%C3%A7%C3%A3o_de_si_nas_cozinhas_dom%C3%A9sticas_S%C3%A3o_Paulo_1870_1960_\"><strong>As chaves, os cadernos e as mulheres<\/strong>: poderes e produ\u00e7\u00e3o de si nas cozinhas dom\u00e9sticas (S\u00e3o Paulo, 1870-1960)<\/a>. Tese (Doutorado em Hist\u00f3ria Social) &#8211; Faculdade de Filosofia, Letras e Ci\u00eancias Humanas da Universidade de S\u00e3o Paulo. S\u00e3o Paulo, 2025.<\/p>\n\n\n\n<p>FAVILLA, Beatriz Gasques. <strong>Cultura Material e Alimenta\u00e7\u00e3o<\/strong> \u2013 estudo sistem\u00e1tica para a constru\u00e7\u00e3o de repert\u00f3rio de equipamentos de cozinha, 1860-1960. Relat\u00f3rio (Inicia\u00e7\u00e3o Cient\u00edfica) &#8211; Museu Paulista da Universidade de S\u00e3o Paulo. S\u00e3o Paulo, 2021.<\/p>\n\n\n\n<p>FELICIO, Laura Stocco. <a href=\"https:\/\/www.teses.usp.br\/teses\/disponiveis\/8\/8138\/tde-13112023-171626\/pt-br.php\"><strong>Modernidade e tradi\u00e7\u00e3o<\/strong>: a introdu\u00e7\u00e3o dos eletrodom\u00e9sticos nas cozinhas da cidade de S\u00e3o Paulo (1920-1960)<\/a>. Disserta\u00e7\u00e3o (Mestrado em Hist\u00f3ria Social) &#8211; Faculdade de Filosofia, Letras e Ci\u00eancias Humanas da Universidade de S\u00e3o Paulo. S\u00e3o Paulo, 2023.<\/p>\n\n\n\n<p>GOMES, Maria Eug\u00eania Ferreira. <a href=\"https:\/\/www.teses.usp.br\/teses\/disponiveis\/8\/8138\/tde-03102022-210926\/pt-br.php\" target=\"_blank\" rel=\"noreferrer noopener\"><strong>Cozinha, artefatos e mulheres<\/strong> \u2013 S\u00e3o Paulo (1880-1970)<\/a>. Disserta\u00e7\u00e3o (Mestrado em Hist\u00f3ria Social) &#8211; Faculdade de Filosofia, Letras e Ci\u00eancias Humanas da Universidade de S\u00e3o Paulo. S\u00e3o Paulo, 2022.<\/p>\n\n\n\n<p>GON\u00c7ALES, Guilherme Domingues. <a href=\"https:\/\/www.teses.usp.br\/teses\/disponiveis\/8\/8138\/tde-10092019-160919\/pt-br.php\" target=\"_blank\" rel=\"noreferrer noopener\"><strong>Mulheres engravatadas<\/strong>: moda e comportamento feminino no Brasil, 1851-1911<\/a>. Disserta\u00e7\u00e3o (Mestrado em Hist\u00f3ria Social) &#8211; Faculdade de Filosofia, Letras e Ci\u00eancias Humanas, Universidade de S\u00e3o Paulo. S\u00e3o Paulo, 2021.<\/p>\n\n\n\n<p>OLIVEIRA, La\u00edza Santana. <a rel=\"noreferrer noopener\" href=\"https:\/\/apeku.lojavirtualnuvem.com.br\/produtos\/sp-130-bpm-materialidade-e-genero-na-cultura-funk-paulista-1995-2014-laiza-santana-oliveira\/\" target=\"_blank\"><strong>SP 130 bpm<\/strong>: materialidade e g\u00eanero na cultura funk paulista (1995-2014). 2020<\/a>. Disserta\u00e7\u00e3o (Mestrado em Hist\u00f3ria Social) &#8211; Faculdade de Filosofia, Letras e Ci\u00eancias Humanas, Universidade de S\u00e3o Paulo, S\u00e3o Paulo, 2020. doi:10.11606\/D.8.2020.tde-06082020-191010.&nbsp;<\/p>\n\n\n\n<p>SALES, Luiza Marino. <strong>Repert\u00f3rio Hist\u00f3rico Ilustrado de Equipamentos e Ferramentas de Cozinha: <\/strong>cultura material, medir e cozer. Projeto (Inicia\u00e7\u00e3o Cient\u00edfica) &#8211; Museu Paulista da Universidade de S\u00e3o Paulo. Universidade de S\u00e3o Paulo. <em>Em produ\u00e7\u00e3o.<\/em><\/p>\n\n\n\n<p>SANTOS, Raissa Monteiro dos. <strong><a rel=\"noreferrer noopener\" href=\"https:\/\/teses.usp.br\/teses\/disponiveis\/8\/8138\/tde-02042018-133521\/publico\/2017_RaissaMonteiroDosSantos_VOrig.pdf\" target=\"_blank\">O corpo nos an\u00fancios do Mappin (1931-1945)<\/a><\/strong>. Disserta\u00e7\u00e3o (Mestrado em Hist\u00f3ria Social) \u2013 Faculdade de Filosofia, Letras e Ci\u00eancias Humanas da Universidade de S\u00e3o Paulo, 2017.<\/p>\n\n\n\n<p>SILVA, J\u00falia Carloni. <strong>Cultura Material e Alimenta\u00e7\u00e3o<\/strong> \u2013 estudo sistem\u00e1tica para a constru\u00e7\u00e3o de repert\u00f3rio de equipamentos de cozinha, 1860-1960. Relat\u00f3rio (Inicia\u00e7\u00e3o Cient\u00edfica) &#8211; Museu Paulista da Universidade de S\u00e3o Paulo. S\u00e3o Paulo, 2022.<\/p>\n\n\n\n<p><\/p>\n\n\n\n<h2 class=\"wp-block-heading\" id=\"projetos-de-pos-doutorado\">Projetos de p\u00f3s-doutorado<\/h2>\n\n\n\n<p>BASSO, Rafaela. <strong>Alimenta\u00e7\u00e3o paulistana portas adentro: <\/strong>Novas pr\u00e1ticas alimentares e espa\u00e7o dom\u00e9stico na cidade de S\u00e3o Paulo (1810-1870). <\/p>\n\n\n\n<p><\/p>\n\n\n\n<p><\/p>\n\n\n\n<h2 class=\"wp-block-heading\" id=\"livros-e-capitulos-de-livros\">Livros e cap\u00edtulos de livros<\/h2>\n\n\n\n<p>AGUIAR, Viviane Soares. Objetos de cozinha, objetos de si. <em>In<\/em>: CARVALHO, V\u00e2nia Carneiro de (Org). <strong><a href=\"https:\/\/www.edusp.com.br\/loja\/produto\/1621\/casas-e-coisas\" target=\"_blank\" rel=\"noreferrer noopener\">Casas e Coisas<\/a><\/strong>. S\u00e3o Paulo: Edusp, 2022.<\/p>\n\n\n\n<p>BASSO, Rafaela. <strong>A cultura alimentar paulista<\/strong>: uma civiliza\u00e7\u00e3o do milho? S\u00e3o Paulo: Alameda, 2015.<\/p>\n\n\n\n<p>CARVALHO, V\u00e2nia Carneiro de. <strong>G\u00eanero e artefato<\/strong>: o sistema dom\u00e9stico na perspectiva da cultura material. S\u00e3o Paulo, 1870-1920. S\u00e3o Paulo: Edusp, 2008.<\/p>\n\n\n\n<p>CARVALHO, V\u00e2nia Carneiro de. As esculturas inspiradas na vida galante: um exerc\u00edcio de an\u00e1lise. <em>In<\/em>: BRITO, Fl\u00e1via; MELLO, Joana; LIRA, Jos\u00e9; RUBINO, Silvana (Org.). <strong>Domesticidade, G\u00eanero e Cultura Material<\/strong>. S\u00e3o Paulo: CPC\/EDUSP, 2017, p. 253-273.<\/p>\n\n\n\n<p>CARVALHO, V\u00e2nia Carneiro de (Org.). <strong><a rel=\"noreferrer noopener\" href=\"https:\/\/www.edusp.com.br\/loja\/produto\/1621\/casas-e-coisas\" target=\"_blank\">Casas e Coisas<\/a><\/strong>. S\u00e3o Paulo: Edusp, 2022.<\/p>\n\n\n\n<p>CARVALHO, V\u00e2nia Carneiro de; AGUIAR, Viviane Soares; FELICIO, Laura Stocco; GOMES, Maria Eug\u00eania Ferreira; AGOSTINELLI, Bianca. <a href=\"http:\/\/monographs.uc.pt\/iuc\/catalog\/view\/336\/759\/1332-1\" target=\"_blank\" rel=\"noreferrer noopener\">Como e por que estudar cozinhas em um museu de hist\u00f3ria. <\/a><em>In<\/em>: DIAS, Paula Barata; ASFORA, Wanessa; SOARES, Carmen; GRIECO, Allen (Org.). <strong>Das Culturas da Alimenta\u00e7\u00e3o ao Culto dos Alimentos.<\/strong> Coimbra: Universidade de Coimbra, 2022, v. II, p. 167-193.<\/p>\n\n\n\n<p>FELICIO, Laura Stocco. O liquidificador entra, a peneira fica. <em>In<\/em>: CARVALHO, V\u00e2nia Carneiro de (Org). <strong><a rel=\"noreferrer noopener\" href=\"https:\/\/www.edusp.com.br\/loja\/produto\/1621\/casas-e-coisas\" target=\"_blank\">Casas e Coisas<\/a><\/strong>. S\u00e3o Paulo: Edusp, 2022.<\/p>\n\n\n\n<p>GOMES, Maria Eug\u00eania Ferreira. Disputas entre corpos e objetos culin\u00e1rios. <em>In<\/em>: CARVALHO, V\u00e2nia Carneiro de (Org). <strong><a rel=\"noreferrer noopener\" href=\"https:\/\/www.edusp.com.br\/loja\/produto\/1621\/casas-e-coisas\" target=\"_blank\">Casas e Coisas<\/a><\/strong>. S\u00e3o Paulo: Edusp, 2022.<\/p>\n\n\n\n<p>OLIVEIRA, La\u00edza Santana. <a rel=\"noreferrer noopener\" href=\"https:\/\/apeku.lojavirtualnuvem.com.br\/produtos\/sp-130-bpm-materialidade-e-genero-na-cultura-funk-paulista-1995-2014-laiza-santana-oliveira\/\" target=\"_blank\"><strong>SP 130 bpm<\/strong>: materialidade e g\u00eanero na cultura funk paulista (1995-2014)<\/a>. Rio de Janeiro: Ape&#8217;Ku.&nbsp;2021. <\/p>\n\n\n\n<p>SANTOS, Raissa Monteiro dos. Conforto feminino e conforto masculino: o Mappin e os an\u00fancios publicit\u00e1rios (1931-1945). <em>In<\/em>: FARIAS, Priscila; BRAGA, Marcos da Costa. <strong>Dez ensaios sobre mem\u00f3ria<\/strong> <strong>gr\u00e1fica<\/strong>. S\u00e3o Paulo: Blucher, 2018, p. 109-124.<\/p>\n\n\n\n<p><\/p>\n\n\n\n<p><\/p>\n\n\n\n<h2 class=\"wp-block-heading\" id=\"artigos\">Artigos<\/h2>\n\n\n\n<p>CARVALHO, V\u00e2nia Carneiro de. <a href=\"https:\/\/www.revistas.usp.br\/anaismp\/article\/view\/159380\" target=\"_blank\" rel=\"noreferrer noopener\">Cinderelas, bailarinas e a vida longa das galanterias<\/a>. <strong>Anais do Museu Paulista<\/strong>, v. 27, p. 1-22, 2019.<\/p>\n\n\n\n<p>CARVALHO, V\u00e2nia Carneiro de. <a rel=\"noreferrer noopener\" href=\"https:\/\/revistas.ufpr.br\/historia\/article\/view\/55393\" target=\"_blank\">Quando sonhar est\u00e1 na moda: a nostalgia do feminino na cultura do consumo<\/a>. <strong>Hist\u00f3ria. Quest\u00f5es e Debates<\/strong>, v. 65, p. 149-195, 2017.<\/p>\n\n\n\n<p>FALCONE, Giulia.&nbsp;<a rel=\"noreferrer noopener\" href=\"https:\/\/www.revistas.usp.br\/magma\/article\/view\/189764\" target=\"_blank\">O Luxo nas Tramas da Revolu\u00e7\u00e3o<\/a>.&nbsp;<strong>Magma<\/strong>&nbsp;\u2013 Revista do Programa de P\u00f3s-Gradua\u00e7\u00e3o em Teoria Liter\u00e1ria e Literatura Comparada, 27 (16), 2021, 273-280. DOI:&nbsp;<a rel=\"noreferrer noopener\" href=\"https:\/\/doi.org\/10.11606\/issn.2448-1769.mag.2020.189764\" target=\"_blank\">https:\/\/doi.org\/10.11606\/issn.2448-1769.mag.2020.189764<\/a>&nbsp;<\/p>\n\n\n\n<p><\/p>\n\n\n\n<h2 class=\"wp-block-heading\" id=\"trabalhos-completos-publicados-em-anais-de-eventos\">Trabalhos completos publicados em anais de eventos<\/h2>\n\n\n\n<p>AGUIAR, Viviane Soares. <a rel=\"noreferrer noopener\" href=\"https:\/\/www.fg2021.eventos.dype.com.br\/resources\/anais\/8\/fg2020\/1612036840_ARQUIVO_b87b59607ad6cc854255f1d8e24451be.pdf\" target=\"_blank\">Chave da despensa, cetro da rainha do lar: a a\u00e7\u00e3o de um objeto na constitui\u00e7\u00e3o de um &#8220;poder&#8221; feminino no ambiente dom\u00e9stico<\/a>. <em>In<\/em>: <strong>Anais Eletr\u00f4nicos do Semin\u00e1rio Internacional Fazendo G\u00eanero 12<\/strong>, Universidade Federal de Santa Catarina, jul. 2021. <\/p>\n\n\n\n<p>AGUIAR, Viviane Soares. <a href=\"https:\/\/www.academia.edu\/68109285\/Cadernos_de_receitas_como_objetos_de_si_a_constru%C3%A7%C3%A3o_de_identidades_femininas_nas_cozinhas_dom%C3%A9sticas_em_S%C3%A3o_Paulo_1880_1940_\" target=\"_blank\" rel=\"noreferrer noopener\">Cadernos de receitas como &#8220;objetos de si&#8221;: a constru\u00e7\u00e3o de identidades femininas nas cozinhas dom\u00e9sticas em S\u00e3o Paulo (1880-1940)<\/a>. <em>In<\/em>: <strong>Anais do II Semin\u00e1rio Mulheres e a Escrita da Hist\u00f3ria<\/strong>, Universidade Federal de Juiz de Fora, ago. 2021.<\/p>\n\n\n\n<p>FELICIO, Laura Stocco. <a href=\"https:\/\/www.fg2021.eventos.dype.com.br\/resources\/anais\/8\/fg2020\/1638218820_ARQUIVO_168c3bbedf50139a7538e9e358626ac8.pdf\" target=\"_blank\" rel=\"noreferrer noopener\">A modernidade na cozinha: corpo, g\u00eanero e eletricidade<\/a>. <em>In<\/em>: <strong>Anais Eletr\u00f4nicos do Semin\u00e1rio Internacional Fazendo G\u00eanero 12<\/strong>, Universidade Federal de Santa Catarina, jul. 2021.<\/p>\n\n\n\n<p>GOMES, Maria Eug\u00eania Ferreira. <a rel=\"noreferrer noopener\" href=\"https:\/\/www.fg2021.eventos.dype.com.br\/resources\/anais\/8\/fg2020\/1630595807_ARQUIVO_03323cb7699fff5fe07933ef795fff98.pdf\" target=\"_blank\">Processamento da alimenta\u00e7\u00e3o e rela\u00e7\u00f5es de g\u00eanero na cozinha paulista &#8211; 1930 a 1970<\/a>. <em>In<\/em>: <strong>Anais Eletr\u00f4nicos do Semin\u00e1rio Internacional Fazendo G\u00eanero 12<\/strong>, Universidade Federal de Santa Catarina, jul. 2021.<\/p>\n\n\n\n<p>OLIVEIRA, La\u00edza Santana. &#8220;N\u00e3o \u00e9 imagina\u00e7\u00e3o, \u00e9 realidade?&#8221;: intersec\u00e7\u00f5es entre o fl\u00e2neur e o rolezeiro. <em>In<\/em>: <strong>VII Encontro de Pesquisa em Hist\u00f3ria da Universidade Federal de Minas Gerais<\/strong> (EPHIS &#8211; UFMG), Belo Horizonte. Di\u00e1logos Necess\u00e1rios, 2018.&nbsp;<\/p>\n\n\n\n<p>OLIVEIRA, La\u00edza Santana. Consumo, materialidade e corpo: a visualidade na cultura funk paulistana (1992-2014). <em>In<\/em>: <strong>XXIX Simp\u00f3sio Nacional de Hist\u00f3ria<\/strong>, 2017, Bras\u00edlia. Anais do XXIX Simp\u00f3sio Nacional de Hist\u00f3ria, 2017.<\/p>\n\n\n\n<p><\/p>\n\n\n\n<h2 class=\"wp-block-heading\" id=\"resumos-publicados-em-anais-de-eventos\">Resumos publicados em anais de eventos<\/h2>\n\n\n\n<p>CARVALHO, V\u00e2nia Carneiro de; FELICIO, Laura Stocco; GOMES, Maria Eug\u00eania F.; AGUIAR, Viviane S. <a rel=\"noreferrer noopener\" href=\"https:\/\/www.revistas.usp.br\/revistaingesta\/article\/view\/164645\" target=\"_blank\">Repert\u00f3rio Hist\u00f3rico Ilustrado de Equipamentos e Ferramentas de Cozinha: uma discuss\u00e3o metodol\u00f3gica<\/a>. <strong>Caderno de Resumos do II Simp\u00f3sio Internacional de Pesquisa em Alimenta\u00e7\u00e3o &#8211; Revista Ingesta<\/strong>, v. 1, n. 2, 2019, p. 191-192.<\/p>\n\n\n\n<p><\/p>\n\n\n\n<hr class=\"wp-block-separator has-css-opacity\"\/>\n\n\n\n<p><strong>Saiba mais<\/strong><\/p>\n\n\n\n<ul class=\"wp-block-list\">\n<li><a href=\"https:\/\/sites.usp.br\/gema\/divulgacao-cientifica\/\" data-type=\"page\" data-id=\"304\">V\u00eddeos de palestras e outros eventos<\/a> apresentados pela equipe de pesquisa do GEMA<\/li>\n<\/ul>\n\n\n\n<p><\/p>\n","protected":false},"excerpt":{"rendered":"<p>Teses, disserta\u00e7\u00f5es e inicia\u00e7\u00f5es cient\u00edficas AGUIAR, Viviane Soares. As chaves, os cadernos e as mulheres: poderes e produ\u00e7\u00e3o de si nas cozinhas dom\u00e9sticas (S\u00e3o Paulo, 1870-1960). Tese (Doutorado em Hist\u00f3ria Social) &#8211; Faculdade de Filosofia, Letras e Ci\u00eancias Humanas da Universidade de S\u00e3o Paulo. S\u00e3o Paulo, 2025. FAVILLA, Beatriz Gasques. Cultura Material e Alimenta\u00e7\u00e3o \u2013 [&hellip;]<\/p>\n","protected":false},"author":22739,"featured_media":0,"parent":0,"menu_order":0,"comment_status":"closed","ping_status":"closed","template":"","meta":{"footnotes":"","_links_to":"","_links_to_target":""},"class_list":["post-298","page","type-page","status-publish","hentry"],"_links":{"self":[{"href":"https:\/\/sites.usp.br\/gema\/wp-json\/wp\/v2\/pages\/298","targetHints":{"allow":["GET"]}}],"collection":[{"href":"https:\/\/sites.usp.br\/gema\/wp-json\/wp\/v2\/pages"}],"about":[{"href":"https:\/\/sites.usp.br\/gema\/wp-json\/wp\/v2\/types\/page"}],"author":[{"embeddable":true,"href":"https:\/\/sites.usp.br\/gema\/wp-json\/wp\/v2\/users\/22739"}],"replies":[{"embeddable":true,"href":"https:\/\/sites.usp.br\/gema\/wp-json\/wp\/v2\/comments?post=298"}],"version-history":[{"count":4,"href":"https:\/\/sites.usp.br\/gema\/wp-json\/wp\/v2\/pages\/298\/revisions"}],"predecessor-version":[{"id":881,"href":"https:\/\/sites.usp.br\/gema\/wp-json\/wp\/v2\/pages\/298\/revisions\/881"}],"wp:attachment":[{"href":"https:\/\/sites.usp.br\/gema\/wp-json\/wp\/v2\/media?parent=298"}],"curies":[{"name":"wp","href":"https:\/\/api.w.org\/{rel}","templated":true}]}}