{"id":300,"date":"2022-02-05T10:51:56","date_gmt":"2022-02-05T12:51:56","guid":{"rendered":"https:\/\/sites.usp.br\/gema\/?page_id=300"},"modified":"2022-09-24T09:06:10","modified_gmt":"2022-09-24T11:06:10","slug":"academic-production","status":"publish","type":"page","link":"https:\/\/sites.usp.br\/gema\/en\/academic-production\/","title":{"rendered":"Academic production"},"content":{"rendered":"\n<h2 class=\"wp-block-heading\" id=\"theses-dissertations-and-undergraduate-research\">Theses, dissertations and undergraduate research <\/h2>\n\n\n\n<p>AGUIAR, Viviane Soares. <strong>Keys, Cookbooks and Women:<\/strong> the construction of subjectivities, powers and resistance in domestic kitchen through &#8220;self-objects&#8221; (S\u00e3o Paulo, 1890-1970). Thesis (PhD in Social History) &#8211; University of S\u00e3o Paulo. <em>Under development<\/em>.<\/p>\n\n\n\n<p>FAVILLA, Beatriz Gasques. <strong>Material Culture and Food<\/strong> \u2013 systematic study for the construction of a repertoire of kitchen equipment, 1860-1960. Scientific Initiation &#8211; Paulista Museum from the University of S\u00e3o Paulo. S\u00e3o Paulo, 2021.<\/p>\n\n\n\n<p>FELICIO, Laura Stocco. <strong>The Electricity in the Kitchen<\/strong>: hygiene, rationality, and consumption in S\u00e3o Paulo (1915-1970). Dissertation (Master in Social History) &#8211; University of S\u00e3o Paulo. <em><em>Under development<\/em>.<\/em><\/p>\n\n\n\n<p>GOMES, Maria Eug\u00eania Ferreira. <strong>Kitchen, Artifacts, and Women<\/strong> \u2013 S\u00e3o Paulo (1880-1970). Dissertation (Master in Social History) &#8211; University of S\u00e3o Paulo. S\u00e3o Paulo, 2022<em>.<\/em><\/p>\n\n\n\n<p>GON\u00c7ALES, Guilherme Domingues. <a rel=\"noreferrer noopener\" href=\"https:\/\/www.teses.usp.br\/teses\/disponiveis\/8\/8138\/tde-10092019-160919\/pt-br.php\" target=\"_blank\"><strong>Women in ties: fashion and female behavior in Brazil<\/strong>, 1851-1911<\/a>. Disserta\u00e7\u00e3o (Mestrado em Hist\u00f3ria Social) &#8211; Faculdade de Filosofia, Letras e Ci\u00eancias Humanas, Universidade de S\u00e3o Paulo. S\u00e3o Paulo, 2021.<\/p>\n\n\n\n<p>OLIVEIRA, La\u00edza Santana. <a rel=\"noreferrer noopener\" href=\"https:\/\/apeku.lojavirtualnuvem.com.br\/produtos\/sp-130-bpm-materialidade-e-genero-na-cultura-funk-paulista-1995-2014-laiza-santana-oliveira\/\" target=\"_blank\"><strong>SP 130 bpm<\/strong>: materiality and gender in S\u00e3o Paulo&#8217;s funk culture (1995-2014). 2020<\/a>. Dissertation (Master in Social History) &#8211; University of S\u00e3o Paulo. S\u00e3o Paulo, 2020. doi:10.11606\/D.8.2020.tde-06082020-191010.&nbsp;<\/p>\n\n\n\n<p>SANTOS, Raissa Monteiro dos. <strong><a rel=\"noreferrer noopener\" href=\"https:\/\/teses.usp.br\/teses\/disponiveis\/8\/8138\/tde-02042018-133521\/publico\/2017_RaissaMonteiroDosSantos_VOrig.pdf\" target=\"_blank\">The Body in Mappin Store advertisements (1931-1945)<\/a><\/strong>. Dissertation (Master in Social History) \u2013 Faculdade de Filosofia, Letras e Ci\u00eancias Humanas da Universidade de S\u00e3o Paulo, 2017.<\/p>\n\n\n\n<p>SILVA, Julia Carloni. <strong><strong>Material Culture and Food<\/strong> <\/strong>\u2013 systematic study for the construction of a repertoire of kitchen equipment, 1860-1960. Scientific Initiation &#8211; Paulista Museum from the University of S\u00e3o Paulo. S\u00e3o Paulo, 2022.<\/p>\n\n\n\n<p><\/p>\n\n\n\n<h2 class=\"wp-block-heading\" id=\"post-doctoral-projects\">Post-Doctoral Projects<\/h2>\n\n\n\n<p>BASSO, Rafaela. <strong>Food in S\u00e3o Paulo Indoors: <\/strong>new food practices and domestic space in the city of S\u00e3o Paulo (1810-1870).<\/p>\n\n\n\n<p><\/p>\n\n\n\n<h2 class=\"wp-block-heading\" id=\"books-and-book-chapters\">Books and Book Chapters<\/h2>\n\n\n\n<p>BASSO, Rafaela. <strong>A cultura alimentar paulista<\/strong>: uma civiliza\u00e7\u00e3o do milho? S\u00e3o Paulo: Alameda, 2015.<\/p>\n\n\n\n<p>CARVALHO, V\u00e2nia Carneiro de. <strong>G\u00eanero e artefato<\/strong>: o sistema dom\u00e9stico na perspectiva da cultura material. S\u00e3o Paulo, 1870-1920. S\u00e3o Paulo: Edusp, 2008.<\/p>\n\n\n\n<p>CARVALHO, V\u00e2nia Carneiro de. As esculturas inspiradas na vida galante: um exerc\u00edcio de an\u00e1lise. <em>In<\/em>: BRITO, Fl\u00e1via; MELLO, Joana; LIRA, Jos\u00e9; RUBINO, Silvana (Org.). <strong>Domesticidade, G\u00eanero e Cultura Material<\/strong>. S\u00e3o Paulo: CPC\/EDUSP, 2017, p. 253-273.<\/p>\n\n\n\n<p>OLIVEIRA, La\u00edza Santana. <a rel=\"noreferrer noopener\" href=\"https:\/\/apeku.lojavirtualnuvem.com.br\/produtos\/sp-130-bpm-materialidade-e-genero-na-cultura-funk-paulista-1995-2014-laiza-santana-oliveira\/\" target=\"_blank\"><strong>SP 130 bpm<\/strong>: materialidade e g\u00eanero na cultura funk paulista (1995-2014)<\/a>. Rio de Janeiro: Ape&#8217;Ku.&nbsp;2021. <\/p>\n\n\n\n<p>SANTOS, Raissa Monteiro dos. Conforto feminino e conforto masculino: o Mappin e os an\u00fancios publicit\u00e1rios (1931-1945). <em>In<\/em>: FARIAS, Priscila; BRAGA, Marcos da Costa. <strong>Dez ensaios sobre mem\u00f3ria<\/strong> <strong>gr\u00e1fica<\/strong>. S\u00e3o Paulo: Blucher, 2018, p. 109-124.<\/p>\n\n\n\n<p><\/p>\n\n\n\n<p><\/p>\n\n\n\n<h2 class=\"wp-block-heading\" id=\"papers\">Papers<\/h2>\n\n\n\n<p>CARVALHO, V\u00e2nia Carneiro de; AGUIAR, Viviane S.; GOMES, Maria Eug\u00eania F.; FELICIO, Laura Stocco; AGOSTINELLI, Bianca. Como e por que estudar cozinhas em um museu de hist\u00f3ria: uma discuss\u00e3o metodol\u00f3gica. <strong>Das Culturas da Alimenta\u00e7\u00e3o ao Culto dos Alimentos (DIAITA)<\/strong>, <em>on press<\/em>.<\/p>\n\n\n\n<p>CARVALHO, V\u00e2nia Carneiro de. <a href=\"https:\/\/www.revistas.usp.br\/anaismp\/article\/view\/159380\" target=\"_blank\" rel=\"noreferrer noopener\">Cinderelas, bailarinas e a vida longa das galanterias<\/a>. <strong>Anais do Museu Paulista<\/strong>, v. 27, p. 1-22, 2019.<\/p>\n\n\n\n<p>CARVALHO, V\u00e2nia Carneiro de. <a rel=\"noreferrer noopener\" href=\"https:\/\/revistas.ufpr.br\/historia\/article\/view\/55393\" target=\"_blank\">Quando sonhar est\u00e1 na moda: a nostalgia do feminino na cultura do consumo<\/a>. <strong>Hist\u00f3ria. Quest\u00f5es e Debates<\/strong>, v. 65, p. 149-195, 2017.<\/p>\n\n\n\n<p>FALCONE, Giulia.&nbsp;<a rel=\"noreferrer noopener\" href=\"https:\/\/www.revistas.usp.br\/magma\/article\/view\/189764\" target=\"_blank\">O Luxo nas Tramas da Revolu\u00e7\u00e3o<\/a>.&nbsp;<strong>Magma<\/strong>&nbsp;\u2013 Revista do Programa de P\u00f3s-Gradua\u00e7\u00e3o em Teoria Liter\u00e1ria e Literatura Comparada, 27 (16), 2021, 273-280. DOI:&nbsp;<a rel=\"noreferrer noopener\" href=\"https:\/\/doi.org\/10.11606\/issn.2448-1769.mag.2020.189764\" target=\"_blank\">https:\/\/doi.org\/10.11606\/issn.2448-1769.mag.2020.189764<\/a><\/p>\n\n\n\n<p>TOSCANO, Frederico O. <a rel=\"noreferrer noopener\" href=\"https:\/\/www.revistas.usp.br\/anaismp\/article\/view\/168724\" target=\"_blank\">A guerra das scatolettas: cultura material e comidas enlatadas entre os soldados da For\u00e7a Expedicion\u00e1ria Brasileira na It\u00e1lia<\/a>. <strong>Anais do Museu Paulista<\/strong>, v. 28, p. 1-22, 2020.&nbsp;<\/p>\n\n\n\n<p><\/p>\n\n\n\n<h2 class=\"wp-block-heading\" id=\"symposium-papers\">Symposium Papers<\/h2>\n\n\n\n<p>AGUIAR, Viviane Soares. <a rel=\"noreferrer noopener\" href=\"https:\/\/www.fg2021.eventos.dype.com.br\/resources\/anais\/8\/fg2020\/1612036840_ARQUIVO_b87b59607ad6cc854255f1d8e24451be.pdf\" target=\"_blank\">Chave da despensa, cetro da rainha do lar: a a\u00e7\u00e3o de um objeto na constitui\u00e7\u00e3o de um &#8220;poder&#8221; feminino no ambiente dom\u00e9stico<\/a>. <em>In<\/em>: <strong>Anais Eletr\u00f4nicos do Semin\u00e1rio Internacional Fazendo G\u00eanero 12<\/strong>, Universidade Federal de Santa Catarina, jul. 2021. <\/p>\n\n\n\n<p>AGUIAR, Viviane Soares. <a href=\"https:\/\/www.academia.edu\/68109285\/Cadernos_de_receitas_como_objetos_de_si_a_constru%C3%A7%C3%A3o_de_identidades_femininas_nas_cozinhas_dom%C3%A9sticas_em_S%C3%A3o_Paulo_1880_1940_\" target=\"_blank\" rel=\"noreferrer noopener\">Cadernos de receitas como &#8220;objetos de si&#8221;: a constru\u00e7\u00e3o de identidades femininas nas cozinhas dom\u00e9sticas em S\u00e3o Paulo (1880-1940)<\/a>. <em>In<\/em>: <strong>Anais do II Semin\u00e1rio Mulheres e a Escrita da Hist\u00f3ria<\/strong>, Universidade Federal de Juiz de Fora, ago. 2021.<\/p>\n\n\n\n<p>FELICIO, Laura Stocco. <a href=\"https:\/\/www.fg2021.eventos.dype.com.br\/resources\/anais\/8\/fg2020\/1638218820_ARQUIVO_168c3bbedf50139a7538e9e358626ac8.pdf\" target=\"_blank\" rel=\"noreferrer noopener\">A modernidade na cozinha: corpo, g\u00eanero e eletricidade<\/a>. <em>In<\/em>: <strong>Anais Eletr\u00f4nicos do Semin\u00e1rio Internacional Fazendo G\u00eanero 12<\/strong>, Universidade Federal de Santa Catarina, jul. 2021.<\/p>\n\n\n\n<p>GOMES, Maria Eug\u00eania Ferreira. <a rel=\"noreferrer noopener\" href=\"https:\/\/www.fg2021.eventos.dype.com.br\/resources\/anais\/8\/fg2020\/1630595807_ARQUIVO_03323cb7699fff5fe07933ef795fff98.pdf\" target=\"_blank\">Processamento da alimenta\u00e7\u00e3o e rela\u00e7\u00f5es de g\u00eanero na cozinha paulista &#8211; 1930 a 1970<\/a>. <em>In<\/em>: <strong>Anais Eletr\u00f4nicos do Semin\u00e1rio Internacional Fazendo G\u00eanero 12<\/strong>, Universidade Federal de Santa Catarina, jul. 2021.<\/p>\n\n\n\n<p>OLIVEIRA, La\u00edza Santana. &#8220;N\u00e3o \u00e9 imagina\u00e7\u00e3o, \u00e9 realidade?&#8221;: intersec\u00e7\u00f5es entre o fl\u00e2neur e o rolezeiro. <em>In<\/em>: <strong>VII Encontro de Pesquisa em Hist\u00f3ria da Universidade Federal de Minas Gerais<\/strong> (EPHIS &#8211; UFMG), Belo Horizonte. Di\u00e1logos Necess\u00e1rios, 2018.&nbsp;<\/p>\n\n\n\n<p>OLIVEIRA, La\u00edza Santana. Consumo, materialidade e corpo: a visualidade na cultura funk paulistana (1992-2014). <em>In<\/em>: <strong>XXIX Simp\u00f3sio Nacional de Hist\u00f3ria<\/strong>, 2017, Bras\u00edlia. Anais do XXIX Simp\u00f3sio Nacional de Hist\u00f3ria, 2017.<\/p>\n\n\n\n<p><\/p>\n\n\n\n<h2 class=\"wp-block-heading\" id=\"symposium-abstracts\">Symposium Abstracts<\/h2>\n\n\n\n<p>CARVALHO, V\u00e2nia Carneiro de; FELICIO, Laura Stocco; GOMES, Maria Eug\u00eania F.; AGUIAR, Viviane S. <a rel=\"noreferrer noopener\" href=\"https:\/\/www.revistas.usp.br\/revistaingesta\/article\/view\/164645\" target=\"_blank\">Repert\u00f3rio Hist\u00f3rico Ilustrado de Equipamentos e Ferramentas de Cozinha: uma discuss\u00e3o metodol\u00f3gica<\/a>. <strong>Caderno de Resumos do II Simp\u00f3sio Internacional de Pesquisa em Alimenta\u00e7\u00e3o &#8211; Revista Ingesta<\/strong>, v. 1, n. 2, 2019, p. 191-192.<\/p>\n\n\n\n<p><\/p>\n\n\n\n<p><\/p>\n\n\n\n<hr class=\"wp-block-separator has-css-opacity\"\/>\n\n\n\n<p><strong>Read more<\/strong><\/p>\n\n\n\n<ul class=\"wp-block-list\"><li><a href=\"https:\/\/sites.usp.br\/gema\/divulgacao-cientifica\/\" data-type=\"page\" data-id=\"304\">Conferences and other events&#8217; videos<\/a> from GEMA&#8217;s research team<\/li><\/ul>\n\n\n\n<p><\/p>\n","protected":false},"excerpt":{"rendered":"<p>Theses, dissertations and undergraduate research AGUIAR, Viviane Soares. Keys, Cookbooks and Women: the construction of subjectivities, powers and resistance in domestic kitchen through &#8220;self-objects&#8221; (S\u00e3o Paulo, 1890-1970). Thesis (PhD in Social History) &#8211; University of S\u00e3o Paulo. Under development. FAVILLA, Beatriz Gasques. Material Culture and Food \u2013 systematic study for the construction of a repertoire [&hellip;]<\/p>\n","protected":false},"author":22739,"featured_media":0,"parent":0,"menu_order":0,"comment_status":"closed","ping_status":"closed","template":"","meta":{"footnotes":"","_links_to":"","_links_to_target":""},"class_list":["post-300","page","type-page","status-publish","hentry"],"_links":{"self":[{"href":"https:\/\/sites.usp.br\/gema\/wp-json\/wp\/v2\/pages\/300","targetHints":{"allow":["GET"]}}],"collection":[{"href":"https:\/\/sites.usp.br\/gema\/wp-json\/wp\/v2\/pages"}],"about":[{"href":"https:\/\/sites.usp.br\/gema\/wp-json\/wp\/v2\/types\/page"}],"author":[{"embeddable":true,"href":"https:\/\/sites.usp.br\/gema\/wp-json\/wp\/v2\/users\/22739"}],"replies":[{"embeddable":true,"href":"https:\/\/sites.usp.br\/gema\/wp-json\/wp\/v2\/comments?post=300"}],"version-history":[{"count":4,"href":"https:\/\/sites.usp.br\/gema\/wp-json\/wp\/v2\/pages\/300\/revisions"}],"predecessor-version":[{"id":671,"href":"https:\/\/sites.usp.br\/gema\/wp-json\/wp\/v2\/pages\/300\/revisions\/671"}],"wp:attachment":[{"href":"https:\/\/sites.usp.br\/gema\/wp-json\/wp\/v2\/media?parent=300"}],"curies":[{"name":"wp","href":"https:\/\/api.w.org\/{rel}","templated":true}]}}