{"id":304,"date":"2022-02-05T11:04:30","date_gmt":"2022-02-05T13:04:30","guid":{"rendered":"https:\/\/sites.usp.br\/gema\/?page_id=304"},"modified":"2025-03-23T22:13:02","modified_gmt":"2025-03-24T00:13:02","slug":"divulgacao-cientifica","status":"publish","type":"page","link":"https:\/\/sites.usp.br\/gema\/divulgacao-cientifica\/","title":{"rendered":"Divulga\u00e7\u00e3o cient\u00edfica"},"content":{"rendered":"\n<p><\/p>\n\n\n\n<h2 class=\"wp-block-heading\">Curadorias digitais<\/h2>\n\n\n\n<p>AGUIAR, Viviane Soares. <strong><a href=\"https:\/\/acervoonline.mp.usp.br\/curadorias\/a-parafernalia-dos-doces\/\" target=\"_blank\" rel=\"noreferrer noopener\">A parafern\u00e1lia dos doces<\/a><\/strong>. Museu do Ipiranga, 2023.<\/p>\n\n\n\n<p>FELICIO, Laura Stocco. <strong><a rel=\"noreferrer noopener\" href=\"https:\/\/acervoonline.mp.usp.br\/curadorias\/equipamentos-mecanicos-na-cozinha\/\" target=\"_blank\">Equipamentos mec\u00e2nicos na cozinha<\/a><\/strong>. Museu do Ipiranga, 2023.<\/p>\n\n\n\n<p><\/p>\n\n\n\n<h2 class=\"wp-block-heading\" id=\"cursos\">Cursos<\/h2>\n\n\n\n<p>CARVALHO, V\u00e2nia Carneiro de (Coord.); FELICIO, Laura Stocco; GOMES, Maria Eug\u00eania Ferreira. <strong>Cultura Material e Cotidiano Dom\u00e9stico<\/strong>: Fontes para Pesquisa. Curso ministrado no \u00e2mbito dos Cursos de Inverno da Faculdade de Filosofia, Letras e Ci\u00eancias Humanas da Universidade de S\u00e3o Paulo. 8 horas. 2021.<\/p>\n\n\n\n<p>CARVALHO, V\u00e2nia Carneiro de (Coord.); FERNANDES, Priscila Nina; FALCONE, Giulia; GON\u00c7ALES, Guilherme; OLIVEIRA, La\u00edza Santana; SANTOS, Ra\u00edssa Monteiro dos; AGUIAR; Viviane S.; FELICIO, Laura Stocco; GOMES, Maria Eug\u00eania Ferreira. <strong>Interpretando objetos: <\/strong>do cotidiano \u00e0 sala de aula. Curso ministrado no \u00e2mbito dos Cursos de Ver\u00e3o da Faculdade de Filosofia, Letras e Ci\u00eancias Humanas da Universidade de S\u00e3o Paulo. 8 horas. Fev. 2020.<\/p>\n\n\n\n<p>CARVALHO, V\u00e2nia Carneiro de (Coord.); FERNANDES, Priscila Nina; FALCONE, Giulia; GON\u00c7ALES, Guilherme; OLIVEIRA, La\u00edza Santana; SANTOS, Ra\u00edssa Monteiro dos; AGUIAR; Viviane S.; FELICIO, Laura Stocco; GOMES, Maria Eug\u00eania Ferreira. <strong>Interpretando objetos: <\/strong>do cotidiano \u00e0 sala de aula. Curso ministrado no \u00e2mbito dos Cursos de Inverno da Faculdade de Filosofia, Letras e Ci\u00eancias Humanas da Universidade de S\u00e3o Paulo. 8 horas. Jul. 2019.<\/p>\n\n\n\n<p><\/p>\n\n\n\n<h2 class=\"wp-block-heading\"><strong>Epis\u00f3dios de podcast<\/strong><\/h2>\n\n\n\n<p>Podcast do IEB, epis\u00f3dio 191: <strong>Uma cole\u00e7\u00e3o de doces no acervo de M\u00e1rio de Andrade<\/strong>. Julho de 2021. (Viviane Aguiar)<\/p>\n\n\n\n<figure class=\"wp-block-embed is-type-rich is-provider-spotify wp-block-embed-spotify wp-embed-aspect-21-9 wp-has-aspect-ratio\"><div class=\"wp-block-embed__wrapper\">\n<iframe title=\"Spotify Embed: 191 - Uma cole\u00e7\u00e3o de doces no acervo de M\u00e1rio de Andrade [por Viviane Aguiar]\" style=\"border-radius: 12px\" width=\"100%\" height=\"152\" frameborder=\"0\" allowfullscreen allow=\"autoplay; clipboard-write; encrypted-media; fullscreen; picture-in-picture\" loading=\"lazy\" src=\"https:\/\/open.spotify.com\/embed\/episode\/2ziyLRlsmcd9IQLpd2YYiw?utm_source=oembed\"><\/iframe>\n<\/div><\/figure>\n\n\n\n<p>Podcast Momento Cidade #37: <strong>Como S\u00e3o Paulo transformou a cultura do funk?<\/strong> Jornal da USP. 2021. <a rel=\"noreferrer noopener\" href=\"https:\/\/jornal.usp.br\/podcast\/momento-cidade-37-como-sao-paulo-transformou-a-cultura-do-funk\/\" target=\"_blank\">(La\u00edza Santana Oliveira)<\/a>.&nbsp;<\/p>\n\n\n\n<figure class=\"wp-block-embed is-type-wp-embed is-provider-jornal-da-usp wp-block-embed-jornal-da-usp\"><div class=\"wp-block-embed__wrapper\">\n<blockquote class=\"wp-embedded-content\" data-secret=\"x7eX1RO1aW\"><a href=\"https:\/\/jornal.usp.br\/podcast\/momento-cidade-37-como-sao-paulo-transformou-a-cultura-do-funk\/\">Momento Cidade #37: Como S\u00e3o Paulo transformou a cultura do funk?<\/a><\/blockquote><iframe loading=\"lazy\" class=\"wp-embedded-content\" sandbox=\"allow-scripts\" security=\"restricted\" style=\"position: absolute; visibility: hidden;\" title=\"&#8220;Momento Cidade #37: Como S\u00e3o Paulo transformou a cultura do funk?&#8221; &#8212; Jornal da USP\" src=\"https:\/\/jornal.usp.br\/podcast\/momento-cidade-37-como-sao-paulo-transformou-a-cultura-do-funk\/embed\/#?secret=TsV8diwHNw#?secret=x7eX1RO1aW\" data-secret=\"x7eX1RO1aW\" width=\"600\" height=\"338\" frameborder=\"0\" marginwidth=\"0\" marginheight=\"0\" scrolling=\"no\"><\/iframe>\n<\/div><\/figure>\n\n\n\n<p>Podcast Momento Cidade #25: <strong>Existe uma cozinha tradicional em S\u00e3o Paulo?<\/strong> Jornal da USP. 2021. (Viviane Aguiar)<\/p>\n\n\n\n<figure class=\"wp-block-embed is-type-wp-embed is-provider-jornal-da-usp wp-block-embed-jornal-da-usp\"><div class=\"wp-block-embed__wrapper\">\n<blockquote class=\"wp-embedded-content\" data-secret=\"ley5QvFcpf\"><a href=\"https:\/\/jornal.usp.br\/podcast\/momento-cidade-25-existe-uma-cozinha-tradicional-de-sao-paulo\/\">Momento Cidade #25: Existe uma cozinha tradicional de S\u00e3o Paulo?<\/a><\/blockquote><iframe loading=\"lazy\" class=\"wp-embedded-content\" sandbox=\"allow-scripts\" security=\"restricted\" style=\"position: absolute; clip: rect(1px, 1px, 1px, 1px);\" title=\"&#8220;Momento Cidade #25: Existe uma cozinha tradicional de S\u00e3o Paulo?&#8221; &#8212; Jornal da USP\" src=\"https:\/\/jornal.usp.br\/podcast\/momento-cidade-25-existe-uma-cozinha-tradicional-de-sao-paulo\/embed\/#?secret=PGoNE7stsC#?secret=ley5QvFcpf\" data-secret=\"ley5QvFcpf\" width=\"600\" height=\"338\" frameborder=\"0\" marginwidth=\"0\" marginheight=\"0\" scrolling=\"no\"><\/iframe>\n<\/div><\/figure>\n\n\n\n<p><\/p>\n\n\n\n<h2 class=\"wp-block-heading\" id=\"videos\">Lives<\/h2>\n\n\n\n<h4 class=\"wp-block-heading\" id=\"encontro-com-acervos-museu-paulista-da-usp-museu-do-ipiranga\"><strong>Identidades e objetos de cozinha, com Maria Eug\u00eania Ferreira Gomes (Museu Paulista da USP &#8211; Museu do Ipiranga)<\/strong><\/h4>\n\n\n\n<p><a href=\"https:\/\/www.instagram.com\/tv\/CaYB5X3F2sf\/?utm_source=ig_web_copy_link\">https:\/\/www.instagram.com\/tv\/CaYB5X3F2sf\/?utm_source=ig_web_copy_link<\/a><\/p>\n\n\n\n<p><\/p>\n\n\n\n<h2 class=\"wp-block-heading\" id=\"videos\">V\u00eddeos<\/h2>\n\n\n\n<p><strong>Flash Talk na Etapa internacional do 30\u00ba Simp\u00f3sio Internacional de Inicia\u00e7\u00e3o Cient\u00edfica e Tecnol\u00f3gica da USP (SIICUSP), 2022<\/strong> &#8211; Luiza Marino Sales foi premiada por sua apresenta\u00e7\u00e3o. <a rel=\"noreferrer noopener\" href=\"https:\/\/www.fflch.usp.br\/43635?fbclid=IwAR0DkyhFqurm4lpXlKzchiWctfh2GJGSzXXP8--RIzDSQqYs-ouZZxkMbo8\" target=\"_blank\">Leia mais aqui<\/a> e <a rel=\"noreferrer noopener\" href=\"https:\/\/www.instagram.com\/p\/CmwZClpsNwj\/\" target=\"_blank\">veja a entrevista que ela deu para o Instagram da FFLCH sobre o trabalho<\/a>.<\/p>\n\n\n\n<figure class=\"wp-block-video\"><video height=\"352\" style=\"aspect-ratio: 640 \/ 352;\" width=\"640\" controls src=\"https:\/\/sites.usp.br\/gema\/wp-content\/uploads\/sites\/1068\/2023\/06\/VIDEO-2022-12-01-12-35-46.mp4\"><\/video><\/figure>\n\n\n\n<p><\/p>\n\n\n\n<h4 class=\"wp-block-heading\"><strong>Mesa redonda<\/strong> <strong>Funk e Contexto Sociopol\u00edtico<\/strong><\/h4>\n\n\n\n<p>Funk e contexto sociopol\u00edtico: al\u00e7ando voo nas asas da cultura (MC Hariel &amp; La\u00edza Santana Oliveira). 2021. <\/p>\n\n\n\n<figure class=\"wp-block-embed is-type-video is-provider-youtube wp-block-embed-youtube wp-embed-aspect-16-9 wp-has-aspect-ratio\"><div class=\"wp-block-embed__wrapper\">\n<iframe loading=\"lazy\" title=\"Funk e Contexto Sociopol\u00edtico: alcan\u00e7ando voo nas asas da cultura (com MC Hariel e Professora La\u00edza)\" width=\"604\" height=\"340\" src=\"https:\/\/www.youtube.com\/embed\/ccO4Azx5XiQ?feature=oembed\" frameborder=\"0\" allow=\"accelerometer; autoplay; clipboard-write; encrypted-media; gyroscope; picture-in-picture; web-share\" referrerpolicy=\"strict-origin-when-cross-origin\" allowfullscreen><\/iframe>\n<\/div><\/figure>\n\n\n\n<p><\/p>\n\n\n\n<h4 class=\"wp-block-heading\" id=\"encontro-com-acervos-museu-paulista-da-usp-museu-do-ipiranga\"><strong>Encontro com Acervos (Museu Paulista da USP &#8211; Museu do Ipiranga)<\/strong><\/h4>\n\n\n\n<p>Epis\u00f3dio 2 &#8211; Chocadeira. Com Maria Eug\u00eania Ferreira Gomes, 2021.<\/p>\n\n\n\n<figure class=\"wp-block-embed is-type-video is-provider-youtube wp-block-embed-youtube wp-embed-aspect-16-9 wp-has-aspect-ratio\"><div class=\"wp-block-embed__wrapper\">\n<iframe loading=\"lazy\" title=\"Encontro com Acervos | Ep. 02 | Chocadeira\" width=\"604\" height=\"340\" src=\"https:\/\/www.youtube.com\/embed\/Xlq5rVvfCVw?feature=oembed\" frameborder=\"0\" allow=\"accelerometer; autoplay; clipboard-write; encrypted-media; gyroscope; picture-in-picture; web-share\" referrerpolicy=\"strict-origin-when-cross-origin\" allowfullscreen><\/iframe>\n<\/div><\/figure>\n\n\n\n<p><\/p>\n\n\n\n<h4 class=\"wp-block-heading\" id=\"29o-simposio-internacional-de-iniciacao-cientifica-e-tecnologica-da-usp-15-09-2021\">29<sup>o<\/sup> Simp\u00f3sio Internacional de Inicia\u00e7\u00e3o Cient\u00edfica e Tecnol\u00f3gica da USP (15\/09\/2021)<\/h4>\n\n\n\n<p>Apresenta\u00e7\u00e3o de J\u00falia Carloni Silva (59:24 at\u00e9 1:15:00)<br>Apresenta\u00e7\u00e3o de Beatriz Gasques Favilla (1:15:54 at\u00e9 1:31:00)<\/p>\n\n\n\n<figure class=\"wp-block-embed is-type-video is-provider-youtube wp-block-embed-youtube wp-embed-aspect-16-9 wp-has-aspect-ratio\"><div class=\"wp-block-embed__wrapper\">\n<iframe loading=\"lazy\" title=\"29\u00ba SIICUSP - 2021\" width=\"604\" height=\"340\" src=\"https:\/\/www.youtube.com\/embed\/F4TFsHeeivc?feature=oembed\" frameborder=\"0\" allow=\"accelerometer; autoplay; clipboard-write; encrypted-media; gyroscope; picture-in-picture; web-share\" referrerpolicy=\"strict-origin-when-cross-origin\" allowfullscreen><\/iframe>\n<\/div><\/figure>\n\n\n\n<p><\/p>\n\n\n\n<h4 class=\"wp-block-heading\" id=\"wikiconcurso-casa-brasileira\">Wikiconcurso Casa Brasileira<\/h4>\n\n\n\n<p><strong>Editatona A Casa Moderna, com V\u00e2nia Carneiro de Carvalho (26\/03\/2021)<\/strong><\/p>\n\n\n\n<figure class=\"wp-block-embed is-type-video is-provider-youtube wp-block-embed-youtube wp-embed-aspect-16-9 wp-has-aspect-ratio\"><div class=\"wp-block-embed__wrapper\">\n<iframe loading=\"lazy\" title=\"Editatona A Casa Moderna - Museu Paulista da USP\" width=\"604\" height=\"340\" src=\"https:\/\/www.youtube.com\/embed\/2bdMy3dommQ?list=PLEmJ1V6HikFT-KdOfSj9k9YlhENquBKVU\" frameborder=\"0\" allow=\"accelerometer; autoplay; clipboard-write; encrypted-media; gyroscope; picture-in-picture; web-share\" referrerpolicy=\"strict-origin-when-cross-origin\" allowfullscreen><\/iframe>\n<\/div><\/figure>\n\n\n\n<p><\/p>\n\n\n\n<p><strong>Editatona Decora\u00e7\u00e3o e Identidades Feminina e Masculina, com V\u00e2nia Carneiro de Carvalho (23\/04\/2021)<\/strong><\/p>\n\n\n\n<figure class=\"wp-block-embed is-type-video is-provider-youtube wp-block-embed-youtube wp-embed-aspect-16-9 wp-has-aspect-ratio\"><div class=\"wp-block-embed__wrapper\">\n<iframe loading=\"lazy\" title=\"Editatona Decora\u00e7\u00e3o e identidades feminina e masculina - Museu Paulista da USP\" width=\"604\" height=\"340\" src=\"https:\/\/www.youtube.com\/embed\/L5Eekzr4gE0?list=PLEmJ1V6HikFT-KdOfSj9k9YlhENquBKVU\" frameborder=\"0\" allow=\"accelerometer; autoplay; clipboard-write; encrypted-media; gyroscope; picture-in-picture; web-share\" referrerpolicy=\"strict-origin-when-cross-origin\" allowfullscreen><\/iframe>\n<\/div><\/figure>\n\n\n\n<p><\/p>\n\n\n\n<p><strong>Editatona Cozinha e suas Coisas, com Laura Stocco Felicio, Maria Eug\u00eania Ferreira Gomes e Viviane Soares Aguiar (28\/05\/2021)<\/strong><\/p>\n\n\n\n<figure class=\"wp-block-embed is-type-video is-provider-youtube wp-block-embed-youtube wp-embed-aspect-16-9 wp-has-aspect-ratio\"><div class=\"wp-block-embed__wrapper\">\n<iframe loading=\"lazy\" title=\"Editatona cozinha e suas coisas &amp; encerramento do Wikiconcurso Casa Brasileira\" width=\"604\" height=\"340\" src=\"https:\/\/www.youtube.com\/embed\/fKs9yBTfT-E?start=205&#038;feature=oembed\" frameborder=\"0\" allow=\"accelerometer; autoplay; clipboard-write; encrypted-media; gyroscope; picture-in-picture; web-share\" referrerpolicy=\"strict-origin-when-cross-origin\" allowfullscreen><\/iframe>\n<\/div><\/figure>\n\n\n\n<p><\/p>\n\n\n\n<p><strong>Editatona Int\u00e9rpretes da Casa Brasileira, com V\u00e2nia Carneiro de Carvalho (18\/06\/2021)<\/strong><\/p>\n\n\n\n<figure class=\"wp-block-embed is-type-video is-provider-youtube wp-block-embed-youtube wp-embed-aspect-16-9 wp-has-aspect-ratio\"><div class=\"wp-block-embed__wrapper\">\n<iframe loading=\"lazy\" title=\"Editatona Int\u00e9rpretes da Casa Brasileira - Museu Paulista da USP\" width=\"604\" height=\"340\" src=\"https:\/\/www.youtube.com\/embed\/8uLsB6qSDPs?feature=oembed\" frameborder=\"0\" allow=\"accelerometer; autoplay; clipboard-write; encrypted-media; gyroscope; picture-in-picture; web-share\" referrerpolicy=\"strict-origin-when-cross-origin\" allowfullscreen><\/iframe>\n<\/div><\/figure>\n\n\n\n<p><\/p>\n\n\n\n<p><strong>Ideias &#8211; Est\u00e9tica do Cotidiano: a constru\u00e7\u00e3o das visualidades dom\u00e9sticas, com V\u00e2nia Carneiro de Carvalho (13\/06\/2020)<\/strong><\/p>\n\n\n\n<figure class=\"wp-block-embed is-type-video is-provider-youtube wp-block-embed-youtube wp-embed-aspect-16-9 wp-has-aspect-ratio\"><div class=\"wp-block-embed__wrapper\">\n<iframe loading=\"lazy\" title=\"IDEIAS -  EST\u00c9TICAS DO COTIDIANO: A CONSTRU\u00c7\u00c3O DAS VISUALIDADES DOM\u00c9STICAS\" width=\"604\" height=\"340\" src=\"https:\/\/www.youtube.com\/embed\/uLJ0bKZEmGE?feature=oembed\" frameborder=\"0\" allow=\"accelerometer; autoplay; clipboard-write; encrypted-media; gyroscope; picture-in-picture; web-share\" referrerpolicy=\"strict-origin-when-cross-origin\" allowfullscreen><\/iframe>\n<\/div><\/figure>\n\n\n\n<p><\/p>\n\n\n\n<p><strong>Domesticidade: imagem e imagina\u00e7\u00e3o, com V\u00e2nia Carneiro de Carvalho<\/strong><\/p>\n\n\n\n<figure class=\"wp-block-embed is-type-video is-provider-youtube wp-block-embed-youtube wp-embed-aspect-16-9 wp-has-aspect-ratio\"><div class=\"wp-block-embed__wrapper\">\n<iframe loading=\"lazy\" title=\"Domesticidade: Imagem e Imagina\u00e7\u00e3o | FAU em Prosa\" width=\"604\" height=\"340\" src=\"https:\/\/www.youtube.com\/embed\/n_23PvpOUA4?feature=oembed\" frameborder=\"0\" allow=\"accelerometer; autoplay; clipboard-write; encrypted-media; gyroscope; picture-in-picture; web-share\" referrerpolicy=\"strict-origin-when-cross-origin\" allowfullscreen><\/iframe>\n<\/div><\/figure>\n\n\n\n<p><\/p>\n\n\n\n<hr class=\"wp-block-separator has-css-opacity\"\/>\n\n\n\n<p><strong>Saiba mais<\/strong><\/p>\n\n\n\n<p><\/p>\n\n\n\n<ul class=\"wp-block-list\">\n<li>Conhe\u00e7a a <a href=\"https:\/\/sites.usp.br\/gema\/producao-academica\/\" data-type=\"page\" data-id=\"298\">produ\u00e7\u00e3o acad\u00eamica<\/a> da equipe do GEMA<\/li>\n<\/ul>\n\n\n\n<p><\/p>\n","protected":false},"excerpt":{"rendered":"<p>Curadorias digitais AGUIAR, Viviane Soares. A parafern\u00e1lia dos doces. Museu do Ipiranga, 2023. FELICIO, Laura Stocco. Equipamentos mec\u00e2nicos na cozinha. Museu do Ipiranga, 2023. Cursos CARVALHO, V\u00e2nia Carneiro de (Coord.); FELICIO, Laura Stocco; GOMES, Maria Eug\u00eania Ferreira. Cultura Material e Cotidiano Dom\u00e9stico: Fontes para Pesquisa. Curso ministrado no \u00e2mbito dos Cursos de Inverno da Faculdade [&hellip;]<\/p>\n","protected":false},"author":22739,"featured_media":0,"parent":0,"menu_order":0,"comment_status":"closed","ping_status":"closed","template":"","meta":{"footnotes":"","_links_to":"","_links_to_target":""},"class_list":["post-304","page","type-page","status-publish","hentry"],"_links":{"self":[{"href":"https:\/\/sites.usp.br\/gema\/wp-json\/wp\/v2\/pages\/304","targetHints":{"allow":["GET"]}}],"collection":[{"href":"https:\/\/sites.usp.br\/gema\/wp-json\/wp\/v2\/pages"}],"about":[{"href":"https:\/\/sites.usp.br\/gema\/wp-json\/wp\/v2\/types\/page"}],"author":[{"embeddable":true,"href":"https:\/\/sites.usp.br\/gema\/wp-json\/wp\/v2\/users\/22739"}],"replies":[{"embeddable":true,"href":"https:\/\/sites.usp.br\/gema\/wp-json\/wp\/v2\/comments?post=304"}],"version-history":[{"count":4,"href":"https:\/\/sites.usp.br\/gema\/wp-json\/wp\/v2\/pages\/304\/revisions"}],"predecessor-version":[{"id":847,"href":"https:\/\/sites.usp.br\/gema\/wp-json\/wp\/v2\/pages\/304\/revisions\/847"}],"wp:attachment":[{"href":"https:\/\/sites.usp.br\/gema\/wp-json\/wp\/v2\/media?parent=304"}],"curies":[{"name":"wp","href":"https:\/\/api.w.org\/{rel}","templated":true}]}}