{"id":306,"date":"2022-02-05T11:13:38","date_gmt":"2022-02-05T13:13:38","guid":{"rendered":"https:\/\/sites.usp.br\/gema\/?page_id=306"},"modified":"2022-04-14T21:00:16","modified_gmt":"2022-04-14T23:00:16","slug":"scientific-divulgation","status":"publish","type":"page","link":"https:\/\/sites.usp.br\/gema\/en\/scientific-divulgation\/","title":{"rendered":"Scientific divulgation"},"content":{"rendered":"\n<h2 class=\"wp-block-heading\" id=\"courses\">Courses<\/h2>\n\n\n\n<p>CARVALHO, V\u00e2nia Carneiro de (Coord.); FELICIO, Laura Stocco; GOMES, Maria Eug\u00eania Ferreira. <strong>Material Culture and Domestic Daily Life<\/strong>: Research Sources. Winter Course offered within the Faculty of\u00a0Philosophy, Languages and\u00a0Literature, and Human Sciences from University of S\u00e3o Paulo. 8 hours. 2021.<\/p>\n\n\n\n<p>CARVALHO, V\u00e2nia Carneiro de (Coord.); FERNANDES, Priscila Nina; FALCONE, Giulia; GON\u00c7ALES, Guilherme; OLIVEIRA, La\u00edza Santana; SANTOS, Ra\u00edssa Monteiro dos; AGUIAR; Viviane S.; FELICIO, Laura Stocco; GOMES, Maria Eug\u00eania Ferreira. <strong>Interpreting Objects: <\/strong>From Daily Life to the Classroom. Summer Course offered within the Faculty of\u00a0Philosophy, Languages and\u00a0Literature, and Human Sciences from University of S\u00e3o Paulo. 8 hours. February 2020.<\/p>\n\n\n\n<p>CARVALHO, V\u00e2nia Carneiro de (Coord.); FERNANDES, Priscila Nina; FALCONE, Giulia; GON\u00c7ALES, Guilherme; OLIVEIRA, La\u00edza Santana; SANTOS, Ra\u00edssa Monteiro dos; AGUIAR; Viviane S.; FELICIO, Laura Stocco; GOMES, Maria Eug\u00eania Ferreira. <strong>Interpreting Objects: <\/strong>From Daily Life to the Classroom. Winter Course offered within the Faculty of\u00a0Philosophy, Languages and\u00a0Literature, and Human Sciences from University of S\u00e3o Paulo. 8 hours. July 2019.<\/p>\n\n\n\n<p><\/p>\n\n\n\n<h2 class=\"wp-block-heading\"><strong>Podcast episodes<\/strong><\/h2>\n\n\n\n<p>Podcast Momento Cidade #37: <strong>How did S\u00e3o Paulo transformed the funk culture?<\/strong> Jornal da USP. 2021. <a rel=\"noreferrer noopener\" href=\"https:\/\/jornal.usp.br\/podcast\/momento-cidade-37-como-sao-paulo-transformou-a-cultura-do-funk\/\" target=\"_blank\">(La\u00edza Santana Oliveira)<\/a>.\u00a0<\/p>\n\n\n\n<figure class=\"wp-block-embed is-type-wp-embed is-provider-jornal-da-usp wp-block-embed-jornal-da-usp\"><div class=\"wp-block-embed__wrapper\">\n<blockquote class=\"wp-embedded-content\" data-secret=\"gfttdUFpBw\"><a href=\"https:\/\/jornal.usp.br\/podcast\/momento-cidade-37-como-sao-paulo-transformou-a-cultura-do-funk\/\">Momento Cidade #37: Como S\u00e3o Paulo transformou a cultura do funk?<\/a><\/blockquote><iframe loading=\"lazy\" class=\"wp-embedded-content\" sandbox=\"allow-scripts\" security=\"restricted\" style=\"position: absolute; clip: rect(1px, 1px, 1px, 1px);\" title=\"&#8220;Momento Cidade #37: Como S\u00e3o Paulo transformou a cultura do funk?&#8221; &#8212; Jornal da USP\" src=\"https:\/\/jornal.usp.br\/podcast\/momento-cidade-37-como-sao-paulo-transformou-a-cultura-do-funk\/embed\/#?secret=zfir3VpmLu#?secret=gfttdUFpBw\" data-secret=\"gfttdUFpBw\" width=\"600\" height=\"338\" frameborder=\"0\" marginwidth=\"0\" marginheight=\"0\" scrolling=\"no\"><\/iframe>\n<\/div><\/figure>\n\n\n\n<p>Podcast Momento Cidade #25: <strong>Is there a traditional cuisine in S\u00e3o Paulo?<\/strong> Jornal da USP. 2021. (Viviane Aguiar)<\/p>\n\n\n\n<figure class=\"wp-block-embed is-type-wp-embed is-provider-jornal-da-usp wp-block-embed-jornal-da-usp\"><div class=\"wp-block-embed__wrapper\">\n<blockquote class=\"wp-embedded-content\" data-secret=\"M2hLBKdfme\"><a href=\"https:\/\/jornal.usp.br\/podcast\/momento-cidade-25-existe-uma-cozinha-tradicional-de-sao-paulo\/\">Momento Cidade #25: Existe uma cozinha tradicional de S\u00e3o Paulo?<\/a><\/blockquote><iframe loading=\"lazy\" class=\"wp-embedded-content\" sandbox=\"allow-scripts\" security=\"restricted\" style=\"position: absolute; clip: rect(1px, 1px, 1px, 1px);\" title=\"&#8220;Momento Cidade #25: Existe uma cozinha tradicional de S\u00e3o Paulo?&#8221; &#8212; Jornal da USP\" src=\"https:\/\/jornal.usp.br\/podcast\/momento-cidade-25-existe-uma-cozinha-tradicional-de-sao-paulo\/embed\/#?secret=PLxWTGVsmW#?secret=M2hLBKdfme\" data-secret=\"M2hLBKdfme\" width=\"600\" height=\"338\" frameborder=\"0\" marginwidth=\"0\" marginheight=\"0\" scrolling=\"no\"><\/iframe>\n<\/div><\/figure>\n\n\n\n<p><\/p>\n\n\n\n<h2 class=\"wp-block-heading\" id=\"videos\">Lives<\/h2>\n\n\n\n<h4 class=\"wp-block-heading\" id=\"encontro-com-acervos-museu-paulista-da-usp-museu-do-ipiranga\"><strong>Identities and kitchen objects, with Maria Eug\u00eania Ferreira Gomes (Paulista Museum of the University of S\u00e3o Paulo &#8211; Museu do Ipiranga)<\/strong><\/h4>\n\n\n\n<p><a href=\"https:\/\/www.instagram.com\/tv\/CaYB5X3F2sf\/?utm_source=ig_web_copy_link\">https:\/\/www.instagram.com\/tv\/CaYB5X3F2sf\/?utm_source=ig_web_copy_link<\/a><\/p>\n\n\n\n<p><\/p>\n\n\n\n<h2 class=\"wp-block-heading\" id=\"videos\">Videos<\/h2>\n\n\n\n<h4 class=\"wp-block-heading\">Funk and Sociopolitical Context Roundtable<\/h4>\n\n\n\n<p>Funk and sociopolitical context: taking flight on the wings of culture (MC Hariel &amp; La\u00edza Santana Oliveira). 2021. <\/p>\n\n\n\n<figure class=\"wp-block-embed is-type-video is-provider-youtube wp-block-embed-youtube wp-embed-aspect-16-9 wp-has-aspect-ratio\"><div class=\"wp-block-embed__wrapper\">\n<iframe loading=\"lazy\" title=\"Funk e Contexto Sociopol\u00edtico: alcan\u00e7ando voo nas asas da cultura (com MC Hariel e Professora La\u00edza)\" width=\"604\" height=\"340\" src=\"https:\/\/www.youtube.com\/embed\/ccO4Azx5XiQ?feature=oembed\" frameborder=\"0\" allow=\"accelerometer; autoplay; clipboard-write; encrypted-media; gyroscope; picture-in-picture; web-share\" referrerpolicy=\"strict-origin-when-cross-origin\" allowfullscreen><\/iframe>\n<\/div><\/figure>\n\n\n\n<p><\/p>\n\n\n\n<p><\/p>\n\n\n\n<h4 class=\"wp-block-heading\" id=\"meeting-with-the-collections-paulista-museum-of-the-university-of-sao-paulo-museu-do-ipiranga\"><strong>Meeting with the Collections (Paulista Museum of the University of S\u00e3o Paulo &#8211; Museu do Ipiranga)<\/strong><\/h4>\n\n\n\n<p>2nd Episode &#8211; Chocadeira (Brooder). With Maria Eug\u00eania Ferreira Gomes<\/p>\n\n\n\n<figure class=\"wp-block-embed is-type-video is-provider-youtube wp-block-embed-youtube wp-embed-aspect-16-9 wp-has-aspect-ratio\"><div class=\"wp-block-embed__wrapper\">\n<iframe loading=\"lazy\" title=\"Encontro com Acervos | Ep. 02 | Chocadeira\" width=\"604\" height=\"340\" src=\"https:\/\/www.youtube.com\/embed\/Xlq5rVvfCVw?feature=oembed\" frameborder=\"0\" allow=\"accelerometer; autoplay; clipboard-write; encrypted-media; gyroscope; picture-in-picture; web-share\" referrerpolicy=\"strict-origin-when-cross-origin\" allowfullscreen><\/iframe>\n<\/div><\/figure>\n\n\n\n<p><\/p>\n\n\n\n<h4 class=\"wp-block-heading\" id=\"29th-international-symposium-on-scientific-and-technological-initiation-of-the-university-of-sao-paulo-siicusp-september-15th-2021\">29<sup>th<\/sup> International Symposium on Scientific and Technological Initiation of the University of S\u00e3o Paulo (SIICUSP) (September 15th, 2021)<\/h4>\n\n\n\n<p>J\u00falia Carloni Silva&#8217;s project presentation, from 59:24 to 1:15:00<br>Beatriz Gasques Favilla&#8217;s project presentation, from 1:15:54 to 1:31:00<\/p>\n\n\n\n<figure class=\"wp-block-embed is-type-video is-provider-youtube wp-block-embed-youtube wp-embed-aspect-16-9 wp-has-aspect-ratio\"><div class=\"wp-block-embed__wrapper\">\n<iframe loading=\"lazy\" title=\"29\u00ba SIICUSP - 2021\" width=\"604\" height=\"340\" src=\"https:\/\/www.youtube.com\/embed\/F4TFsHeeivc?feature=oembed\" frameborder=\"0\" allow=\"accelerometer; autoplay; clipboard-write; encrypted-media; gyroscope; picture-in-picture; web-share\" referrerpolicy=\"strict-origin-when-cross-origin\" allowfullscreen><\/iframe>\n<\/div><\/figure>\n\n\n\n<p><\/p>\n\n\n\n<h4 class=\"wp-block-heading\" id=\"wikicontest-brazilian-home-wikipedia\">Wikicontest Brazilian Home (Wikipedia) <\/h4>\n\n\n\n<p><strong>The Modern House, with V\u00e2nia Carneiro de Carvalho (March 26th, 2021)<\/strong><\/p>\n\n\n\n<figure class=\"wp-block-embed is-type-video is-provider-youtube wp-block-embed-youtube wp-embed-aspect-16-9 wp-has-aspect-ratio\"><div class=\"wp-block-embed__wrapper\">\n<iframe loading=\"lazy\" title=\"Editatona A Casa Moderna - Museu Paulista da USP\" width=\"604\" height=\"340\" src=\"https:\/\/www.youtube.com\/embed\/2bdMy3dommQ?list=PLEmJ1V6HikFT-KdOfSj9k9YlhENquBKVU\" frameborder=\"0\" allow=\"accelerometer; autoplay; clipboard-write; encrypted-media; gyroscope; picture-in-picture; web-share\" referrerpolicy=\"strict-origin-when-cross-origin\" allowfullscreen><\/iframe>\n<\/div><\/figure>\n\n\n\n<p><\/p>\n\n\n\n<p><strong>Decoration and Feminine and Masculine Identities, with V\u00e2nia Carneiro de Carvalho (April 23rd, 2021)<\/strong><\/p>\n\n\n\n<figure class=\"wp-block-embed is-type-video is-provider-youtube wp-block-embed-youtube wp-embed-aspect-16-9 wp-has-aspect-ratio\"><div class=\"wp-block-embed__wrapper\">\n<iframe loading=\"lazy\" title=\"Editatona Decora\u00e7\u00e3o e identidades feminina e masculina - Museu Paulista da USP\" width=\"604\" height=\"340\" src=\"https:\/\/www.youtube.com\/embed\/L5Eekzr4gE0?list=PLEmJ1V6HikFT-KdOfSj9k9YlhENquBKVU\" frameborder=\"0\" allow=\"accelerometer; autoplay; clipboard-write; encrypted-media; gyroscope; picture-in-picture; web-share\" referrerpolicy=\"strict-origin-when-cross-origin\" allowfullscreen><\/iframe>\n<\/div><\/figure>\n\n\n\n<p><\/p>\n\n\n\n<p><strong>Kitchen and its Objects, with Laura Stocco Felicio, Maria Eug\u00eania Ferreira Gomes e Viviane Soares Aguiar (May 28th, 2021)<\/strong><\/p>\n\n\n\n<figure class=\"wp-block-embed is-type-video is-provider-youtube wp-block-embed-youtube wp-embed-aspect-16-9 wp-has-aspect-ratio\"><div class=\"wp-block-embed__wrapper\">\n<iframe loading=\"lazy\" title=\"Editatona cozinha e suas coisas &amp; encerramento do Wikiconcurso Casa Brasileira\" width=\"604\" height=\"340\" src=\"https:\/\/www.youtube.com\/embed\/fKs9yBTfT-E?start=205&#038;feature=oembed\" frameborder=\"0\" allow=\"accelerometer; autoplay; clipboard-write; encrypted-media; gyroscope; picture-in-picture; web-share\" referrerpolicy=\"strict-origin-when-cross-origin\" allowfullscreen><\/iframe>\n<\/div><\/figure>\n\n\n\n<p><\/p>\n\n\n\n<p><strong>Editatona Int\u00e9rpretes da Casa Brasileira, com V\u00e2nia Carneiro de Carvalho (June 18th, 2021)<\/strong><\/p>\n\n\n\n<figure class=\"wp-block-embed is-type-video is-provider-youtube wp-block-embed-youtube wp-embed-aspect-16-9 wp-has-aspect-ratio\"><div class=\"wp-block-embed__wrapper\">\n<iframe loading=\"lazy\" title=\"Editatona Int\u00e9rpretes da Casa Brasileira - Museu Paulista da USP\" width=\"604\" height=\"340\" src=\"https:\/\/www.youtube.com\/embed\/8uLsB6qSDPs?feature=oembed\" frameborder=\"0\" allow=\"accelerometer; autoplay; clipboard-write; encrypted-media; gyroscope; picture-in-picture; web-share\" referrerpolicy=\"strict-origin-when-cross-origin\" allowfullscreen><\/iframe>\n<\/div><\/figure>\n\n\n\n<p><\/p>\n\n\n\n<p><strong>Ideas &#8211; Aesthetics of Everyday Life: the Construction of Domestic Visualities, with V\u00e2nia Carneiro de Carvalho (June 13th, 2020)<\/strong><\/p>\n\n\n\n<figure class=\"wp-block-embed is-type-video is-provider-youtube wp-block-embed-youtube wp-embed-aspect-16-9 wp-has-aspect-ratio\"><div class=\"wp-block-embed__wrapper\">\n<iframe loading=\"lazy\" title=\"IDEIAS -  EST\u00c9TICAS DO COTIDIANO: A CONSTRU\u00c7\u00c3O DAS VISUALIDADES DOM\u00c9STICAS\" width=\"604\" height=\"340\" src=\"https:\/\/www.youtube.com\/embed\/uLJ0bKZEmGE?feature=oembed\" frameborder=\"0\" allow=\"accelerometer; autoplay; clipboard-write; encrypted-media; gyroscope; picture-in-picture; web-share\" referrerpolicy=\"strict-origin-when-cross-origin\" allowfullscreen><\/iframe>\n<\/div><\/figure>\n\n\n\n<p><\/p>\n\n\n\n<p><strong>Domesticity: Image and Imagination, with V\u00e2nia Carneiro de Carvalho<\/strong><\/p>\n\n\n\n<figure class=\"wp-block-embed is-type-video is-provider-youtube wp-block-embed-youtube wp-embed-aspect-16-9 wp-has-aspect-ratio\"><div class=\"wp-block-embed__wrapper\">\n<iframe loading=\"lazy\" title=\"Domesticidade: Imagem e Imagina\u00e7\u00e3o | FAU em Prosa\" width=\"604\" height=\"340\" src=\"https:\/\/www.youtube.com\/embed\/n_23PvpOUA4?feature=oembed\" frameborder=\"0\" allow=\"accelerometer; autoplay; clipboard-write; encrypted-media; gyroscope; picture-in-picture; web-share\" referrerpolicy=\"strict-origin-when-cross-origin\" allowfullscreen><\/iframe>\n<\/div><\/figure>\n\n\n\n<p><\/p>\n\n\n\n<hr class=\"wp-block-separator\"\/>\n\n\n\n<p><strong>Read more<\/strong><\/p>\n\n\n\n<ul class=\"wp-block-list\"><li>Learn about the <a href=\"https:\/\/sites.usp.br\/gema\/en\/a-repertoire-of-kitchen-objects\/\" data-type=\"page\" data-id=\"215\">Illustrated Historical Repertoire of Kitchen Equipment and Tools (S\u00e3o Paulo, 1860-1960)<\/a><\/li><li>Learn about the <a href=\"https:\/\/sites.usp.br\/gema\/en\/academic-production\/\" data-type=\"page\" data-id=\"300\">academic production<\/a> of GEMA&#8217;s research team<\/li><\/ul>\n\n\n\n<p><\/p>\n","protected":false},"excerpt":{"rendered":"<p>Courses CARVALHO, V\u00e2nia Carneiro de (Coord.); FELICIO, Laura Stocco; GOMES, Maria Eug\u00eania Ferreira. Material Culture and Domestic Daily Life: Research Sources. Winter Course offered within the Faculty of\u00a0Philosophy, Languages and\u00a0Literature, and Human Sciences from University of S\u00e3o Paulo. 8 hours. 2021. CARVALHO, V\u00e2nia Carneiro de (Coord.); FERNANDES, Priscila Nina; FALCONE, Giulia; GON\u00c7ALES, Guilherme; OLIVEIRA, La\u00edza [&hellip;]<\/p>\n","protected":false},"author":22739,"featured_media":0,"parent":0,"menu_order":0,"comment_status":"closed","ping_status":"closed","template":"","meta":{"footnotes":"","_links_to":"","_links_to_target":""},"class_list":["post-306","page","type-page","status-publish","hentry"],"_links":{"self":[{"href":"https:\/\/sites.usp.br\/gema\/wp-json\/wp\/v2\/pages\/306","targetHints":{"allow":["GET"]}}],"collection":[{"href":"https:\/\/sites.usp.br\/gema\/wp-json\/wp\/v2\/pages"}],"about":[{"href":"https:\/\/sites.usp.br\/gema\/wp-json\/wp\/v2\/types\/page"}],"author":[{"embeddable":true,"href":"https:\/\/sites.usp.br\/gema\/wp-json\/wp\/v2\/users\/22739"}],"replies":[{"embeddable":true,"href":"https:\/\/sites.usp.br\/gema\/wp-json\/wp\/v2\/comments?post=306"}],"version-history":[{"count":4,"href":"https:\/\/sites.usp.br\/gema\/wp-json\/wp\/v2\/pages\/306\/revisions"}],"predecessor-version":[{"id":667,"href":"https:\/\/sites.usp.br\/gema\/wp-json\/wp\/v2\/pages\/306\/revisions\/667"}],"wp:attachment":[{"href":"https:\/\/sites.usp.br\/gema\/wp-json\/wp\/v2\/media?parent=306"}],"curies":[{"name":"wp","href":"https:\/\/api.w.org\/{rel}","templated":true}]}}