{"id":311,"date":"2022-02-05T11:43:20","date_gmt":"2022-02-05T13:43:20","guid":{"rendered":"https:\/\/sites.usp.br\/gema\/?page_id=311"},"modified":"2022-09-24T09:00:16","modified_gmt":"2022-09-24T11:00:16","slug":"research-team","status":"publish","type":"page","link":"https:\/\/sites.usp.br\/gema\/en\/research-team\/","title":{"rendered":"Research team"},"content":{"rendered":"\n<h2 class=\"wp-block-heading\" id=\"coordinator\">Coordinator<\/h2>\n\n\n\n<p><strong>V\u00e2nia Carneiro de Carvalho<\/strong><\/p>\n\n\n\n<p>Professor at the Paulista Museum of the University of S\u00e3o Paulo, where she has been working since 1990 as a curator in the area of social history. She also works in the Postgraduate Program in Social History of the Department of History of the Faculty of Philosophy, Languages and Literature, and Human Sciences at USP. She is an associate researcher at the <a rel=\"noreferrer noopener\" href=\"https:\/\/sites.usp.br\/ciclocuratorial\/\" target=\"_blank\">Curatorial Cycle Thematic Project<\/a>, alongside which she coordinates two projects on the relations between gender, decoration and domestic work. In addition to numerous articles and book chapters, she has published the book <em>Gender and Artifact: the domestic system in the perspective of material culture. S\u00e3o Paulo, 1870-1920<\/em> (Edusp, 2008).<br>Lattes CV: <a rel=\"noreferrer noopener\" href=\"http:\/\/lattes.cnpq.br\/9144568282558054\" target=\"_blank\">http:\/\/lattes.cnpq.br\/9144568282558054<\/a><br>Orcid: <a rel=\"noreferrer noopener\" href=\"https:\/\/orcid.org\/0000-0003-3840-8987\" target=\"_blank\">https:\/\/orcid.org\/0000-0003-3840-8987<\/a><\/p>\n\n\n\n<div class=\"su-spacer\" style=\"height:20px\"><\/div>\n\n\n\n<h2 class=\"wp-block-heading\">Researchers<\/h2>\n\n\n\n<p><\/p>\n\n\n\n<p><strong>Giulia Falcone<\/strong><\/p>\n\n\n\n<p>Graduated in History from the University of S\u00e3o Paulo (FFLCH-USP) and PhD student in Social History at the same institution, with a FAPESP Scholarship (Process 2020\/13456-6) linked to the <a rel=\"noreferrer noopener\" href=\"https:\/\/sites.usp.br\/ciclocuratorial\/\" target=\"_blank\">Thematic Project Curatorial Cycle Thematic Project: Collect, identify, process, disseminate. The curatorial cycle and the production of knowledge<\/a>. She conducts research in the fashion area with an emphasis on the contemporary period.<br>Lattes:&nbsp;<a rel=\"noreferrer noopener\" href=\"http:\/\/lattes.cnpq.br\/9279604948390066\" target=\"_blank\">http:\/\/lattes.cnpq.br\/9279604948390066<\/a><br>Orcid:&nbsp;<a rel=\"noreferrer noopener\" href=\"https:\/\/orcid.org\/0000-0002-4466-1199\" target=\"_blank\">https:\/\/orcid.org\/0000-0002-4466-1199<\/a><\/p>\n\n\n\n<p><\/p>\n\n\n\n<p><strong>Guilherme Domingues Gon\u00e7ales<\/strong><\/p>\n\n\n\n<p>Bachelor\u2019s in history from the University of Bras\u00edlia (2014) and master\u2019s in Social History from the University of S\u00e3o Paulo (2019). My research interests are in material culture, fashion, and gender.<br>Lattes: <a rel=\"noreferrer noopener\" href=\"http:\/\/lattes.cnpq.br\/0532765846191025\" target=\"_blank\">http:\/\/lattes.cnpq.br\/0532765846191025<\/a><\/p>\n\n\n\n<p><\/p>\n\n\n\n<p><strong>La\u00edza Santana Oliveira<\/strong><\/p>\n\n\n\n<p>Historian with a bachelor\u2019s degree in History (USP) and a Master\u2019s degree in Social History (PPGHS \u2013 USP), funded by the National Council for Scientific and Technological Development (CNPq). Her work focuses on the relationships between body, material culture, gender and the History of the Present Time, based on the analysis of S\u00e3o Paulo funk culture. She is the author of the book <em><a href=\"http:\/\/apeku.lojavirtualnuvem.com.br\/produtos\/sp-130-bpm-materialidade-e-genero-na-cultura-funk-paulista-1995-2014-laiza-santana-oliveira\/\">SP 130 BPM: materiality and gender in the funk culture of S\u00e3o Paulo (1995-2014)<\/a><\/em>, published in 2021 by Ape&#8217;Ku.<br>Lattes: <a rel=\"noreferrer noopener\" href=\"http:\/\/lattes.cnpq.br\/7394995392454928\" target=\"_blank\">http:\/\/lattes.cnpq.br\/7394995392454928<\/a><br>Orcid: <a rel=\"noreferrer noopener\" href=\"https:\/\/orcid.org\/0000-0002-8607-9877\" target=\"_blank\">https:\/\/orcid.org\/0000-0002-8607-9877<\/a><\/p>\n\n\n\n<p><\/p>\n\n\n\n<p><strong>Raissa Monteiro dos Santos<\/strong><\/p>\n\n\n\n<p>Holds a degree in History from the University of S\u00e3o Paulo (USP) and a Master\u2019s degree in Social History at the same institution.<br>Lattes: <a rel=\"noreferrer noopener\" href=\"http:\/\/lattes.cnpq.br\/1353385108998890\" target=\"_blank\">http:\/\/lattes.cnpq.br\/1353385108998890<\/a><\/p>\n\n\n\n<p><\/p>\n\n\n\n<div class=\"su-spacer\" style=\"height:20px\"><\/div>\n\n\n\n<p><\/p>\n\n\n\n<h2 class=\"wp-block-heading\" id=\"pos-doutorando-a\">Researchers of the <a rel=\"noreferrer noopener\" href=\"https:\/\/sites.usp.br\/gema\/repertorio-historico-da-cozinha\/\" target=\"_blank\">&#8220;Food Processing in the Domestic Space<\/a> (S\u00e3o Paulo, 1860-1960)&#8221; project<\/h2>\n\n\n\n<p><\/p>\n\n\n\n<p><strong>Beatriz Gasques Favilla<\/strong><\/p>\n\n\n\n<p>Graduated in History from the University of S\u00e3o Paulo (USP). She was a Scientific Initiation fellow in the project &#8220;Material Culture and Food: a systematic study for the construction of a repertoire of kitchen equipment (1860-1960)&#8221;, linked to the Paulista Museum. <br>Lattes CV: <a rel=\"noreferrer noopener\" href=\"http:\/\/lattes.cnpq.br\/2497138124922277\" target=\"_blank\">http:\/\/lattes.cnpq.br\/2497138124922277<\/a><\/p>\n\n\n\n<p><\/p>\n\n\n\n<p><strong>Beatriz Perez Lazari<\/strong><\/p>\n\n\n\n<p>Undergraduate student in History at the University of S\u00e3o Paulo (USP). She participated as an intern at the Collection and Curatorship Division of the Paulista Museum, with a scholarship granted by USP. She is also a member of the History and Political Economy Study Group at the same institution.<br>Lattes CV: <a rel=\"noreferrer noopener\" href=\"http:\/\/lattes.cnpq.br\/6524467998058456\" target=\"_blank\">http:\/\/lattes.cnpq.br\/6524467998058456<\/a><\/p>\n\n\n\n<p><\/p>\n\n\n\n<p><strong>Crislene Silva Sousa Concei\u00e7\u00e3o<\/strong><\/p>\n\n\n\n<p>Undergraduate student in History at the University of S\u00e3o Paulo (USP) and graduated as Museology Technician from ETEC Parque da Juventude. She was a volunteer researcher at the Federal University of S\u00e3o Paulo (Unifesp), where she developed her Scientific Initiation with the theme &#8220;Income generation among young people in the suburbs: analysis from artistic and cultural manifestations&#8221;. Currently she is an intern at the Collection and Curatorship Division of the Paulista Museum.<br>Lattes CV: <a rel=\"noreferrer noopener\" href=\"http:\/\/lattes.cnpq.br\/8973669521804387\" target=\"_blank\">http:\/\/lattes.cnpq.br\/8973669521804387<\/a><\/p>\n\n\n\n<p><\/p>\n\n\n\n<p><strong>J\u00falia Carloni da Silva<\/strong><\/p>\n\n\n\n<p>Graduated in History from the University of S\u00e3o Paulo (USP). Participates as a Scientific Initiation fellow, funded by the National Council for Scientific and Technological Development (CNPq) through the Institutional Project for Scientific Initiation Scholarships (PIBIC), with the project &#8220;Material Culture and Food: systematic study for the construction of a repertoire of kitchen (1860-1960),&#8221; linked to the Paulista Museum.<br>Lattes CV: <a rel=\"noreferrer noopener\" href=\"http:\/\/lattes.cnpq.br\/6144473543380123\" target=\"_blank\">http:\/\/lattes.cnpq.br\/6144473543380123<\/a><\/p>\n\n\n\n<p><\/p>\n\n\n\n<p><strong>Laura Stocco Felicio<\/strong><\/p>\n\n\n\n<p>Holds a degree in History from the University of S\u00e3o Paulo (USP) and is currently a Master&#8217;s degree student in Social History at the same institution. She is a FAPESP fellow, and her research is linked to the <a rel=\"noreferrer noopener\" href=\"https:\/\/sites.usp.br\/ciclocuratorial\/\" target=\"_blank\">Curatorial Cycle Thematic Project<\/a>: Collect, Identify, Process and Disseminate. The Curatorial Cycle and the Production of Knowledge. She has been dedicating herself to the study of material culture, domestic space and consumption. Currently, she is doing an internship at the Department of Gender, Sexuality and Feminist Studies at Duke University (Durham, USA).<br>Lattes CV: <a rel=\"noreferrer noopener\" href=\"http:\/\/lattes.cnpq.br\/7304275091329510\" target=\"_blank\">http:\/\/lattes.cnpq.br\/7304275091329510<\/a><br>Orcid: <a rel=\"noreferrer noopener\" href=\"https:\/\/orcid.org\/0000-0001-9377-2744\" target=\"_blank\">https:\/\/orcid.org\/0000-0001-9377-2744<\/a><\/p>\n\n\n\n<p><\/p>\n\n\n\n<p><strong>Leila Claraliz Gra\u00e7a Lucas<\/strong><\/p>\n\n\n\n<p>Undergraduate student in History at the University of S\u00e3o Paulo (USP). She is a PIPAE (Integrated Research Projects and Strategic Areas) fellow for Scientific Initiation linked to the Paulista Museum in the project \u201cThe Ipiranga Museum in digital culture \u2014 research and democratization of collections\u201d.<br>Lattes CV: <a rel=\"noreferrer noopener\" href=\"http:\/\/lattes.cnpq.br\/8139835932743971\" target=\"_blank\">http:\/\/lattes.cnpq.br\/8139835932743971<\/a><\/p>\n\n\n\n<p><\/p>\n\n\n\n<p><strong>Luiza Marino Sales<\/strong><\/p>\n\n\n\n<p>Undergraduate student in History at the University of S\u00e3o Paulo (USP) and graduated as Multimedia Technician from the Liceu de Artes e Of\u00edcios de S\u00e3o Paulo. Participates as a PIPAE (Integrated Research Projects and Strategic Areas) fellow with a Scientific Initiation linked to the Paulista Museum. Currently, she is also developing GEMA&#8217;s visual identity.<br>Lattes CV: <a rel=\"noreferrer noopener\" href=\"http:\/\/lattes.cnpq.br\/0033243251869240\" target=\"_blank\">http:\/\/lattes.cnpq.br\/0033243251869240<\/a><\/p>\n\n\n\n<p><\/p>\n\n\n\n<p><strong>Maria Cec\u00edlia Ferreira<\/strong><\/p>\n\n\n\n<p>Undergraduate student in History at the Faculty of Philosophy, Languages and Literature, and Human Sciences of the University of S\u00e3o Paulo (USP) and a PIPAE (Integrated Research Projects in Strategic Areas) Scientific Initiation fellow at the Paulista Museum.<br>Lattes CV:\u00a0<a rel=\"noreferrer noopener\" href=\"http:\/\/lattes.cnpq.br\/1536076227245309\" target=\"_blank\">http:\/\/lattes.cnpq.br\/1536076227245309<\/a><\/p>\n\n\n\n<p><\/p>\n\n\n\n<p><strong>Maria Eug\u00eania Ferreira Gomes<\/strong><\/p>\n\n\n\n<p>Holds a degree in History from the University of S\u00e3o Paulo (USP) and a Master&#8217;s degree in the Postgraduate Program in Social History at the Faculty of Philosophy, Languages and Literature, and Human Sciences at USP, associated with the Paulista Museum (USP). At the museum, she developed a Scientific Initiation research entitled &#8220;Material culture and food practices in S\u00e3o Paulo (18th and 19th centuries)&#8221; and was a fellow in the project &#8220;Collection studies and advertisements from the Mappin Department Store, 1920 to 1940&#8221;.<br>Lattes CV: <a rel=\"noreferrer noopener\" href=\"http:\/\/lattes.cnpq.br\/7381947820685042\" target=\"_blank\">http:\/\/lattes.cnpq.br\/7381947820685042<\/a><br>Orcid: <a rel=\"noreferrer noopener\" href=\"https:\/\/orcid.org\/0000-0002-1034-1226\" target=\"_blank\">https:\/\/orcid.org\/0000-0002-1034-1226<\/a><\/p>\n\n\n\n<p><\/p>\n\n\n\n<p><strong>Rafaela Basso<\/strong><\/p>\n\n\n\n<p>Historian in the Central Archive of the State University of Campinas (Unicamp), where she holds the position of Director of the Management and Preservation of Documents and Information Area. She holds a degree in History from Unicamp, with a Master&#8217;s and a Doctorate&#8217;s degrees in History from the same institution. Author of the book <em>Paulista&#8217;s food culture<\/em>: a civilization of corn? 1650-1750. Worked as a professor in the postgraduate course &#8220;Gastronomy: History and Culture&#8221; at Centro Universit\u00e1rio Senac-SP.<br>Lattes CV: <a rel=\"noreferrer noopener\" href=\"http:\/\/lattes.cnpq.br\/9225273449906947\" target=\"_blank\">http:\/\/lattes.cnpq.br\/9225273449906947<\/a><br>Orcid: <a rel=\"noreferrer noopener\" href=\"https:\/\/orcid.org\/0000-0002-9111-4446\" target=\"_blank\">https:\/\/orcid.org\/0000-0002-9111-4446<\/a><\/p>\n\n\n\n<p><\/p>\n\n\n\n<p><strong>Vinicius Ferreira El-helou<\/strong><\/p>\n\n\n\n<p>Undergraduate student in Physics at the University of S\u00e3o Paulo (USP). He is currently a PIPAE (Integrated Research Projects in Strategic Areas) fellow with a Scientific Initiation in the Paulista Museum in the project \u201cMaterial Culture and Food: a systematic study for the construction of a repertoire of kitchen equipment (1860-1960)\u201d, working in the area of Applied Physics to the study and conservation of cultural heritage.<br>Lattes CV: <a rel=\"noreferrer noopener\" href=\"http:\/\/lattes.cnpq.br\/8544938995287722\" target=\"_blank\">http:\/\/lattes.cnpq.br\/8544938995287722<\/a><\/p>\n\n\n\n<p><\/p>\n\n\n\n<p><strong>Vitor Cruz Santos<\/strong><\/p>\n\n\n\n<p>Undergraduate student in History at the University of S\u00e3o Paulo (USP). Participates as a PIPAE (Integrated Research Projects in Strategic Areas) fellow in the Scientific Initiation modality with the project &#8220;The Ipiranga Museum in digital culture &#8211; research and democratization of collections&#8221;.<br>Lattes CV: <a rel=\"noreferrer noopener\" href=\"http:\/\/lattes.cnpq.br\/4346036903631703\" target=\"_blank\">http:\/\/lattes.cnpq.br\/4346036903631703<\/a><\/p>\n\n\n\n<p><\/p>\n\n\n\n<p><strong>Viviane Soares Aguiar<\/strong><\/p>\n\n\n\n<p>Doctoral student in Social History at the University of S\u00e3o Paulo (USP). She holds a Master&#8217;s degree at the same area and in the same university, studied museology at Sotheby&#8217;s Institute of Art &#8211; University of Manchester, in London, and has been dedicated to the study of the relations between material culture, gender and food. Developed and maintains the GEMA website.<br>Lattes CV: <a rel=\"noreferrer noopener\" href=\"http:\/\/lattes.cnpq.br\/3413770150060872\" target=\"_blank\">http:\/\/lattes.cnpq.br\/3413770150060872<\/a><br>Orcid: <a href=\"https:\/\/orcid.org\/0000-0003-3540-2977\">https:\/\/orcid.org\/0000-0003-3540-2977<\/a><\/p>\n\n\n\n<p><\/p>\n\n\n\n<p><\/p>\n\n\n\n<p><\/p>\n\n\n\n<hr class=\"wp-block-separator has-css-opacity\"\/>\n\n\n\n<p><strong>Read more<\/strong><\/p>\n\n\n\n<ul class=\"wp-block-list\"><li>Learn about our <a href=\"https:\/\/sites.usp.br\/gema\/en\/academic-production\/\">academic production<\/a> and watch to <a href=\"https:\/\/sites.usp.br\/gema\/en\/scientific-divulgation\/\" data-type=\"page\" data-id=\"306\">conference and other events videos<\/a><\/li><li>Learn about our current research project: the <a href=\"https:\/\/sites.usp.br\/gema\/en\/a-repertoire-of-kitchen-objects\/\">Illustrated Historical Repertoire of Kitchen Equipment and Tools (S\u00e3o Paulo, 1860-1960)<\/a><\/li><\/ul>\n","protected":false},"excerpt":{"rendered":"<p>Coordinator V\u00e2nia Carneiro de Carvalho Professor at the Paulista Museum of the University of S\u00e3o Paulo, where she has been working since 1990 as a curator in the area of social history. She also works in the Postgraduate Program in Social History of the Department of History of the Faculty of Philosophy, Languages and Literature, [&hellip;]<\/p>\n","protected":false},"author":22739,"featured_media":0,"parent":0,"menu_order":0,"comment_status":"closed","ping_status":"closed","template":"","meta":{"footnotes":"","_links_to":"","_links_to_target":""},"class_list":["post-311","page","type-page","status-publish","hentry"],"_links":{"self":[{"href":"https:\/\/sites.usp.br\/gema\/wp-json\/wp\/v2\/pages\/311","targetHints":{"allow":["GET"]}}],"collection":[{"href":"https:\/\/sites.usp.br\/gema\/wp-json\/wp\/v2\/pages"}],"about":[{"href":"https:\/\/sites.usp.br\/gema\/wp-json\/wp\/v2\/types\/page"}],"author":[{"embeddable":true,"href":"https:\/\/sites.usp.br\/gema\/wp-json\/wp\/v2\/users\/22739"}],"replies":[{"embeddable":true,"href":"https:\/\/sites.usp.br\/gema\/wp-json\/wp\/v2\/comments?post=311"}],"version-history":[{"count":4,"href":"https:\/\/sites.usp.br\/gema\/wp-json\/wp\/v2\/pages\/311\/revisions"}],"predecessor-version":[{"id":670,"href":"https:\/\/sites.usp.br\/gema\/wp-json\/wp\/v2\/pages\/311\/revisions\/670"}],"wp:attachment":[{"href":"https:\/\/sites.usp.br\/gema\/wp-json\/wp\/v2\/media?parent=311"}],"curies":[{"name":"wp","href":"https:\/\/api.w.org\/{rel}","templated":true}]}}