{"id":314,"date":"2022-02-05T11:52:29","date_gmt":"2022-02-05T13:52:29","guid":{"rendered":"https:\/\/sites.usp.br\/gema\/?page_id=314"},"modified":"2025-03-23T22:04:01","modified_gmt":"2025-03-24T00:04:01","slug":"base-de-dados-e-fontes","status":"publish","type":"page","link":"https:\/\/sites.usp.br\/gema\/base-de-dados-e-fontes\/","title":{"rendered":"Base de dados e fontes"},"content":{"rendered":"<div class=\"wp-block-image\">\n<figure class=\"aligncenter size-large\"><a href=\"https:\/\/sites.usp.br\/gema\/wp-content\/uploads\/sites\/1068\/2022\/02\/IMG_1729-scaled-e1645045000658.jpg\"><img loading=\"lazy\" decoding=\"async\" width=\"1024\" height=\"593\" src=\"https:\/\/sites.usp.br\/gema\/wp-content\/uploads\/sites\/1068\/2022\/02\/IMG_1729-scaled-e1645045000658-1024x593.jpg\" alt=\"\" class=\"wp-image-525\" srcset=\"https:\/\/sites.usp.br\/gema\/wp-content\/uploads\/sites\/1068\/2022\/02\/IMG_1729-scaled-e1645045000658-1024x593.jpg 1024w, https:\/\/sites.usp.br\/gema\/wp-content\/uploads\/sites\/1068\/2022\/02\/IMG_1729-scaled-e1645045000658-300x174.jpg 300w, https:\/\/sites.usp.br\/gema\/wp-content\/uploads\/sites\/1068\/2022\/02\/IMG_1729-scaled-e1645045000658-768x445.jpg 768w, https:\/\/sites.usp.br\/gema\/wp-content\/uploads\/sites\/1068\/2022\/02\/IMG_1729-scaled-e1645045000658-1536x890.jpg 1536w, https:\/\/sites.usp.br\/gema\/wp-content\/uploads\/sites\/1068\/2022\/02\/IMG_1729-scaled-e1645045000658-400x232.jpg 400w, https:\/\/sites.usp.br\/gema\/wp-content\/uploads\/sites\/1068\/2022\/02\/IMG_1729-scaled-e1645045000658.jpg 1811w\" sizes=\"auto, (max-width: 1024px) 100vw, 1024px\" \/><\/a><figcaption class=\"wp-element-caption\"><sup><em>O lar e a sa\u00fade da fam\u00edlia<\/em> (cerca de 1920), um dos manuais dom\u00e9sticos usados na pesquisa. (Digitaliza\u00e7\u00e3o: Laura Stocco<\/sup><br><sup>Felicio; Cole\u00e7\u00e3o particular Ana Maria Camargo)<\/sup><\/figcaption><\/figure>\n<\/div>\n\n\n<p><\/p>\n\n\n\n<p><\/p>\n\n\n\n<p>Com previs\u00e3o de publica\u00e7\u00e3o para 2025, o livro <strong><em><a href=\"https:\/\/sites.usp.br\/gema\/repertorio-historico-da-cozinha\/\" data-type=\"page\" data-id=\"64\">Objetos de cozinha \u2013<\/a> <a href=\"https:\/\/sites.usp.br\/gema\/repertorio-historico-da-cozinha\/\" data-type=\"page\" data-id=\"64\">biografias (1860-1960)<\/a><\/em><\/strong> foi produzido a partir de uma pesquisa que reuniu, em uma base de dados criada especialmente para o projeto, mais de 15 mil informa\u00e7\u00f5es sobre artefatos culin\u00e1rios. Diversos tipos de fonte abasteceram esse arsenal hist\u00f3rico, <strong><a href=\"https:\/\/sites.usp.br\/gema\/acervo-de-fontes-digitalizadas-do-gema\/\" target=\"_blank\" rel=\"noreferrer noopener\">e algumas foram digitalizadas e est\u00e3o dispon\u00edveis para download aqui.<\/a><\/strong><\/p>\n\n\n\n<h4 class=\"wp-block-heading\" id=\"objetos\"><strong>Objetos<\/strong><\/h4>\n\n\n\n<p><a href=\"https:\/\/museudoipiranga.org.br\/acervo\/acervo-online\/\" target=\"_blank\" rel=\"noreferrer noopener\">Museu Paulista (USP)<\/a><br><a rel=\"noreferrer noopener\" href=\"https:\/\/mcb.org.br\/pt\/museologico\/colecao-mcb\" target=\"_blank\">Museu da Casa Brasileira<\/a><br><a rel=\"noreferrer noopener\" href=\"https:\/\/acervodigital.secult.mg.gov.br\/colecao-fundo\/secao-cozinha-fundo-objetos\" target=\"_blank\">Acervo Digital da Secretaria de Cultura de Minas Gerais<\/a> <br><a rel=\"noreferrer noopener\" href=\"https:\/\/culinaryartsmuseum.pastperfectonline.com\/webobject\" target=\"_blank\">Culinary Arts Museum (Johnson &amp; Wales University, Rhode Island, Estados Unidos)<\/a><br><a rel=\"noreferrer noopener\" href=\"https:\/\/d.lib.msu.edu\/islandora\/search\/?collection_page=famo&amp;type=dismax&amp;f[0]=RELS_EXT_isMemberOfCollection_uri_ms:%22info:fedora\/famo:root%22&amp;sort=fgs_label_s%20asc\" target=\"_blank\">Feeding America Museum Objects (Michigan State University Museum, Estados Unidos)<\/a> <br><a rel=\"noreferrer noopener\" href=\"https:\/\/www.historicnewengland.org\/collections-search\/?action=https%3A%2F%2Fwww.historicnewengland.org%2Fcollections-search&amp;search=&amp;category=cooking-equipment&amp;preserve-filters=1\" target=\"_blank\">Historic New England (Boston, Massachusetts, Estados Unidos)<\/a><br><a rel=\"noreferrer noopener\" href=\"https:\/\/collection.maas.museum\/search\" target=\"_blank\">Museum of Applied Arts &amp; Sciences (Sidney, Austr\u00e1lia)<\/a><\/p>\n\n\n\n<h4 class=\"wp-block-heading\" id=\"anuncios-publicitarios\"><strong>An\u00fancios publicit\u00e1rios<\/strong><\/h4>\n\n\n\n<p>Cole\u00e7\u00e3o de cat\u00e1logos Mappin (Museu Paulista &#8211; USP)<\/p>\n\n\n\n<h4 class=\"wp-block-heading\" id=\"inventarios\">Invent\u00e1rios<\/h4>\n\n\n\n<p>Acervo Ernani Silva Bruno (Museu da Casa Brasileira)<\/p>\n\n\n\n<h4 class=\"wp-block-heading\" id=\"periodicos\">Peri\u00f3dicos<\/h4>\n\n\n\n<p><em>Revista Feminina <\/em>(Biblioteca Digital da Unesp)<br><em>A Cigarra<\/em> (Hemeroteca Digital da Biblioteca Nacional)<br><em>A Vida Moderna<\/em> (Hemeroteca Digital da Biblioteca Nacional)<br><em>O Cruzeiro<\/em> (Hemeroteca Digital da Biblioteca Nacional)<br><em>Vida Dom\u00e9stica<\/em> (Hemeroteca Digital da Biblioteca Nacional)<br><em>O Estado de S. Paulo<\/em> (Acervo Estad\u00e3o)<br><em>Casa &amp; Jardim<\/em> (FAU-USP)<\/p>\n\n\n\n<h4 class=\"wp-block-heading\" id=\"livros-de-receitas-e-manuais-domesticos\">Livros de receitas e manuais dom\u00e9sticos<\/h4>\n\n\n\n<p>ALMEIDA, Julia Lopes de. <strong><a rel=\"noreferrer noopener\" href=\"https:\/\/archive.org\/details\/3520531\/\" target=\"_blank\">Livro das noivas<\/a><\/strong>. Rio de Janeiro: Typographia Francisco Alves, 1914 [1896].<\/p>\n\n\n\n<p>BROCKMANN, Wanda. <strong>O livro da quituteira<\/strong>. Porto Alegre: Edi\u00e7\u00e3o da Livraria do Globo, s.d. (Acervo particular Ana Maria Camargo)<\/p>\n\n\n\n<p>COSTA, Roberto S. <strong>Manual da dona de casa<\/strong>. S\u00e3o Paulo: Edi\u00e7\u00f5es Para Todos, 1951. (Acervo particular Ana Maria Camargo)<\/p>\n\n\n\n<p>CLESER, Vera. <a href=\"http:\/\/www.bibliotecadigital.unicamp.br\/document\/?code=74109\" target=\"_blank\" rel=\"noreferrer noopener\"><strong>O lar domestico<\/strong>: conselhos pr\u00e1ticos sobre a boa direc\u00e7\u00e3o de uma casa<\/a>. Rio de Janeiro\/S\u00e3o Paulo: Laemmert &amp; C., 1902. (Biblioteca Digital Unicamp)<\/p>\n\n\n\n<p>DONA LEOPOLDINA. <strong>Manual da dona de casa<\/strong>: Sugest\u00f5es \u00fateis e pr\u00e1ticas. S\u00e3o Paulo: Companhia Brasil Editora, 1956. (Acervo particular Ana Maria Camargo)<\/p>\n\n\n\n<p>JAPUR, Jamile. <strong>Cozinha tradicional paulista<\/strong>. S\u00e3o Paulo: Folk Promo\u00e7\u00f5es, 1963. (Acervo particular Viviane Soares Aguiar)<\/p>\n\n\n\n<p>MORAES, Teka Lobato de. <strong>Quitutes de Tia Nast\u00e1cia<\/strong>. S\u00e3o Paulo: Editora Universit\u00e1ria, s.d. (Acervo particular Ana Maria Camargo)<\/p>\n\n\n\n<p>O LAR E A SA\u00daDE DA FAM\u00cdLIA. S\u00e3o Paulo: Sociedade Promotora da Sa\u00fade no Pa\u00eds, s.d. [1914?]. (Acervo particular Ana Maria Camargo) <a href=\"https:\/\/archive.org\/details\/homehealthhouseh00moun\/\" target=\"_blank\" rel=\"noreferrer noopener\">Leia aqui a edi\u00e7\u00e3o original estadunidense<\/a>.<\/p>\n\n\n\n<p>SILVA, Eduardo T. <strong>A sciencia no lar dom\u00e9stico<\/strong>. S\u00e3o Paulo: C Teixeira &amp; C, 1924. (Acervo particular Ana Maria Camargo)<\/p>\n\n\n\n<p>SOUZA, Bento Jord\u00e3o. <strong>Manual da dona-de-casa<\/strong>: ind\u00fastria de domicilio, receitas e processos caseiros, arte culin\u00e1ria, etc. S\u00e3o Paulo: Typ. Hennies Irm\u00e3os, 1916. (Acervo particular Ana Maria Camargo)<\/p>\n\n\n\n<p>VAZ, Eulalia. <a href=\"https:\/\/digital.bbm.usp.br\/handle\/bbm\/3826\" target=\"_blank\" rel=\"noreferrer noopener\"><strong>A sciencia no lar moderno<\/strong><\/a>. S\u00e3o Paulo: s.e., 1912. (Biblioteca Brasiliana Guita e Jos\u00e9 Mindlin &#8211; USP)<\/p>\n\n\n\n<p><strong>Outras publica\u00e7\u00f5es <\/strong><\/p>\n\n\n\n<p><a rel=\"noreferrer noopener\" href=\"https:\/\/www.bbm.usp.br\/pt-br\/dicionarios\/\" target=\"_blank\">Dicion\u00e1rios de portugu\u00eas do per\u00edodo colonial<\/a> (Biblioteca Brasiliana Guita e Jos\u00e9 Mindlin &#8211; USP) <\/p>\n\n\n\n<p>FLOREN\u00c7ANO, Paulo Camilher; ABREU, Maria Morgado de. <strong>Culin\u00e1ria tradicional do Vale do Para\u00edba<\/strong>. Taubat\u00e9: JAC, 1992 [1987].<\/p>\n\n\n\n<p><\/p>\n\n\n\n<hr class=\"wp-block-separator has-css-opacity\"\/>\n\n\n\n<p><strong>Leia mais<\/strong><\/p>\n\n\n\n<ul class=\"wp-block-list\">\n<li>Conhe\u00e7a o livro <a href=\"https:\/\/sites.usp.br\/gema\/repertorio-historico-da-cozinha\/\" data-type=\"page\" data-id=\"64\"><strong><em>Objetos de cozinha <strong><a href=\"https:\/\/sites.usp.br\/gema\/repertorio-historico-da-cozinha\/\" data-type=\"page\" data-id=\"64\">\u2013<\/a><\/strong> biografias (1860-1960)<\/em><\/strong><\/a>, antes chamado de <em>Repert\u00f3rio Hist\u00f3rico Ilustrado de Equipamentos e Ferramentas de Cozinha.<\/em><\/li>\n\n\n\n<li>Conhe\u00e7a a <a href=\"https:\/\/sites.usp.br\/gema\/bibliografia-completa\/\" data-type=\"page\" data-id=\"321\">bibliografia<\/a> do projeto<\/li>\n\n\n\n<li>Conhe\u00e7a a <a href=\"https:\/\/sites.usp.br\/gema\/producao-academica\/\" data-type=\"page\" data-id=\"298\">produ\u00e7\u00e3o acad\u00eamica<\/a> da equipe do GEMA<\/li>\n<\/ul>\n\n\n\n<p><\/p>\n","protected":false},"excerpt":{"rendered":"<p>Com previs\u00e3o de publica\u00e7\u00e3o para 2025, o livro Objetos de cozinha \u2013 biografias (1860-1960) foi produzido a partir de uma pesquisa que reuniu, em uma base de dados criada especialmente para o projeto, mais de 15 mil informa\u00e7\u00f5es sobre artefatos culin\u00e1rios. Diversos tipos de fonte abasteceram esse arsenal hist\u00f3rico, e algumas foram digitalizadas e est\u00e3o [&hellip;]<\/p>\n","protected":false},"author":22739,"featured_media":0,"parent":0,"menu_order":0,"comment_status":"closed","ping_status":"closed","template":"","meta":{"footnotes":"","_links_to":"","_links_to_target":""},"class_list":["post-314","page","type-page","status-publish","hentry"],"_links":{"self":[{"href":"https:\/\/sites.usp.br\/gema\/wp-json\/wp\/v2\/pages\/314","targetHints":{"allow":["GET"]}}],"collection":[{"href":"https:\/\/sites.usp.br\/gema\/wp-json\/wp\/v2\/pages"}],"about":[{"href":"https:\/\/sites.usp.br\/gema\/wp-json\/wp\/v2\/types\/page"}],"author":[{"embeddable":true,"href":"https:\/\/sites.usp.br\/gema\/wp-json\/wp\/v2\/users\/22739"}],"replies":[{"embeddable":true,"href":"https:\/\/sites.usp.br\/gema\/wp-json\/wp\/v2\/comments?post=314"}],"version-history":[{"count":4,"href":"https:\/\/sites.usp.br\/gema\/wp-json\/wp\/v2\/pages\/314\/revisions"}],"predecessor-version":[{"id":841,"href":"https:\/\/sites.usp.br\/gema\/wp-json\/wp\/v2\/pages\/314\/revisions\/841"}],"wp:attachment":[{"href":"https:\/\/sites.usp.br\/gema\/wp-json\/wp\/v2\/media?parent=314"}],"curies":[{"name":"wp","href":"https:\/\/api.w.org\/{rel}","templated":true}]}}