{"id":318,"date":"2022-02-05T12:02:38","date_gmt":"2022-02-05T14:02:38","guid":{"rendered":"https:\/\/sites.usp.br\/gema\/?page_id=318"},"modified":"2025-03-23T22:12:21","modified_gmt":"2025-03-24T00:12:21","slug":"database-and-sources","status":"publish","type":"page","link":"https:\/\/sites.usp.br\/gema\/en\/database-and-sources\/","title":{"rendered":"Database and sources"},"content":{"rendered":"\n<figure class=\"wp-block-image size-large\"><a href=\"https:\/\/sites.usp.br\/gema\/wp-content\/uploads\/sites\/1068\/2022\/02\/IMG_1729-1.jpg\"><img loading=\"lazy\" decoding=\"async\" width=\"1024\" height=\"594\" src=\"https:\/\/sites.usp.br\/gema\/wp-content\/uploads\/sites\/1068\/2022\/02\/IMG_1729-1-1024x594.jpg\" alt=\"\" class=\"wp-image-528\" srcset=\"https:\/\/sites.usp.br\/gema\/wp-content\/uploads\/sites\/1068\/2022\/02\/IMG_1729-1-1024x594.jpg 1024w, https:\/\/sites.usp.br\/gema\/wp-content\/uploads\/sites\/1068\/2022\/02\/IMG_1729-1-300x174.jpg 300w, https:\/\/sites.usp.br\/gema\/wp-content\/uploads\/sites\/1068\/2022\/02\/IMG_1729-1-768x445.jpg 768w, https:\/\/sites.usp.br\/gema\/wp-content\/uploads\/sites\/1068\/2022\/02\/IMG_1729-1-1536x891.jpg 1536w, https:\/\/sites.usp.br\/gema\/wp-content\/uploads\/sites\/1068\/2022\/02\/IMG_1729-1-2048x1188.jpg 2048w, https:\/\/sites.usp.br\/gema\/wp-content\/uploads\/sites\/1068\/2022\/02\/IMG_1729-1-400x232.jpg 400w\" sizes=\"auto, (max-width: 1024px) 100vw, 1024px\" \/><\/a><figcaption class=\"wp-element-caption\"><sup><em>Home and Health <\/em>(circa 1920), one of the domestic manuals used in our research (Image: Laura Stocco Felicio; Private Collection: Ana Maria Camargo)<\/sup><\/figcaption><\/figure>\n\n\n\n<p><\/p>\n\n\n\n<p><\/p>\n\n\n\n<p>Scheduled for publication in 2025, the book <em><strong>Kitchen Objects \u2013 Biographies (1860-1960)<\/strong><\/em> was produced from a research that gathered over 15,000 pieces of information about culinary artifacts into a database created specifically for the project. Various types of sources contributed to this historical arsenal, such as:<\/p>\n\n\n\n<h4 class=\"wp-block-heading\" id=\"objects\"><strong>Objects<\/strong><\/h4>\n\n\n\n<p><a rel=\"noreferrer noopener\" href=\"http:\/\/www.acervo.mp.usp.br\/ObjetosV2.aspx\" target=\"_blank\">Paulista Museum (USP, Brazil)<\/a><br><a rel=\"noreferrer noopener\" href=\"https:\/\/mcb.org.br\/pt\/museologico\/colecao-mcb\" target=\"_blank\">Brazilian House Museum (S\u00e3o Paulo, Brazil)<\/a>  <br><a rel=\"noreferrer noopener\" href=\"https:\/\/acervodigital.secult.mg.gov.br\/colecao-fundo\/secao-cozinha-fundo-objetos\" target=\"_blank\">Digital Collections of Minas Gerais Culture Department (Minas Gerais, Brazil)<\/a>   <br><a rel=\"noreferrer noopener\" href=\"https:\/\/culinaryartsmuseum.pastperfectonline.com\/webobject\" target=\"_blank\">Culinary Arts Museum (Johnson &amp; Wales University, Rhode Island, USA)<\/a><br><a rel=\"noreferrer noopener\" href=\"https:\/\/d.lib.msu.edu\/islandora\/search\/?collection_page=famo&amp;type=dismax&amp;f[0]=RELS_EXT_isMemberOfCollection_uri_ms:%22info:fedora\/famo:root%22&amp;sort=fgs_label_s%20asc\" target=\"_blank\">Feeding America Museum Objects (Michigan State University Museum, USA)<\/a> <br><a rel=\"noreferrer noopener\" href=\"https:\/\/www.historicnewengland.org\/collections-search\/?action=https%3A%2F%2Fwww.historicnewengland.org%2Fcollections-search&amp;search=&amp;category=cooking-equipment&amp;preserve-filters=1\" target=\"_blank\">Historic New England (Boston, Massachusetts, USA)<\/a><br><a rel=\"noreferrer noopener\" href=\"https:\/\/collection.maas.museum\/search\" target=\"_blank\">Museum of Applied Arts &amp; Sciences (Sidney, Australia)<\/a><\/p>\n\n\n\n<h4 class=\"wp-block-heading\" id=\"advertisement\"><strong>Advertisement<\/strong>s<\/h4>\n\n\n\n<p>Mappin Stores Catalogue Collection (Paulista Museum &#8211; USP)<\/p>\n\n\n\n<h4 class=\"wp-block-heading\" id=\"inventories\">Inventories<\/h4>\n\n\n\n<p>Ernani Silva Bruno Archive (Brazilian House Museum)<\/p>\n\n\n\n<h4 class=\"wp-block-heading\" id=\"newspapers-and-magazines\">Newspapers and magazines<\/h4>\n\n\n\n<p><em>Revista Feminina <\/em>(Unesp Digital Library)<br><em>A Cigarra<\/em> (Digital Newspaper Library of the National Library)<br><em>A Vida Moderna<\/em> (Digital Newspaper Library of the National Library)<br><em>O Cruzeiro<\/em> (Digital Newspaper Library of the National Library)<br><em>Vida Dom\u00e9stica<\/em> (Digital Newspaper Library of the National Library)<br><em>O Estado de S. Paulo<\/em> (Estado de S. Paulo Archive)<br><em>Casa &amp; Jardim<\/em> (Architecture and Urbanism College of the University of S\u00e3o Paulo)<\/p>\n\n\n\n<h4 class=\"wp-block-heading\" id=\"cookbooks-and-domestic-manuals\">Cookbooks and Domestic Manuals<\/h4>\n\n\n\n<p>ALMEIDA, Julia Lopes de. <strong><a rel=\"noreferrer noopener\" href=\"https:\/\/archive.org\/details\/3520531\/\" target=\"_blank\">Livro das noivas<\/a><\/strong>. Rio de Janeiro: Typographia Francisco Alves, 1914 [1896].<\/p>\n\n\n\n<p>BROCKMANN, Wanda. <strong>O livro da quituteira<\/strong>. Porto Alegre: Edi\u00e7\u00e3o da Livraria do Globo, s.d. (Private Collection Ana Maria Camargo)<\/p>\n\n\n\n<p>COSTA, Roberto S. <strong>Manual da dona de casa<\/strong>. S\u00e3o Paulo: Edi\u00e7\u00f5es Para Todos, 1951. (Private Collection Ana Maria Camargo)<\/p>\n\n\n\n<p>CLESER, Vera. <a rel=\"noreferrer noopener\" href=\"http:\/\/www.bibliotecadigital.unicamp.br\/document\/?code=74109\" target=\"_blank\"><strong>O lar domestico<\/strong>: conselhos pr\u00e1ticos sobre a boa direc\u00e7\u00e3o de uma casa<\/a>. Rio de Janeiro\/S\u00e3o Paulo: Laemmert &amp; C., 1902. (State University of Campinas Digital Library)<\/p>\n\n\n\n<p>DONA LEOPOLDINA. <strong>Manual da dona de casa<\/strong>: Sugest\u00f5es \u00fateis e pr\u00e1ticas. S\u00e3o Paulo: Companhia Brasil Editora, 1956. (Private Collection Ana Maria Camargo)<\/p>\n\n\n\n<p>JAPUR, Jamile. <strong>Cozinha tradicional paulista<\/strong>. S\u00e3o Paulo: Folk Promo\u00e7\u00f5es, 1963. (Private Collection Viviane Soares Aguiar)<\/p>\n\n\n\n<p>MORAES, Teka Lobato de. <strong>Quitutes de Tia Nast\u00e1cia<\/strong>. S\u00e3o Paulo: Editora Universit\u00e1ria, s.d. (Private Collection Ana Maria Camargo)<\/p>\n\n\n\n<p>O LAR E A SA\u00daDE DA FAM\u00cdLIA. S\u00e3o Paulo: Sociedade Promotora da Sa\u00fade no Pa\u00eds, s.d. [1914?]. (Private Collection Ana Maria Camargo) <a rel=\"noreferrer noopener\" href=\"https:\/\/archive.org\/details\/homehealthhouseh00moun\/\" target=\"_blank\">Read here the American first edition<\/a>.<\/p>\n\n\n\n<p>SILVA, Eduardo T. <strong>A sciencia no lar dom\u00e9stico<\/strong>. S\u00e3o Paulo: C Teixeira &amp; C, 1924. (Private Collection Ana Maria Camargo)<\/p>\n\n\n\n<p>SOUZA, Bento Jord\u00e3o. <strong>Manual da dona-de-casa<\/strong>: ind\u00fastria de domicilio, receitas e processos caseiros, arte culin\u00e1ria, etc. S\u00e3o Paulo: Typ. Hennies Irm\u00e3os, 1916. (Private Collection Ana Maria Camargo)<\/p>\n\n\n\n<p>VAZ, Eulalia. <a rel=\"noreferrer noopener\" href=\"https:\/\/digital.bbm.usp.br\/handle\/bbm\/3826\" target=\"_blank\"><strong>A sciencia no lar moderno<\/strong><\/a>. S\u00e3o Paulo: s.e., 1912. (Brasiliana Library Guita and Jos\u00e9 Mindlin &#8211; University of S\u00e3o Paulo)<\/p>\n\n\n\n<p><\/p>\n\n\n\n<hr class=\"wp-block-separator has-css-opacity\"\/>\n\n\n\n<p><\/p>\n","protected":false},"excerpt":{"rendered":"<p>Scheduled for publication in 2025, the book Kitchen Objects \u2013 Biographies (1860-1960) was produced from a research that gathered over 15,000 pieces of information about culinary artifacts into a database created specifically for the project. Various types of sources contributed to this historical arsenal, such as: Objects Paulista Museum (USP, Brazil)Brazilian House Museum (S\u00e3o Paulo, [&hellip;]<\/p>\n","protected":false},"author":22739,"featured_media":0,"parent":0,"menu_order":0,"comment_status":"closed","ping_status":"closed","template":"","meta":{"footnotes":"","_links_to":"","_links_to_target":""},"class_list":["post-318","page","type-page","status-publish","hentry"],"_links":{"self":[{"href":"https:\/\/sites.usp.br\/gema\/wp-json\/wp\/v2\/pages\/318","targetHints":{"allow":["GET"]}}],"collection":[{"href":"https:\/\/sites.usp.br\/gema\/wp-json\/wp\/v2\/pages"}],"about":[{"href":"https:\/\/sites.usp.br\/gema\/wp-json\/wp\/v2\/types\/page"}],"author":[{"embeddable":true,"href":"https:\/\/sites.usp.br\/gema\/wp-json\/wp\/v2\/users\/22739"}],"replies":[{"embeddable":true,"href":"https:\/\/sites.usp.br\/gema\/wp-json\/wp\/v2\/comments?post=318"}],"version-history":[{"count":4,"href":"https:\/\/sites.usp.br\/gema\/wp-json\/wp\/v2\/pages\/318\/revisions"}],"predecessor-version":[{"id":846,"href":"https:\/\/sites.usp.br\/gema\/wp-json\/wp\/v2\/pages\/318\/revisions\/846"}],"wp:attachment":[{"href":"https:\/\/sites.usp.br\/gema\/wp-json\/wp\/v2\/media?parent=318"}],"curies":[{"name":"wp","href":"https:\/\/api.w.org\/{rel}","templated":true}]}}