{"id":382,"date":"2022-02-05T17:11:17","date_gmt":"2022-02-05T19:11:17","guid":{"rendered":"https:\/\/sites.usp.br\/gema\/?page_id=382"},"modified":"2022-02-11T14:55:51","modified_gmt":"2022-02-11T16:55:51","slug":"news","status":"publish","type":"page","link":"https:\/\/sites.usp.br\/gema\/en\/news\/","title":{"rendered":"News"},"content":{"rendered":"\n\n\n<div class=\"su-posts su-posts-default-loop \">\n\n\t\n\t\t\t\t\t\n\t\t\t\n\t\t\t<div id=\"su-post-720\" class=\"su-post \">\n\n\t\t\t\t\n\t\t\t\t<h2 class=\"su-post-title\"><a href=\"https:\/\/sites.usp.br\/gema\/pesquisadora-do-gema-ganha-premio-no-siicusp\/\">Pesquisadora do GEMA ganha pr\u00eamio no 30\u00ba SIICUSP<\/a><\/h2>\n\n\t\t\t\t<div class=\"su-post-meta\">\n\t\t\t\t\tPosted: 05\/06\/2023\t\t\t\t<\/div>\n\n\t\t\t\t<div class=\"su-post-excerpt\">\n\t\t\t\t\t<p>Em dezembro de 2022, a pesquisadora Luiza Marino Sales, estagi\u00e1ria do Museu Paulista (Museu do Ipiranga) e integrante do GEMA, apresentou um pouco de sua participa\u00e7\u00e3o na produ\u00e7\u00e3o do Repert\u00f3rio Hist\u00f3rico Ilustrado de Ferramentas e Equipamentos de Cozinha na etapa internacional do 30\u00ba Simp\u00f3sio Internacional de Inicia\u00e7\u00e3o Cient\u00edfica e Tecnol\u00f3gica da USP (SIICUSP). Mais do [&hellip;]<\/p>\n\t\t\t\t<\/div>\n\n\t\t\t\t\n\t\t\t<\/div>\n\n\t\t\t\t\t\n\t\t\t\n\t\t\t<div id=\"su-post-626\" class=\"su-post \">\n\n\t\t\t\t\n\t\t\t\t<h2 class=\"su-post-title\"><a href=\"https:\/\/sites.usp.br\/gema\/en\/gema-researcher-propagates-group-studies-in-the-united-states\/\">GEMA researcher propagates group studies in the United States<\/a><\/h2>\n\n\t\t\t\t<div class=\"su-post-meta\">\n\t\t\t\t\tPosted: 05\/04\/2022\t\t\t\t<\/div>\n\n\t\t\t\t<div class=\"su-post-excerpt\">\n\t\t\t\t\t<p>Between February and June 2022, historian Laura Stocco Felicio is conducting a research internship at Duke University, in Durham (North Carolina\/United States) with funding from FAPESP (21\/11529-9). In her master&#8217;s degree in Social History (USP), Laura develops the research &#8220;Electricity in the kitchen: hygiene, rationality and consumption in S\u00e3o Paulo (1920-1960)&#8221;, with the guidance of [&hellip;]<\/p>\n\t\t\t\t<\/div>\n\n\t\t\t\t\n\t\t\t<\/div>\n\n\t\t\t\t\t\n\t\t\t\n\t\t\t<div id=\"su-post-624\" class=\"su-post \">\n\n\t\t\t\t\n\t\t\t\t<h2 class=\"su-post-title\"><a href=\"https:\/\/sites.usp.br\/gema\/en\/kitchen-artifacts-and-women-learn-more-about-maria-eugenia-gomes-masters-defense\/\">Kitchen, artifacts and women: learn more about Maria Eug\u00eania Gomes&#8217; master&#8217;s defense<\/a><\/h2>\n\n\t\t\t\t<div class=\"su-post-meta\">\n\t\t\t\t\tPosted: 05\/04\/2022\t\t\t\t<\/div>\n\n\t\t\t\t<div class=\"su-post-excerpt\">\n\t\t\t\t\t<p>On March 25, 2022, researcher Maria Eug\u00eania Ferreira Gomes defended her master&#8217;s thesis in Social History (USP), &#8220;Kitchen, artifacts and women &#8211; S\u00e3o Paulo, 1880-1970&#8221;, under the supervision of Professor V\u00e2nia Carneiro de Carvalho, coordinator of the GEMA. The panel consisted of Professor Jo\u00e3o Luiz M\u00e1ximo da Silva (Senac University Center-S\u00e3o Paulo) and Doctors Rafaela [&hellip;]<\/p>\n\t\t\t\t<\/div>\n\n\t\t\t\t\n\t\t\t<\/div>\n\n\t\t\t\t\t\n\t\t\t\n\t\t\t<div id=\"su-post-615\" class=\"su-post \">\n\n\t\t\t\t\n\t\t\t\t<h2 class=\"su-post-title\"><a href=\"https:\/\/sites.usp.br\/gema\/en\/gema-members-visit-ipiranga-museum-under-reconstruction\/\">GEMA members visit Ipiranga Museum under reconstruction<\/a><\/h2>\n\n\t\t\t\t<div class=\"su-post-meta\">\n\t\t\t\t\tPosted: 05\/04\/2022\t\t\t\t<\/div>\n\n\t\t\t\t<div class=\"su-post-excerpt\">\n\t\t\t\t\t<p>On April 29, 2022, GEMA researchers visited the renovation and restoration works of the Paulista Museum of the University of S\u00e3o Paulo, also called Ipiranga Museum. On the occasion, it was possible to see the setup of the &#8220;Work and Happiness&#8221; room, resulting from research carried out by the group&#8217;s coordinator, Professor V\u00e2nia Carneiro de [&hellip;]<\/p>\n\t\t\t\t<\/div>\n\n\t\t\t\t\n\t\t\t<\/div>\n\n\t\t\t\t\t\n\t\t\t\n\t\t\t<div id=\"su-post-605\" class=\"su-post \">\n\n\t\t\t\t\n\t\t\t\t<h2 class=\"su-post-title\"><a href=\"https:\/\/sites.usp.br\/gema\/integrantes-do-gema-visitam-obras-do-museu-do-ipiranga\/\">Integrantes do GEMA visitam obras do Museu do Ipiranga<\/a><\/h2>\n\n\t\t\t\t<div class=\"su-post-meta\">\n\t\t\t\t\tPosted: 05\/04\/2022\t\t\t\t<\/div>\n\n\t\t\t\t<div class=\"su-post-excerpt\">\n\t\t\t\t\t<p>No dia 29 de abril de 2022, os pesquisadores do GEMA visitaram as obras de reforma e restaura\u00e7\u00e3o do Museu Paulista da USP, o Museu do Ipiranga. Na ocasi\u00e3o, foi poss\u00edvel conferir a montagem da sala &#8220;Trabalho e Felicidade&#8221;, resultante das pesquisas elaboradas pela coordenadora do grupo, a Professora Doutora V\u00e2nia Carneiro de Carvalho, e [&hellip;]<\/p>\n\t\t\t\t<\/div>\n\n\t\t\t\t\n\t\t\t<\/div>\n\n\t\t\t\t\t\n\t\t\t\n\t\t\t<div id=\"su-post-600\" class=\"su-post \">\n\n\t\t\t\t\n\t\t\t\t<h2 class=\"su-post-title\"><a href=\"https:\/\/sites.usp.br\/gema\/cozinha-artefatos-e-mulheres-saiba-mais-sobre-a-defesa-de-mestrado-de-pesquisadora-do-gema\/\">Cozinha, artefatos e mulheres: saiba mais sobre a defesa de mestrado de Maria Eug\u00eania Gomes<\/a><\/h2>\n\n\t\t\t\t<div class=\"su-post-meta\">\n\t\t\t\t\tPosted: 05\/04\/2022\t\t\t\t<\/div>\n\n\t\t\t\t<div class=\"su-post-excerpt\">\n\t\t\t\t\t<p>No dia 25 de mar\u00e7o de 2022, a pesquisadora Maria Eug\u00eania Ferreira Gomes defendeu sua disserta\u00e7\u00e3o de mestrado em Hist\u00f3ria Social (USP), &#8220;Cozinha, artefatos e mulheres &#8211; S\u00e3o Paulo, 1880-1970&#8221;, sob orienta\u00e7\u00e3o da Professora Doutora V\u00e2nia Carneiro de Carvalho, coordenadora do GEMA. A banca foi composta pelo Professor Doutor Jo\u00e3o Luiz M\u00e1ximo da Silva (Centro [&hellip;]<\/p>\n\t\t\t\t<\/div>\n\n\t\t\t\t\n\t\t\t<\/div>\n\n\t\t\t\t\t\n\t\t\t\n\t\t\t<div id=\"su-post-591\" class=\"su-post \">\n\n\t\t\t\t\n\t\t\t\t<h2 class=\"su-post-title\"><a href=\"https:\/\/sites.usp.br\/gema\/pesquisadora-do-gema-divulga-estudos-do-grupo-nos-estados-unidos\/\">Pesquisadora do GEMA divulga estudos do grupo nos Estados Unidos<\/a><\/h2>\n\n\t\t\t\t<div class=\"su-post-meta\">\n\t\t\t\t\tPosted: 05\/04\/2022\t\t\t\t<\/div>\n\n\t\t\t\t<div class=\"su-post-excerpt\">\n\t\t\t\t\t<p>Entre fevereiro e junho de 2022, a pesquisadora Laura Stocco Felicio est\u00e1 realizando um est\u00e1gio de pesquisa na Duke University, em Durham (Carolina do Norte\/Estados Unidos) com financiamento da FAPESP (21\/11529-9). No mestrado em Hist\u00f3ria Social (USP), Laura desenvolve a pesquisa &#8220;A eletricidade na cozinha: higiene, racionalidade e consumo em S\u00e3o Paulo (1920-1960)&#8221;, com orienta\u00e7\u00e3o [&hellip;]<\/p>\n\t\t\t\t<\/div>\n\n\t\t\t\t\n\t\t\t<\/div>\n\n\t\t\t\t\t\n\t\t\t\n\t\t\t<div id=\"su-post-345\" class=\"su-post \">\n\n\t\t\t\t\n\t\t\t\t<h2 class=\"su-post-title\"><a href=\"https:\/\/sites.usp.br\/gema\/en\/gema-and-casas-e-coisas-exhibition-in-the-new-museu-do-ipiranga\/\">GEMA and Casas e Coisas Exhibition, in the New Museu do Ipiranga<\/a><\/h2>\n\n\t\t\t\t<div class=\"su-post-meta\">\n\t\t\t\t\tPosted: 05\/02\/2022\t\t\t\t<\/div>\n\n\t\t\t\t<div class=\"su-post-excerpt\">\n\t\t\t\t\t<p>The Illustrated Historical Repertory of Kitchen Equipment and Tools (S\u00e3o Paulo, 1860-1960) should be published in 2023, but some of our work can already be known in a visit to the room &#8220;Trabalho e Felicidade&#8221; [&#8220;Work and Happiness&#8221;], of the exhibition Casas e Coisas [Houses and Things], at the relaunch of Paulista Museum, the Museu [&hellip;]<\/p>\n\t\t\t\t<\/div>\n\n\t\t\t\t\n\t\t\t<\/div>\n\n\t\t\t\t\t\n\t\t\t\n\t\t\t<div id=\"su-post-343\" class=\"su-post \">\n\n\t\t\t\t\n\t\t\t\t<h2 class=\"su-post-title\"><a href=\"https:\/\/sites.usp.br\/gema\/o-gema-e-a-exposicao-casas-e-coisas-do-novo-museu-do-ipiranga\/\">O GEMA e a exposi\u00e7\u00e3o Casas e Coisas, no Museu do Ipiranga<\/a><\/h2>\n\n\t\t\t\t<div class=\"su-post-meta\">\n\t\t\t\t\tPosted: 05\/02\/2022\t\t\t\t<\/div>\n\n\t\t\t\t<div class=\"su-post-excerpt\">\n\t\t\t\t\t<p>O Repert\u00f3rio Hist\u00f3rico Ilustrado de Equipamentos e Ferramentas de Cozinha (S\u00e3o Paulo, 1860-1960) deve ser publicado em 2023, mas um pouco de nosso trabalho j\u00e1 poder\u00e1 ser conhecido em uma visita \u00e0 sala &#8220;Trabalho e Felicidade&#8221;, da exposi\u00e7\u00e3o Casas e Coisas, na reinaugura\u00e7\u00e3o do Museu Paulista, o Novo Museu do Ipiranga, em setembro de 2022.\u00a0 [&hellip;]<\/p>\n\t\t\t\t<\/div>\n\n\t\t\t\t\n\t\t\t<\/div>\n\n\t\t\t\t\t\n\t\t\t\n\t\t\t<div id=\"su-post-473\" class=\"su-post \">\n\n\t\t\t\t\n\t\t\t\t<h2 class=\"su-post-title\"><a href=\"https:\/\/sites.usp.br\/gema\/pesquisadoras-do-gema-apresentam-projeto-em-simposio-sobre-alimentacao\/\">Pesquisadoras do GEMA apresentam projeto em simp\u00f3sio sobre alimenta\u00e7\u00e3o<\/a><\/h2>\n\n\t\t\t\t<div class=\"su-post-meta\">\n\t\t\t\t\tPosted: 10\/12\/2019\t\t\t\t<\/div>\n\n\t\t\t\t<div class=\"su-post-excerpt\">\n\t\t\t\t\t<p>Em dezembro de 2019, as pesquisadoras V\u00e2nia Carneiro de Carvalho, coordenadora do GEMA, Laura Stocco Felicio, Maria Eug\u00eania Ferreira Gomes e Viviane Soares Aguiar apresentaram o projeto do Repert\u00f3rio Hist\u00f3rico Ilustrado de Equipamentos e Ferramentas de Cozinha (S\u00e3o Paulo, 1860-1960) na sess\u00e3o de comunica\u00e7\u00e3o &#8220;Cultura material e patrim\u00f4nio&#8221; do II Simp\u00f3sio Internacional de Pesquisa em [&hellip;]<\/p>\n\t\t\t\t<\/div>\n\n\t\t\t\t\n\t\t\t<\/div>\n\n\t\t\n\t\n<\/div>\n\n","protected":false},"excerpt":{"rendered":"","protected":false},"author":22739,"featured_media":0,"parent":0,"menu_order":0,"comment_status":"closed","ping_status":"closed","template":"","meta":{"footnotes":"","_links_to":"","_links_to_target":""},"class_list":["post-382","page","type-page","status-publish","hentry"],"_links":{"self":[{"href":"https:\/\/sites.usp.br\/gema\/wp-json\/wp\/v2\/pages\/382","targetHints":{"allow":["GET"]}}],"collection":[{"href":"https:\/\/sites.usp.br\/gema\/wp-json\/wp\/v2\/pages"}],"about":[{"href":"https:\/\/sites.usp.br\/gema\/wp-json\/wp\/v2\/types\/page"}],"author":[{"embeddable":true,"href":"https:\/\/sites.usp.br\/gema\/wp-json\/wp\/v2\/users\/22739"}],"replies":[{"embeddable":true,"href":"https:\/\/sites.usp.br\/gema\/wp-json\/wp\/v2\/comments?post=382"}],"version-history":[{"count":3,"href":"https:\/\/sites.usp.br\/gema\/wp-json\/wp\/v2\/pages\/382\/revisions"}],"predecessor-version":[{"id":493,"href":"https:\/\/sites.usp.br\/gema\/wp-json\/wp\/v2\/pages\/382\/revisions\/493"}],"wp:attachment":[{"href":"https:\/\/sites.usp.br\/gema\/wp-json\/wp\/v2\/media?parent=382"}],"curies":[{"name":"wp","href":"https:\/\/api.w.org\/{rel}","templated":true}]}}