{"id":1052,"date":"2024-06-11T16:10:56","date_gmt":"2024-06-11T19:10:56","guid":{"rendered":"https:\/\/sites.usp.br\/gemdit\/?page_id=1052"},"modified":"2024-06-14T14:33:46","modified_gmt":"2024-06-14T17:33:46","slug":"gig-economy-social-rights-technology-changes-and-legal-regulation","status":"publish","type":"page","link":"https:\/\/sites.usp.br\/gemdit\/eventos\/gig-economy-social-rights-technology-changes-and-legal-regulation\/","title":{"rendered":"Gig Economy: social rights, technology changes and legal regulation"},"content":{"rendered":"<p>O Grupo de Pesquisa em Migra\u00e7\u00e3o e Direito Internacional do Trabalho (GEMDIT), sob a coordena\u00e7\u00e3o dos Professores Antonio Rodrigues de Freitas J\u00fanior (Direito &#8211; USP) e Elizabeth Tippett (University of Oregon), com a organiza\u00e7\u00e3o de Adriana Calvo (USP), e o Programa de P\u00f3s-Gradua\u00e7\u00e3o da Faculdade de Direito da USP promover\u00e3o o evento intitulado <em>Gig Economy: social rights, technology changes and legal regulation<\/em>, a ocorrer nos dias 11 e 12 de abril, das 8 horas \u00e0s 18 horas, no Audit\u00f3rio Ruy Barbosa Nogueira da Faculdade de Direito da Universidade de S\u00e3o Paulo.<\/p>\n<p>Estar\u00e3o presentes no audit\u00f3rio da Faculdade no dia 11 de abril os seguintes professores: <em>August Bonner Cochran<\/em> (Agnes Scott College); <em>Mohamed Elian<\/em> (University of Oregon); <em>Jo\u00e3o Renda Leal Fernandes<\/em> (UERJ); <em>Ol\u00edvia de Quintana Pasqualeto<\/em> (Direito FGV-SP); <em>Renan Bernardi Kalil<\/em> (USP e Insper); <em>Wilson Aparecido Costa Amorim<\/em> (FEA\/USP), <em>Marcelo Prado Ferrari Manzano<\/em> (Institute of Economics &#8211; Unicamp), e <em>Ana Paula Miskulin<\/em> (Ju\u00edza do Trabalho).<\/p>\n<p>No dia 12 de abril o evento contar\u00e1 com a presen\u00e7a dos Professores <em>Marco Aur\u00e9lio Serau<\/em> (Universidade Federal do Paran\u00e1); <em>Adriane Reis de Ara\u00fajo<\/em> (Escola Superior do Minist\u00e9rio P\u00fablico da Uni\u00e3o); <em>Carolina Hirata<\/em> (Minist\u00e9rio P\u00fablico do Trabalh), <em>Veena Dubal<\/em> (University of California at Irvine &#8211; UCI); <em>Andr\u00e9 Zipperer<\/em> (Advogado em Curitiba), <em>Samuel Estreicher<\/em> (New York University School of Law) e <em>Mohamed Elian<\/em> (University of Oregon).<\/p>\n<p>O evento contar\u00e1 ainda com a participa\u00e7\u00e3o remota da Professora Ana Virginia Moreira Gomes (Diretora da Organiza\u00e7\u00e3o Internacional do Trabalho-OIT para a Am\u00e9rica Latina e o Caribe), bem como das Professoras Elizabett Tippett (University of Oregon) e Catherine Fisk (University of California, Berkeley). Na oportunidade os professores examinar\u00e3o os desafios e demandas para a regula\u00e7\u00e3o do trabalho e a promo\u00e7\u00e3o dos direitos sociais no contexto da Gig Economy (economia do bico).<\/p>\n<p>As inscri\u00e7\u00f5es podem ser feitas em\u00a0<a href=\"https:\/\/www.sympla.com.br\/evento\/gig-economy-social-rights-technology-changes-and-legal-regulation-brazil-us\/2343601\">https:\/\/www.sympla.com.br\/evento\/gig-economy-social-rights-technology-changes-and-legal-regulation-brazil-us\/2343601<\/a><\/p>\n","protected":false},"excerpt":{"rendered":"<p>O Grupo de Pesquisa em Migra\u00e7\u00e3o e Direito Internacional do Trabalho (GEMDIT), sob a coordena\u00e7\u00e3o dos Professores Antonio Rodrigues de Freitas J\u00fanior (Direito &#8211; USP) e Elizabeth Tippett (University of Oregon), com a organiza\u00e7\u00e3o de Adriana Calvo (USP), e o Programa de P\u00f3s-Gradua\u00e7\u00e3o da Faculdade de Direito da USP promover\u00e3o o evento intitulado Gig Economy: social rights, technology changes and legal regulation, a ocorrer nos dias 11 e 12 de abril, das 8 horas \u00e0s 18 horas, no Audit\u00f3rio Ruy Barbosa Nogueira da Faculdade de Direito da Universidade de S\u00e3o Paulo. Estar\u00e3o presentes no audit\u00f3rio da Faculdade no dia 11 de abril os seguintes professores: August Bonner Cochran (Agnes Scott College); Mohamed Elian (University of Oregon); Jo\u00e3o Renda Leal Fernandes (UERJ); Ol\u00edvia de Quintana Pasqualeto (Direito FGV-SP); Renan Bernardi Kalil (USP e Insper); Wilson Aparecido Costa Amorim (FEA\/USP), Marcelo Prado Ferrari Manzano (Institute of Economics &#8211; Unicamp), e Ana Paula Miskulin (Ju\u00edza do Trabalho). No dia 12 de abril o evento contar\u00e1 com a presen\u00e7a dos Professores Marco Aur\u00e9lio Serau (Universidade Federal do Paran\u00e1); Adriane Reis de Ara\u00fajo (Escola Superior do Minist\u00e9rio P\u00fablico da Uni\u00e3o); Carolina Hirata (Minist\u00e9rio P\u00fablico do Trabalh), Veena Dubal (University of California at Irvine &#8211; UCI); [&#8230;]<\/p>\n","protected":false},"author":22149,"featured_media":0,"parent":385,"menu_order":0,"comment_status":"closed","ping_status":"closed","template":"","meta":{"footnotes":"","_links_to":"","_links_to_target":""},"class_list":["post-1052","page","type-page","status-publish","hentry"],"_links":{"self":[{"href":"https:\/\/sites.usp.br\/gemdit\/wp-json\/wp\/v2\/pages\/1052","targetHints":{"allow":["GET"]}}],"collection":[{"href":"https:\/\/sites.usp.br\/gemdit\/wp-json\/wp\/v2\/pages"}],"about":[{"href":"https:\/\/sites.usp.br\/gemdit\/wp-json\/wp\/v2\/types\/page"}],"author":[{"embeddable":true,"href":"https:\/\/sites.usp.br\/gemdit\/wp-json\/wp\/v2\/users\/22149"}],"replies":[{"embeddable":true,"href":"https:\/\/sites.usp.br\/gemdit\/wp-json\/wp\/v2\/comments?post=1052"}],"version-history":[{"count":3,"href":"https:\/\/sites.usp.br\/gemdit\/wp-json\/wp\/v2\/pages\/1052\/revisions"}],"predecessor-version":[{"id":1078,"href":"https:\/\/sites.usp.br\/gemdit\/wp-json\/wp\/v2\/pages\/1052\/revisions\/1078"}],"up":[{"embeddable":true,"href":"https:\/\/sites.usp.br\/gemdit\/wp-json\/wp\/v2\/pages\/385"}],"wp:attachment":[{"href":"https:\/\/sites.usp.br\/gemdit\/wp-json\/wp\/v2\/media?parent=1052"}],"curies":[{"name":"wp","href":"https:\/\/api.w.org\/{rel}","templated":true}]}}