{"id":359,"date":"2019-04-24T19:10:29","date_gmt":"2019-04-24T21:10:29","guid":{"rendered":"http:\/\/sites.usp.br\/gemdit\/?page_id=359"},"modified":"2022-02-04T17:35:56","modified_gmt":"2022-02-04T20:35:56","slug":"cartilha","status":"publish","type":"page","link":"https:\/\/sites.usp.br\/gemdit\/cartilha\/","title":{"rendered":"Cartilha \/ Primer"},"content":{"rendered":"<p style=\"text-align: justify;\"><span style=\"font-size: 14pt; color: #000000;\">Em junho de 2019, o GEMDIT, em parceria com a Caritas Arquidiocesana de S\u00e3o Paulo (CASP), lan\u00e7ou a <em><strong>Cartilha de Direitos Trabalhistas e Previdenci\u00e1rios para Imigrantes e Refugiados<\/strong><\/em>. A vers\u00e3o mais atualizada da Cartilha \u00e9 de <strong>mar\u00e7o de 2021<\/strong>, com texto referente a <strong>fevereiro de 2020<\/strong>. Para acessar essa vers\u00e3o, clique na imagem abaixo:<\/span><\/p>\n<p style=\"text-align: justify;\"><span style=\"font-size: 14pt; color: #993300;\">In June 2019, GEMDIT, in partnership with Caritas Archdiocesan of Sao Paulo (CASP), launched the <strong><em>Cartilha de Direitos Trabalhistas e Previdenci\u00e1rios para Imigrantes e Refugiados<\/em> (<em>Primer on Labor and Social Security Rights for Immigrants and Refugees<\/em>)<\/strong>. The most updated version of the Primer is from <strong>March 2021<\/strong>, with a text referring to <strong>February 2020<\/strong>. To access this version (in Portuguese), click on the image below:<\/span><\/p>\n<p><a href=\"https:\/\/sites.usp.br\/gemdit\/wp-content\/uploads\/sites\/364\/2021\/07\/Cartilha-GEMDIT-definitiva-2021.pdf\"><img fetchpriority=\"high\" decoding=\"async\" class=\"aligncenter wp-image-895 size-medium\" src=\"https:\/\/sites.usp.br\/gemdit\/wp-content\/uploads\/sites\/364\/2021\/06\/Capa-Cartilha-2021-214x300.jpg\" alt=\"\" width=\"214\" height=\"300\" srcset=\"https:\/\/sites.usp.br\/gemdit\/wp-content\/uploads\/sites\/364\/2021\/06\/Capa-Cartilha-2021-214x300.jpg 214w, https:\/\/sites.usp.br\/gemdit\/wp-content\/uploads\/sites\/364\/2021\/06\/Capa-Cartilha-2021-400x561.jpg 400w, https:\/\/sites.usp.br\/gemdit\/wp-content\/uploads\/sites\/364\/2021\/06\/Capa-Cartilha-2021.jpg 546w\" sizes=\"(max-width: 214px) 100vw, 214px\" \/><\/a><\/p>\n<p style=\"text-align: justify;\"><span style=\"font-size: 14pt; color: #000000;\"><strong>ATUALIZA\u00c7\u00c3O (7 de julho de 2021):<\/strong> A errata abaixo foi sanada com a providencial ajuda do nosso colega Wendel Cordeiro. Agradecemos a ele pelo excelente trabalho.<\/span><\/p>\n<p style=\"text-align: justify;\"><span style=\"font-size: 14pt; color: #993300;\"><strong>UPDATE (July 7th, 2021):<\/strong> The erratum below was resolved with the providential help of our colleague Wendel Cordeiro. We thank him for his excellent work.<\/span><\/p>\n<p style=\"text-align: justify;\"><del><span style=\"font-size: 14pt; color: #000000;\"><strong>ERRATA (17 de junho de 2021):<\/strong> A colega Nicole Ramalho Prado dos Santos tamb\u00e9m participou da elabora\u00e7\u00e3o do texto da Cartilha acima, mas o nome dela n\u00e3o consta na publica\u00e7\u00e3o. Al\u00e9m disso, tivemos pequenos problemas de diagrama\u00e7\u00e3o. Para sanar essas quest\u00f5es, faremos a substitui\u00e7\u00e3o do arquivo assim que poss\u00edvel. Pedimos desculpas por quaisquer inconvenientes.<\/span><\/del><\/p>\n<p style=\"text-align: justify;\"><del><span style=\"font-size: 14pt; color: #993300;\"><strong>ERRATUM (June 17th, 2021):<\/strong> Colleague Nicole Ramalho Prado dos Santos also participated in the elaboration of the text of the Primer above, but her name is not included in the publication. Also, we had minor layout problems. To solve these issues, we will replace the file as soon as possible. We apologize for any inconvenience.<\/span><\/del><\/p>\n<p>&nbsp;<\/p>\n<hr \/>\n<p style=\"text-align: justify;\"><span style=\"font-size: 18pt;\"><strong>Vers\u00f5es anteriores<\/strong><\/span><\/p>\n<p style=\"text-align: justify;\"><span style=\"color: #993300; font-size: 18pt;\"><strong>Previous versions<\/strong><\/span><\/p>\n<ul>\n<li style=\"text-align: justify;\"><a href=\"https:\/\/sites.usp.br\/gemdit\/wp-content\/uploads\/sites\/364\/2020\/02\/FINAL-Cartilha-atualizada-at\u00e9-fevereiro-de-2020.pdf\"><span style=\"text-decoration: underline; color: #333399;\"><span style=\"font-size: 14pt;\">2020, fevereiro\/February<\/span><\/span><\/a><\/li>\n<li style=\"text-align: justify;\"><span style=\"text-decoration: underline; color: #333399;\"><span style=\"font-size: 14pt;\"><a style=\"color: #333399; text-decoration: underline;\" href=\"https:\/\/sites.usp.br\/gemdit\/wp-content\/uploads\/sites\/364\/2020\/02\/ANTIGA-FINAL-Cartilha-atualizada-at\u00e9-junho-de-2019.pdf\">2019, junho\/June<\/a><\/span><\/span><\/li>\n<\/ul>\n","protected":false},"excerpt":{"rendered":"<p>Em junho de 2019, o GEMDIT, em parceria com a Caritas Arquidiocesana de S\u00e3o Paulo (CASP), lan\u00e7ou a Cartilha de Direitos Trabalhistas e Previdenci\u00e1rios para Imigrantes e Refugiados. A vers\u00e3o mais atualizada da Cartilha \u00e9 de mar\u00e7o de 2021, com texto referente a fevereiro de 2020. Para acessar essa vers\u00e3o, clique na imagem abaixo: In June 2019, GEMDIT, in partnership with Caritas Archdiocesan of Sao Paulo (CASP), launched the Cartilha de Direitos Trabalhistas e Previdenci\u00e1rios para Imigrantes e Refugiados (Primer on Labor and Social Security Rights for Immigrants and Refugees). The most updated version of the Primer is from March 2021, with a text referring to February 2020. To access this version (in Portuguese), click on the image below: ATUALIZA\u00c7\u00c3O (7 de julho de 2021): A errata abaixo foi sanada com a providencial ajuda do nosso colega Wendel Cordeiro. Agradecemos a ele pelo excelente trabalho. UPDATE (July 7th, 2021): The erratum below was resolved with the providential help of our colleague Wendel Cordeiro. We thank him for his excellent work. ERRATA (17 de junho de 2021): A colega Nicole Ramalho Prado dos Santos tamb\u00e9m participou da elabora\u00e7\u00e3o do texto da Cartilha acima, mas o nome dela n\u00e3o consta na publica\u00e7\u00e3o. [&#8230;]<\/p>\n","protected":false},"author":652,"featured_media":0,"parent":0,"menu_order":0,"comment_status":"closed","ping_status":"closed","template":"","meta":{"footnotes":"","_links_to":"","_links_to_target":""},"class_list":["post-359","page","type-page","status-publish","hentry"],"_links":{"self":[{"href":"https:\/\/sites.usp.br\/gemdit\/wp-json\/wp\/v2\/pages\/359","targetHints":{"allow":["GET"]}}],"collection":[{"href":"https:\/\/sites.usp.br\/gemdit\/wp-json\/wp\/v2\/pages"}],"about":[{"href":"https:\/\/sites.usp.br\/gemdit\/wp-json\/wp\/v2\/types\/page"}],"author":[{"embeddable":true,"href":"https:\/\/sites.usp.br\/gemdit\/wp-json\/wp\/v2\/users\/652"}],"replies":[{"embeddable":true,"href":"https:\/\/sites.usp.br\/gemdit\/wp-json\/wp\/v2\/comments?post=359"}],"version-history":[{"count":4,"href":"https:\/\/sites.usp.br\/gemdit\/wp-json\/wp\/v2\/pages\/359\/revisions"}],"predecessor-version":[{"id":950,"href":"https:\/\/sites.usp.br\/gemdit\/wp-json\/wp\/v2\/pages\/359\/revisions\/950"}],"wp:attachment":[{"href":"https:\/\/sites.usp.br\/gemdit\/wp-json\/wp\/v2\/media?parent=359"}],"curies":[{"name":"wp","href":"https:\/\/api.w.org\/{rel}","templated":true}]}}