{"id":414,"date":"2019-05-17T01:04:59","date_gmt":"2019-05-17T03:04:59","guid":{"rendered":"http:\/\/sites.usp.br\/gemdit\/?page_id=414"},"modified":"2021-01-04T21:54:05","modified_gmt":"2021-01-05T00:54:05","slug":"curso-adr","status":"publish","type":"page","link":"https:\/\/sites.usp.br\/gemdit\/eventos\/curso-adr\/","title":{"rendered":"Curso &#8220;Fronteiras e Desafios para Resolu\u00e7\u00e3o N\u00e3o-Judici\u00e1ria de Conflitos&#8221; \/ Course &#8220;Frontiers and Challenges for Non-Judicial Conflict Resolution&#8221;"},"content":{"rendered":"<p style=\"text-align: justify;\"><span style=\"font-size: 14pt; color: #000000;\"><strong>Nos dias 3 a 7 de junho de 2019<\/strong>, a Faculdade de Direito da USP sediar\u00e1 o curso &#8220;Fronteiras e Desafios para Resolu\u00e7\u00e3o N\u00e3o-Judici\u00e1ria de Conflitos&#8221; com a <strong>Profa. Elizabeth Tippett, da Universidade de Oregon (EUA)<\/strong>. O curso \u00e9 gratuito e ser\u00e1 ministrado em ingl\u00eas, <strong>das 9h00 \u00e0s 12h00<\/strong>. O conte\u00fado program\u00e1tico e bibliografia est\u00e3o nos links e imagens abaixo:<\/span><\/p>\n<p style=\"text-align: justify;\"><span style=\"font-size: 14pt; color: #000000;\"><strong>Bibliografia:<\/strong> <a style=\"color: #000000;\" href=\"https:\/\/sites.usp.br\/gemdit\/wp-content\/uploads\/sites\/364\/2021\/01\/Tippett-lecture-overview-and-reading-list.pdf\"><span style=\"text-decoration: underline; color: #333399;\">Tippett &#8211; lecture overview and reading list<\/span><\/a><\/span><\/p>\n<p style=\"text-align: justify;\"><span style=\"font-size: 14pt; color: #000000;\"><strong>Inscri\u00e7\u00f5es:<\/strong>\u00a0<a style=\"color: #000000;\" href=\"http:\/\/www.bitly.com\/cursoADR\"><span style=\"text-decoration: underline; color: #333399;\">http:\/\/www.bitly.com\/cursoADR<\/span><\/a><\/span><\/p>\n<p style=\"text-align: justify;\"><span style=\"font-size: 14pt; color: #993300;\"><strong>From June 3 to June 7, 2019<\/strong>, the USP Faculty of Law will host the course &#8220;Frontiers and Challenges for Non-Judicial Conflict Resolution&#8221; with <strong>Prof. Elizabeth Tippett, from the University of Oregon (USA)<\/strong>. The course is free and will be taught in English, <strong>from 9 am to 12 pm<\/strong>. The contents and references are on the links and images below:<\/span><\/p>\n<p style=\"text-align: justify;\"><span style=\"font-size: 14pt; color: #993300;\"><strong>References:<\/strong> <a style=\"color: #993300;\" href=\"https:\/\/sites.usp.br\/gemdit\/wp-content\/uploads\/sites\/364\/2021\/01\/Tippett-lecture-overview-and-reading-list.pdf\"><span style=\"text-decoration: underline; color: #333399;\">Tippett &#8211; lecture overview and reading list<\/span><\/a><\/span><\/p>\n<p style=\"text-align: justify;\"><span style=\"font-size: 14pt; color: #993300;\"><strong>Registration:<\/strong> <a style=\"color: #993300;\" href=\"http:\/\/www.bitly.com\/cursoADR\"><span style=\"text-decoration: underline; color: #333399;\">http:\/\/www.bitly.com\/cursoADR<\/span><\/a><\/span><\/p>\n\n\t\t<style type=\"text\/css\">\n\t\t\t#gallery-1 {\n\t\t\t\tmargin: auto;\n\t\t\t}\n\t\t\t#gallery-1 .gallery-item {\n\t\t\t\tfloat: left;\n\t\t\t\tmargin-top: 10px;\n\t\t\t\ttext-align: center;\n\t\t\t\twidth: 33%;\n\t\t\t}\n\t\t\t#gallery-1 img {\n\t\t\t\tborder: 2px solid #cfcfcf;\n\t\t\t}\n\t\t\t#gallery-1 .gallery-caption {\n\t\t\t\tmargin-left: 0;\n\t\t\t}\n\t\t\t\/* see gallery_shortcode() in wp-includes\/media.php *\/\n\t\t<\/style>\n\t\t<div id='gallery-1' class='gallery galleryid-414 gallery-columns-3 gallery-size-medium'><dl class='gallery-item'>\n\t\t\t<dt class='gallery-icon portrait'>\n\t\t\t\t<a href='https:\/\/sites.usp.br\/gemdit\/wp-content\/uploads\/sites\/364\/2019\/05\/1.png'><img fetchpriority=\"high\" decoding=\"async\" width=\"212\" height=\"300\" src=\"https:\/\/sites.usp.br\/gemdit\/wp-content\/uploads\/sites\/364\/2019\/05\/1-212x300.png\" class=\"attachment-medium size-medium\" alt=\"\" srcset=\"https:\/\/sites.usp.br\/gemdit\/wp-content\/uploads\/sites\/364\/2019\/05\/1-212x300.png 212w, https:\/\/sites.usp.br\/gemdit\/wp-content\/uploads\/sites\/364\/2019\/05\/1-768x1086.png 768w, https:\/\/sites.usp.br\/gemdit\/wp-content\/uploads\/sites\/364\/2019\/05\/1-724x1024.png 724w, https:\/\/sites.usp.br\/gemdit\/wp-content\/uploads\/sites\/364\/2019\/05\/1-400x566.png 400w, https:\/\/sites.usp.br\/gemdit\/wp-content\/uploads\/sites\/364\/2019\/05\/1.png 794w\" sizes=\"(max-width: 212px) 100vw, 212px\" \/><\/a>\n\t\t\t<\/dt><\/dl><dl class='gallery-item'>\n\t\t\t<dt class='gallery-icon portrait'>\n\t\t\t\t<a href='https:\/\/sites.usp.br\/gemdit\/wp-content\/uploads\/sites\/364\/2019\/05\/2.png'><img decoding=\"async\" width=\"212\" height=\"300\" src=\"https:\/\/sites.usp.br\/gemdit\/wp-content\/uploads\/sites\/364\/2019\/05\/2-212x300.png\" class=\"attachment-medium size-medium\" alt=\"\" srcset=\"https:\/\/sites.usp.br\/gemdit\/wp-content\/uploads\/sites\/364\/2019\/05\/2-212x300.png 212w, https:\/\/sites.usp.br\/gemdit\/wp-content\/uploads\/sites\/364\/2019\/05\/2-768x1086.png 768w, https:\/\/sites.usp.br\/gemdit\/wp-content\/uploads\/sites\/364\/2019\/05\/2-724x1024.png 724w, https:\/\/sites.usp.br\/gemdit\/wp-content\/uploads\/sites\/364\/2019\/05\/2-400x566.png 400w, https:\/\/sites.usp.br\/gemdit\/wp-content\/uploads\/sites\/364\/2019\/05\/2.png 794w\" sizes=\"(max-width: 212px) 100vw, 212px\" \/><\/a>\n\t\t\t<\/dt><\/dl><dl class='gallery-item'>\n\t\t\t<dt class='gallery-icon portrait'>\n\t\t\t\t<a href='https:\/\/sites.usp.br\/gemdit\/wp-content\/uploads\/sites\/364\/2019\/05\/3.png'><img decoding=\"async\" width=\"212\" height=\"300\" src=\"https:\/\/sites.usp.br\/gemdit\/wp-content\/uploads\/sites\/364\/2019\/05\/3-212x300.png\" class=\"attachment-medium size-medium\" alt=\"\" srcset=\"https:\/\/sites.usp.br\/gemdit\/wp-content\/uploads\/sites\/364\/2019\/05\/3-212x300.png 212w, https:\/\/sites.usp.br\/gemdit\/wp-content\/uploads\/sites\/364\/2019\/05\/3-768x1086.png 768w, https:\/\/sites.usp.br\/gemdit\/wp-content\/uploads\/sites\/364\/2019\/05\/3-724x1024.png 724w, https:\/\/sites.usp.br\/gemdit\/wp-content\/uploads\/sites\/364\/2019\/05\/3-400x566.png 400w, https:\/\/sites.usp.br\/gemdit\/wp-content\/uploads\/sites\/364\/2019\/05\/3.png 794w\" sizes=\"(max-width: 212px) 100vw, 212px\" \/><\/a>\n\t\t\t<\/dt><\/dl><br style=\"clear: both\" \/>\n\t\t<\/div>\n\n","protected":false},"excerpt":{"rendered":"<p>Nos dias 3 a 7 de junho de 2019, a Faculdade de Direito da USP sediar\u00e1 o curso &#8220;Fronteiras e Desafios para Resolu\u00e7\u00e3o N\u00e3o-Judici\u00e1ria de Conflitos&#8221; com a Profa. Elizabeth Tippett, da Universidade de Oregon (EUA). O curso \u00e9 gratuito e ser\u00e1 ministrado em ingl\u00eas, das 9h00 \u00e0s 12h00. O conte\u00fado program\u00e1tico e bibliografia est\u00e3o nos links e imagens abaixo: Bibliografia: Tippett &#8211; lecture overview and reading list Inscri\u00e7\u00f5es:\u00a0http:\/\/www.bitly.com\/cursoADR From June 3 to June 7, 2019, the USP Faculty of Law will host the course &#8220;Frontiers and Challenges for Non-Judicial Conflict Resolution&#8221; with Prof. Elizabeth Tippett, from the University of Oregon (USA). The course is free and will be taught in English, from 9 am to 12 pm. The contents and references are on the links and images below: References: Tippett &#8211; lecture overview and reading list Registration: http:\/\/www.bitly.com\/cursoADR<\/p>\n","protected":false},"author":990,"featured_media":0,"parent":385,"menu_order":3,"comment_status":"closed","ping_status":"closed","template":"","meta":{"footnotes":"","_links_to":"","_links_to_target":""},"class_list":["post-414","page","type-page","status-publish","hentry"],"_links":{"self":[{"href":"https:\/\/sites.usp.br\/gemdit\/wp-json\/wp\/v2\/pages\/414","targetHints":{"allow":["GET"]}}],"collection":[{"href":"https:\/\/sites.usp.br\/gemdit\/wp-json\/wp\/v2\/pages"}],"about":[{"href":"https:\/\/sites.usp.br\/gemdit\/wp-json\/wp\/v2\/types\/page"}],"author":[{"embeddable":true,"href":"https:\/\/sites.usp.br\/gemdit\/wp-json\/wp\/v2\/users\/990"}],"replies":[{"embeddable":true,"href":"https:\/\/sites.usp.br\/gemdit\/wp-json\/wp\/v2\/comments?post=414"}],"version-history":[{"count":4,"href":"https:\/\/sites.usp.br\/gemdit\/wp-json\/wp\/v2\/pages\/414\/revisions"}],"predecessor-version":[{"id":801,"href":"https:\/\/sites.usp.br\/gemdit\/wp-json\/wp\/v2\/pages\/414\/revisions\/801"}],"up":[{"embeddable":true,"href":"https:\/\/sites.usp.br\/gemdit\/wp-json\/wp\/v2\/pages\/385"}],"wp:attachment":[{"href":"https:\/\/sites.usp.br\/gemdit\/wp-json\/wp\/v2\/media?parent=414"}],"curies":[{"name":"wp","href":"https:\/\/api.w.org\/{rel}","templated":true}]}}