{"id":588,"date":"2020-01-27T04:48:59","date_gmt":"2020-01-27T06:48:59","guid":{"rendered":"http:\/\/sites.usp.br\/gemdit\/?page_id=588"},"modified":"2021-03-17T12:57:16","modified_gmt":"2021-03-17T15:57:16","slug":"blog","status":"publish","type":"page","link":"https:\/\/sites.usp.br\/gemdit\/blog\/","title":{"rendered":"Blog"},"content":{"rendered":"<p style=\"text-align: justify;\"><strong><span style=\"font-size: 18pt; color: #000000;\">(December 2020, United Nations Network on Migration) <em>Stronger together: including migrants in the COVID-19 response and recovery<\/em><\/span><\/strong><\/p>\n<p style=\"text-align: justify;\"><span style=\"font-size: 14pt; color: #000000;\"><a style=\"color: #000000;\" href=\"https:\/\/migrationnetwork.un.org\/stronger-together-including-migrants-covid-19-response-and-recovery-0\"><span style=\"text-decoration: underline;\"><span style=\"color: #333399; text-decoration: underline;\">https:\/\/migrationnetwork.un.org\/stronger-together-including-migrants-covid-19-response-and-recovery-0<\/span><\/span><\/a><\/span><\/p>\n<p>&nbsp;<\/p>\n<hr \/>\n<p style=\"text-align: justify;\"><span style=\"font-size: 18pt;\"><strong><span style=\"color: #000000;\">(December 2020, Economic Commission for Latin America and the Caribean &#8211; ECLAC) <em>The 2014-2020 period will mark the lowest growth in the last seven decades for Latin American and Caribbean economies<\/em><\/span><\/strong><\/span><\/p>\n<p style=\"text-align: justify;\"><span style=\"font-size: 14pt; color: #000000;\"><a style=\"color: #000000;\" href=\"https:\/\/www.cepal.org\/en\/pressreleases\/2014-2020-period-will-mark-lowest-growth-last-seven-decades-latin-american-and\"><span style=\"text-decoration: underline;\"><span style=\"color: #333399; text-decoration: underline;\">https:\/\/www.cepal.org\/en\/pressreleases\/2014-2020-period-will-mark-lowest-growth-last-seven-decades-latin-american-and<\/span><\/span><\/a><\/span><\/p>\n<p>&nbsp;<\/p>\n<hr \/>\n<p style=\"text-align: justify;\"><strong><span style=\"font-size: 18pt; color: #000000;\">(November 2020, Guy Davidov, Hans-B\u00f6ckler-Stiftung) <em>Die Sinzheimer-Vorlesung 2020, Compliance with and Enforcement of Labour Laws<\/em><\/span><\/strong><\/p>\n<p>https:\/\/youtu.be\/uuKQD_wcaPY<\/p>\n<p>&nbsp;<\/p>\n<hr \/>\n<p style=\"text-align: justify;\"><strong><span style=\"font-size: 18pt; color: #000000;\">(August 2020, ILO) <em>COVID-19 and the world of work<\/em><\/span><\/strong><\/p>\n<p style=\"text-align: justify;\"><a href=\"https:\/\/www.ilo.org\/global\/topics\/coronavirus\/lang--en\/index.htm\"><span style=\"font-size: 14pt; color: #000000;\"><span style=\"text-decoration: underline; color: #333399;\">https:\/\/www.ilo.org\/global\/topics\/coronavirus\/lang&#8211;en\/index.htm<\/span><\/span><\/a><\/p>\n<p>&nbsp;<\/p>\n<hr \/>\n<p style=\"text-align: justify;\"><strong><span style=\"font-size: 18pt; color: #000000;\">(July 2020, Cornell University, School of Industrial and Labor Relations &#8211; ILR) <em>How do we resolve labor disputes under global supply chain agreements?<\/em><\/span><\/strong><\/p>\n<p style=\"text-align: justify;\"><a href=\"https:\/\/www.ilr.cornell.edu\/new-conversations-project\/news-and-events\/webinar-how-do-we-resolve-labor-disputes-under-global-supply-chain-agreements\"><span style=\"font-size: 14pt; color: #000000;\"><span style=\"text-decoration: underline; color: #333399;\">https:\/\/www.ilr.cornell.edu\/new-conversations-project\/news-and-events\/webinar-how-do-we-resolve-labor-disputes-under-global-supply-chain-agreements<\/span><\/span><\/a><\/p>\n<p>&nbsp;<\/p>\n<hr \/>\n<p style=\"text-align: justify;\"><strong><span style=\"font-size: 18pt; color: #000000;\">(July 2020, Solidarity Center) <em>10 years protecting freedom of assembly and association worldwide<\/em><\/span><\/strong><\/p>\n<p>https:\/\/youtu.be\/3rGbPd2V7zY<\/p>\n<p>&nbsp;<\/p>\n<hr \/>\n<p style=\"text-align: justify;\"><strong><span style=\"font-size: 18pt; color: #000000;\">(July 2020, Transnational Institute) <em>Migrant farmworkers: organising and resisting before, during and after COVID-19<\/em><\/span><\/strong><\/p>\n<p><iframe title=\"Webinar - Migrant Farmworkers: Organising and Resisting Before, During and After COVID-19\" width=\"650\" height=\"366\" src=\"https:\/\/www.youtube.com\/embed\/mAom91BiG1E?feature=oembed\" frameborder=\"0\" allow=\"accelerometer; autoplay; clipboard-write; encrypted-media; gyroscope; picture-in-picture; web-share\" referrerpolicy=\"strict-origin-when-cross-origin\" allowfullscreen><\/iframe><\/p>\n<p>&nbsp;<\/p>\n<hr \/>\n<p style=\"text-align: justify;\"><strong><span style=\"font-size: 18pt; color: #000000;\">(July 2020, ILO) <em>ILO Global Summit on COVID-19 and the world of work<\/em><\/span><\/strong><\/p>\n<p style=\"text-align: justify;\"><a href=\"https:\/\/global-summit.ilo.org\/en\/event\/constituents-day\/\"><span style=\"font-size: 18pt; color: #000000;\"><span style=\"text-decoration: underline; color: #333399;\"><span style=\"font-size: 14pt;\">https:\/\/global-summit.ilo.org\/en\/event\/constituents-day\/<\/span><\/span><\/span><\/a><\/p>\n<p>&nbsp;<\/p>\n<hr \/>\n<p style=\"text-align: justify;\"><strong><span style=\"font-size: 18pt; color: #000000;\">(June 2020, ILO) <em>ILO Violence and Harassment Convention will enter into force in June 2021<\/em><\/span><\/strong><\/p>\n<p style=\"text-align: justify;\"><a href=\"https:\/\/www.ilo.org\/global\/about-the-ilo\/newsroom\/news\/WCMS_749148\/lang--en\/index.htm\"><span style=\"font-size: 14pt; color: #000000;\"><span style=\"text-decoration: underline; color: #333399;\">https:\/\/www.ilo.org\/global\/about-the-ilo\/newsroom\/news\/WCMS_749148\/lang&#8211;en\/index.htm<\/span><\/span><\/a><\/p>\n<p>&nbsp;<\/p>\n<hr \/>\n<p style=\"text-align: justify;\"><strong><span style=\"font-size: 18pt; color: #000000;\">(May 2020, Labor and Employment Relations Association &#8211; LERA) <em>Low wage and gig work during the COVID-19 Pandemic<\/em><\/span><\/strong><\/p>\n<p><iframe title=\"Low Wage and Gig Work During the COVID-19 Pandemic\" width=\"650\" height=\"366\" src=\"https:\/\/www.youtube.com\/embed\/tmtoADKx2Vc?feature=oembed\" frameborder=\"0\" allow=\"accelerometer; autoplay; clipboard-write; encrypted-media; gyroscope; picture-in-picture; web-share\" referrerpolicy=\"strict-origin-when-cross-origin\" allowfullscreen><\/iframe><\/p>\n<p>&nbsp;<\/p>\n<hr \/>\n<p style=\"text-align: justify;\"><span style=\"color: #000000;\"><strong><span style=\"font-size: 18pt;\">(Abril de 2020, Jos\u00e9 Eduardo Faria, Estado da Arte &#8211; Estad\u00e3o) <em>A sa\u00fade p\u00fablica entre o Estado e o mercado<\/em><\/span><\/strong><\/span><\/p>\n<p>https:\/\/estadodaarte.estadao.com.br\/saude-publica-estado-mercado-jef\/<\/p>\n<p>&nbsp;<\/p>\n<hr \/>\n<p style=\"text-align: justify;\"><strong><span style=\"font-size: 18pt; color: #000000;\">(April 2020, Italian Labour Law e-Journal &#8211; ILLEJ) <em>Special Issue: Covid-19 and Labour Law. A Global Review<\/em><\/span><\/strong><\/p>\n<p style=\"text-align: justify;\"><a href=\"https:\/\/illej.unibo.it\/issue\/view\/868\"><span style=\"font-size: 18pt; color: #000000;\"><span style=\"text-decoration: underline; color: #333399;\"><span style=\"font-size: 14pt;\">https:\/\/illej.unibo.it\/issue\/view\/868<\/span><\/span><\/span><\/a><\/p>\n<p>&nbsp;<\/p>\n<hr \/>\n<p style=\"text-align: justify;\"><strong><span style=\"font-size: 18pt; color: #000000;\">(April 2020, Inter-American Commission on Human Rights &#8211; IACHR) <em>IACHR adopts Resolution on Pandemic and Human Rights in the Americas<\/em><\/span><\/strong><\/p>\n<p style=\"text-align: justify;\"><a href=\"http:\/\/www.oas.org\/en\/iachr\/media_center\/PReleases\/2020\/073.asp\"><span style=\"font-size: 18pt; color: #000000;\"><span style=\"text-decoration: underline; font-size: 14pt; color: #333399;\">http:\/\/www.oas.org\/en\/iachr\/media_center\/PReleases\/2020\/073.asp<\/span><\/span><\/a><\/p>\n<p>&nbsp;<\/p>\n<hr \/>\n<p style=\"text-align: justify;\"><strong><span style=\"font-size: 18pt; color: #000000;\">(April 2020, ILO) <em>COVID-19 causes devastating losses in working hours and employment<\/em><\/span><\/strong><\/p>\n<p style=\"text-align: justify;\"><a href=\"https:\/\/www.ilo.org\/global\/about-the-ilo\/newsroom\/news\/WCMS_740893\/lang--en\/index.htm\"><span style=\"font-size: 18pt; color: #000000;\"><span style=\"text-decoration: underline; color: #333399;\"><span style=\"font-size: 14pt;\">https:\/\/www.ilo.org\/global\/about-the-ilo\/newsroom\/news\/WCMS_740893\/lang&#8211;en\/index.htm<\/span><\/span><\/span><\/a><\/p>\n<p>&nbsp;<\/p>\n<hr \/>\n<p style=\"text-align: justify;\"><strong><span style=\"font-size: 18pt; color: #000000;\">(February 2020, A\u00edda Ponce Del Castillo, European Trade Union Institute &#8211; ETUI) <em>Labour in the age of AI: why regulation is needed to protect workers<\/em><\/span><\/strong><\/p>\n<p style=\"text-align: justify;\"><a href=\"https:\/\/www.etui.org\/publications\/foresight-briefs\/labour-in-the-age-of-ai-why-regulation-is-needed-to-protect-workers\"><span style=\"font-size: 18pt; color: #000000;\"><span style=\"text-decoration: underline; color: #333399;\"><span style=\"font-size: 14pt;\">https:\/\/www.etui.org\/publications\/foresight-briefs\/labour-in-the-age-of-ai-why-regulation-is-needed-to-protect-workers<\/span><\/span><\/span><\/a><\/p>\n<p>&nbsp;<\/p>\n<hr \/>\n<p style=\"text-align: justify;\"><strong><span style=\"font-size: 18pt; color: #000000;\">(October 2019, AFL-CIO) <em>The double standard at work: European corporate investment and workers&#8217; rights in the American South<\/em><\/span><\/strong><\/p>\n<p style=\"text-align: justify;\"><a href=\"https:\/\/aflcio.org\/reports\/double-standard-work-european-corporate-investment-and-workers-rights-american-south\"><span style=\"font-size: 14pt; color: #000000;\"><span style=\"text-decoration: underline; color: #333399;\">https:\/\/aflcio.org\/reports\/double-standard-work-european-corporate-investment-and-workers-rights-american-south<\/span><\/span><\/a><\/p>\n<p>&nbsp;<\/p>\n<hr \/>\n<p style=\"text-align: justify;\"><strong><span style=\"font-size: 18pt; color: #000000;\">(September 2019, Kate Conger and Noam Scheiber, The New York Times) <em>California Bill makes app-based companies treat workers as employees<\/em><\/span><\/strong><\/p>\n<p>https:\/\/www.nytimes.com\/2019\/09\/11\/technology\/california-gig-economy-bill.html<\/p>\n<p>&nbsp;<\/p>\n<hr \/>\n<p style=\"text-align: justify;\"><strong><span style=\"color: #000000; font-size: 18pt;\">(Setembro de 2019, Giuliana Miranda, Folha de S\u00e3o Paulo) <em>Brasil \u00e9 um dos piores lugares do mundo para estrangeiro viver, diz relat\u00f3rio<\/em><\/span><\/strong><\/p>\n<blockquote class=\"twitter-tweet\" data-width=\"550\" data-dnt=\"true\">\n<p lang=\"pt\" dir=\"ltr\">Brasil \u00e9 um dos piores lugares do mundo para estrangeiro viver, diz relat\u00f3rio <a href=\"https:\/\/t.co\/QKkFRFr6nJ\">https:\/\/t.co\/QKkFRFr6nJ<\/a><\/p>\n<p>&mdash; Folha de S.Paulo (@folha) <a href=\"https:\/\/twitter.com\/folha\/status\/1169654935593607168?ref_src=twsrc%5Etfw\">September 5, 2019<\/a><\/p><\/blockquote>\n<p><script async src=\"https:\/\/platform.twitter.com\/widgets.js\" charset=\"utf-8\"><\/script><\/p>\n<p>&nbsp;<\/p>\n<hr \/>\n<p style=\"text-align: justify;\"><strong><span style=\"font-size: 18pt; color: #000000;\">(Junho de 2019, Fatima Kamata, BBC News Brasil) <em>Filhos de brasileiros no Jap\u00e3o come\u00e7am a superar barreiras no mercado de trabalho qualificado<\/em><\/span><\/strong><\/p>\n<p style=\"text-align: justify;\"><a href=\"https:\/\/www.bbc.com\/portuguese\/internacional-48522436\"><span style=\"font-size: 14pt; color: #000000;\"><span style=\"text-decoration: underline; color: #333399;\">https:\/\/www.bbc.com\/portuguese\/internacional-48522436<\/span><\/span><\/a><\/p>\n<p>&nbsp;<\/p>\n<hr \/>\n<p style=\"text-align: justify;\"><strong><span style=\"font-size: 18pt;\">(April 2019, Sejal Singh, OnLabor Blog) <em>SCOTUS weighing LGBTQ workers\u2019 rights: what\u2019s at risk<\/em><\/span><\/strong><\/p>\n<blockquote class=\"wp-embedded-content\" data-secret=\"63NNMknprl\"><p><a href=\"https:\/\/onlabor.org\/scotus-weighing-lgbtq-workers-right-whats-at-risk\/\">SCOTUS Weighing LGBTQ Workers&#8217; Rights: What&#8217;s At Risk<\/a><\/p><\/blockquote>\n<p><iframe class=\"wp-embedded-content\" sandbox=\"allow-scripts\" security=\"restricted\" style=\"position: absolute; visibility: hidden;\" title=\"&#8220;SCOTUS Weighing LGBTQ Workers&#8217; Rights: What&#8217;s At Risk&#8221; &#8212; OnLabor\" src=\"https:\/\/onlabor.org\/scotus-weighing-lgbtq-workers-right-whats-at-risk\/embed\/#?secret=qQFnlNWzrE#?secret=63NNMknprl\" data-secret=\"63NNMknprl\" width=\"600\" height=\"338\" frameborder=\"0\" marginwidth=\"0\" marginheight=\"0\" scrolling=\"no\"><\/iframe><\/p>\n<p>&nbsp;<\/p>\n<hr \/>\n<p style=\"text-align: justify;\"><strong><span style=\"font-size: 18pt; color: #000000;\">(April 2019, Natalie Sedacca and Avril Sharp, UK Labour Law Blog) <em>Dignity, not destitution: the impact of differential rights to work for migrant domestic workers<\/em><\/span><\/strong><\/p>\n<blockquote class=\"twitter-tweet\" data-width=\"550\" data-dnt=\"true\">\n<p lang=\"en\" dir=\"ltr\">Dignity, not destitution: the impact of differential rights to work for migrant domestic workers \u2013 new post by Avril Sharp of <a href=\"https:\/\/twitter.com\/Kalayaan?ref_src=twsrc%5Etfw\">@Kalayaan<\/a> and <a href=\"https:\/\/twitter.com\/nataliesedacca?ref_src=twsrc%5Etfw\">@nataliesedacca<\/a> drawing on an empirical study <a href=\"https:\/\/t.co\/JnRKqWNf7D\">https:\/\/t.co\/JnRKqWNf7D<\/a><\/p>\n<p>&mdash; UK Labour Law Blog (@labour_blog) <a href=\"https:\/\/twitter.com\/labour_blog\/status\/1116608057033646081?ref_src=twsrc%5Etfw\">April 12, 2019<\/a><\/p><\/blockquote>\n<p><script async src=\"https:\/\/platform.twitter.com\/widgets.js\" charset=\"utf-8\"><\/script><\/p>\n<p>&nbsp;<\/p>\n<hr \/>\n<p style=\"text-align: justify;\"><span style=\"font-size: 18pt;\"><strong><span style=\"color: #000000;\">(March 2019, ILO) <em>Livelihoods for migrants and refugees in Brazil<\/em><\/span><\/strong><\/span><\/p>\n<p style=\"text-align: justify;\"><span style=\"font-size: 14pt; color: #000000;\"><a style=\"color: #000000;\" href=\"https:\/\/www.ilo.org\/empent\/Projects\/refugee-livelihoods\/WCMS_675252\/lang--en\/index.htm\"><span style=\"text-decoration: underline;\"><span style=\"color: #333399; text-decoration: underline;\">https:\/\/www.ilo.org\/empent\/Projects\/refugee-livelihoods\/WCMS_675252\/lang&#8211;en\/index.htm<\/span><\/span><\/a><\/span><\/p>\n<p>&nbsp;<\/p>\n<hr \/>\n<p style=\"text-align: justify;\"><span style=\"font-size: 18pt;\"><strong><span style=\"color: #000000;\">(Fevereiro de 2019, Tadeu Rover, Consultor Jur\u00eddico &#8211; ConJur) <em>A\u00e7\u00f5es caem na origem, mas crescem nos tribunais regionais do trabalho<\/em><\/span><\/strong><\/span><\/p>\n<p style=\"text-align: justify;\"><span style=\"font-size: 14pt; color: #000000;\"><a style=\"color: #000000;\" href=\"https:\/\/www.conjur.com.br\/2019-fev-11\/acoes-caem-primeira-instancia-crescem-trts\"><span style=\"text-decoration: underline;\"><span style=\"color: #333399; text-decoration: underline;\">https:\/\/www.conjur.com.br\/2019-fev-11\/acoes-caem-primeira-instancia-crescem-trts<\/span><\/span><\/a><\/span><\/p>\n<p>&nbsp;<\/p>\n<hr \/>\n<p style=\"text-align: justify;\"><span style=\"font-size: 18pt;\"><strong><span style=\"color: #000000;\">(Novembro de 2018, Ag\u00eancia IBGE) <em>Taxa de sindicaliza\u00e7\u00e3o dos trabalhadores brasileiros cai para 14,4%, a menor desde 2012<\/em><\/span><\/strong><\/span><\/p>\n<p style=\"text-align: justify;\"><a href=\"https:\/\/agenciadenoticias.ibge.gov.br\/agencia-sala-de-imprensa\/2013-agencia-de-noticias\/releases\/22952-taxa-de-sindicalizacao-dos-trabalhadores-brasileiros-cai-para-14-4-a-menor-desde-2012\"><span style=\"color: #000000; font-size: 14pt;\"><span style=\"text-decoration: underline;\"><span style=\"color: #333399; text-decoration: underline;\">https:\/\/agenciadenoticias.ibge.gov.br\/agencia-sala-de-imprensa\/2013-agencia-de-noticias\/releases\/22952-taxa-de-sindicalizacao-dos-trabalhadores-brasileiros-cai-para-14-4-a-menor-desde-2012<\/span><\/span><\/span><\/a><\/p>\n<p>&nbsp;<\/p>\n<hr \/>\n<p style=\"text-align: justify;\"><strong><span style=\"color: #000000; font-size: 18pt;\">(Agosto de 2018, Migalhas) <em>STF julga constitucional terceiriza\u00e7\u00e3o de atividade-fim<\/em><\/span><\/strong><\/p>\n<p style=\"text-align: justify;\"><a href=\"https:\/\/migalhas.uol.com.br\/quentes\/286649\/stf-julga-constitucional-terceirizacao-de-atividade-fim\"><span style=\"color: #000000;\"><span style=\"text-decoration: underline;\"><span style=\"font-size: 14pt; color: #333399; text-decoration: underline;\">https:\/\/migalhas.uol.com.br\/quentes\/286649\/stf-julga-constitucional-terceirizacao-de-atividade-fim<\/span><\/span><\/span><\/a><\/p>\n<p>&nbsp;<\/p>\n<hr \/>\n<p style=\"text-align: justify;\"><strong><span style=\"color: #000000; font-size: 18pt;\">(June 2018, Kristy Siegfried, United Nations High Commissioner for Refugees &#8211; UNHCR) <em>The Refugee Brief<\/em><\/span><\/strong><\/p>\n<p>https:\/\/www.unhcr.org\/refugeebrief\/refugee-brief-19-june-2018\/<\/p>\n<p>&nbsp;<\/p>\n<hr \/>\n<p lang=\"en\" style=\"text-align: justify;\"><strong><span style=\"font-size: 18pt; color: #000000;\">(June 2018, ILO) <em>Freedom of association &#8211; Compilation of decisions of the Committee on Freedom of Association<\/em><\/span><\/strong><\/p>\n<p style=\"text-align: justify;\"><a href=\"https:\/\/www.ilo.org\/global\/standards\/subjects-covered-by-international-labour-standards\/freedom-of-association\/WCMS_632659\/lang--en\/index.htm\"><span style=\"font-size: 14pt; color: #000000;\"><span style=\"text-decoration: underline;\"><span style=\"color: #333399; text-decoration: underline;\">https:\/\/www.ilo.org\/global\/standards\/subjects-covered-by-international-labour-standards\/freedom-of-association\/WCMS_632659\/lang&#8211;en\/index.htm<\/span><\/span><\/span><\/a><\/p>\n<p>&nbsp;<\/p>\n<hr \/>\n<p class=\"content__headline\" style=\"text-align: justify;\"><span style=\"font-size: 18pt;\"><strong><span style=\"color: #000000;\">(June 2018, Peter Beaumont, The Guardian) <em>Image of sobbing toddler at US border: \u2018It was hard for me to photograph\u2019<\/em>\u00a0<\/span><\/strong><\/span><\/p>\n<p style=\"text-align: justify;\"><a href=\"https:\/\/www.theguardian.com\/global-development\/2018\/jun\/19\/image-sobbing-toddler-us-border-it-was-hard-for-me-to-photograph-john-moore\"><span style=\"font-size: 14pt; color: #000000;\"><span style=\"text-decoration: underline;\"><span style=\"color: #333399; text-decoration: underline;\">https:\/\/www.theguardian.com\/global-development\/2018\/jun\/19\/image-sobbing-toddler-us-border-it-was-hard-for-me-to-photograph-john-moore<\/span><\/span><\/span><\/a><\/p>\n<p>&nbsp;<\/p>\n<hr \/>\n<p class=\"content-head__title\" style=\"text-align: justify;\"><strong><span style=\"color: #000000; font-size: 18pt;\">(Dezembro de <time datetime=\"2017-12-13T14:14:34.037Z\">2017, <\/time>G1<time datetime=\"2017-12-13T14:14:34.037Z\">) <\/time><em>Entrada de imigrantes no Brasil caiu 23% em dois anos; &#8216;efeito da crise pol\u00edtica e econ\u00f4mica&#8217;, diz estudo<\/em><\/span><\/strong><\/p>\n<p style=\"text-align: justify;\"><span style=\"color: #000000; font-size: 14pt;\"><a style=\"color: #000000;\" href=\"https:\/\/g1.globo.com\/politica\/noticia\/entrada-de-imigrantes-no-brasil-caiu-23-em-dois-anos-efeito-da-crise-politica-e-economica-diz-estudo.ghtml\"><span style=\"text-decoration: underline;\"><span style=\"color: #333399; text-decoration: underline;\">https:\/\/g1.globo.com\/politica\/noticia\/entrada-de-imigrantes-no-brasil-caiu-23-em-dois-anos-efeito-da-crise-politica-e-economica-diz-estudo.ghtml<\/span><\/span><\/a><\/span><\/p>\n<p>&nbsp;<\/p>\n<hr \/>\n<p style=\"text-align: justify;\" tabindex=\"-1\"><span style=\"font-size: 18pt;\"><strong><span style=\"color: #000000;\">(Junho de 2017, Edwin Lane, BBC News Brasil) <em>Os jovens japoneses que est\u00e3o trabalhando literalmente at\u00e9 a morte<\/em><\/span><\/strong><\/span><\/p>\n<p style=\"text-align: justify;\"><a href=\"https:\/\/www.bbc.com\/portuguese\/internacional-40140914\"><span style=\"color: #000000; font-size: 14pt;\"><span style=\"text-decoration: underline;\"><span style=\"color: #333399; text-decoration: underline;\">https:\/\/www.bbc.com\/portuguese\/internacional-40140914<\/span><\/span><\/span><\/a><\/p>\n<p>&nbsp;<\/p>\n<hr \/>\n<p style=\"text-align: justify;\"><strong><span style=\"color: #000000; font-size: 18pt;\">(Maio de 2017, G1) <em>Temer sanciona com vetos Lei de Migra\u00e7\u00e3o<\/em><\/span><\/strong><\/p>\n<p style=\"text-align: justify;\"><a href=\"https:\/\/g1.globo.com\/politica\/noticia\/temer-sanciona-com-vetos-lei-de-migracao.ghtml\"><span style=\"color: #000000; font-size: 14pt;\"><span style=\"text-decoration: underline;\"><span style=\"color: #333399; text-decoration: underline;\">https:\/\/g1.globo.com\/politica\/noticia\/temer-sanciona-com-vetos-lei-de-migracao.ghtml<\/span><\/span><\/span><\/a><\/p>\n<p>&nbsp;<\/p>\n<hr \/>\n<p style=\"text-align: justify;\"><span style=\"font-size: 18pt;\"><strong><span style=\"color: #000000;\">(<\/span><span style=\"color: #000000;\">May 2013, David Weil, Harvard University Press) <\/span><span style=\"color: #000000;\"><em>Why work became so bad for so many<\/em><\/span><\/strong><\/span><\/p>\n<p><iframe title=\"Why Work Became So Bad for So Many \u2013\u00a0David Weil\" width=\"650\" height=\"366\" src=\"https:\/\/www.youtube.com\/embed\/qYYf2qcSOXg?feature=oembed\" frameborder=\"0\" allow=\"accelerometer; autoplay; clipboard-write; encrypted-media; gyroscope; picture-in-picture; web-share\" referrerpolicy=\"strict-origin-when-cross-origin\" allowfullscreen><\/iframe><\/p>\n","protected":false},"excerpt":{"rendered":"<p>(December 2020, United Nations Network on Migration) Stronger together: including migrants in the COVID-19 response and recovery https:\/\/migrationnetwork.un.org\/stronger-together-including-migrants-covid-19-response-and-recovery-0 &nbsp; (December 2020, Economic Commission for Latin America and the Caribean &#8211; ECLAC) The 2014-2020 period will mark the lowest growth in the last seven decades for Latin American and Caribbean economies https:\/\/www.cepal.org\/en\/pressreleases\/2014-2020-period-will-mark-lowest-growth-last-seven-decades-latin-american-and &nbsp; (November 2020, Guy Davidov, Hans-B\u00f6ckler-Stiftung) Die Sinzheimer-Vorlesung 2020, Compliance with and Enforcement of Labour Laws https:\/\/youtu.be\/uuKQD_wcaPY &nbsp; (August 2020, ILO) COVID-19 and the world of work https:\/\/www.ilo.org\/global\/topics\/coronavirus\/lang&#8211;en\/index.htm &nbsp; (July 2020, Cornell University, School of Industrial and Labor Relations &#8211; ILR) How do we resolve labor disputes under global supply chain agreements? https:\/\/www.ilr.cornell.edu\/new-conversations-project\/news-and-events\/webinar-how-do-we-resolve-labor-disputes-under-global-supply-chain-agreements &nbsp; (July 2020, Solidarity Center) 10 years protecting freedom of assembly and association worldwide https:\/\/youtu.be\/3rGbPd2V7zY &nbsp; (July 2020, Transnational Institute) Migrant farmworkers: organising and resisting before, during and after COVID-19 &nbsp; (July 2020, ILO) ILO Global Summit on COVID-19 and the world of work https:\/\/global-summit.ilo.org\/en\/event\/constituents-day\/ &nbsp; (June 2020, ILO) ILO Violence and Harassment Convention will enter into force in June 2021 https:\/\/www.ilo.org\/global\/about-the-ilo\/newsroom\/news\/WCMS_749148\/lang&#8211;en\/index.htm &nbsp; (May 2020, Labor and Employment Relations Association &#8211; LERA) Low wage and gig work during the COVID-19 Pandemic &nbsp; (Abril de 2020, Jos\u00e9 Eduardo Faria, Estado da Arte &#8211; Estad\u00e3o) A sa\u00fade p\u00fablica [&#8230;]<\/p>\n","protected":false},"author":1213,"featured_media":0,"parent":0,"menu_order":0,"comment_status":"closed","ping_status":"closed","template":"","meta":{"footnotes":"","_links_to":"","_links_to_target":""},"class_list":["post-588","page","type-page","status-publish","hentry"],"_links":{"self":[{"href":"https:\/\/sites.usp.br\/gemdit\/wp-json\/wp\/v2\/pages\/588","targetHints":{"allow":["GET"]}}],"collection":[{"href":"https:\/\/sites.usp.br\/gemdit\/wp-json\/wp\/v2\/pages"}],"about":[{"href":"https:\/\/sites.usp.br\/gemdit\/wp-json\/wp\/v2\/types\/page"}],"author":[{"embeddable":true,"href":"https:\/\/sites.usp.br\/gemdit\/wp-json\/wp\/v2\/users\/1213"}],"replies":[{"embeddable":true,"href":"https:\/\/sites.usp.br\/gemdit\/wp-json\/wp\/v2\/comments?post=588"}],"version-history":[{"count":4,"href":"https:\/\/sites.usp.br\/gemdit\/wp-json\/wp\/v2\/pages\/588\/revisions"}],"predecessor-version":[{"id":893,"href":"https:\/\/sites.usp.br\/gemdit\/wp-json\/wp\/v2\/pages\/588\/revisions\/893"}],"wp:attachment":[{"href":"https:\/\/sites.usp.br\/gemdit\/wp-json\/wp\/v2\/media?parent=588"}],"curies":[{"name":"wp","href":"https:\/\/api.w.org\/{rel}","templated":true}]}}