{"id":813,"date":"2021-01-17T22:40:21","date_gmt":"2021-01-18T01:40:21","guid":{"rendered":"http:\/\/sites.usp.br\/gemdit\/?page_id=813"},"modified":"2021-01-19T18:15:47","modified_gmt":"2021-01-19T21:15:47","slug":"publicacoes","status":"publish","type":"page","link":"https:\/\/sites.usp.br\/gemdit\/publicacoes\/","title":{"rendered":"Publica\u00e7\u00f5es \/ Publications"},"content":{"rendered":"<p style=\"text-align: justify;\"><span style=\"font-size: 14pt; color: #000000;\">O Prof. Antonio Rodrigues de Freitas J\u00fanior &#8211; l\u00edder do GEMDIT &#8211; v\u00eam coordenando\/editando\/organizando e escrevendo publica\u00e7\u00f5es que se relacionam com as atividades desenvolvidas pelo Grupo. Explore essa aba para mais informa\u00e7\u00f5es.<\/span><\/p>\n<p style=\"text-align: justify;\"><span style=\"font-size: 14pt; color: #993300;\"><span class=\"JLqJ4b ChMk0b\" data-language-for-alternatives=\"en\" data-language-to-translate-into=\"pt\" data-phrase-index=\"0\">Prof.<\/span> <span class=\"JLqJ4b ChMk0b\" data-language-for-alternatives=\"en\" data-language-to-translate-into=\"pt\" data-phrase-index=\"1\">Antonio Rodrigues de Freitas J\u00fanior &#8211; the GEMDIT leader &#8211; has been coordinating\/editing\/organizing and writing publications that relate to the activities developed by the Group.<\/span> <span class=\"JLqJ4b ChMk0b\" data-language-for-alternatives=\"en\" data-language-to-translate-into=\"pt\" data-phrase-index=\"2\">Explore this tab for more information.<\/span><\/span><\/p>\n<div id=\"attachment_814\" style=\"width: 810px\" class=\"wp-caption aligncenter\"><a href=\"https:\/\/sites.usp.br\/gemdit\/wp-content\/uploads\/sites\/364\/2021\/01\/Salao-Nobre-FD-USP.jpg\"><img fetchpriority=\"high\" decoding=\"async\" aria-describedby=\"caption-attachment-814\" class=\"wp-image-814\" src=\"https:\/\/sites.usp.br\/gemdit\/wp-content\/uploads\/sites\/364\/2021\/01\/Salao-Nobre-FD-USP-1024x576.jpg\" alt=\"\" width=\"800\" height=\"450\" srcset=\"https:\/\/sites.usp.br\/gemdit\/wp-content\/uploads\/sites\/364\/2021\/01\/Salao-Nobre-FD-USP-1024x576.jpg 1024w, https:\/\/sites.usp.br\/gemdit\/wp-content\/uploads\/sites\/364\/2021\/01\/Salao-Nobre-FD-USP-300x169.jpg 300w, https:\/\/sites.usp.br\/gemdit\/wp-content\/uploads\/sites\/364\/2021\/01\/Salao-Nobre-FD-USP-768x432.jpg 768w, https:\/\/sites.usp.br\/gemdit\/wp-content\/uploads\/sites\/364\/2021\/01\/Salao-Nobre-FD-USP-1536x864.jpg 1536w, https:\/\/sites.usp.br\/gemdit\/wp-content\/uploads\/sites\/364\/2021\/01\/Salao-Nobre-FD-USP-310x174.jpg 310w, https:\/\/sites.usp.br\/gemdit\/wp-content\/uploads\/sites\/364\/2021\/01\/Salao-Nobre-FD-USP-400x225.jpg 400w, https:\/\/sites.usp.br\/gemdit\/wp-content\/uploads\/sites\/364\/2021\/01\/Salao-Nobre-FD-USP.jpg 1920w\" sizes=\"(max-width: 800px) 100vw, 800px\" \/><\/a><p id=\"caption-attachment-814\" class=\"wp-caption-text\">Sal\u00e3o Nobre, FD-USP. Fonte \/ Source: Marcos Santos\/USP Imagens, https:\/\/imagens.usp.br\/.<\/p><\/div>\n","protected":false},"excerpt":{"rendered":"<p>O Prof. Antonio Rodrigues de Freitas J\u00fanior &#8211; l\u00edder do GEMDIT &#8211; v\u00eam coordenando\/editando\/organizando e escrevendo publica\u00e7\u00f5es que se relacionam com as atividades desenvolvidas pelo Grupo. Explore essa aba para mais informa\u00e7\u00f5es. Prof. Antonio Rodrigues de Freitas J\u00fanior &#8211; the GEMDIT leader &#8211; has been coordinating\/editing\/organizing and writing publications that relate to the activities developed by the Group. Explore this tab for more information. Sal\u00e3o Nobre, FD-USP. Fonte \/ Source: Marcos Santos\/USP Imagens, https:\/\/imagens.usp.br\/.<\/p>\n","protected":false},"author":1213,"featured_media":0,"parent":0,"menu_order":0,"comment_status":"closed","ping_status":"closed","template":"","meta":{"footnotes":"","_links_to":"","_links_to_target":""},"class_list":["post-813","page","type-page","status-publish","hentry"],"_links":{"self":[{"href":"https:\/\/sites.usp.br\/gemdit\/wp-json\/wp\/v2\/pages\/813","targetHints":{"allow":["GET"]}}],"collection":[{"href":"https:\/\/sites.usp.br\/gemdit\/wp-json\/wp\/v2\/pages"}],"about":[{"href":"https:\/\/sites.usp.br\/gemdit\/wp-json\/wp\/v2\/types\/page"}],"author":[{"embeddable":true,"href":"https:\/\/sites.usp.br\/gemdit\/wp-json\/wp\/v2\/users\/1213"}],"replies":[{"embeddable":true,"href":"https:\/\/sites.usp.br\/gemdit\/wp-json\/wp\/v2\/comments?post=813"}],"version-history":[{"count":4,"href":"https:\/\/sites.usp.br\/gemdit\/wp-json\/wp\/v2\/pages\/813\/revisions"}],"predecessor-version":[{"id":828,"href":"https:\/\/sites.usp.br\/gemdit\/wp-json\/wp\/v2\/pages\/813\/revisions\/828"}],"wp:attachment":[{"href":"https:\/\/sites.usp.br\/gemdit\/wp-json\/wp\/v2\/media?parent=813"}],"curies":[{"name":"wp","href":"https:\/\/api.w.org\/{rel}","templated":true}]}}