{"id":831,"date":"2021-01-19T18:48:24","date_gmt":"2021-01-19T21:48:24","guid":{"rendered":"http:\/\/sites.usp.br\/gemdit\/?page_id=831"},"modified":"2025-03-22T19:52:27","modified_gmt":"2025-03-22T22:52:27","slug":"livros","status":"publish","type":"page","link":"https:\/\/sites.usp.br\/gemdit\/publicacoes\/livros\/","title":{"rendered":"Livros \/ Books"},"content":{"rendered":"<p><strong><span style=\"font-size: 18pt;\">Media\u00e7\u00e3o e Cultura de Paz: Estudos e Reflex\u00f5es sobre sua Aplica\u00e7\u00e3o Pr\u00e1tica<\/span><\/strong><\/p>\n<p><a href=\"https:\/\/a.co\/d\/axvZwOz\">https:\/\/a.co\/d\/axvZwOz\u00a0<\/a><\/p>\n<p><img fetchpriority=\"high\" decoding=\"async\" class=\"aligncenter\" src=\"https:\/\/m.media-amazon.com\/images\/I\/71UX5a97fbL._SL1500_.jpg\" width=\"201\" height=\"284\" \/><\/p>\n<p>&nbsp;<\/p>\n<p><strong><span style=\"font-size: 18pt;\">Gig Economy: Direitos Sociais, Mudan\u00e7as Tecnol\u00f3gicas e Prote\u00e7\u00e3o Judicial<\/span><\/strong><\/p>\n<p><span style=\"color: #000000;\"><strong><span style=\"font-size: 14pt;\"><a style=\"color: #000000;\" href=\"https:\/\/www.caaspshop.com.br\/gig-economy---direitos-sociais-mudancas-tecnologicas-e-protecao-juridica-135846\/p\">https:\/\/www.caaspshop.com.br\/gig-economy&#8212;direitos-sociais-mudancas-tecnologicas-e-protecao-juridica-135846\/p<\/a><\/span><\/strong><\/span><\/p>\n<p>&nbsp;<\/p>\n<p><img decoding=\"async\" class=\"aligncenter\" src=\"https:\/\/a-static.mlcdn.com.br\/1500x1500\/gig-economy-direitos-sociais-mudancas-tecnologicas-e-protecao-judicial\/authenticlivros\/1265517\/35b8eb5a932bbc4edf819a8733b0952a.jpeg\" alt=\"Imagem de Gig Economy: Direitos Sociais, Mudan\u00e7as Tecnol\u00f3gicas e Prote\u00e7\u00e3o Judicial\" width=\"200\" height=\"287\" \/><\/p>\n<p>&nbsp;<\/p>\n<p><strong><span style=\"font-size: 18pt;\">TRABALHO, DIREITO E COVID-19:\u00a0<\/span><span style=\"font-size: 18pt;\">efeitos da pandemia sobre as rela\u00e7\u00f5es de trabalho no Brasil<\/span><\/strong><\/p>\n<h3 class=\"product-title\"><span style=\"font-size: 14pt;\">https:\/\/loja.editoradialetica.com\/humanidades\/trabalho-direito-e-covid-19-efeitos-da-pandemia-sobre-as-relacoes-de-trabalho-no-brasil<\/span><\/h3>\n<p><a href=\"https:\/\/sites.usp.br\/gemdit\/wp-content\/uploads\/sites\/364\/2023\/04\/LIVRO.jpg\"><img decoding=\"async\" class=\"size-medium wp-image-1041 aligncenter\" src=\"https:\/\/sites.usp.br\/gemdit\/wp-content\/uploads\/sites\/364\/2023\/04\/LIVRO-202x300.jpg\" alt=\"\" width=\"202\" height=\"300\" srcset=\"https:\/\/sites.usp.br\/gemdit\/wp-content\/uploads\/sites\/364\/2023\/04\/LIVRO-202x300.jpg 202w, https:\/\/sites.usp.br\/gemdit\/wp-content\/uploads\/sites\/364\/2023\/04\/LIVRO.jpg 335w\" sizes=\"(max-width: 202px) 100vw, 202px\" \/><\/a><\/p>\n<p>&nbsp;<\/p>\n<p style=\"text-align: justify;\"><strong><span style=\"font-size: 18pt; color: #000000;\">TRADU\u00c7\u00c3O HUMANIT\u00c1RIA E MEDIA\u00c7\u00c3O CULTURAL PARA MIGRANTES E REFUGIADOS<\/span><\/strong><\/p>\n<p style=\"text-align: justify;\"><span style=\"color: #993300;\"><strong><span style=\"font-size: 18pt;\">HUMANITARIAN TRANSLATION AND CULTURAL MEDIATION FOR MIGRANTS AND REFUGEES<\/span><\/strong><\/span><\/p>\n<p style=\"text-align: justify;\"><strong><span style=\"font-size: 14pt; color: #000000;\">Org.: Centro Brasileiro de Estudos da Am\u00e9rica Latina<\/span><\/strong><\/p>\n<p style=\"text-align: justify;\"><span style=\"font-size: 14pt; color: #000000;\">2021, Funda\u00e7\u00e3o Memorial da Am\u00e9rica Latina (<a href=\"https:\/\/www.saopaulo.sp.gov.br\/spnoticias\/memorial-da-america-latina-lanca-livro-sobre-traducao-humanitaria-para-refugiados\/\"><span style=\"text-decoration: underline; color: #333399;\">https:\/\/www.saopaulo.sp.gov.br\/spnoticias\/memorial-da-america-latina-lanca-livro-sobre-traducao-humanitaria-para-refugiados\/<\/span><\/a>)<\/span><\/p>\n<p style=\"text-align: justify;\"><span style=\"font-size: 14pt; color: #000000;\">Clique na imagem abaixo para acess\u00e1-lo:<\/span><\/p>\n<p style=\"text-align: justify;\"><span style=\"font-size: 14pt; color: #993300;\">Click on the image below to access it:<\/span><\/p>\n<p><a href=\"https:\/\/sites.usp.br\/gemdit\/wp-content\/uploads\/sites\/364\/2021\/06\/Traducao-humanitaria-e-mediacao-cultural-para-migrantes-e-refugiados.pdf\"><img loading=\"lazy\" decoding=\"async\" class=\"aligncenter wp-image-926 size-medium\" src=\"https:\/\/sites.usp.br\/gemdit\/wp-content\/uploads\/sites\/364\/2022\/01\/Capa-livro-Traducao-Humanitaria-Memorial-209x300.png\" alt=\"\" width=\"209\" height=\"300\" srcset=\"https:\/\/sites.usp.br\/gemdit\/wp-content\/uploads\/sites\/364\/2022\/01\/Capa-livro-Traducao-Humanitaria-Memorial-209x300.png 209w, https:\/\/sites.usp.br\/gemdit\/wp-content\/uploads\/sites\/364\/2022\/01\/Capa-livro-Traducao-Humanitaria-Memorial-400x575.png 400w, https:\/\/sites.usp.br\/gemdit\/wp-content\/uploads\/sites\/364\/2022\/01\/Capa-livro-Traducao-Humanitaria-Memorial.png 534w\" sizes=\"(max-width: 209px) 100vw, 209px\" \/><\/a><\/p>\n<p>&nbsp;<\/p>\n<hr \/>\n<p style=\"text-align: justify;\"><strong><span style=\"font-size: 18pt; color: #000000;\">ON DEMAND: TRABALHO SOB DEMANDA EM PLATAFORMAS DIGITAIS<\/span><\/strong><\/p>\n<p style=\"text-align: justify;\"><span style=\"color: #993300;\"><strong><span style=\"font-size: 18pt;\">ON DEMAND: ON-DEMAND WORK ON DIGITAL PLATFORMS<\/span><\/strong><\/span><\/p>\n<p style=\"text-align: justify;\"><strong><span style=\"font-size: 14pt; color: #000000;\">Antonio Rodrigues de Freitas Junior<\/span><\/strong><\/p>\n<p style=\"text-align: justify;\"><span style=\"font-size: 14pt; color: #000000;\">2020, Arraes Editores (<a href=\"https:\/\/arraeseditores.com.br\/on-demand.html\"><span style=\"text-decoration: underline; color: #333399;\">https:\/\/arraeseditores.com.br\/on-demand.html<\/span><\/a>)<\/span><\/p>\n<p><a href=\"https:\/\/sites.usp.br\/gemdit\/wp-content\/uploads\/sites\/364\/2021\/01\/Livro-On-Demand-Prof.-Freitas.jpg\"><img loading=\"lazy\" decoding=\"async\" class=\"aligncenter size-medium wp-image-843\" src=\"https:\/\/sites.usp.br\/gemdit\/wp-content\/uploads\/sites\/364\/2021\/01\/Livro-On-Demand-Prof.-Freitas-300x300.jpg\" alt=\"\" width=\"300\" height=\"300\" srcset=\"https:\/\/sites.usp.br\/gemdit\/wp-content\/uploads\/sites\/364\/2021\/01\/Livro-On-Demand-Prof.-Freitas-300x300.jpg 300w, https:\/\/sites.usp.br\/gemdit\/wp-content\/uploads\/sites\/364\/2021\/01\/Livro-On-Demand-Prof.-Freitas-1024x1024.jpg 1024w, https:\/\/sites.usp.br\/gemdit\/wp-content\/uploads\/sites\/364\/2021\/01\/Livro-On-Demand-Prof.-Freitas-150x150.jpg 150w, https:\/\/sites.usp.br\/gemdit\/wp-content\/uploads\/sites\/364\/2021\/01\/Livro-On-Demand-Prof.-Freitas-768x768.jpg 768w, https:\/\/sites.usp.br\/gemdit\/wp-content\/uploads\/sites\/364\/2021\/01\/Livro-On-Demand-Prof.-Freitas-45x45.jpg 45w, https:\/\/sites.usp.br\/gemdit\/wp-content\/uploads\/sites\/364\/2021\/01\/Livro-On-Demand-Prof.-Freitas-200x200.jpg 200w, https:\/\/sites.usp.br\/gemdit\/wp-content\/uploads\/sites\/364\/2021\/01\/Livro-On-Demand-Prof.-Freitas-400x400.jpg 400w, https:\/\/sites.usp.br\/gemdit\/wp-content\/uploads\/sites\/364\/2021\/01\/Livro-On-Demand-Prof.-Freitas.jpg 1200w\" sizes=\"(max-width: 300px) 100vw, 300px\" \/><\/a><\/p>\n<p>&nbsp;<\/p>\n<hr \/>\n<p style=\"text-align: justify;\"><strong><span style=\"font-size: 18pt; color: #000000;\">O CENTEN\u00c1RIO DA ORGANIZA\u00c7\u00c3O INTERNACIONAL DO TRABALHO NO BRASIL<\/span><\/strong><\/p>\n<p style=\"text-align: justify;\"><span style=\"color: #993300;\"><strong><span style=\"font-size: 18pt;\">THE CENTENARY OF THE INTERNATIONAL LABOR ORGANIZATION IN BRAZIL<\/span><\/strong><\/span><\/p>\n<p style=\"text-align: justify;\"><strong><span style=\"font-size: 14pt; color: #000000;\">Org.: Ana Virginia Moreira Gomes, Ant\u00f4nio Rodrigues de Freitas J\u00fanior, Jos\u00e9 Francisco Siqueira Neto<\/span><\/strong><\/p>\n<p style=\"text-align: justify;\"><span style=\"font-size: 14pt; color: #000000;\">2019, Editora Virtualis (<a href=\"https:\/\/editoravirtualis.com\/livro\/centenario-da-organizacao-internacional-do-trabalho-no-brasil\"><span style=\"text-decoration: underline; color: #333399;\">https:\/\/editoravirtualis.com\/livro\/centenario-da-organizacao-internacional-do-trabalho-no-brasil<\/span><\/a>)<\/span><\/p>\n<p><a href=\"https:\/\/sites.usp.br\/gemdit\/wp-content\/uploads\/sites\/364\/2020\/01\/Livro-OIT-1.jpg\"><img loading=\"lazy\" decoding=\"async\" class=\"aligncenter size-medium wp-image-565\" src=\"https:\/\/sites.usp.br\/gemdit\/wp-content\/uploads\/sites\/364\/2020\/01\/Livro-OIT-1-209x300.jpg\" alt=\"\" width=\"209\" height=\"300\" srcset=\"https:\/\/sites.usp.br\/gemdit\/wp-content\/uploads\/sites\/364\/2020\/01\/Livro-OIT-1-209x300.jpg 209w, https:\/\/sites.usp.br\/gemdit\/wp-content\/uploads\/sites\/364\/2020\/01\/Livro-OIT-1-712x1024.jpg 712w, https:\/\/sites.usp.br\/gemdit\/wp-content\/uploads\/sites\/364\/2020\/01\/Livro-OIT-1-768x1105.jpg 768w, https:\/\/sites.usp.br\/gemdit\/wp-content\/uploads\/sites\/364\/2020\/01\/Livro-OIT-1-400x575.jpg 400w, https:\/\/sites.usp.br\/gemdit\/wp-content\/uploads\/sites\/364\/2020\/01\/Livro-OIT-1.jpg 890w\" sizes=\"(max-width: 209px) 100vw, 209px\" \/><\/a><\/p>\n<p>&nbsp;<\/p>\n<hr \/>\n<p style=\"text-align: justify;\"><span style=\"font-size: 18pt;\"><strong><span style=\"color: #000000;\">MIGRA\u00c7\u00c3O, TRABALHO E DIREITOS HUMANOS<\/span><\/strong><\/span><\/p>\n<p style=\"text-align: justify;\"><span style=\"font-size: 18pt; color: #993300;\"><strong>MIGRATION, LABOR, AND HUMAN RIGHTS<\/strong><\/span><\/p>\n<p style=\"text-align: justify;\"><strong><span style=\"font-size: 14pt; color: #000000;\"> Org.: Antonio Rodrigues de Freitas J\u00fanior, Daniel Bertolucci Torres, Jorge Cavalcanti Boucinhas Filho<\/span><\/strong><\/p>\n<p style=\"text-align: justify;\"><span style=\"font-size: 14pt; color: #000000;\">2017, LTr Editora (<a href=\"https:\/\/www.ltreditora.com.br\/migrac-o-trabalho-e-direitos-humanos.html\"><span style=\"text-decoration: underline; color: #333399;\">https:\/\/www.ltreditora.com.br\/migrac-o-trabalho-e-direitos-humanos.html<\/span><\/a>)<\/span><\/p>\n<p><a href=\"https:\/\/sites.usp.br\/gemdit\/wp-content\/uploads\/sites\/364\/2021\/01\/Livro-Migracao-Trabalho-e-D.-Humanos.png\"><img loading=\"lazy\" decoding=\"async\" class=\"aligncenter size-medium wp-image-835\" src=\"https:\/\/sites.usp.br\/gemdit\/wp-content\/uploads\/sites\/364\/2021\/01\/Livro-Migracao-Trabalho-e-D.-Humanos-225x300.png\" alt=\"\" width=\"225\" height=\"300\" srcset=\"https:\/\/sites.usp.br\/gemdit\/wp-content\/uploads\/sites\/364\/2021\/01\/Livro-Migracao-Trabalho-e-D.-Humanos-225x300.png 225w, https:\/\/sites.usp.br\/gemdit\/wp-content\/uploads\/sites\/364\/2021\/01\/Livro-Migracao-Trabalho-e-D.-Humanos-400x535.png 400w, https:\/\/sites.usp.br\/gemdit\/wp-content\/uploads\/sites\/364\/2021\/01\/Livro-Migracao-Trabalho-e-D.-Humanos.png 449w\" sizes=\"(max-width: 225px) 100vw, 225px\" \/><\/a><\/p>\n<p>&nbsp;<\/p>\n<hr \/>\n<p style=\"text-align: justify;\"><strong><span style=\"font-size: 18pt; color: #000000;\">MEDIA\u00c7\u00c3O &amp; O NOVO C\u00d3DIGO DE PROCESSO CIVIL<\/span><\/strong><\/p>\n<p style=\"text-align: justify;\"><span style=\"color: #993300;\"><strong><span style=\"font-size: 18pt;\">MEDIATION &amp; THE NEW CODE OF CIVIL PROCEDURE<\/span><\/strong><\/span><\/p>\n<p style=\"text-align: justify;\"><strong><span style=\"font-size: 14pt; color: #000000;\">Coord.: Antonio Rodrigues de Freitas Jr., Guilherme Assis de Almeida; Org.: Michel Roberto O. de Souza<\/span><\/strong><\/p>\n<p style=\"text-align: justify;\"><span style=\"font-size: 14pt; color: #000000;\">2017, Juru\u00e1 Editora (<a href=\"https:\/\/www.jurua.com.br\/shop_item.asp?id=26428\"><span style=\"text-decoration: underline; color: #333399;\">https:\/\/www.jurua.com.br\/shop_item.asp?id=26428<\/span><\/a>)<\/span><\/p>\n<p><a href=\"https:\/\/sites.usp.br\/gemdit\/wp-content\/uploads\/sites\/364\/2021\/01\/Livro-Mediacao-e-Novo-CPC.jpg\"><img loading=\"lazy\" decoding=\"async\" class=\"aligncenter size-medium wp-image-830\" src=\"https:\/\/sites.usp.br\/gemdit\/wp-content\/uploads\/sites\/364\/2021\/01\/Livro-Mediacao-e-Novo-CPC-211x300.jpg\" alt=\"\" width=\"211\" height=\"300\" srcset=\"https:\/\/sites.usp.br\/gemdit\/wp-content\/uploads\/sites\/364\/2021\/01\/Livro-Mediacao-e-Novo-CPC-211x300.jpg 211w, https:\/\/sites.usp.br\/gemdit\/wp-content\/uploads\/sites\/364\/2021\/01\/Livro-Mediacao-e-Novo-CPC-400x568.jpg 400w, https:\/\/sites.usp.br\/gemdit\/wp-content\/uploads\/sites\/364\/2021\/01\/Livro-Mediacao-e-Novo-CPC.jpg 500w\" sizes=\"(max-width: 211px) 100vw, 211px\" \/><\/a><\/p>\n<p>&nbsp;<\/p>\n<hr \/>\n<p style=\"text-align: justify;\"><span style=\"font-size: 18pt;\"><strong><span style=\"color: #000000;\">MEDIA\u00c7\u00c3O E DIREITOS HUMANOS: TEMAS ATUAIS E CONTROVERTIDOS<\/span><\/strong><\/span><\/p>\n<p style=\"text-align: justify;\"><span style=\"font-size: 18pt; color: #993300;\"><strong>MEDIATION AND HUMAN RIGHTS: CURRENT AND CONTROVERSIAL TOPICS<\/strong><\/span><\/p>\n<p style=\"text-align: justify;\"><strong><span style=\"font-size: 14pt; color: #000000;\">Coord.: Antonio Rodrigues de Freitas Jr.;\u00a0Org.: Marco Aur\u00e9lio Serau Junior<\/span><\/strong><\/p>\n<p style=\"text-align: justify;\"><span style=\"font-size: 14pt; color: #000000;\">2014, LTr Editora (<a href=\"https:\/\/www.ltreditora.com.br\/mediac-o-e-direitos-humanos.html\"><span style=\"text-decoration: underline; color: #333399;\">https:\/\/www.ltreditora.com.br\/mediac-o-e-direitos-humanos.html<\/span><\/a>)<\/span><\/p>\n<p><a href=\"https:\/\/sites.usp.br\/gemdit\/wp-content\/uploads\/sites\/364\/2021\/01\/Livro-Mediacao-e-D.-Humanos.png\"><img loading=\"lazy\" decoding=\"async\" class=\"aligncenter size-medium wp-image-838\" src=\"https:\/\/sites.usp.br\/gemdit\/wp-content\/uploads\/sites\/364\/2021\/01\/Livro-Mediacao-e-D.-Humanos-223x300.png\" alt=\"\" width=\"223\" height=\"300\" srcset=\"https:\/\/sites.usp.br\/gemdit\/wp-content\/uploads\/sites\/364\/2021\/01\/Livro-Mediacao-e-D.-Humanos-223x300.png 223w, https:\/\/sites.usp.br\/gemdit\/wp-content\/uploads\/sites\/364\/2021\/01\/Livro-Mediacao-e-D.-Humanos-400x538.png 400w, https:\/\/sites.usp.br\/gemdit\/wp-content\/uploads\/sites\/364\/2021\/01\/Livro-Mediacao-e-D.-Humanos.png 446w\" sizes=\"(max-width: 223px) 100vw, 223px\" \/><\/a><\/p>\n<p>&nbsp;<\/p>\n<hr \/>\n<p style=\"text-align: justify;\"><span style=\"font-size: 18pt;\"><strong><span style=\"color: #000000;\">A DECLARA\u00c7\u00c3O DE 1998 DA OIT SOBRE PRINC\u00cdPIOS E DIREITOS FUNDAMENTAIS NO TRABALHO: AN\u00c1LISE DO SEU SIGNIFICADO E EFEITOS<\/span><\/strong><\/span><\/p>\n<p style=\"text-align: justify;\"><span style=\"font-size: 18pt; color: #993300;\"><strong>THE 1998 ILO DECLARATION ON FUNDAMENTAL PRINCIPLES AND RIGHTS AT WORK: ANALYSIS OF ITS MEANING AND EFFECTS<\/strong><\/span><\/p>\n<p style=\"text-align: justify;\"><strong><span style=\"font-size: 14pt; color: #000000;\">Org.: Ana Virg\u00ednia Moreira Gomes, Antonio Rodrigues de Freitas J\u00fanior<\/span><\/strong><\/p>\n<p style=\"text-align: justify;\"><span style=\"font-size: 14pt; color: #000000;\">2014, LTr Editora (<a href=\"https:\/\/www.ltreditora.com.br\/declarac-o-de-1998-da-oit-sobre-principios-e-direitos-fundamentais-no-trabalho.html\"><span style=\"text-decoration: underline; color: #333399;\">https:\/\/www.ltreditora.com.br\/declarac-o-de-1998-da-oit-sobre-principios-e-direitos-fundamentais-no-trabalho.html<\/span><\/a>)<\/span><\/p>\n<p><a href=\"https:\/\/sites.usp.br\/gemdit\/wp-content\/uploads\/sites\/364\/2021\/01\/Livro-Declaracao-OIT-1998.png\"><img loading=\"lazy\" decoding=\"async\" class=\"aligncenter size-medium wp-image-840\" src=\"https:\/\/sites.usp.br\/gemdit\/wp-content\/uploads\/sites\/364\/2021\/01\/Livro-Declaracao-OIT-1998-225x300.png\" alt=\"\" width=\"225\" height=\"300\" srcset=\"https:\/\/sites.usp.br\/gemdit\/wp-content\/uploads\/sites\/364\/2021\/01\/Livro-Declaracao-OIT-1998-225x300.png 225w, https:\/\/sites.usp.br\/gemdit\/wp-content\/uploads\/sites\/364\/2021\/01\/Livro-Declaracao-OIT-1998-400x535.png 400w, https:\/\/sites.usp.br\/gemdit\/wp-content\/uploads\/sites\/364\/2021\/01\/Livro-Declaracao-OIT-1998.png 449w\" sizes=\"(max-width: 225px) 100vw, 225px\" \/><\/a><\/p>\n","protected":false},"excerpt":{"rendered":"<p>Media\u00e7\u00e3o e Cultura de Paz: Estudos e Reflex\u00f5es sobre sua Aplica\u00e7\u00e3o Pr\u00e1tica https:\/\/a.co\/d\/axvZwOz\u00a0 &nbsp; Gig Economy: Direitos Sociais, Mudan\u00e7as Tecnol\u00f3gicas e Prote\u00e7\u00e3o Judicial https:\/\/www.caaspshop.com.br\/gig-economy&#8212;direitos-sociais-mudancas-tecnologicas-e-protecao-juridica-135846\/p &nbsp; &nbsp; TRABALHO, DIREITO E COVID-19:\u00a0efeitos da pandemia sobre as rela\u00e7\u00f5es de trabalho no Brasil https:\/\/loja.editoradialetica.com\/humanidades\/trabalho-direito-e-covid-19-efeitos-da-pandemia-sobre-as-relacoes-de-trabalho-no-brasil &nbsp; TRADU\u00c7\u00c3O HUMANIT\u00c1RIA E MEDIA\u00c7\u00c3O CULTURAL PARA MIGRANTES E REFUGIADOS HUMANITARIAN TRANSLATION AND CULTURAL MEDIATION FOR MIGRANTS AND REFUGEES Org.: Centro Brasileiro de Estudos da Am\u00e9rica Latina 2021, Funda\u00e7\u00e3o Memorial da Am\u00e9rica Latina (https:\/\/www.saopaulo.sp.gov.br\/spnoticias\/memorial-da-america-latina-lanca-livro-sobre-traducao-humanitaria-para-refugiados\/) Clique na imagem abaixo para acess\u00e1-lo: Click on the image below to access it: &nbsp; ON DEMAND: TRABALHO SOB DEMANDA EM PLATAFORMAS DIGITAIS ON DEMAND: ON-DEMAND WORK ON DIGITAL PLATFORMS Antonio Rodrigues de Freitas Junior 2020, Arraes Editores (https:\/\/arraeseditores.com.br\/on-demand.html) &nbsp; O CENTEN\u00c1RIO DA ORGANIZA\u00c7\u00c3O INTERNACIONAL DO TRABALHO NO BRASIL THE CENTENARY OF THE INTERNATIONAL LABOR ORGANIZATION IN BRAZIL Org.: Ana Virginia Moreira Gomes, Ant\u00f4nio Rodrigues de Freitas J\u00fanior, Jos\u00e9 Francisco Siqueira Neto 2019, Editora Virtualis (https:\/\/editoravirtualis.com\/livro\/centenario-da-organizacao-internacional-do-trabalho-no-brasil) &nbsp; MIGRA\u00c7\u00c3O, TRABALHO E DIREITOS HUMANOS MIGRATION, LABOR, AND HUMAN RIGHTS Org.: Antonio Rodrigues de Freitas J\u00fanior, Daniel Bertolucci Torres, Jorge Cavalcanti Boucinhas Filho 2017, LTr Editora (https:\/\/www.ltreditora.com.br\/migrac-o-trabalho-e-direitos-humanos.html) &nbsp; MEDIA\u00c7\u00c3O &amp; O NOVO C\u00d3DIGO DE PROCESSO CIVIL MEDIATION &amp; THE NEW CODE OF CIVIL PROCEDURE Coord.: Antonio Rodrigues de Freitas [&#8230;]<\/p>\n","protected":false},"author":1213,"featured_media":0,"parent":813,"menu_order":0,"comment_status":"closed","ping_status":"closed","template":"","meta":{"footnotes":"","_links_to":"","_links_to_target":""},"class_list":["post-831","page","type-page","status-publish","hentry"],"_links":{"self":[{"href":"https:\/\/sites.usp.br\/gemdit\/wp-json\/wp\/v2\/pages\/831","targetHints":{"allow":["GET"]}}],"collection":[{"href":"https:\/\/sites.usp.br\/gemdit\/wp-json\/wp\/v2\/pages"}],"about":[{"href":"https:\/\/sites.usp.br\/gemdit\/wp-json\/wp\/v2\/types\/page"}],"author":[{"embeddable":true,"href":"https:\/\/sites.usp.br\/gemdit\/wp-json\/wp\/v2\/users\/1213"}],"replies":[{"embeddable":true,"href":"https:\/\/sites.usp.br\/gemdit\/wp-json\/wp\/v2\/comments?post=831"}],"version-history":[{"count":5,"href":"https:\/\/sites.usp.br\/gemdit\/wp-json\/wp\/v2\/pages\/831\/revisions"}],"predecessor-version":[{"id":1113,"href":"https:\/\/sites.usp.br\/gemdit\/wp-json\/wp\/v2\/pages\/831\/revisions\/1113"}],"up":[{"embeddable":true,"href":"https:\/\/sites.usp.br\/gemdit\/wp-json\/wp\/v2\/pages\/813"}],"wp:attachment":[{"href":"https:\/\/sites.usp.br\/gemdit\/wp-json\/wp\/v2\/media?parent=831"}],"curies":[{"name":"wp","href":"https:\/\/api.w.org\/{rel}","templated":true}]}}