{"id":920,"date":"2021-12-25T22:19:19","date_gmt":"2021-12-26T01:19:19","guid":{"rendered":"https:\/\/sites.usp.br\/gemdit\/?page_id=920"},"modified":"2022-01-18T23:14:38","modified_gmt":"2022-01-19T02:14:38","slug":"frances","status":"publish","type":"page","link":"https:\/\/sites.usp.br\/gemdit\/cartilha\/frances\/","title":{"rendered":"Em franc\u00eas \/ In French"},"content":{"rendered":"<p style=\"text-align: justify;\"><span style=\"font-size: 14pt; color: #000000;\">Clique na imagem abaixo para acessar o <em><strong>Petit guide des droits du travail et de la s\u00e9curit\u00e9 sociale pour les migrants et les r\u00e9fugi\u00e9s<\/strong><\/em>:<\/span><\/p>\n<p style=\"text-align: justify;\"><span style=\"font-size: 14pt; color: #993300;\">Click on the image below to access the <em><strong>Petit guide des droits du travail et de la s\u00e9curit\u00e9 sociale pour les migrants et les r\u00e9fugi\u00e9s<\/strong><\/em>:<\/span><\/p>\n<p style=\"text-align: justify;\"><a href=\"https:\/\/sites.usp.br\/gemdit\/wp-content\/uploads\/sites\/364\/2021\/12\/FRANCES-Cartilha-GEMDIT.pdf\"><img fetchpriority=\"high\" decoding=\"async\" class=\"aligncenter wp-image-918 size-medium\" src=\"https:\/\/sites.usp.br\/gemdit\/wp-content\/uploads\/sites\/364\/2021\/12\/FRANCES-capa-Cartilha-GEMDIT-213x300.png\" alt=\"\" width=\"213\" height=\"300\" srcset=\"https:\/\/sites.usp.br\/gemdit\/wp-content\/uploads\/sites\/364\/2021\/12\/FRANCES-capa-Cartilha-GEMDIT-213x300.png 213w, https:\/\/sites.usp.br\/gemdit\/wp-content\/uploads\/sites\/364\/2021\/12\/FRANCES-capa-Cartilha-GEMDIT-400x565.png 400w, https:\/\/sites.usp.br\/gemdit\/wp-content\/uploads\/sites\/364\/2021\/12\/FRANCES-capa-Cartilha-GEMDIT.png 544w\" sizes=\"(max-width: 213px) 100vw, 213px\" \/><\/a><\/p>\n","protected":false},"excerpt":{"rendered":"<p>Clique na imagem abaixo para acessar o Petit guide des droits du travail et de la s\u00e9curit\u00e9 sociale pour les migrants et les r\u00e9fugi\u00e9s: Click on the image below to access the Petit guide des droits du travail et de la s\u00e9curit\u00e9 sociale pour les migrants et les r\u00e9fugi\u00e9s:<\/p>\n","protected":false},"author":1213,"featured_media":0,"parent":359,"menu_order":4,"comment_status":"closed","ping_status":"closed","template":"","meta":{"footnotes":"","_links_to":"","_links_to_target":""},"class_list":["post-920","page","type-page","status-publish","hentry"],"_links":{"self":[{"href":"https:\/\/sites.usp.br\/gemdit\/wp-json\/wp\/v2\/pages\/920","targetHints":{"allow":["GET"]}}],"collection":[{"href":"https:\/\/sites.usp.br\/gemdit\/wp-json\/wp\/v2\/pages"}],"about":[{"href":"https:\/\/sites.usp.br\/gemdit\/wp-json\/wp\/v2\/types\/page"}],"author":[{"embeddable":true,"href":"https:\/\/sites.usp.br\/gemdit\/wp-json\/wp\/v2\/users\/1213"}],"replies":[{"embeddable":true,"href":"https:\/\/sites.usp.br\/gemdit\/wp-json\/wp\/v2\/comments?post=920"}],"version-history":[{"count":2,"href":"https:\/\/sites.usp.br\/gemdit\/wp-json\/wp\/v2\/pages\/920\/revisions"}],"predecessor-version":[{"id":925,"href":"https:\/\/sites.usp.br\/gemdit\/wp-json\/wp\/v2\/pages\/920\/revisions\/925"}],"up":[{"embeddable":true,"href":"https:\/\/sites.usp.br\/gemdit\/wp-json\/wp\/v2\/pages\/359"}],"wp:attachment":[{"href":"https:\/\/sites.usp.br\/gemdit\/wp-json\/wp\/v2\/media?parent=920"}],"curies":[{"name":"wp","href":"https:\/\/api.w.org\/{rel}","templated":true}]}}