{"id":945,"date":"2022-02-04T17:17:13","date_gmt":"2022-02-04T20:17:13","guid":{"rendered":"https:\/\/sites.usp.br\/gemdit\/?page_id=945"},"modified":"2022-02-04T17:29:02","modified_gmt":"2022-02-04T20:29:02","slug":"espanhol","status":"publish","type":"page","link":"https:\/\/sites.usp.br\/gemdit\/cartilha\/espanhol\/","title":{"rendered":"Em espanhol \/ In Spanish"},"content":{"rendered":"<p style=\"text-align: justify;\"><span style=\"font-size: 14pt; color: #000000;\">Clique na imagem abaixo para acessar a <em><strong>Gu\u00eda B\u00e1sica de Derechos Laborales y Seguridad Social para Inmigrantes y Refugiados<\/strong><\/em>:<\/span><\/p>\n<p style=\"text-align: justify;\"><span style=\"font-size: 14pt; color: #993300;\">Click on the image below to access the <em><strong>Gu\u00eda B\u00e1sica de Derechos Laborales y Seguridad Social para Inmigrantes y Refugiados<\/strong><\/em>:<\/span><\/p>\n<p><a href=\"https:\/\/sites.usp.br\/gemdit\/wp-content\/uploads\/sites\/364\/2022\/02\/ESPANHOL-Cartilha-GEMDIT.pdf\"><img fetchpriority=\"high\" decoding=\"async\" class=\"aligncenter wp-image-944 size-medium\" src=\"https:\/\/sites.usp.br\/gemdit\/wp-content\/uploads\/sites\/364\/2022\/02\/ESPANHOL-capa-Cartilha-GEMDIT-212x300.png\" alt=\"\" width=\"212\" height=\"300\" srcset=\"https:\/\/sites.usp.br\/gemdit\/wp-content\/uploads\/sites\/364\/2022\/02\/ESPANHOL-capa-Cartilha-GEMDIT-212x300.png 212w, https:\/\/sites.usp.br\/gemdit\/wp-content\/uploads\/sites\/364\/2022\/02\/ESPANHOL-capa-Cartilha-GEMDIT-400x567.png 400w, https:\/\/sites.usp.br\/gemdit\/wp-content\/uploads\/sites\/364\/2022\/02\/ESPANHOL-capa-Cartilha-GEMDIT.png 542w\" sizes=\"(max-width: 212px) 100vw, 212px\" \/><\/a><\/p>\n","protected":false},"excerpt":{"rendered":"<p>Clique na imagem abaixo para acessar a Gu\u00eda B\u00e1sica de Derechos Laborales y Seguridad Social para Inmigrantes y Refugiados: Click on the image below to access the Gu\u00eda B\u00e1sica de Derechos Laborales y Seguridad Social para Inmigrantes y Refugiados:<\/p>\n","protected":false},"author":1213,"featured_media":0,"parent":359,"menu_order":6,"comment_status":"closed","ping_status":"closed","template":"","meta":{"footnotes":"","_links_to":"","_links_to_target":""},"class_list":["post-945","page","type-page","status-publish","hentry"],"_links":{"self":[{"href":"https:\/\/sites.usp.br\/gemdit\/wp-json\/wp\/v2\/pages\/945","targetHints":{"allow":["GET"]}}],"collection":[{"href":"https:\/\/sites.usp.br\/gemdit\/wp-json\/wp\/v2\/pages"}],"about":[{"href":"https:\/\/sites.usp.br\/gemdit\/wp-json\/wp\/v2\/types\/page"}],"author":[{"embeddable":true,"href":"https:\/\/sites.usp.br\/gemdit\/wp-json\/wp\/v2\/users\/1213"}],"replies":[{"embeddable":true,"href":"https:\/\/sites.usp.br\/gemdit\/wp-json\/wp\/v2\/comments?post=945"}],"version-history":[{"count":2,"href":"https:\/\/sites.usp.br\/gemdit\/wp-json\/wp\/v2\/pages\/945\/revisions"}],"predecessor-version":[{"id":949,"href":"https:\/\/sites.usp.br\/gemdit\/wp-json\/wp\/v2\/pages\/945\/revisions\/949"}],"up":[{"embeddable":true,"href":"https:\/\/sites.usp.br\/gemdit\/wp-json\/wp\/v2\/pages\/359"}],"wp:attachment":[{"href":"https:\/\/sites.usp.br\/gemdit\/wp-json\/wp\/v2\/media?parent=945"}],"curies":[{"name":"wp","href":"https:\/\/api.w.org\/{rel}","templated":true}]}}