{"id":951,"date":"2022-02-04T19:08:44","date_gmt":"2022-02-04T22:08:44","guid":{"rendered":"https:\/\/sites.usp.br\/gemdit\/?page_id=951"},"modified":"2022-02-04T19:18:23","modified_gmt":"2022-02-04T22:18:23","slug":"links-uteis","status":"publish","type":"page","link":"https:\/\/sites.usp.br\/gemdit\/cartilha\/links-uteis\/","title":{"rendered":"Links \u00fateis \/ Useful links"},"content":{"rendered":"<p style=\"text-align: justify;\"><span style=\"font-size: 14pt; color: #000000;\">Como links de internet podem ser alterados ao longo do tempo, oferecemos abaixo uma lista de links mais atualizada, organizada por t\u00f3picos da Cartilha. Agradecemos \u00e0 Profa. Heloisa Pezza Cintr\u00e3o e aos demais colegas da Faculdade de Filosofia, Letras e Ci\u00eancias Humanas da Universidade de S\u00e3o Paulo (FFLCH-USP) por esta iniciativa.<\/span><\/p>\n<p style=\"text-align: justify;\"><span style=\"font-size: 14pt; color: #993300;\">As internet links may be changed over time, we offer below a more up-to-date list of links, organized by topics of the Primer. We thank Prof. Heloisa Pezza Cintr\u00e3o and the other colleagues of the Faculty of Philosophy, Languages, and Human Sciences of the University of Sao Paulo (FFLCH-USP) for this initiative.<\/span><\/p>\n<ul>\n<li style=\"text-align: left;\"><span style=\"font-size: 14pt; color: #000000;\"><strong>Acordos de Previd\u00eancia Social entre o Brasil e outros pa\u00edses \/ <span style=\"color: #993300;\">Social Insurance Agreements between Brazil and other countries<\/span>:<\/strong> <a href=\"https:\/\/www.gov.br\/trabalho-e-previdencia\/pt-br\/assuntos\/acordos-internacionais\/acordos-internacionais\/assuntos-internacionais-acordos-internacionais-portugues\"><span style=\"text-decoration: underline; color: #333399;\">https:\/\/www.gov.br\/trabalho-e-previdencia\/pt-br\/assuntos\/acordos-internacionais\/acordos-internacionais\/assuntos-internacionais-acordos-internacionais-portugues<\/span><\/a><\/span><\/li>\n<li style=\"text-align: left;\"><span style=\"font-size: 14pt; color: #000000;\"><strong>Apatridia \/ <span style=\"color: #993300;\">Statelessness<\/span>:<\/strong> <a href=\"https:\/\/www.gov.br\/pt-br\/servicos\/obter-reconhecimento-como-apatrida\"><span style=\"text-decoration: underline; color: #333399;\">https:\/\/www.gov.br\/pt-br\/servicos\/obter-reconhecimento-como-apatrida<\/span><\/a><\/span><\/li>\n<li style=\"text-align: left;\"><span style=\"font-size: 14pt; color: #000000;\"><strong>Bolsa Fam\u00edlia (atual Aux\u00edlio Brasil) \/ <span style=\"color: #993300;\">Family Grant (currently Brazil Aid)<\/span>:<\/strong> <a href=\"https:\/\/www.caixa.gov.br\/programas-sociais\/auxilio-brasil\/Paginas\/default.aspx\"><span style=\"text-decoration: underline; color: #333399;\">https:\/\/www.caixa.gov.br\/programas-sociais\/auxilio-brasil\/Paginas\/default.aspx<\/span><\/a><\/span><\/li>\n<li style=\"text-align: left;\"><span style=\"font-size: 14pt; color: #000000;\"><strong>Carteira de Trabalho e Previd\u00eancia Social \/ <span style=\"color: #993300;\">Employment Record Book<\/span> (CTPS):<\/strong> <a href=\"https:\/\/www.gov.br\/pt-br\/servicos\/obter-a-carteira-de-trabalho\"><span style=\"text-decoration: underline; color: #333399;\">https:\/\/www.gov.br\/pt-br\/servicos\/obter-a-carteira-de-trabalho<\/span><\/a><\/span><\/li>\n<li style=\"text-align: left;\"><span style=\"font-size: 14pt; color: #000000;\"><strong>Di\u00e1rio Oficial da Uni\u00e3o \/ <span style=\"color: #993300;\">Official Gazette of the Federal Government<\/span> (DOU):<\/strong> <a href=\"https:\/\/www.gov.br\/imprensanacional\/pt-br\"><span style=\"text-decoration: underline; color: #333399;\">https:\/\/www.gov.br\/imprensanacional\/pt-br<\/span><\/a><\/span><\/li>\n<li style=\"text-align: left;\"><span style=\"font-size: 14pt; color: #000000;\"><strong>Disque 100 (Direitos Humanos) \/ <span style=\"color: #993300;\">Dial 100 (Human Rights)<\/span>:<\/strong> <a href=\"https:\/\/www.gov.br\/pt-br\/servicos\/denunciar-violacao-de-direitos-humanos\"><span style=\"text-decoration: underline; color: #333399;\">https:\/\/www.gov.br\/pt-br\/servicos\/denunciar-violacao-de-direitos-humanos<\/span><\/a><\/span><\/li>\n<li style=\"text-align: left;\"><span style=\"font-size: 14pt; color: #000000;\"><strong>Instituto Nacional do Seguro Social \/ <span style=\"color: #993300;\">National Institute of Social Security<\/span> (INSS):<\/strong> <a href=\"https:\/\/www.gov.br\/inss\/pt-br\"><span style=\"text-decoration: underline; color: #333399;\">https:\/\/www.gov.br\/inss\/pt-br<\/span><\/a><\/span><\/li>\n<li style=\"text-align: left;\"><span style=\"font-size: 14pt; color: #000000;\"><strong>Justifica\u00e7\u00e3o Administrativa ao INSS \/ <span style=\"color: #993300;\">Administrative Justification to the INSS<\/span>:<\/strong> <a href=\"https:\/\/www.gov.br\/inss\/pt-br\/centrais-de-conteudo\/formularios\/requerimento-de-justificacao-administrativa-pdf\/view\"><span style=\"text-decoration: underline; color: #333399;\">https:\/\/www.gov.br\/inss\/pt-br\/centrais-de-conteudo\/formularios\/requerimento-de-justificacao-administrativa-pdf\/view<\/span><\/a><\/span><\/li>\n<li style=\"text-align: left;\"><span style=\"font-size: 14pt; color: #000000;\"><strong>Postos de Atendimento ao Trabalhador \/ <span style=\"color: #993300;\">Worker Service Post<\/span> (PAT):<\/strong> <a href=\"http:\/\/www.desenvolvimentoeconomico.sp.gov.br\/pats\/\"><span style=\"text-decoration: underline; color: #333399;\">http:\/\/www.desenvolvimentoeconomico.sp.gov.br\/pats\/<\/span><\/a><\/span><\/li>\n<li style=\"text-align: left;\"><span style=\"font-size: 14pt; color: #000000;\"><strong>Programa Empresa Cidad\u00e3 \/ <span style=\"color: #993300;\">Corporate Citizenship Program<\/span>:<\/strong> <a href=\"https:\/\/www.gov.br\/receitafederal\/pt-br\/assuntos\/orientacao-tributaria\/isencoes\/programa-empresa-cidada\"><span style=\"text-decoration: underline; color: #333399;\">https:\/\/www.gov.br\/receitafederal\/pt-br\/assuntos\/orientacao-tributaria\/isencoes\/programa-empresa-cidada<\/span><\/a><\/span><\/li>\n<li style=\"text-align: left;\"><span style=\"font-size: 14pt; color: #000000;\"><strong>Unidades de atendimento do Minist\u00e9rio do Trabalho e Previd\u00eancia \/ <span style=\"color: #993300;\">Service stations of the Ministry of Labor and Social Insurance<\/span>:<\/strong> <a href=\"https:\/\/www.gov.br\/trabalho-e-previdencia\/pt-br\/canais_atendimento\/unidades-de-atendimento\"><span style=\"text-decoration: underline; color: #333399;\">https:\/\/www.gov.br\/trabalho-e-previdencia\/pt-br\/canais_atendimento\/unidades-de-atendimento<\/span><\/a><\/span><\/li>\n<li style=\"text-align: left;\"><span style=\"font-size: 14pt; color: #000000;\"><strong>Tabelas de contribui\u00e7\u00e3o do INSS \/ <span style=\"color: #993300;\">Contribution tables of the INSS<\/span>:<\/strong> <a href=\"https:\/\/www.gov.br\/inss\/pt-br\/saiba-mais\/seus-direitos-e-deveres\/calculo-da-guia-da-previdencia-social-gps\/tabela-de-contribuicao-mensal\"><span style=\"text-decoration: underline; color: #333399;\">https:\/\/www.gov.br\/inss\/pt-br\/saiba-mais\/seus-direitos-e-deveres\/calculo-da-guia-da-previdencia-social-gps\/tabela-de-contribuicao-mensal<\/span><\/a><\/span><\/li>\n<\/ul>\n","protected":false},"excerpt":{"rendered":"<p>Como links de internet podem ser alterados ao longo do tempo, oferecemos abaixo uma lista de links mais atualizada, organizada por t\u00f3picos da Cartilha. Agradecemos \u00e0 Profa. Heloisa Pezza Cintr\u00e3o e aos demais colegas da Faculdade de Filosofia, Letras e Ci\u00eancias Humanas da Universidade de S\u00e3o Paulo (FFLCH-USP) por esta iniciativa. As internet links may be changed over time, we offer below a more up-to-date list of links, organized by topics of the Primer. We thank Prof. Heloisa Pezza Cintr\u00e3o and the other colleagues of the Faculty of Philosophy, Languages, and Human Sciences of the University of Sao Paulo (FFLCH-USP) for this initiative. Acordos de Previd\u00eancia Social entre o Brasil e outros pa\u00edses \/ Social Insurance Agreements between Brazil and other countries: https:\/\/www.gov.br\/trabalho-e-previdencia\/pt-br\/assuntos\/acordos-internacionais\/acordos-internacionais\/assuntos-internacionais-acordos-internacionais-portugues Apatridia \/ Statelessness: https:\/\/www.gov.br\/pt-br\/servicos\/obter-reconhecimento-como-apatrida Bolsa Fam\u00edlia (atual Aux\u00edlio Brasil) \/ Family Grant (currently Brazil Aid): https:\/\/www.caixa.gov.br\/programas-sociais\/auxilio-brasil\/Paginas\/default.aspx Carteira de Trabalho e Previd\u00eancia Social \/ Employment Record Book (CTPS): https:\/\/www.gov.br\/pt-br\/servicos\/obter-a-carteira-de-trabalho Di\u00e1rio Oficial da Uni\u00e3o \/ Official Gazette of the Federal Government (DOU): https:\/\/www.gov.br\/imprensanacional\/pt-br Disque 100 (Direitos Humanos) \/ Dial 100 (Human Rights): https:\/\/www.gov.br\/pt-br\/servicos\/denunciar-violacao-de-direitos-humanos Instituto Nacional do Seguro Social \/ National Institute of Social Security (INSS): https:\/\/www.gov.br\/inss\/pt-br Justifica\u00e7\u00e3o Administrativa ao INSS \/ Administrative Justification to the INSS: https:\/\/www.gov.br\/inss\/pt-br\/centrais-de-conteudo\/formularios\/requerimento-de-justificacao-administrativa-pdf\/view Postos de [&#8230;]<\/p>\n","protected":false},"author":1213,"featured_media":0,"parent":359,"menu_order":8,"comment_status":"closed","ping_status":"closed","template":"","meta":{"footnotes":"","_links_to":"","_links_to_target":""},"class_list":["post-951","page","type-page","status-publish","hentry"],"_links":{"self":[{"href":"https:\/\/sites.usp.br\/gemdit\/wp-json\/wp\/v2\/pages\/951","targetHints":{"allow":["GET"]}}],"collection":[{"href":"https:\/\/sites.usp.br\/gemdit\/wp-json\/wp\/v2\/pages"}],"about":[{"href":"https:\/\/sites.usp.br\/gemdit\/wp-json\/wp\/v2\/types\/page"}],"author":[{"embeddable":true,"href":"https:\/\/sites.usp.br\/gemdit\/wp-json\/wp\/v2\/users\/1213"}],"replies":[{"embeddable":true,"href":"https:\/\/sites.usp.br\/gemdit\/wp-json\/wp\/v2\/comments?post=951"}],"version-history":[{"count":4,"href":"https:\/\/sites.usp.br\/gemdit\/wp-json\/wp\/v2\/pages\/951\/revisions"}],"predecessor-version":[{"id":957,"href":"https:\/\/sites.usp.br\/gemdit\/wp-json\/wp\/v2\/pages\/951\/revisions\/957"}],"up":[{"embeddable":true,"href":"https:\/\/sites.usp.br\/gemdit\/wp-json\/wp\/v2\/pages\/359"}],"wp:attachment":[{"href":"https:\/\/sites.usp.br\/gemdit\/wp-json\/wp\/v2\/media?parent=951"}],"curies":[{"name":"wp","href":"https:\/\/api.w.org\/{rel}","templated":true}]}}