{"id":980,"date":"2022-05-13T18:37:05","date_gmt":"2022-05-13T21:37:05","guid":{"rendered":"https:\/\/sites.usp.br\/gemdit\/?page_id=980"},"modified":"2025-03-22T19:26:46","modified_gmt":"2025-03-22T22:26:46","slug":"artigos-papers","status":"publish","type":"page","link":"https:\/\/sites.usp.br\/gemdit\/publicacoes\/artigos-papers\/","title":{"rendered":"Artigos\/Papers"},"content":{"rendered":"<p>Let\u00edcia Ferr\u00e3o Zapolla; Antonio Rodrigues de Freitas J\u00fanior. <strong>The 2030 Agenda: Decent Work and the Reduction of Women\u2019s Precarious Work<\/strong>. E-Journal of International and Comparative LABOUR STUDIES. Volume 12 No. 01\/2023. <a href=\"https:\/\/ejcls.adapt.it\/index.php\/ejcls_adapt\/issue\/view\/94\">https:\/\/ejcls.adapt.it\/index.php\/ejcls_adapt\/issue\/view\/94<\/a><\/p>\n<p><span id=\"drag_noti_27670\" class=\"notice-heada\" draggable=\"yes\"><span class=\"header_title\"><span class=\"header_authors\">Antonio Rodrigues de Freitas Junior. <\/span><strong>La precarizaci\u00f3n de las relaciones de trabajo y sus consecuencias: un flagelo para 70 millones de brasile\u00f1os en nuestros d\u00edas<\/strong>.<\/span><span class=\"header_perio\"><i> Revista Derecho del Trabajo, Vol. 11, N\u00b0 38 (ene.-mar., 2023). [[download id=&#8221;1108&#8243;]]\u00a0<\/i><\/span><\/span><\/p>\n<p>Antonio Rodrigues de Freitas J\u00fanior; Let\u00ed\u00adcia Ferr\u00e3o Zapolla; Paulo Fernando Nogueira Cunha. T<strong>he Regulation of Artificial Intelligence in Brazil, ILR Review, Cornell University, ILR School<\/strong>, vol. 77(5), pages 869-878, October, <a href=\"https:\/\/journals.sagepub.com\/doi\/pdf\/10.1177\/00197939241278956g?download=true\">https:\/\/journals.sagepub.com\/doi\/pdf\/10.1177\/00197939241278956g?download=true<\/a><\/p>\n<p><span class=\"ipub-nowrap\" data-v-6400b208=\"\">Henrique Zanin,\u00a0<\/span><span class=\"ipub-nowrap\" data-v-6400b208=\"\">Antonio Rodrigues de Freitas Junior<\/span>. <strong>LGBTQI+ asylum seekers and refugees: Recognition and public policies for protection<\/strong>.\u00a0<i data-v-6400b208=\"\">International Journal of Population Studies<\/i>\u00a0<span data-v-6400b208=\"\">2024,<\/span>\u00a0<span data-v-6400b208=\"\">10<\/span><span data-v-6400b208=\"\">(2),<\/span>\u00a0103\u2013114.\u00a0<a class=\"link-color\" href=\"https:\/\/doi.org\/10.36922\/ijps.0871\" data-v-6400b208=\"\">https:\/\/doi.org\/10.36922\/ijps.0871<\/a><\/p>\n<p>Antonio Rodrigues de Freitas J\u00fanior; Victor Raduan da Silva.<strong> Brazil in the ILO Committee on Freedom of Association (CFA): The COVID-19 Economic Crisis and the Possible New Labour Reforms<\/strong>. <i>Z Problematyki Prawa Pracy I Polityki Socjalnej<\/i> 20 (3):1-14. <a href=\"https:\/\/doi.org\/10.31261\/zpppips.2022.20.08\">https:\/\/doi.org\/10.31261\/zpppips.2022.20.08<\/a>.<\/p>\n<p style=\"text-align: justify;\"><span style=\"text-align: justify;\">Antonio Rodrigues de Freitas Junior; Henrique da Silveira Zanin. Purely political strike versus protest strike: should the right to strike be limited solely to industrial disputes?. <\/span><strong style=\"text-align: justify;\">International Labor Rights Case Law<\/strong><span style=\"text-align: justify;\">, v. 8, p. 48-52, 2022 (<\/span><a id=\"m_-5775567276941335968LPNoLPOWALinkPreview\" style=\"text-align: justify;\" href=\"https:\/\/brill.com\/view\/journals\/ilrc\/8\/1\/article-p48_011.xml\" target=\"_blank\" rel=\"noopener\" data-saferedirecturl=\"https:\/\/www.google.com\/url?q=https:\/\/brill.com\/view\/journals\/ilrc\/8\/1\/article-p48_011.xml&amp;source=gmail&amp;ust=1652635722272000&amp;usg=AOvVaw2uSK1T5ONGaSj3ASYbQEdO\">https:\/\/brill.com\/view\/<wbr \/>journals\/ilrc\/8\/1\/article-p48_<wbr \/>011.xml<\/a><span style=\"text-align: justify;\">)<\/span><\/p>\n<p style=\"text-align: justify;\">Clarissa Valadares Chaves. <strong>A media\u00e7\u00e3o Aplicada \u00e0s Rela\u00e7\u00f5es de Trabalho: uma Analise sob a Perspectiva de G\u00eanero<\/strong> In: A CONSENSUALIDADE APLICADA \u00c0S RELA\u00c7\u00d5ES LABORAIS, Lumen Juris, 2022, v.01, p. 69. (<a href=\"https:\/\/www.lumenjuris.com.br\/direito-material-e-processual-do-trabalho\/consensualidade-aplicada-as-relacoes-laborais-a-2022-3427\/p#:~:text=Descri%C3%A7%C3%A3o,no%20%C3%A2mbito%20das%20rela%C3%A7%C3%B5es%20laborais.\">https:\/\/www.lumenjuris.com.br\/direito-material-e-processual-do-trabalho\/consensualidade-aplicada-as-relacoes-laborais-a-2022-3427\/p#:~:text=Descri%C3%A7%C3%A3o,no%20%C3%A2mbito%20das%20rela%C3%A7%C3%B5es%20laborais.<span style=\"color: #000000;\">)<\/span><\/a><\/p>\n<p style=\"text-align: justify;\"><span style=\"font-size: 12pt;\">Meire Rose Santos Pereira<\/span>, doutoranda em Direitos Humanos (orientanda do Prof. Dr. Antonio Rodrigues de Freitas J\u00fanior<strong>)<\/strong>, publicou verbete sobre<span style=\"font-size: 12pt;\"><strong> Direito dos povos ind\u00edgenas<\/strong><\/span>\u00a0na Enciclop\u00e9dia Jur\u00eddica da PUCSP: <a href=\"https:\/\/enciclopediajuridica.pucsp.br\/autor\/589\/meire-rose-santos-pereira\"><span style=\"color: #000000;\">(<\/span>https:\/\/enciclopediajuridica.pucsp.br\/autor\/589\/meire-rose-santos-pereira<span style=\"color: #000000;\">)<\/span><\/a><\/p>\n<div style=\"text-align: justify;\">Henrique da Silveira Zanin; Luana Ribeiro Soto. <strong>Freedom of association and human rights in South? American military dictatorships: the role of the International Labour Organization &#8211; ILO. CANADIAN JOURNAL OF LATIN AMERICAN AND CARIBBEAN STUDIES<\/strong>, v. 47, p. 1-16, 2022 (<a href=\"https:\/\/doi.org\/10.1080\/08263663.2022.2041843\" target=\"_blank\" rel=\"noopener\" data-saferedirecturl=\"https:\/\/www.google.com\/url?q=https:\/\/doi.org\/10.1080\/08263663.2022.2041843&amp;source=gmail&amp;ust=1652635722272000&amp;usg=AOvVaw0nGn4UIE8gc52Jdc85RwW4\"><i><\/i>https:\/\/doi.org\/10.1080\/<wbr \/>08263663.2022.2041843<\/a>)<\/div>\n","protected":false},"excerpt":{"rendered":"<p>Let\u00edcia Ferr\u00e3o Zapolla; Antonio Rodrigues de Freitas J\u00fanior. The 2030 Agenda: Decent Work and the Reduction of Women\u2019s Precarious Work. E-Journal of International and Comparative LABOUR STUDIES. Volume 12 No. 01\/2023. https:\/\/ejcls.adapt.it\/index.php\/ejcls_adapt\/issue\/view\/94 Antonio Rodrigues de Freitas Junior. La precarizaci\u00f3n de las relaciones de trabajo y sus consecuencias: un flagelo para 70 millones de brasile\u00f1os en nuestros d\u00edas. Revista Derecho del Trabajo, Vol. 11, N\u00b0 38 (ene.-mar., 2023). [[download id=&#8221;1108&#8243;]]\u00a0 Antonio Rodrigues de Freitas J\u00fanior; Let\u00ed\u00adcia Ferr\u00e3o Zapolla; Paulo Fernando Nogueira Cunha. The Regulation of Artificial Intelligence in Brazil, ILR Review, Cornell University, ILR School, vol. 77(5), pages 869-878, October, https:\/\/journals.sagepub.com\/doi\/pdf\/10.1177\/00197939241278956g?download=true Henrique Zanin,\u00a0Antonio Rodrigues de Freitas Junior. LGBTQI+ asylum seekers and refugees: Recognition and public policies for protection.\u00a0International Journal of Population Studies\u00a02024,\u00a010(2),\u00a0103\u2013114.\u00a0https:\/\/doi.org\/10.36922\/ijps.0871 Antonio Rodrigues de Freitas J\u00fanior; Victor Raduan da Silva. Brazil in the ILO Committee on Freedom of Association (CFA): The COVID-19 Economic Crisis and the Possible New Labour Reforms. Z Problematyki Prawa Pracy I Polityki Socjalnej 20 (3):1-14. https:\/\/doi.org\/10.31261\/zpppips.2022.20.08. Antonio Rodrigues de Freitas Junior; Henrique da Silveira Zanin. Purely political strike versus protest strike: should the right to strike be limited solely to industrial disputes?. International Labor Rights Case Law, v. 8, p. 48-52, 2022 (https:\/\/brill.com\/view\/journals\/ilrc\/8\/1\/article-p48_011.xml) Clarissa Valadares Chaves. [&#8230;]<\/p>\n","protected":false},"author":22985,"featured_media":0,"parent":813,"menu_order":0,"comment_status":"closed","ping_status":"closed","template":"","meta":{"footnotes":"","_links_to":"","_links_to_target":""},"class_list":["post-980","page","type-page","status-publish","hentry"],"_links":{"self":[{"href":"https:\/\/sites.usp.br\/gemdit\/wp-json\/wp\/v2\/pages\/980","targetHints":{"allow":["GET"]}}],"collection":[{"href":"https:\/\/sites.usp.br\/gemdit\/wp-json\/wp\/v2\/pages"}],"about":[{"href":"https:\/\/sites.usp.br\/gemdit\/wp-json\/wp\/v2\/types\/page"}],"author":[{"embeddable":true,"href":"https:\/\/sites.usp.br\/gemdit\/wp-json\/wp\/v2\/users\/22985"}],"replies":[{"embeddable":true,"href":"https:\/\/sites.usp.br\/gemdit\/wp-json\/wp\/v2\/comments?post=980"}],"version-history":[{"count":6,"href":"https:\/\/sites.usp.br\/gemdit\/wp-json\/wp\/v2\/pages\/980\/revisions"}],"predecessor-version":[{"id":1111,"href":"https:\/\/sites.usp.br\/gemdit\/wp-json\/wp\/v2\/pages\/980\/revisions\/1111"}],"up":[{"embeddable":true,"href":"https:\/\/sites.usp.br\/gemdit\/wp-json\/wp\/v2\/pages\/813"}],"wp:attachment":[{"href":"https:\/\/sites.usp.br\/gemdit\/wp-json\/wp\/v2\/media?parent=980"}],"curies":[{"name":"wp","href":"https:\/\/api.w.org\/{rel}","templated":true}]}}