{"id":108,"date":"2015-06-16T18:12:52","date_gmt":"2015-06-16T20:12:52","guid":{"rendered":"http:\/\/sites.usp.br\/genbio\/?page_id=108"},"modified":"2017-02-01T20:34:02","modified_gmt":"2017-02-01T23:34:02","slug":"contact","status":"publish","type":"page","link":"https:\/\/sites.usp.br\/genbio\/contact\/","title":{"rendered":"Address"},"content":{"rendered":"<p align=\"left\">Departamento de Engenharia Qu\u00edmica<br \/>\nEscola Polit\u00e9cnica da Universidade de S\u00e3o Paulo<br \/>\nAv. Prof. Lineu Prestes, 580 &#8211; Bloco 20<br \/>\nConjunto das Qu\u00edmicas &#8211; Cidade Universit\u00e1ria<br \/>\nS\u00e3o Paulo, SP, \u00a0Brasil<\/p>\n<p align=\"left\"><a href=\"https:\/\/www.google.com.br\/maps\/place\/GEnBio\/@-23.563357,-46.7284257,17z\/data=!3m1!4b1!4m5!3m4!1s0x94ce5641aa556f1b:0x5b541035c1408513!8m2!3d-23.563357!4d-46.726237\">Link to Google Maps<\/a><\/p>\n<p align=\"left\">E-mail: atonso@usp.br<\/p>\n<p>Postal Address:<br \/>\nCaixa Postal 61 548 &#8211; CEP 05424-970<br \/>\nS\u00e3o Paulo, SP, Brasil<\/p>\n<p>Tel: 55-11-3091-2281 \/ 3091-2282<br \/>\nFax: 55-11-3091-2284<\/p>\n","protected":false},"excerpt":{"rendered":"<p>Departamento de Engenharia Qu\u00edmica Escola Polit\u00e9cnica da Universidade de S\u00e3o Paulo Av. Prof. Lineu Prestes, 580 &#8211; Bloco 20 Conjunto das Qu\u00edmicas &#8211; Cidade Universit\u00e1ria S\u00e3o Paulo, SP, \u00a0Brasil Link to Google Maps E-mail: atonso@usp.br Postal Address: Caixa Postal 61 548 &#8211; CEP 05424-970 S\u00e3o Paulo, SP, Brasil Tel: 55-11-3091-2281 \/ 3091-2282 Fax: 55-11-3091-2284<\/p>\n","protected":false},"author":111,"featured_media":0,"parent":0,"menu_order":15,"comment_status":"closed","ping_status":"closed","template":"","meta":{"footnotes":"","_links_to":"","_links_to_target":""},"class_list":["post-108","page","type-page","status-publish","hentry"],"_links":{"self":[{"href":"https:\/\/sites.usp.br\/genbio\/wp-json\/wp\/v2\/pages\/108","targetHints":{"allow":["GET"]}}],"collection":[{"href":"https:\/\/sites.usp.br\/genbio\/wp-json\/wp\/v2\/pages"}],"about":[{"href":"https:\/\/sites.usp.br\/genbio\/wp-json\/wp\/v2\/types\/page"}],"author":[{"embeddable":true,"href":"https:\/\/sites.usp.br\/genbio\/wp-json\/wp\/v2\/users\/111"}],"replies":[{"embeddable":true,"href":"https:\/\/sites.usp.br\/genbio\/wp-json\/wp\/v2\/comments?post=108"}],"version-history":[{"count":6,"href":"https:\/\/sites.usp.br\/genbio\/wp-json\/wp\/v2\/pages\/108\/revisions"}],"predecessor-version":[{"id":418,"href":"https:\/\/sites.usp.br\/genbio\/wp-json\/wp\/v2\/pages\/108\/revisions\/418"}],"wp:attachment":[{"href":"https:\/\/sites.usp.br\/genbio\/wp-json\/wp\/v2\/media?parent=108"}],"curies":[{"name":"wp","href":"https:\/\/api.w.org\/{rel}","templated":true}]}}