{"id":64,"date":"2014-02-12T11:28:54","date_gmt":"2014-02-12T13:28:54","guid":{"rendered":"http:\/\/sites.usp.br\/genbio\/?page_id=64"},"modified":"2025-09-01T16:20:16","modified_gmt":"2025-09-01T19:20:16","slug":"pagina-2","status":"publish","type":"page","link":"https:\/\/sites.usp.br\/genbio\/people\/pagina-2\/","title":{"rendered":"Students"},"content":{"rendered":"<p align=\"left\"><b><i>D.Sc (Ph.D) Researchers<\/i><\/b><\/p>\n<p>Amanda de Castro Juraski<br \/>\nProject: Development and in vitro and in vivo evaluation of PEGylated chitosan films for micro-RNA delivery for spinal cord injury treatment<br \/>\nAdvisor: Prof. Dr. Adriano Rodrigues Azzoni<br \/>\nE-mail: amanda.juraski@gmail.com<br \/>\n<a href=\"http:\/\/lattes.cnpq.br\/3471318191244178\" target=\"_blank\" rel=\"noopener\">Lattes Academic CV<\/a><\/p>\n<p>Gustavo Henrique Azevedo Brand\u00e3o<br \/>\nProject: Development and characterization of PEG nanoparticles for <em>Erwinia chrysanthemi<\/em> pegylated humanized crisantaspase<em><br \/>\n<\/em>Advisor: Prof. Aldo Tonso<br \/>\nCo-advisor: Profa. Carlota de Oliveira Rangel Yagui (Faculdade de Ci\u00eancias Farmac\u00eauticas\/USP)<br \/>\nE-mail: <a href=\"mailto:brandao.gustavo@usp.br\">brandao.gustavo@usp.br<\/a><a href=\"mailto:leticiaparizotto01@gmail.com\"><br \/>\n<\/a><a href=\"http:\/\/lattes.cnpq.br\/7604729798626740\" target=\"_blank\" rel=\"noopener\">Lattes Academic CV\u00a0<\/a><\/p>\n<p>Maria Elisa Marciano Martinez<br \/>\nProject: Intellectual property of the biopharmaceutical asparaginase<em><br \/>\n<\/em>Advisor: Prof. Aldo Tonso<br \/>\nE-mail: <a href=\"mailto:melisamm2501@gmail.com\">melisamm2501@gmail.com<\/a><a href=\"mailto:leticiaparizotto01@gmail.com\"><br \/>\n<\/a><a href=\"http:\/\/lattes.cnpq.br\/1665993600801390\" target=\"_blank\" rel=\"noopener\">Lattes Academic CV\u00a0<\/a><\/p>\n<p>Vidal Eduardo Salinas Tapia<br \/>\nProject: Production of baculovirus bioinsecticide by insect cells in bioreactors<span style=\"line-height: 1.5;\"><em><br \/>\n<\/em><\/span><span style=\"line-height: 1.5;\">Advisor: Prof. Aldo Tonso<br \/>\n<\/span><span style=\"line-height: 1.5;\">E-mail: <a href=\"mailto:edsalinas@usp.br\">edsalinas@usp.br<\/a><br \/>\n<\/span><a href=\"http:\/\/lattes.cnpq.br\/9750438455534909\" target=\"_blank\" rel=\"noopener\">Lattes Academic CV<\/a><\/p>\n<p>Ygor Tadeu Ortenzio<br \/>\nProject: Optimization of the induction conditions for the production of L-Asparaginase by <em>Pichia pastoris<\/em><em><br \/>\n<\/em>Advisor: Prof. Aldo Tonso<br \/>\nE-mail: <a href=\"mailto:ygortenzio@gmail.com\">ygortenzio@gmail.com<\/a><a href=\"mailto:luan.merida@gmail.com\"><br \/>\n<\/a><a href=\"http:\/\/lattes.cnpq.br\/4488772425527975\" target=\"_blank\" rel=\"noopener\">Lattes Academic CV\u00a0<\/a><\/p>\n<p><b><i>M.Sc. Students<\/i><\/b><\/p>\n<p>Camila Menezes Freire de Souza<br \/>\nProject: Desenvolvimento de nanopart\u00edculas voltadas \u00e0 entrega de genes e drogas para c\u00e9lulas tumorais<br \/>\nAdvisor: Adriano R. azzoni<br \/>\nE-mail: caamilamfs@gmail.com<br \/>\n<a href=\"http:\/\/lattes.cnpq.br\/0670358136698053\" target=\"_blank\" rel=\"noopener\">Lattes Academic CV<\/a><\/p>\n<p>Edmar Silva Sobral<br \/>\nProject: Nanofiltration of groundwater for inorganic contaminant removal<br \/>\nAdvisor: Prof. Ren\u00e9 Peter Schneider<br \/>\nE-mail: <a href=\"mailto:e.dm.07@hotmail.com\">e.dm.07@hotmail.com<\/a><br \/>\n<a href=\"http:\/\/lattes.cnpq.br\/6205283538218399\" target=\"_blank\" rel=\"noopener\">Lattes Academic CV<\/a><\/p>\n<p>Fernanda Santos de Oliveira<br \/>\nProject: Nanoparticles formed by modular recombinant proteins: new platforms for fighting tumor cells<br \/>\nAdvisor: Prof. Adriano R. Azzoni<br \/>\nE-mail: <a href=\"mailto:fernanda.santos.oliveira@usp.br\">fernanda.santos.oliveira@usp.br<\/a><br \/>\n<a href=\"http:\/\/lattes.cnpq.br\/3295654273324966\" target=\"_blank\" rel=\"noopener\">Lattes Academic CV<\/a><\/p>\n<p>Juliana Azzolini Calix Soares<br \/>\nProject: Development of gold nanoparticles and recombinant proteins for application in oral vaccines<br \/>\nAdvisor: Prof. Adriano R. Azzoni<br \/>\nE-mail: <a href=\"mailto:julianaazzolini@hotmail.com\">julianaazzolini@hotmail.com<\/a><br \/>\n<a href=\"http:\/\/lattes.cnpq.br\/5329292695565002\" target=\"_blank\" rel=\"noopener\">Lattes Academic CV<\/a><\/p>\n<p>Nat\u00e1lia Cristina Dalibera<br \/>\nProject: Development of nanoparticles formed by colloidal gold and recombinant proteins to fight tumor cells<br \/>\nAdvisor: Prof. Adriano R. Azzoni<br \/>\nE-mail: <a href=\"mailto:nataliadalibera@usp.br\">nataliadalibera@usp.br<\/a><br \/>\n<a href=\"http:\/\/lattes.cnpq.br\/5935368807430539\" target=\"_blank\" rel=\"noopener\">Lattes Academic CV<\/a><\/p>\n<p><b><i>Undergraduate Students<\/i><\/b><\/p>\n<p>D\u00e9bora Marchesan Cunha<br \/>\nProject: Thermodynamic study of the self-organizing structures of bacterial colonies<br \/>\nProject link: <a href=\"https:\/\/bv.fapesp.br\/pt\/bolsas\/205924\/estudo-termodinamico-das-estruturas-de-auto-organizacao-de-colonias-bacterianas\/\" target=\"_blank\" rel=\"noopener\">https:\/\/bv.fapesp.br\/pt\/bolsas\/205924\/estudo-termodinamico-das-estruturas-de-auto-organizacao-de-colonias-bacterianas\/<\/a><em><br \/>\n<\/em>Advisor: Profa. Martina Costa Reis<br \/>\nE-mail: <a href=\"mailto:deboracunha@usp.br\">deboracunha@usp.br<\/a><a href=\"mailto:deboracunha@usp.br\"><br \/>\n<\/a><a href=\"http:\/\/lattes.cnpq.br\/8877522214678849\" target=\"_blank\" rel=\"noopener\">Lattes Academic CV\u00a0<\/a><\/p>\n<p>Laura Carmieletto Saran<br \/>\nProject: Oxygen transfer and shear measurements in a bioreactor for bioinsecticide production<br \/>\nAdvisor: Prof. Aldo Tonso<br \/>\nE-mail: <a href=\"mailto:laura.carmieletto@usp.br\">laura.carmieletto@usp.br<\/a><a href=\"mailto:laura.carmieletto@usp.br\"><br \/>\n<\/a><a href=\"http:\/\/lattes.cnpq.br\/9996035958801325\" target=\"_blank\" rel=\"noopener\">Lattes Academic CV\u00a0<\/a><\/p>\n<p>Maria Eduarda Frossard Ikeda<br \/>\nProject: Monitoring of cell concentration by turbidimetry for bioinsecticide production<br \/>\nAdvisor: Prof. Aldo Tonso<br \/>\nE-mail: <a href=\"mailto:dudaikeda@usp.br\">dudaikeda@usp.br<\/a><a href=\"mailto:dudaikeda@usp.br\"><\/a><br \/>\n<a href=\"http:\/\/lattes.cnpq.br\/5977172562109328\" target=\"_blank\" rel=\"noopener\">Lattes Academic CV\u00a0<\/a><\/p>\n","protected":false},"excerpt":{"rendered":"<p>D.Sc (Ph.D) Researchers Amanda de Castro Juraski Project: Development and in vitro and in vivo evaluation of PEGylated chitosan films for micro-RNA delivery for spinal cord injury treatment Advisor: Prof. Dr. Adriano Rodrigues Azzoni E-mail: amanda.juraski@gmail.com Lattes Academic CV Gustavo Henrique Azevedo Brand\u00e3o Project: Development and characterization of PEG nanoparticles for Erwinia chrysanthemi pegylated humanized [&hellip;]<\/p>\n","protected":false},"author":1,"featured_media":0,"parent":149,"menu_order":7,"comment_status":"closed","ping_status":"closed","template":"","meta":{"footnotes":"","_links_to":"","_links_to_target":""},"class_list":["post-64","page","type-page","status-publish","hentry"],"_links":{"self":[{"href":"https:\/\/sites.usp.br\/genbio\/wp-json\/wp\/v2\/pages\/64","targetHints":{"allow":["GET"]}}],"collection":[{"href":"https:\/\/sites.usp.br\/genbio\/wp-json\/wp\/v2\/pages"}],"about":[{"href":"https:\/\/sites.usp.br\/genbio\/wp-json\/wp\/v2\/types\/page"}],"author":[{"embeddable":true,"href":"https:\/\/sites.usp.br\/genbio\/wp-json\/wp\/v2\/users\/1"}],"replies":[{"embeddable":true,"href":"https:\/\/sites.usp.br\/genbio\/wp-json\/wp\/v2\/comments?post=64"}],"version-history":[{"count":6,"href":"https:\/\/sites.usp.br\/genbio\/wp-json\/wp\/v2\/pages\/64\/revisions"}],"predecessor-version":[{"id":705,"href":"https:\/\/sites.usp.br\/genbio\/wp-json\/wp\/v2\/pages\/64\/revisions\/705"}],"up":[{"embeddable":true,"href":"https:\/\/sites.usp.br\/genbio\/wp-json\/wp\/v2\/pages\/149"}],"wp:attachment":[{"href":"https:\/\/sites.usp.br\/genbio\/wp-json\/wp\/v2\/media?parent=64"}],"curies":[{"name":"wp","href":"https:\/\/api.w.org\/{rel}","templated":true}]}}