{"id":114,"date":"2017-03-27T00:01:58","date_gmt":"2017-03-27T02:01:58","guid":{"rendered":"http:\/\/sites.usp.br\/generoviolenciaesaude\/?page_id=114"},"modified":"2021-08-08T01:37:12","modified_gmt":"2021-08-08T03:37:12","slug":"equipe","status":"publish","type":"page","link":"https:\/\/sites.usp.br\/generoviolenciaesaude\/equipe\/","title":{"rendered":"Membros"},"content":{"rendered":"<h1 class=\"entry-title\">Coordenadoras atuais (desde 2017)<\/h1>\n<h3><span style=\"color: #000000;\"><strong>Ana Fl\u00e1via Lucas Pires D\u2019Oliveira<\/strong>, m\u00e9dica, no grupo desde 1994.<\/span><br \/>\n<span style=\"color: #000000;\">Lattes:<\/span> <a href=\"http:\/\/lattes.cnpq.br\/3147801401339901\" target=\"_blank\" rel=\"noopener\">http:\/\/lattes.cnpq.br\/3147801401339901<\/a><\/h3>\n<h3><span style=\"color: #000000;\"><br \/>\n<strong>Lilia Blima Schraiber<\/strong>, m\u00e9dica, no grupo desde 1994.<\/span><br \/>\n<span style=\"color: #000000;\">Lattes:<\/span> <a href=\"http:\/\/lattes.cnpq.br\/8709794536099941\" target=\"_blank\" rel=\"noopener\">http:\/\/lattes.cnpq.br\/8709794536099941<\/a><\/h3>\n<header class=\"entry-header\">\n<h1 class=\"entry-title\">Equipe<\/h1>\n<\/header>\n<div class=\"entry-content\">\n<h3><span style=\"color: #000000;\"><strong>Beatriz Diniz Kalichman<\/strong>, gest\u00e3o de pol\u00edticas p\u00fablicas, in\u00edcio em 2019.<\/span><br \/>\n<span style=\"color: #000000;\">Lattes:<\/span>\u00a0<a href=\"http:\/\/lattes.cnpq.br\/6642509052413650\" target=\"_blank\" rel=\"noopener\">http:\/\/lattes.cnpq.br\/6642509052413650<\/a><\/h3>\n<h3><span style=\"color: #000000;\"><strong><br \/>\nCec\u00edlia Guida Vieira Graglia<\/strong>,\u00a0psic\u00f3loga,\u00a0in\u00edcio em 2017.<\/span><br \/>\n<span style=\"color: #000000;\">Lattes:<\/span>\u00a0<a href=\"http:\/\/lattes.cnpq.br\/7546906252579102\" target=\"_blank\" rel=\"noopener\">http:\/\/lattes.cnpq.br\/7546906252579102<\/a><\/h3>\n<h3><span style=\"color: #000000;\"><strong><br \/>\nHeloisa Hanada<\/strong>, psic\u00f3loga, in\u00edcio em 2005.<\/span><br \/>\n<span style=\"color: #000000;\">Lattes:<\/span>\u00a0<a href=\"http:\/\/lattes.cnpq.br\/8072326149267801\" target=\"_blank\" rel=\"noopener\">http:\/\/lattes.cnpq.br\/8072326149267801<\/a><\/h3>\n<h3><span style=\"color: #000000;\"><strong><br \/>\nJana\u00edna Marques de Aguiar<\/strong>, psic\u00f3loga, in\u00edcio em 2007.<\/span><br \/>\n<span style=\"color: #000000;\">Lattes:<\/span>\u00a0<a href=\"http:\/\/lattes.cnpq.br\/6893022352986973\" target=\"_blank\" rel=\"noopener\">http:\/\/lattes.cnpq.br\/6893022352986973<\/a><\/h3>\n<h3><span style=\"color: #000000;\"><strong><br \/>\nMarina Silva dos Reis<\/strong>, psic\u00f3loga, in\u00edcio em 2020.<\/span><br \/>\n<span style=\"color: #000000;\">Lattes:<\/span>\u00a0<a href=\"http:\/\/lattes.cnpq.br\/7217312034138213\" target=\"_blank\" rel=\"noopener\">http:\/\/lattes.cnpq.br\/7217312034138213<\/a><\/h3>\n<h3><span style=\"color: #000000;\"><strong><br \/>\nNayara Portilho Lima<\/strong>, psic\u00f3loga, in\u00edcio em 2019.<\/span><br \/>\n<span style=\"color: #000000;\">Lattes:<\/span>\u00a0<a href=\"http:\/\/lattes.cnpq.br\/7592205185374211\" target=\"_blank\" rel=\"noopener\">http:\/\/lattes.cnpq.br\/7592205185374211<\/a><\/h3>\n<h3><span style=\"color: #000000;\"><strong><br \/>\nStephanie Pereira<\/strong>, enfermeira, in\u00edcio em 2013.<\/span><br \/>\n<span style=\"color: #000000;\">Lattes:<\/span>\u00a0<a href=\"http:\/\/lattes.cnpq.br\/4954939265134833\" target=\"_blank\" rel=\"noopener\">http:\/\/lattes.cnpq.br\/4954939265134833<\/a><\/h3>\n<h3><span style=\"color: #000000;\"><strong><br \/>\nYuri Nishijima Azeredo<\/strong>, psic\u00f3logo, in\u00edcio em 2020.<\/span><br \/>\n<span style=\"color: #000000;\">Lattes:<\/span>\u00a0<a href=\"http:\/\/lattes.cnpq.br\/8432234350037824\" target=\"_blank\" rel=\"noopener\">http:\/\/lattes.cnpq.br\/8432234350037824<\/a><\/h3>\n<\/div>\n","protected":false},"excerpt":{"rendered":"<p>Coordenadoras atuais (desde 2017) Ana Fl\u00e1via Lucas Pires D\u2019Oliveira, m\u00e9dica, no grupo desde 1994. Lattes: http:\/\/lattes.cnpq.br\/3147801401339901 Lilia Blima Schraiber, m\u00e9dica, no grupo desde 1994. Lattes: http:\/\/lattes.cnpq.br\/8709794536099941 Equipe Beatriz Diniz Kalichman, gest\u00e3o de pol\u00edticas p\u00fablicas, in\u00edcio em 2019. Lattes:\u00a0http:\/\/lattes.cnpq.br\/6642509052413650 Cec\u00edlia Guida Vieira Graglia,\u00a0psic\u00f3loga,\u00a0in\u00edcio em 2017. Lattes:\u00a0http:\/\/lattes.cnpq.br\/7546906252579102 Heloisa Hanada, psic\u00f3loga, in\u00edcio em 2005. Lattes:\u00a0http:\/\/lattes.cnpq.br\/8072326149267801 Jana\u00edna Marques de<a href=\"https:\/\/sites.usp.br\/generoviolenciaesaude\/equipe\/\">[&#8230;]<\/a><\/p>\n","protected":false},"author":309,"featured_media":0,"parent":0,"menu_order":2,"comment_status":"closed","ping_status":"closed","template":"","meta":{"_monsterinsights_skip_tracking":false,"_monsterinsights_sitenote_active":false,"_monsterinsights_sitenote_note":"","_monsterinsights_sitenote_category":0,"footnotes":"","_links_to":"","_links_to_target":""},"class_list":["post-114","page","type-page","status-publish","hentry"],"_links":{"self":[{"href":"https:\/\/sites.usp.br\/generoviolenciaesaude\/wp-json\/wp\/v2\/pages\/114","targetHints":{"allow":["GET"]}}],"collection":[{"href":"https:\/\/sites.usp.br\/generoviolenciaesaude\/wp-json\/wp\/v2\/pages"}],"about":[{"href":"https:\/\/sites.usp.br\/generoviolenciaesaude\/wp-json\/wp\/v2\/types\/page"}],"author":[{"embeddable":true,"href":"https:\/\/sites.usp.br\/generoviolenciaesaude\/wp-json\/wp\/v2\/users\/309"}],"replies":[{"embeddable":true,"href":"https:\/\/sites.usp.br\/generoviolenciaesaude\/wp-json\/wp\/v2\/comments?post=114"}],"version-history":[{"count":6,"href":"https:\/\/sites.usp.br\/generoviolenciaesaude\/wp-json\/wp\/v2\/pages\/114\/revisions"}],"predecessor-version":[{"id":2110,"href":"https:\/\/sites.usp.br\/generoviolenciaesaude\/wp-json\/wp\/v2\/pages\/114\/revisions\/2110"}],"wp:attachment":[{"href":"https:\/\/sites.usp.br\/generoviolenciaesaude\/wp-json\/wp\/v2\/media?parent=114"}],"curies":[{"name":"wp","href":"https:\/\/api.w.org\/{rel}","templated":true}]}}