{"id":494,"date":"2020-12-17T23:16:24","date_gmt":"2020-12-18T01:16:24","guid":{"rendered":"https:\/\/sites.usp.br\/generoviolenciaesaude\/?page_id=494"},"modified":"2021-08-04T01:45:40","modified_gmt":"2021-08-04T03:45:40","slug":"pesquisas","status":"publish","type":"page","link":"https:\/\/sites.usp.br\/generoviolenciaesaude\/pesquisas\/","title":{"rendered":"Pesquisas"},"content":{"rendered":"<h1 class=\"entry-title\" style=\"text-align: left;\">Mapeando a pesquisa em viol\u00eancia de g\u00eanero<\/h1>\n<h3 style=\"text-align: left;\"><span style=\"color: #000000;\">Foram realizadas duas modalidades de pesquisa: 1. Preval\u00eancias e agravos \u00e0 sa\u00fade, em <a href=\"https:\/\/sites.usp.br\/generoviolenciaesaude\/estudos-epidemiologicos-ciencias-sociais-e-humanas-em-saude\/\">estudos epidemiol\u00f3gicos<\/a> em sua maioria na forma de desenhos mistos (quanti-quali), compondo interface interdisciplinar com as Ci\u00eancias Sociais e Humanas em Sa\u00fade; e 2. Organiza\u00e7\u00e3o e funcionamento de servi\u00e7os de sa\u00fade com \u00eanfase na Aten\u00e7\u00e3o Prim\u00e1ria \u00e0 sa\u00fade (APS) , reorientadas no sistema brasileiro como Aten\u00e7\u00e3o B\u00e1sica em sa\u00fade (ABS), em desenhos de pesquisa qualitativa ou desenhos mistos quanti-quali, trazendo <a href=\"https:\/\/sites.usp.br\/generoviolenciaesaude\/estudos-em-politica-planejamento-avaliacao-e-gestao\/\">estudos em pol\u00edticas p\u00fablicas, planejamento, gest\u00e3o e avalia\u00e7\u00e3o dos servi\u00e7os<\/a>.<\/span><br \/>\n<span style=\"color: #000000;\">Desse conjunto de pesquisas, voc\u00ea encontrar\u00e1 \u00e0 sua disposi\u00e7\u00e3o tamb\u00e9m os <a href=\"https:\/\/sites.usp.br\/generoviolenciaesaude\/principais-instrumentos\/\">principais instrumentos<\/a> utilizados. Pode ser \u00fatil.<\/span><\/h3>\n","protected":false},"excerpt":{"rendered":"<p>Mapeando a pesquisa em viol\u00eancia de g\u00eanero Foram realizadas duas modalidades de pesquisa: 1. Preval\u00eancias e agravos \u00e0 sa\u00fade, em estudos epidemiol\u00f3gicos em sua maioria na forma de desenhos mistos (quanti-quali), compondo interface interdisciplinar com as Ci\u00eancias Sociais e Humanas em Sa\u00fade; e 2. Organiza\u00e7\u00e3o e funcionamento de servi\u00e7os de sa\u00fade com \u00eanfase na Aten\u00e7\u00e3o<a href=\"https:\/\/sites.usp.br\/generoviolenciaesaude\/pesquisas\/\">[&#8230;]<\/a><\/p>\n","protected":false},"author":22212,"featured_media":0,"parent":0,"menu_order":0,"comment_status":"closed","ping_status":"closed","template":"","meta":{"_monsterinsights_skip_tracking":false,"_monsterinsights_sitenote_active":false,"_monsterinsights_sitenote_note":"","_monsterinsights_sitenote_category":0,"footnotes":"","_links_to":"","_links_to_target":""},"class_list":["post-494","page","type-page","status-publish","hentry"],"_links":{"self":[{"href":"https:\/\/sites.usp.br\/generoviolenciaesaude\/wp-json\/wp\/v2\/pages\/494","targetHints":{"allow":["GET"]}}],"collection":[{"href":"https:\/\/sites.usp.br\/generoviolenciaesaude\/wp-json\/wp\/v2\/pages"}],"about":[{"href":"https:\/\/sites.usp.br\/generoviolenciaesaude\/wp-json\/wp\/v2\/types\/page"}],"author":[{"embeddable":true,"href":"https:\/\/sites.usp.br\/generoviolenciaesaude\/wp-json\/wp\/v2\/users\/22212"}],"replies":[{"embeddable":true,"href":"https:\/\/sites.usp.br\/generoviolenciaesaude\/wp-json\/wp\/v2\/comments?post=494"}],"version-history":[{"count":4,"href":"https:\/\/sites.usp.br\/generoviolenciaesaude\/wp-json\/wp\/v2\/pages\/494\/revisions"}],"predecessor-version":[{"id":1742,"href":"https:\/\/sites.usp.br\/generoviolenciaesaude\/wp-json\/wp\/v2\/pages\/494\/revisions\/1742"}],"wp:attachment":[{"href":"https:\/\/sites.usp.br\/generoviolenciaesaude\/wp-json\/wp\/v2\/media?parent=494"}],"curies":[{"name":"wp","href":"https:\/\/api.w.org\/{rel}","templated":true}]}}