{"id":935,"date":"2021-04-03T13:59:31","date_gmt":"2021-04-03T15:59:31","guid":{"rendered":"https:\/\/sites.usp.br\/generoviolenciaesaude\/?page_id=935"},"modified":"2021-09-01T01:27:00","modified_gmt":"2021-09-01T03:27:00","slug":"mini-guia","status":"publish","type":"page","link":"https:\/\/sites.usp.br\/generoviolenciaesaude\/mini-guia\/","title":{"rendered":"Mini Guias"},"content":{"rendered":"<h3><span style=\"color: #000000;\">Apresentamos dois mini-guias efetivamente utilizados.<\/span><\/h3>\n<p><a href=\"https:\/\/sites.usp.br\/generoviolenciaesaude\/wp-content\/uploads\/sites\/748\/2021\/05\/miniguia_completo.pdf\" target=\"_blank\" rel=\"noopener\"><img fetchpriority=\"high\" decoding=\"async\" class=\"alignnone wp-image-1204 size-medium\" src=\"https:\/\/sites.usp.br\/generoviolenciaesaude\/wp-content\/uploads\/sites\/748\/2021\/05\/miniguia_completo-211x300.jpg\" alt=\"\" width=\"211\" height=\"300\" srcset=\"https:\/\/sites.usp.br\/generoviolenciaesaude\/wp-content\/uploads\/sites\/748\/2021\/05\/miniguia_completo-211x300.jpg 211w, https:\/\/sites.usp.br\/generoviolenciaesaude\/wp-content\/uploads\/sites\/748\/2021\/05\/miniguia_completo-722x1024.jpg 722w, https:\/\/sites.usp.br\/generoviolenciaesaude\/wp-content\/uploads\/sites\/748\/2021\/05\/miniguia_completo-768x1090.jpg 768w, https:\/\/sites.usp.br\/generoviolenciaesaude\/wp-content\/uploads\/sites\/748\/2021\/05\/miniguia_completo-1083x1536.jpg 1083w, https:\/\/sites.usp.br\/generoviolenciaesaude\/wp-content\/uploads\/sites\/748\/2021\/05\/miniguia_completo-1444x2048.jpg 1444w, https:\/\/sites.usp.br\/generoviolenciaesaude\/wp-content\/uploads\/sites\/748\/2021\/05\/miniguia_completo-400x568.jpg 400w, https:\/\/sites.usp.br\/generoviolenciaesaude\/wp-content\/uploads\/sites\/748\/2021\/05\/miniguia_completo.jpg 1748w\" sizes=\"(max-width: 211px) 100vw, 211px\" \/><\/a> \u00a0\u00a0 \u00a0\u00a0 \u00a0\u00a0 \u00a0\u00a0 \u00a0\u00a0 \u00a0\u00a0 \u00a0\u00a0 \u00a0\u00a0 \u00a0\u00a0 <a href=\"https:\/\/sites.usp.br\/generoviolenciaesaude\/wp-content\/uploads\/sites\/748\/2021\/05\/miniguia.pdf\" target=\"_blank\" rel=\"noopener\"><img decoding=\"async\" class=\"alignnone wp-image-1169 size-medium\" src=\"https:\/\/sites.usp.br\/generoviolenciaesaude\/wp-content\/uploads\/sites\/748\/2021\/05\/miniguia-211x300.jpg\" alt=\"\" width=\"211\" height=\"300\" srcset=\"https:\/\/sites.usp.br\/generoviolenciaesaude\/wp-content\/uploads\/sites\/748\/2021\/05\/miniguia-211x300.jpg 211w, https:\/\/sites.usp.br\/generoviolenciaesaude\/wp-content\/uploads\/sites\/748\/2021\/05\/miniguia-722x1024.jpg 722w, https:\/\/sites.usp.br\/generoviolenciaesaude\/wp-content\/uploads\/sites\/748\/2021\/05\/miniguia-768x1090.jpg 768w, https:\/\/sites.usp.br\/generoviolenciaesaude\/wp-content\/uploads\/sites\/748\/2021\/05\/miniguia-1083x1536.jpg 1083w, https:\/\/sites.usp.br\/generoviolenciaesaude\/wp-content\/uploads\/sites\/748\/2021\/05\/miniguia-1444x2048.jpg 1444w, https:\/\/sites.usp.br\/generoviolenciaesaude\/wp-content\/uploads\/sites\/748\/2021\/05\/miniguia-400x568.jpg 400w, https:\/\/sites.usp.br\/generoviolenciaesaude\/wp-content\/uploads\/sites\/748\/2021\/05\/miniguia.jpg 1748w\" sizes=\"(max-width: 211px) 100vw, 211px\" \/><\/a><\/p>\n<h3><span style=\"color: #000000;\">Um, corresponde \u00e0 \u00faltima atualiza\u00e7\u00e3o, em 2011, do primeiro guia criado e produzido nesse formato, o que ocorreu, no per\u00edodo de 1996 a 2000, com o apoio da Organiza\u00e7\u00e3o Mundial da Sa\u00fade e da Funda\u00e7\u00e3o FORD, respectivamente nas pesquisas: \u00a0o Brasil no estudo multipa\u00edses sobre sa\u00fade da mulher e viol\u00eancia contra a mulher; e\u00a0 Viol\u00eancia, G\u00eanero e Direitos Humanos &#8211; quest\u00f5es para o campo da sa\u00fade. \u00a0Ele \u00e9 bastante completo e foi desenvolvido com a participa\u00e7\u00e3o de alunos de inicia\u00e7\u00e3o cient\u00edfica, junto ao grupo de pesquisa. <\/span><span style=\"color: #000000;\">Para acessar clique <a href=\"https:\/\/sites.usp.br\/generoviolenciaesaude\/wp-content\/uploads\/sites\/748\/2021\/05\/miniguia_completo.pdf\" target=\"_blank\" rel=\"noopener\">aqui<\/a>.<\/span><\/h3>\n<h3><span style=\"color: #000000;\">Outro, \u00e9 menor e foi desenvolvido especificamente para dar suporte assistencial a mulheres em situa\u00e7\u00e3o de viol\u00eancia identificadas na pesquisa 2004 \u2013 2006. Identificando possibilidades e limites do trabalho em rede para a redu\u00e7\u00e3o da viol\u00eancia contra a mulher &#8211; estudo em tr\u00eas capitais brasileiras. <\/span><span style=\"color: #000000;\">Para acessar este outro mini-guia clique <a href=\"https:\/\/sites.usp.br\/generoviolenciaesaude\/wp-content\/uploads\/sites\/748\/2021\/05\/miniguia.pdf\" target=\"_blank\" rel=\"noopener\">aqui<\/a>.<\/span><\/h3>\n<h3><span style=\"color: #000000;\">No interior desses projetos, os Guias foram uma preocupa\u00e7\u00e3o nossa em prover acolhida assistencial para mulheres participantes das pesquisas e que solicitassem ajuda para lidar com suas situa\u00e7\u00f5es de viol\u00eancias ou se encontrassem em situa\u00e7\u00e3o de risco de morte.<\/span><\/h3>\n<h3><span style=\"color: #000000;\">O desenvolvimento de Guias de servi\u00e7os assistenciais para lidar com a viol\u00eancia contra mulheres fez parte da \u00e9tica da pesquisa em todos os projetos do nosso grupo de pesquisa, desde seu in\u00edcio.<\/span><\/h3>\n<h3><span style=\"color: #000000;\">Se voc\u00ea quiser saber mais sobre esse aspecto da <strong>\u00e9tica em pesquisa<\/strong>, clique aqui neste artigo acad\u00eamico: <a href=\"https:\/\/sites.usp.br\/generoviolenciaesaude\/wp-content\/uploads\/sites\/748\/2020\/07\/SH_16.pdf\" target=\"_blank\" rel=\"noopener\">Schraiber LB; d&#8217;Oliveira AFPL ; Couto MT . Viol\u00eancia e sa\u00fade: contribui\u00e7\u00f5es te\u00f3ricas, metodol\u00f3gicas e \u00e9ticas de estudos da viol\u00eancia contra a mulher. Cadernos de Sa\u00fade P\u00fablica (ENSP. Impresso), v. 25, p. S205-S216, 2009.<\/a><\/span><\/h3>\n<h3><span style=\"color: #000000;\">Se voc\u00ea quer compreender o que denominamos de situa\u00e7\u00e3o de risco de morte, consulte aqui o nosso <a href=\"https:\/\/sites.usp.br\/generoviolenciaesaude\/wp-content\/uploads\/sites\/748\/2021\/05\/protocolo_de_atendimento.pdf\" target=\"_blank\" rel=\"noopener\">Protocolo de atendimento a mulheres em situa\u00e7\u00e3o de viol\u00eancia<\/a>, em especial\u00a0 item 3.2. Realizando a avalia\u00e7\u00e3o de risco e o plano de seguran\u00e7a,\u00a0 dentre nossos materiais educativos.<\/span><\/h3>\n<h3><span style=\"color: #000000;\">E lembre-se de que se voc\u00ea est\u00e1 procurando os servi\u00e7os em um guia mais atualizado v\u00e1 para <a href=\"https:\/\/sites.usp.br\/generoviolenciaesaude\/guia-sp-atual\/\" target=\"_blank\" rel=\"noopener\">GUIA DE SERVI\u00c7OS ATUAL<\/a>. Este enquanto um GUIA digital, suprimiu a necessidade do mini-guia impresso, mas mantendo a mesma facilidade de acesso e seguran\u00e7a pessoal em seu uso.<\/span><\/h3>\n","protected":false},"excerpt":{"rendered":"<p>Apresentamos dois mini-guias efetivamente utilizados. \u00a0\u00a0 \u00a0\u00a0 \u00a0\u00a0 \u00a0\u00a0 \u00a0\u00a0 \u00a0\u00a0 \u00a0\u00a0 \u00a0\u00a0 \u00a0\u00a0 Um, corresponde \u00e0 \u00faltima atualiza\u00e7\u00e3o, em 2011, do primeiro guia criado e produzido nesse formato, o que ocorreu, no per\u00edodo de 1996 a 2000, com o apoio da Organiza\u00e7\u00e3o Mundial da Sa\u00fade e da Funda\u00e7\u00e3o FORD, respectivamente nas pesquisas: \u00a0o Brasil<a href=\"https:\/\/sites.usp.br\/generoviolenciaesaude\/mini-guia\/\">[&#8230;]<\/a><\/p>\n","protected":false},"author":22212,"featured_media":0,"parent":0,"menu_order":0,"comment_status":"closed","ping_status":"closed","template":"","meta":{"_monsterinsights_skip_tracking":false,"_monsterinsights_sitenote_active":false,"_monsterinsights_sitenote_note":"","_monsterinsights_sitenote_category":0,"footnotes":"","_links_to":"","_links_to_target":""},"class_list":["post-935","page","type-page","status-publish","hentry"],"_links":{"self":[{"href":"https:\/\/sites.usp.br\/generoviolenciaesaude\/wp-json\/wp\/v2\/pages\/935","targetHints":{"allow":["GET"]}}],"collection":[{"href":"https:\/\/sites.usp.br\/generoviolenciaesaude\/wp-json\/wp\/v2\/pages"}],"about":[{"href":"https:\/\/sites.usp.br\/generoviolenciaesaude\/wp-json\/wp\/v2\/types\/page"}],"author":[{"embeddable":true,"href":"https:\/\/sites.usp.br\/generoviolenciaesaude\/wp-json\/wp\/v2\/users\/22212"}],"replies":[{"embeddable":true,"href":"https:\/\/sites.usp.br\/generoviolenciaesaude\/wp-json\/wp\/v2\/comments?post=935"}],"version-history":[{"count":5,"href":"https:\/\/sites.usp.br\/generoviolenciaesaude\/wp-json\/wp\/v2\/pages\/935\/revisions"}],"predecessor-version":[{"id":2069,"href":"https:\/\/sites.usp.br\/generoviolenciaesaude\/wp-json\/wp\/v2\/pages\/935\/revisions\/2069"}],"wp:attachment":[{"href":"https:\/\/sites.usp.br\/generoviolenciaesaude\/wp-json\/wp\/v2\/media?parent=935"}],"curies":[{"name":"wp","href":"https:\/\/api.w.org\/{rel}","templated":true}]}}