{"id":135,"date":"2017-07-17T10:32:17","date_gmt":"2017-07-17T12:32:17","guid":{"rendered":"http:\/\/sites.usp.br\/epsec\/?page_id=135"},"modified":"2023-06-26T16:22:25","modified_gmt":"2023-06-26T18:22:25","slug":"135-2","status":"publish","type":"page","link":"https:\/\/sites.usp.br\/gep\/135-2\/","title":{"rendered":"I EPAHC"},"content":{"rendered":"<h2 class=\"font_2\">I ENCONTRO DE PESQUISADOR@S DA ABORDAGEM HIST\u00d3RICO-CULTURAL<\/h2>\n<p>O I EPAHC &#8211; Encontro de pesquisadores da Abordagem Hist\u00f3rico-Cultural do campus USP-RP &#8211; aconteceu no dia 23 de agosto de 2019\u00a0 e foi organizado pelos membros do nosso grupo de pesquisa. O evento teve como objetivo ser um momento de partilha de saberes e de viv\u00eancias entre os pesquisadores da USP de Ribeir\u00e3o Preto que t\u00eam como base te\u00f3rica as obras dos pesquisadores Lev Semionovich Vigotski, Alexei Nikolaevich Leontiev e Alexander Romanovich Luria, al\u00e9m de outros pesquisadores da Psicologia Hist\u00f3rico-Cultural. Estiveram presentes as professoras e os grupos de pesquisa: Katia Amorim (CINDEDI), Marlene Fagundes e Luciana S\u00e1 (SEBAHC), Ana Paula Soares (LAPSAPE) , D\u00e9bora Pioto (Gesfe), Elaine Sampaio (GEPAPe), Joana Andrade (antigo EPSEC, hoje NeuEdu). O evento foi celebrado pela presen\u00e7a de mais de 80 participantes entre alunos de gradua\u00e7\u00e3o, p\u00f3s gradua\u00e7\u00e3o e docentes da USP, bem como de outras Universidades da regi\u00e3o e at\u00e9 de outros estados.<\/p>\n<p>Tivemos a ilustre presen\u00e7a das professoras &#8211; Prof\u00aa Dr\u00aa Galina Borissevitch, que ministrou a palestra: &#8220;Hist\u00f3ria da Educa\u00e7\u00e3o na R\u00fassia&#8221;, e da Prof\u00aa Dr\u00aa Maria Clotilde Rossetti Ferreira, que ministrou a palestra &#8220;Psicologia Hist\u00f3rico Cultural e a Educa\u00e7\u00e3o&#8221;.<\/p>\n<p><a href=\"https:\/\/epsecusp.wixsite.com\/epahcrp\">https:\/\/epsecusp.wixsite.com\/epahcrp\/incricoes\u00a0\u00a0<\/a><\/p>\n<div id='gallery-1' class='gallery galleryid-135 gallery-columns-4 gallery-size-large'><dl class='gallery-item'>\n\t\t\t<dt class='gallery-icon landscape'>\n\t\t\t\t<img loading=\"lazy\" decoding=\"async\" width=\"604\" height=\"400\" src=\"https:\/\/sites.usp.br\/gep\/wp-content\/uploads\/sites\/863\/2020\/12\/DSC_0705-2-1024x678.jpg\" class=\"attachment-large size-large\" alt=\"\" srcset=\"https:\/\/sites.usp.br\/gep\/wp-content\/uploads\/sites\/863\/2020\/12\/DSC_0705-2-1024x678.jpg 1024w, https:\/\/sites.usp.br\/gep\/wp-content\/uploads\/sites\/863\/2020\/12\/DSC_0705-2-300x199.jpg 300w, https:\/\/sites.usp.br\/gep\/wp-content\/uploads\/sites\/863\/2020\/12\/DSC_0705-2-768x509.jpg 768w, https:\/\/sites.usp.br\/gep\/wp-content\/uploads\/sites\/863\/2020\/12\/DSC_0705-2-1536x1017.jpg 1536w, https:\/\/sites.usp.br\/gep\/wp-content\/uploads\/sites\/863\/2020\/12\/DSC_0705-2-2048x1356.jpg 2048w, https:\/\/sites.usp.br\/gep\/wp-content\/uploads\/sites\/863\/2020\/12\/DSC_0705-2-400x265.jpg 400w\" sizes=\"auto, (max-width: 604px) 100vw, 604px\" \/>\n\t\t\t<\/dt><\/dl><dl class='gallery-item'>\n\t\t\t<dt class='gallery-icon landscape'>\n\t\t\t\t<img loading=\"lazy\" decoding=\"async\" width=\"604\" height=\"400\" src=\"https:\/\/sites.usp.br\/gep\/wp-content\/uploads\/sites\/863\/2020\/12\/DSC_0706-2-1024x678.jpg\" class=\"attachment-large size-large\" alt=\"\" srcset=\"https:\/\/sites.usp.br\/gep\/wp-content\/uploads\/sites\/863\/2020\/12\/DSC_0706-2-1024x678.jpg 1024w, https:\/\/sites.usp.br\/gep\/wp-content\/uploads\/sites\/863\/2020\/12\/DSC_0706-2-300x199.jpg 300w, https:\/\/sites.usp.br\/gep\/wp-content\/uploads\/sites\/863\/2020\/12\/DSC_0706-2-768x509.jpg 768w, https:\/\/sites.usp.br\/gep\/wp-content\/uploads\/sites\/863\/2020\/12\/DSC_0706-2-1536x1017.jpg 1536w, https:\/\/sites.usp.br\/gep\/wp-content\/uploads\/sites\/863\/2020\/12\/DSC_0706-2-2048x1356.jpg 2048w, https:\/\/sites.usp.br\/gep\/wp-content\/uploads\/sites\/863\/2020\/12\/DSC_0706-2-400x265.jpg 400w\" sizes=\"auto, (max-width: 604px) 100vw, 604px\" \/>\n\t\t\t<\/dt><\/dl><dl class='gallery-item'>\n\t\t\t<dt class='gallery-icon landscape'>\n\t\t\t\t<img loading=\"lazy\" decoding=\"async\" width=\"604\" height=\"368\" src=\"https:\/\/sites.usp.br\/gep\/wp-content\/uploads\/sites\/863\/2020\/12\/DSC_0741-1024x624.jpg\" class=\"attachment-large size-large\" alt=\"\" srcset=\"https:\/\/sites.usp.br\/gep\/wp-content\/uploads\/sites\/863\/2020\/12\/DSC_0741-1024x624.jpg 1024w, https:\/\/sites.usp.br\/gep\/wp-content\/uploads\/sites\/863\/2020\/12\/DSC_0741-300x183.jpg 300w, https:\/\/sites.usp.br\/gep\/wp-content\/uploads\/sites\/863\/2020\/12\/DSC_0741-768x468.jpg 768w, https:\/\/sites.usp.br\/gep\/wp-content\/uploads\/sites\/863\/2020\/12\/DSC_0741-1536x935.jpg 1536w, https:\/\/sites.usp.br\/gep\/wp-content\/uploads\/sites\/863\/2020\/12\/DSC_0741-2048x1247.jpg 2048w, https:\/\/sites.usp.br\/gep\/wp-content\/uploads\/sites\/863\/2020\/12\/DSC_0741-400x244.jpg 400w\" sizes=\"auto, (max-width: 604px) 100vw, 604px\" \/>\n\t\t\t<\/dt><\/dl><dl class='gallery-item'>\n\t\t\t<dt class='gallery-icon landscape'>\n\t\t\t\t<img loading=\"lazy\" decoding=\"async\" width=\"604\" height=\"400\" src=\"https:\/\/sites.usp.br\/gep\/wp-content\/uploads\/sites\/863\/2020\/12\/DSC_0751-1024x678.jpg\" class=\"attachment-large size-large\" alt=\"\" srcset=\"https:\/\/sites.usp.br\/gep\/wp-content\/uploads\/sites\/863\/2020\/12\/DSC_0751-1024x678.jpg 1024w, https:\/\/sites.usp.br\/gep\/wp-content\/uploads\/sites\/863\/2020\/12\/DSC_0751-300x199.jpg 300w, https:\/\/sites.usp.br\/gep\/wp-content\/uploads\/sites\/863\/2020\/12\/DSC_0751-768x509.jpg 768w, https:\/\/sites.usp.br\/gep\/wp-content\/uploads\/sites\/863\/2020\/12\/DSC_0751-1536x1017.jpg 1536w, https:\/\/sites.usp.br\/gep\/wp-content\/uploads\/sites\/863\/2020\/12\/DSC_0751-2048x1356.jpg 2048w, https:\/\/sites.usp.br\/gep\/wp-content\/uploads\/sites\/863\/2020\/12\/DSC_0751-400x265.jpg 400w\" sizes=\"auto, (max-width: 604px) 100vw, 604px\" \/>\n\t\t\t<\/dt><\/dl><br style=\"clear: both\" \/><dl class='gallery-item'>\n\t\t\t<dt class='gallery-icon landscape'>\n\t\t\t\t<img loading=\"lazy\" decoding=\"async\" width=\"604\" height=\"400\" src=\"https:\/\/sites.usp.br\/gep\/wp-content\/uploads\/sites\/863\/2020\/12\/DSC_0752-1024x678.jpg\" class=\"attachment-large size-large\" alt=\"\" srcset=\"https:\/\/sites.usp.br\/gep\/wp-content\/uploads\/sites\/863\/2020\/12\/DSC_0752-1024x678.jpg 1024w, https:\/\/sites.usp.br\/gep\/wp-content\/uploads\/sites\/863\/2020\/12\/DSC_0752-300x199.jpg 300w, https:\/\/sites.usp.br\/gep\/wp-content\/uploads\/sites\/863\/2020\/12\/DSC_0752-768x509.jpg 768w, https:\/\/sites.usp.br\/gep\/wp-content\/uploads\/sites\/863\/2020\/12\/DSC_0752-1536x1017.jpg 1536w, https:\/\/sites.usp.br\/gep\/wp-content\/uploads\/sites\/863\/2020\/12\/DSC_0752-2048x1356.jpg 2048w, https:\/\/sites.usp.br\/gep\/wp-content\/uploads\/sites\/863\/2020\/12\/DSC_0752-400x265.jpg 400w\" sizes=\"auto, (max-width: 604px) 100vw, 604px\" \/>\n\t\t\t<\/dt><\/dl><dl class='gallery-item'>\n\t\t\t<dt class='gallery-icon landscape'>\n\t\t\t\t<img loading=\"lazy\" decoding=\"async\" width=\"604\" height=\"400\" src=\"https:\/\/sites.usp.br\/gep\/wp-content\/uploads\/sites\/863\/2020\/12\/DSC_0755-1024x678.jpg\" class=\"attachment-large size-large\" alt=\"\" srcset=\"https:\/\/sites.usp.br\/gep\/wp-content\/uploads\/sites\/863\/2020\/12\/DSC_0755-1024x678.jpg 1024w, https:\/\/sites.usp.br\/gep\/wp-content\/uploads\/sites\/863\/2020\/12\/DSC_0755-300x199.jpg 300w, https:\/\/sites.usp.br\/gep\/wp-content\/uploads\/sites\/863\/2020\/12\/DSC_0755-768x509.jpg 768w, https:\/\/sites.usp.br\/gep\/wp-content\/uploads\/sites\/863\/2020\/12\/DSC_0755-1536x1017.jpg 1536w, https:\/\/sites.usp.br\/gep\/wp-content\/uploads\/sites\/863\/2020\/12\/DSC_0755-2048x1356.jpg 2048w, https:\/\/sites.usp.br\/gep\/wp-content\/uploads\/sites\/863\/2020\/12\/DSC_0755-400x265.jpg 400w\" sizes=\"auto, (max-width: 604px) 100vw, 604px\" \/>\n\t\t\t<\/dt><\/dl><dl class='gallery-item'>\n\t\t\t<dt class='gallery-icon landscape'>\n\t\t\t\t<img loading=\"lazy\" decoding=\"async\" width=\"604\" height=\"400\" src=\"https:\/\/sites.usp.br\/gep\/wp-content\/uploads\/sites\/863\/2020\/12\/DSC_0781-1024x678.jpg\" class=\"attachment-large size-large\" alt=\"\" srcset=\"https:\/\/sites.usp.br\/gep\/wp-content\/uploads\/sites\/863\/2020\/12\/DSC_0781-1024x678.jpg 1024w, https:\/\/sites.usp.br\/gep\/wp-content\/uploads\/sites\/863\/2020\/12\/DSC_0781-300x199.jpg 300w, https:\/\/sites.usp.br\/gep\/wp-content\/uploads\/sites\/863\/2020\/12\/DSC_0781-768x509.jpg 768w, https:\/\/sites.usp.br\/gep\/wp-content\/uploads\/sites\/863\/2020\/12\/DSC_0781-1536x1017.jpg 1536w, https:\/\/sites.usp.br\/gep\/wp-content\/uploads\/sites\/863\/2020\/12\/DSC_0781-2048x1356.jpg 2048w, https:\/\/sites.usp.br\/gep\/wp-content\/uploads\/sites\/863\/2020\/12\/DSC_0781-400x265.jpg 400w\" sizes=\"auto, (max-width: 604px) 100vw, 604px\" \/>\n\t\t\t<\/dt><\/dl><dl class='gallery-item'>\n\t\t\t<dt class='gallery-icon landscape'>\n\t\t\t\t<img loading=\"lazy\" decoding=\"async\" width=\"604\" height=\"400\" src=\"https:\/\/sites.usp.br\/gep\/wp-content\/uploads\/sites\/863\/2020\/12\/DSC_0798-1024x678.jpg\" class=\"attachment-large size-large\" alt=\"\" srcset=\"https:\/\/sites.usp.br\/gep\/wp-content\/uploads\/sites\/863\/2020\/12\/DSC_0798-1024x678.jpg 1024w, https:\/\/sites.usp.br\/gep\/wp-content\/uploads\/sites\/863\/2020\/12\/DSC_0798-300x199.jpg 300w, https:\/\/sites.usp.br\/gep\/wp-content\/uploads\/sites\/863\/2020\/12\/DSC_0798-768x509.jpg 768w, https:\/\/sites.usp.br\/gep\/wp-content\/uploads\/sites\/863\/2020\/12\/DSC_0798-1536x1017.jpg 1536w, https:\/\/sites.usp.br\/gep\/wp-content\/uploads\/sites\/863\/2020\/12\/DSC_0798-2048x1356.jpg 2048w, https:\/\/sites.usp.br\/gep\/wp-content\/uploads\/sites\/863\/2020\/12\/DSC_0798-400x265.jpg 400w\" sizes=\"auto, (max-width: 604px) 100vw, 604px\" \/>\n\t\t\t<\/dt><\/dl><br style=\"clear: both\" \/><dl class='gallery-item'>\n\t\t\t<dt class='gallery-icon landscape'>\n\t\t\t\t<img loading=\"lazy\" decoding=\"async\" width=\"604\" height=\"400\" src=\"https:\/\/sites.usp.br\/gep\/wp-content\/uploads\/sites\/863\/2020\/12\/DSC_0800-1024x678.jpg\" class=\"attachment-large size-large\" alt=\"\" srcset=\"https:\/\/sites.usp.br\/gep\/wp-content\/uploads\/sites\/863\/2020\/12\/DSC_0800-1024x678.jpg 1024w, https:\/\/sites.usp.br\/gep\/wp-content\/uploads\/sites\/863\/2020\/12\/DSC_0800-300x199.jpg 300w, https:\/\/sites.usp.br\/gep\/wp-content\/uploads\/sites\/863\/2020\/12\/DSC_0800-768x509.jpg 768w, https:\/\/sites.usp.br\/gep\/wp-content\/uploads\/sites\/863\/2020\/12\/DSC_0800-1536x1017.jpg 1536w, https:\/\/sites.usp.br\/gep\/wp-content\/uploads\/sites\/863\/2020\/12\/DSC_0800-2048x1356.jpg 2048w, https:\/\/sites.usp.br\/gep\/wp-content\/uploads\/sites\/863\/2020\/12\/DSC_0800-400x265.jpg 400w\" sizes=\"auto, (max-width: 604px) 100vw, 604px\" \/>\n\t\t\t<\/dt><\/dl><dl class='gallery-item'>\n\t\t\t<dt class='gallery-icon landscape'>\n\t\t\t\t<img loading=\"lazy\" decoding=\"async\" width=\"604\" height=\"400\" src=\"https:\/\/sites.usp.br\/gep\/wp-content\/uploads\/sites\/863\/2020\/12\/DSC_0817-1024x678.jpg\" class=\"attachment-large size-large\" alt=\"\" srcset=\"https:\/\/sites.usp.br\/gep\/wp-content\/uploads\/sites\/863\/2020\/12\/DSC_0817-1024x678.jpg 1024w, https:\/\/sites.usp.br\/gep\/wp-content\/uploads\/sites\/863\/2020\/12\/DSC_0817-300x199.jpg 300w, https:\/\/sites.usp.br\/gep\/wp-content\/uploads\/sites\/863\/2020\/12\/DSC_0817-768x509.jpg 768w, https:\/\/sites.usp.br\/gep\/wp-content\/uploads\/sites\/863\/2020\/12\/DSC_0817-1536x1017.jpg 1536w, https:\/\/sites.usp.br\/gep\/wp-content\/uploads\/sites\/863\/2020\/12\/DSC_0817-2048x1356.jpg 2048w, https:\/\/sites.usp.br\/gep\/wp-content\/uploads\/sites\/863\/2020\/12\/DSC_0817-400x265.jpg 400w\" sizes=\"auto, (max-width: 604px) 100vw, 604px\" \/>\n\t\t\t<\/dt><\/dl><dl class='gallery-item'>\n\t\t\t<dt class='gallery-icon landscape'>\n\t\t\t\t<img loading=\"lazy\" decoding=\"async\" width=\"604\" height=\"400\" src=\"https:\/\/sites.usp.br\/gep\/wp-content\/uploads\/sites\/863\/2020\/12\/DSC_0835-1024x678.jpg\" class=\"attachment-large size-large\" alt=\"\" srcset=\"https:\/\/sites.usp.br\/gep\/wp-content\/uploads\/sites\/863\/2020\/12\/DSC_0835-1024x678.jpg 1024w, https:\/\/sites.usp.br\/gep\/wp-content\/uploads\/sites\/863\/2020\/12\/DSC_0835-300x199.jpg 300w, https:\/\/sites.usp.br\/gep\/wp-content\/uploads\/sites\/863\/2020\/12\/DSC_0835-768x509.jpg 768w, https:\/\/sites.usp.br\/gep\/wp-content\/uploads\/sites\/863\/2020\/12\/DSC_0835-1536x1017.jpg 1536w, https:\/\/sites.usp.br\/gep\/wp-content\/uploads\/sites\/863\/2020\/12\/DSC_0835-2048x1356.jpg 2048w, https:\/\/sites.usp.br\/gep\/wp-content\/uploads\/sites\/863\/2020\/12\/DSC_0835-400x265.jpg 400w\" sizes=\"auto, (max-width: 604px) 100vw, 604px\" \/>\n\t\t\t<\/dt><\/dl><dl class='gallery-item'>\n\t\t\t<dt class='gallery-icon landscape'>\n\t\t\t\t<img loading=\"lazy\" decoding=\"async\" width=\"604\" height=\"400\" src=\"https:\/\/sites.usp.br\/gep\/wp-content\/uploads\/sites\/863\/2020\/12\/DSC_0845-1024x678.jpg\" class=\"attachment-large size-large\" alt=\"\" srcset=\"https:\/\/sites.usp.br\/gep\/wp-content\/uploads\/sites\/863\/2020\/12\/DSC_0845-1024x678.jpg 1024w, https:\/\/sites.usp.br\/gep\/wp-content\/uploads\/sites\/863\/2020\/12\/DSC_0845-300x199.jpg 300w, https:\/\/sites.usp.br\/gep\/wp-content\/uploads\/sites\/863\/2020\/12\/DSC_0845-768x509.jpg 768w, https:\/\/sites.usp.br\/gep\/wp-content\/uploads\/sites\/863\/2020\/12\/DSC_0845-1536x1017.jpg 1536w, https:\/\/sites.usp.br\/gep\/wp-content\/uploads\/sites\/863\/2020\/12\/DSC_0845-2048x1356.jpg 2048w, https:\/\/sites.usp.br\/gep\/wp-content\/uploads\/sites\/863\/2020\/12\/DSC_0845-400x265.jpg 400w\" sizes=\"auto, (max-width: 604px) 100vw, 604px\" \/>\n\t\t\t<\/dt><\/dl><br style=\"clear: both\" \/><dl class='gallery-item'>\n\t\t\t<dt class='gallery-icon landscape'>\n\t\t\t\t<img loading=\"lazy\" decoding=\"async\" width=\"604\" height=\"400\" src=\"https:\/\/sites.usp.br\/gep\/wp-content\/uploads\/sites\/863\/2020\/12\/DSC_0854-1024x678.jpg\" class=\"attachment-large size-large\" alt=\"\" srcset=\"https:\/\/sites.usp.br\/gep\/wp-content\/uploads\/sites\/863\/2020\/12\/DSC_0854-1024x678.jpg 1024w, https:\/\/sites.usp.br\/gep\/wp-content\/uploads\/sites\/863\/2020\/12\/DSC_0854-300x199.jpg 300w, https:\/\/sites.usp.br\/gep\/wp-content\/uploads\/sites\/863\/2020\/12\/DSC_0854-768x509.jpg 768w, https:\/\/sites.usp.br\/gep\/wp-content\/uploads\/sites\/863\/2020\/12\/DSC_0854-1536x1017.jpg 1536w, https:\/\/sites.usp.br\/gep\/wp-content\/uploads\/sites\/863\/2020\/12\/DSC_0854-2048x1356.jpg 2048w, https:\/\/sites.usp.br\/gep\/wp-content\/uploads\/sites\/863\/2020\/12\/DSC_0854-400x265.jpg 400w\" sizes=\"auto, (max-width: 604px) 100vw, 604px\" \/>\n\t\t\t<\/dt><\/dl><dl class='gallery-item'>\n\t\t\t<dt class='gallery-icon landscape'>\n\t\t\t\t<img loading=\"lazy\" decoding=\"async\" width=\"604\" height=\"400\" src=\"https:\/\/sites.usp.br\/gep\/wp-content\/uploads\/sites\/863\/2020\/12\/DSC_0864-1024x678.jpg\" class=\"attachment-large size-large\" alt=\"\" srcset=\"https:\/\/sites.usp.br\/gep\/wp-content\/uploads\/sites\/863\/2020\/12\/DSC_0864-1024x678.jpg 1024w, https:\/\/sites.usp.br\/gep\/wp-content\/uploads\/sites\/863\/2020\/12\/DSC_0864-300x199.jpg 300w, https:\/\/sites.usp.br\/gep\/wp-content\/uploads\/sites\/863\/2020\/12\/DSC_0864-768x509.jpg 768w, https:\/\/sites.usp.br\/gep\/wp-content\/uploads\/sites\/863\/2020\/12\/DSC_0864-1536x1017.jpg 1536w, https:\/\/sites.usp.br\/gep\/wp-content\/uploads\/sites\/863\/2020\/12\/DSC_0864-2048x1356.jpg 2048w, https:\/\/sites.usp.br\/gep\/wp-content\/uploads\/sites\/863\/2020\/12\/DSC_0864-400x265.jpg 400w\" sizes=\"auto, (max-width: 604px) 100vw, 604px\" \/>\n\t\t\t<\/dt><\/dl><dl class='gallery-item'>\n\t\t\t<dt class='gallery-icon landscape'>\n\t\t\t\t<img loading=\"lazy\" decoding=\"async\" width=\"604\" height=\"400\" src=\"https:\/\/sites.usp.br\/gep\/wp-content\/uploads\/sites\/863\/2020\/12\/DSC_0869-1024x678.jpg\" class=\"attachment-large size-large\" alt=\"\" srcset=\"https:\/\/sites.usp.br\/gep\/wp-content\/uploads\/sites\/863\/2020\/12\/DSC_0869-1024x678.jpg 1024w, https:\/\/sites.usp.br\/gep\/wp-content\/uploads\/sites\/863\/2020\/12\/DSC_0869-300x199.jpg 300w, https:\/\/sites.usp.br\/gep\/wp-content\/uploads\/sites\/863\/2020\/12\/DSC_0869-768x509.jpg 768w, https:\/\/sites.usp.br\/gep\/wp-content\/uploads\/sites\/863\/2020\/12\/DSC_0869-1536x1017.jpg 1536w, https:\/\/sites.usp.br\/gep\/wp-content\/uploads\/sites\/863\/2020\/12\/DSC_0869-2048x1356.jpg 2048w, https:\/\/sites.usp.br\/gep\/wp-content\/uploads\/sites\/863\/2020\/12\/DSC_0869-400x265.jpg 400w\" sizes=\"auto, (max-width: 604px) 100vw, 604px\" \/>\n\t\t\t<\/dt><\/dl><dl class='gallery-item'>\n\t\t\t<dt class='gallery-icon landscape'>\n\t\t\t\t<img loading=\"lazy\" decoding=\"async\" width=\"604\" height=\"400\" src=\"https:\/\/sites.usp.br\/gep\/wp-content\/uploads\/sites\/863\/2020\/12\/DSC_0889-1024x678.jpg\" class=\"attachment-large size-large\" alt=\"\" srcset=\"https:\/\/sites.usp.br\/gep\/wp-content\/uploads\/sites\/863\/2020\/12\/DSC_0889-1024x678.jpg 1024w, https:\/\/sites.usp.br\/gep\/wp-content\/uploads\/sites\/863\/2020\/12\/DSC_0889-300x199.jpg 300w, https:\/\/sites.usp.br\/gep\/wp-content\/uploads\/sites\/863\/2020\/12\/DSC_0889-768x509.jpg 768w, https:\/\/sites.usp.br\/gep\/wp-content\/uploads\/sites\/863\/2020\/12\/DSC_0889-1536x1017.jpg 1536w, https:\/\/sites.usp.br\/gep\/wp-content\/uploads\/sites\/863\/2020\/12\/DSC_0889-2048x1356.jpg 2048w, https:\/\/sites.usp.br\/gep\/wp-content\/uploads\/sites\/863\/2020\/12\/DSC_0889-400x265.jpg 400w\" sizes=\"auto, (max-width: 604px) 100vw, 604px\" \/>\n\t\t\t<\/dt><\/dl><br style=\"clear: both\" \/>\n\t\t<\/div>\n\n","protected":false},"excerpt":{"rendered":"<p>I ENCONTRO DE PESQUISADOR@S DA ABORDAGEM HIST\u00d3RICO-CULTURAL O I EPAHC &#8211; Encontro de pesquisadores da Abordagem Hist\u00f3rico-Cultural do campus USP-RP &#8211; aconteceu no dia 23 de agosto de 2019\u00a0 e foi organizado pelos membros do nosso grupo de pesquisa. O evento teve como objetivo ser um momento de partilha de saberes e de viv\u00eancias entre [&hellip;]<\/p>\n","protected":false},"author":1,"featured_media":304,"parent":0,"menu_order":1,"comment_status":"closed","ping_status":"closed","template":"","meta":{"footnotes":"","_links_to":"","_links_to_target":""},"class_list":["post-135","page","type-page","status-publish","has-post-thumbnail","hentry"],"_links":{"self":[{"href":"https:\/\/sites.usp.br\/gep\/wp-json\/wp\/v2\/pages\/135","targetHints":{"allow":["GET"]}}],"collection":[{"href":"https:\/\/sites.usp.br\/gep\/wp-json\/wp\/v2\/pages"}],"about":[{"href":"https:\/\/sites.usp.br\/gep\/wp-json\/wp\/v2\/types\/page"}],"author":[{"embeddable":true,"href":"https:\/\/sites.usp.br\/gep\/wp-json\/wp\/v2\/users\/1"}],"replies":[{"embeddable":true,"href":"https:\/\/sites.usp.br\/gep\/wp-json\/wp\/v2\/comments?post=135"}],"version-history":[{"count":4,"href":"https:\/\/sites.usp.br\/gep\/wp-json\/wp\/v2\/pages\/135\/revisions"}],"predecessor-version":[{"id":443,"href":"https:\/\/sites.usp.br\/gep\/wp-json\/wp\/v2\/pages\/135\/revisions\/443"}],"wp:featuredmedia":[{"embeddable":true,"href":"https:\/\/sites.usp.br\/gep\/wp-json\/wp\/v2\/media\/304"}],"wp:attachment":[{"href":"https:\/\/sites.usp.br\/gep\/wp-json\/wp\/v2\/media?parent=135"}],"curies":[{"name":"wp","href":"https:\/\/api.w.org\/{rel}","templated":true}]}}