{"id":153,"date":"2020-11-27T18:40:50","date_gmt":"2020-11-27T20:40:50","guid":{"rendered":"https:\/\/sites.usp.br\/epsec\/?page_id=153"},"modified":"2023-06-26T15:04:34","modified_gmt":"2023-06-26T17:04:34","slug":"membros-atuais","status":"publish","type":"page","link":"https:\/\/sites.usp.br\/gep\/membros-atuais\/","title":{"rendered":"Membros atuais"},"content":{"rendered":"<p>&nbsp;<\/p>\n<ul>\n<li>Ana Cl\u00e1udia Alves Legore<\/li>\n<li>Mayla Eduarda Rosa Cel\u00f3rio<\/li>\n<li>Sofia Morais Candido<\/li>\n<li>Gerson L\u00facio Vieira<\/li>\n<li>Samantha Facincani<\/li>\n<li>Joyce Ingrid de Lima<\/li>\n<li>Aline Patricia Campos Tolentino<\/li>\n<li>Lidiane Paziani Lan\u00e7a<\/li>\n<li>Bianca Viana Monteiro da Silva<\/li>\n<li>Artur\u00a0Ascenso Hermani<\/li>\n<li>Fabiana Pimentel da Silva<\/li>\n<li>Let\u00edcia Fonseca Reis Ferreira de Castro<\/li>\n<li>Juliana Stephan Unglaub<\/li>\n<li>Dr\u00aa. Eliana Guglielmetti Sulp\u00edcio<\/li>\n<li>Dr\u00aa. Daniela Gon\u00e7alves de Abreu<\/li>\n<li>Dr\u00aa. Joana de Jesus de Andrade<\/li>\n<\/ul>\n","protected":false},"excerpt":{"rendered":"<p>&nbsp; Ana Cl\u00e1udia Alves Legore Mayla Eduarda Rosa Cel\u00f3rio Sofia Morais Candido Gerson L\u00facio Vieira Samantha Facincani Joyce Ingrid de Lima Aline Patricia Campos Tolentino Lidiane Paziani Lan\u00e7a Bianca Viana Monteiro da Silva Artur\u00a0Ascenso Hermani Fabiana Pimentel da Silva Let\u00edcia Fonseca Reis Ferreira de Castro Juliana Stephan Unglaub Dr\u00aa. Eliana Guglielmetti Sulp\u00edcio Dr\u00aa. Daniela Gon\u00e7alves [&hellip;]<\/p>\n","protected":false},"author":22191,"featured_media":254,"parent":0,"menu_order":3,"comment_status":"closed","ping_status":"closed","template":"","meta":{"footnotes":"","_links_to":"","_links_to_target":""},"class_list":["post-153","page","type-page","status-publish","has-post-thumbnail","hentry"],"_links":{"self":[{"href":"https:\/\/sites.usp.br\/gep\/wp-json\/wp\/v2\/pages\/153","targetHints":{"allow":["GET"]}}],"collection":[{"href":"https:\/\/sites.usp.br\/gep\/wp-json\/wp\/v2\/pages"}],"about":[{"href":"https:\/\/sites.usp.br\/gep\/wp-json\/wp\/v2\/types\/page"}],"author":[{"embeddable":true,"href":"https:\/\/sites.usp.br\/gep\/wp-json\/wp\/v2\/users\/22191"}],"replies":[{"embeddable":true,"href":"https:\/\/sites.usp.br\/gep\/wp-json\/wp\/v2\/comments?post=153"}],"version-history":[{"count":4,"href":"https:\/\/sites.usp.br\/gep\/wp-json\/wp\/v2\/pages\/153\/revisions"}],"predecessor-version":[{"id":428,"href":"https:\/\/sites.usp.br\/gep\/wp-json\/wp\/v2\/pages\/153\/revisions\/428"}],"wp:featuredmedia":[{"embeddable":true,"href":"https:\/\/sites.usp.br\/gep\/wp-json\/wp\/v2\/media\/254"}],"wp:attachment":[{"href":"https:\/\/sites.usp.br\/gep\/wp-json\/wp\/v2\/media?parent=153"}],"curies":[{"name":"wp","href":"https:\/\/api.w.org\/{rel}","templated":true}]}}