{"id":26,"date":"2013-11-21T19:00:33","date_gmt":"2013-11-21T19:00:33","guid":{"rendered":"http:\/\/sites.usp.br\/epsec\/?page_id=26"},"modified":"2023-06-26T16:47:05","modified_gmt":"2023-06-26T18:47:05","slug":"contato","status":"publish","type":"page","link":"https:\/\/sites.usp.br\/gep\/contato\/","title":{"rendered":"Contato"},"content":{"rendered":"<p>O grupo NeuEdu ocupa a sala 25 do Bloco 8 (piso superior), no Departamento de Qu\u00edmica da FFCLRP &#8211; Universidade de S\u00e3o Paulo, <em>campus<\/em> Ribeir\u00e3o Preto.<\/p>\n<p>Av. Bandeirantes, 3900 \u2013 Vila Monte Alegre, Ribeir\u00e3o Preto \u2013 SP, 14040-900.<\/p>\n<p>Telefone: (16) 3315-0400<br \/>\nemail: joanaj@ffclrp.usp.br<\/p>\n<p><a href=\"https:\/\/goo.gl\/maps\/ybLHA9gt24CaS8Tk6\">https:\/\/goo.gl\/maps\/ybLHA9gt24CaS8Tk6<\/a><\/p>\n<p>&nbsp;<\/p>\n","protected":false},"excerpt":{"rendered":"<p>O grupo NeuEdu ocupa a sala 25 do Bloco 8 (piso superior), no Departamento de Qu\u00edmica da FFCLRP &#8211; Universidade de S\u00e3o Paulo, campus Ribeir\u00e3o Preto. Av. Bandeirantes, 3900 \u2013 Vila Monte Alegre, Ribeir\u00e3o Preto \u2013 SP, 14040-900. Telefone: (16) 3315-0400 email: joanaj@ffclrp.usp.br https:\/\/goo.gl\/maps\/ybLHA9gt24CaS8Tk6 &nbsp;<\/p>\n","protected":false},"author":1,"featured_media":0,"parent":0,"menu_order":6,"comment_status":"closed","ping_status":"closed","template":"","meta":{"footnotes":"","_links_to":"","_links_to_target":""},"class_list":["post-26","page","type-page","status-publish","hentry"],"_links":{"self":[{"href":"https:\/\/sites.usp.br\/gep\/wp-json\/wp\/v2\/pages\/26","targetHints":{"allow":["GET"]}}],"collection":[{"href":"https:\/\/sites.usp.br\/gep\/wp-json\/wp\/v2\/pages"}],"about":[{"href":"https:\/\/sites.usp.br\/gep\/wp-json\/wp\/v2\/types\/page"}],"author":[{"embeddable":true,"href":"https:\/\/sites.usp.br\/gep\/wp-json\/wp\/v2\/users\/1"}],"replies":[{"embeddable":true,"href":"https:\/\/sites.usp.br\/gep\/wp-json\/wp\/v2\/comments?post=26"}],"version-history":[{"count":6,"href":"https:\/\/sites.usp.br\/gep\/wp-json\/wp\/v2\/pages\/26\/revisions"}],"predecessor-version":[{"id":476,"href":"https:\/\/sites.usp.br\/gep\/wp-json\/wp\/v2\/pages\/26\/revisions\/476"}],"wp:attachment":[{"href":"https:\/\/sites.usp.br\/gep\/wp-json\/wp\/v2\/media?parent=26"}],"curies":[{"name":"wp","href":"https:\/\/api.w.org\/{rel}","templated":true}]}}