{"id":62,"date":"2014-02-12T11:28:30","date_gmt":"2014-02-12T13:28:30","guid":{"rendered":"http:\/\/sites.usp.br\/epsec\/?page_id=62"},"modified":"2023-06-26T16:12:33","modified_gmt":"2023-06-26T18:12:33","slug":"historia","status":"publish","type":"page","link":"https:\/\/sites.usp.br\/gep\/","title":{"rendered":"Come\u00e7o de hist\u00f3ria"},"content":{"rendered":"<audio class=\"wp-audio-shortcode\" id=\"audio-62-1\" preload=\"none\" style=\"width: 100%;\" controls=\"controls\"><source type=\"audio\/mpeg\" src=\"https:\/\/sites.usp.br\/epsec\/wp-content\/uploads\/sites\/863\/2022\/02\/X2Download.com-Saiba-por-Adriana-Calcanhoto-128-kbps.mp3?_=1\" \/><a href=\"https:\/\/sites.usp.br\/epsec\/wp-content\/uploads\/sites\/863\/2022\/02\/X2Download.com-Saiba-por-Adriana-Calcanhoto-128-kbps.mp3\">https:\/\/sites.usp.br\/epsec\/wp-content\/uploads\/sites\/863\/2022\/02\/X2Download.com-Saiba-por-Adriana-Calcanhoto-128-kbps.mp3<\/a><\/audio>\n<p>&nbsp;<\/p>\n<p>O grupo de <strong>Estudos e Pesquisas em Neuroci\u00eancias e Educa\u00e7\u00e3o (PEG-NeuEdu)<\/strong> foi redefinido em abril de 2022.<\/p>\n<p>Originalmente, o grupo era chamado &#8220;Epistemologia e Psicologia no Ensino de Ci\u00eanciasde&#8221; (EPSEC) e foi criado em outubro de 2009, com o intuito de ser um espa\u00e7o de estudo sobre a Psicologia Hist\u00f3rico-Cultural e as contribui\u00e7\u00f5es para a \u00e1rea do Ensino de Ci\u00eancias. Os encontros aconteciam no espa\u00e7o do &#8220;Centro de Ensino Integrado de Qu\u00edmica&#8221; (CEIQ), uma vez por semana e, por tr\u00eas anos, foi composto apenas por alunos de gradua\u00e7\u00e3o ass\u00edduos(as) e com muita vontade de aprender.<\/p>\n<p>A partir de 2013, chegaram as primeiras alunas da P\u00f3s-gradua\u00e7\u00e3o em Educa\u00e7\u00e3o da USP e, atualmente, os encontros, os estudos, as pesquisas e os caf\u00e9s acontecem em espa\u00e7o pr\u00f3prio no segundo piso do bloco 18 do Departamento de Qu\u00edmica da USP de Ribeir\u00e3o Preto. Com preocupa\u00e7\u00f5es que perpassam o campo te\u00f3rico, as metodologias de ensino, de pesquisa e os fen\u00f4menos que acontecem no &#8220;ch\u00e3o da escola&#8221;, o grupo se encontra semanalmente e \u00e9 composto por pesquisadoras e pesquisadores que ousam estudar para conhecer, ampliar e transformar a si e o mundo.<\/p>\n","protected":false},"excerpt":{"rendered":"<p>&nbsp; O grupo de Estudos e Pesquisas em Neuroci\u00eancias e Educa\u00e7\u00e3o (PEG-NeuEdu) foi redefinido em abril de 2022. Originalmente, o grupo era chamado &#8220;Epistemologia e Psicologia no Ensino de Ci\u00eanciasde&#8221; (EPSEC) e foi criado em outubro de 2009, com o intuito de ser um espa\u00e7o de estudo sobre a Psicologia Hist\u00f3rico-Cultural e as contribui\u00e7\u00f5es para [&hellip;]<\/p>\n","protected":false},"author":1,"featured_media":219,"parent":0,"menu_order":1,"comment_status":"closed","ping_status":"closed","template":"","meta":{"footnotes":"","_links_to":"","_links_to_target":""},"class_list":["post-62","page","type-page","status-publish","has-post-thumbnail","hentry"],"_links":{"self":[{"href":"https:\/\/sites.usp.br\/gep\/wp-json\/wp\/v2\/pages\/62","targetHints":{"allow":["GET"]}}],"collection":[{"href":"https:\/\/sites.usp.br\/gep\/wp-json\/wp\/v2\/pages"}],"about":[{"href":"https:\/\/sites.usp.br\/gep\/wp-json\/wp\/v2\/types\/page"}],"author":[{"embeddable":true,"href":"https:\/\/sites.usp.br\/gep\/wp-json\/wp\/v2\/users\/1"}],"replies":[{"embeddable":true,"href":"https:\/\/sites.usp.br\/gep\/wp-json\/wp\/v2\/comments?post=62"}],"version-history":[{"count":3,"href":"https:\/\/sites.usp.br\/gep\/wp-json\/wp\/v2\/pages\/62\/revisions"}],"predecessor-version":[{"id":439,"href":"https:\/\/sites.usp.br\/gep\/wp-json\/wp\/v2\/pages\/62\/revisions\/439"}],"wp:featuredmedia":[{"embeddable":true,"href":"https:\/\/sites.usp.br\/gep\/wp-json\/wp\/v2\/media\/219"}],"wp:attachment":[{"href":"https:\/\/sites.usp.br\/gep\/wp-json\/wp\/v2\/media?parent=62"}],"curies":[{"name":"wp","href":"https:\/\/api.w.org\/{rel}","templated":true}]}}